{"id":1818,"date":"2025-01-24T16:11:35","date_gmt":"2025-01-24T16:11:35","guid":{"rendered":"https:\/\/www.canna4bliss.com\/?post_type=product&#038;p=1818"},"modified":"2025-07-02T05:54:48","modified_gmt":"2025-07-02T05:54:48","slug":"cartucho-e-liquido-lemon-haze-20-1ml","status":"publish","type":"product","link":"https:\/\/www.canna4bliss.com\/hu\/termek\/cartucho-e-liquido-lemon-haze-20-1ml\/","title":{"rendered":"LEMON HAZE E-FOLYAD\u00c9K PATRON 20% 1ML"},"content":{"rendered":"<p>A\u00a0<strong>E-folyad\u00e9k 20% 200MG CBD<\/strong>\u00a0egy kifejezetten p\u00e1rologtat\u00e1sra kifejlesztett, nagy tisztas\u00e1g\u00fa term\u00e9k. A legmagasabb min\u0151s\u00e9get garant\u00e1lja a k\u00f6vetkez\u0151 tartalommal\u00a0<strong>200 mg CBD<\/strong>\u00a0k\u00e9nyelmes \u00e9s k\u00f6nnyen haszn\u00e1lhat\u00f3 form\u00e1tumban. Ez a term\u00e9k a k\u00f6vetkez\u0151kkel gazdagodott\u00a0<strong>tov\u00e1bbi kannabinoidok<\/strong>az optim\u00e1lis \u00e9lm\u00e9ny \u00e9rdek\u00e9ben az el\u0151ny\u00f6k teljes profilj\u00e1t k\u00edn\u00e1lja.<\/p>\n<p>Egy finom\u00a0<strong>a Lemon Haze \u00edze \u00e9s arom\u00e1ja<\/strong>Ezt a term\u00e9ket kiz\u00e1r\u00f3lag p\u00e1rologtat\u00f3kban val\u00f3 haszn\u00e1latra tervezt\u00e9k. Speci\u00e1lis \u00f6sszet\u00e9tel\u00e9nek k\u00f6sz\u00f6nhet\u0151en biztos\u00edtja a sima \u00e9s hat\u00e9kony p\u00e1rologtat\u00e1st, biztos\u00edtva az \u00f6sszes el\u0151ny\u00e9t a\u00a0<strong>CBD a 20%-n\u00e9l<\/strong>. Ide\u00e1lis azok sz\u00e1m\u00e1ra, akik a CBD-fogyaszt\u00e1s praktikus \u00e9s hat\u00e9kony lehet\u0151s\u00e9g\u00e9t keresik, egyedi \u00e9s k\u00fcl\u00f6nleges \u00e9rint\u00e9ssel.<\/p>\n<h2>Haszn\u00e1lati utas\u00edt\u00e1s:<\/h2>\n<ul>\n<li>Vegye ki a fels\u0151 \u00e9s als\u00f3 szilikonokat a patronb\u00f3l.<\/li>\n<li>Ha a patron menete szennyezett, tiszt\u00edtsa meg, miel\u0151tt becsavarja a p\u00e1rologtat\u00f3ba.<\/li>\n<li>Csavarja a patront a p\u00e1rologtat\u00f3ra, biztos\u00edtva a megfelel\u0151 illeszked\u00e9st.<\/li>\n<li>A p\u00e1rologtat\u00e1s megkezd\u00e9se el\u0151tt haszn\u00e1lja a p\u00e1rologtat\u00f3 el\u0151meleg\u00edt\u0151 gombj\u00e1t.<\/li>\n<li>P\u00e1rologtassa el a k\u00e9sz\u00fcl\u00e9k haszn\u00e1lati utas\u00edt\u00e1s\u00e1nak megfelel\u0151en.<\/li>\n<li>Ha v\u00e9gzett, csavarja ki a patront, \u00e9s tiszt\u00edtsa meg a menetes csatlakoz\u00f3t \u00e9s a p\u00e1rologtat\u00f3t.<\/li>\n<li>Cser\u00e9lje ki a szilikonokat a patronba, \u00e9s t\u00e1rolja h\u0171v\u00f6s, sz\u00e1raz, k\u00f6zvetlen f\u00e9nyt\u0151l v\u00e9dett helyen.<\/li>\n<\/ul>\n<p>A felt\u00fcntetett haszn\u00e1latot betartva biztos\u00edtjuk a term\u00e9k \u00e9s a p\u00e1rologtat\u00f3 hosszabb \u00e9lettartam\u00e1t.<\/p>","protected":false},"excerpt":{"rendered":"<p>Az 1ML Lemon Haze Liquid E-Cartridge 20% CBD-t tartalmaz, ide\u00e1lis azok sz\u00e1m\u00e1ra, akik kiegyens\u00falyozott \u00e9s sima \u00e9lm\u00e9nyt keresnek. Ez az 510-es menetes patron kompatibilis a Plant of Life p\u00e1rologtat\u00f3kkal \u00e9s m\u00e1s foly\u00e9kony eszk\u00f6z\u00f6kkel. Kialak\u00edt\u00e1s\u00e1nak k\u00f6sz\u00f6nhet\u0151en k\u00f6nnyen telep\u00edthet\u0151, \u00e9s kellemes vape \u00e9lm\u00e9nyt biztos\u00edt a citrusos jegyeir\u0151l \u00e9s pihentet\u0151 hat\u00e1sair\u00f3l ismert Lemon Haze t\u00f6rzs terp\u00e9nprofilj\u00e1val.<\/p>","protected":false},"featured_media":1830,"comment_status":"closed","ping_status":"closed","template":"","meta":{"site-sidebar-layout":"default","site-content-layout":"","ast-site-content-layout":"default","site-content-style":"default","site-sidebar-style":"default","ast-global-header-display":"","ast-banner-title-visibility":"","ast-main-header-display":"","ast-hfb-above-header-display":"","ast-hfb-below-header-display":"","ast-hfb-mobile-header-display":"","site-post-title":"","ast-breadcrumbs-content":"","ast-featured-img":"","footer-sml-layout":"","ast-disable-related-posts":"","theme-transparent-header-meta":"default","adv-header-id-meta":"","stick-header-meta":"","header-above-stick-meta":"","header-main-stick-meta":"","header-below-stick-meta":"","astra-migrate-meta-layouts":"set","ast-page-background-enabled":"default","ast-page-background-meta":{"desktop":{"background-color":"","background-image":"","background-repeat":"repeat","background-position":"center center","background-size":"auto","background-attachment":"scroll","background-type":"","background-media":"","overlay-type":"","overlay-color":"","overlay-opacity":"","overlay-gradient":""},"tablet":{"background-color":"","background-image":"","background-repeat":"repeat","background-position":"center center","background-size":"auto","background-attachment":"scroll","background-type":"","background-media":"","overlay-type":"","overlay-color":"","overlay-opacity":"","overlay-gradient":""},"mobile":{"background-color":"","background-image":"","background-repeat":"repeat","background-position":"center center","background-size":"auto","background-attachment":"scroll","background-type":"","background-media":"","overlay-type":"","overlay-color":"","overlay-opacity":"","overlay-gradient":""}},"ast-content-background-meta":{"desktop":{"background-color":"var(--ast-global-color-5)","background-image":"","background-repeat":"repeat","background-position":"center center","background-size":"auto","background-attachment":"scroll","background-type":"","background-media":"","overlay-type":"","overlay-color":"","overlay-opacity":"","overlay-gradient":""},"tablet":{"background-color":"var(--ast-global-color-5)","background-image":"","background-repeat":"repeat","background-position":"center center","background-size":"auto","background-attachment":"scroll","background-type":"","background-media":"","overlay-type":"","overlay-color":"","overlay-opacity":"","overlay-gradient":""},"mobile":{"background-color":"var(--ast-global-color-5)","background-image":"","background-repeat":"repeat","background-position":"center center","background-size":"auto","background-attachment":"scroll","background-type":"","background-media":"","overlay-type":"","overlay-color":"","overlay-opacity":"","overlay-gradient":""}}},"product_brand":[],"product_cat":[58],"product_tag":[212,211,192,172],"class_list":{"0":"post-1818","1":"product","2":"type-product","3":"status-publish","4":"has-post-thumbnail","6":"product_cat-cbd-cbg-smoke","7":"product_tag-haze-20-1ml","8":"product_tag-lemon","9":"product_tag-liquid","10":"product_tag-plant-of-life","11":"desktop-align-left","12":"tablet-align-left","13":"mobile-align-left","14":"ast-product-gallery-layout-horizontal-slider","15":"ast-product-gallery-with-no-image","16":"ast-product-tabs-layout-horizontal","17":"ast-qv-on-image","19":"first","20":"instock","21":"taxable","22":"shipping-taxable","23":"purchasable","24":"product-type-simple"},"yoast_head":"<!-- This site is optimized with the Yoast SEO Premium plugin v27.5 (Yoast SEO v27.5) - https:\/\/yoast.com\/product\/yoast-seo-premium-wordpress\/ -->\n<title>CARTUCHO E-LIQUIDO LEMON HAZE 20% 1ML - Canna4blisS<\/title>\n<meta name=\"robots\" content=\"index, follow, max-snippet:-1, max-image-preview:large, max-video-preview:-1\" \/>\n<link rel=\"canonical\" href=\"https:\/\/www.canna4bliss.com\/hu\/termek-2\/cartucho-e-liquido-lemon-haze-20-1ml\/\" \/>\n<meta property=\"og:locale\" content=\"hu_HU\" \/>\n<meta property=\"og:type\" content=\"article\" \/>\n<meta property=\"og:title\" content=\"CARTUCHO E-LIQUIDO LEMON HAZE 20% 1ML\" \/>\n<meta property=\"og:description\" content=\"El Cartucho E L\u00edquido Lemon Haze de 1ML contiene un 20% de CBD, ideal para quienes buscan una experiencia equilibrada y suave. Este cartucho de rosca 510 es compatible con vaporizadores Plant of Life y otros dispositivos l\u00edquidos. Su dise\u00f1o facilita la instalaci\u00f3n y asegura una experiencia de vapeo placentera con el perfil de terpenos de la variedad Lemon Haze, conocida por sus notas c\u00edtricas y efectos relajantes.\" \/>\n<meta property=\"og:url\" content=\"https:\/\/www.canna4bliss.com\/hu\/termek-2\/cartucho-e-liquido-lemon-haze-20-1ml\/\" \/>\n<meta property=\"og:site_name\" content=\"Canna4blisS\" \/>\n<meta property=\"article:publisher\" content=\"https:\/\/www.facebook.com\/profile.php?id=61552127379853\" \/>\n<meta property=\"article:modified_time\" content=\"2025-07-02T05:54:48+00:00\" \/>\n<meta name=\"twitter:card\" content=\"summary_large_image\" \/>\n<meta name=\"twitter:label1\" content=\"\u00c1r\" \/>\n\t<meta name=\"twitter:data1\" content=\"7,50&nbsp;&euro; ( 7,50&nbsp;&euro; + Tax )\" \/>\n\t<meta name=\"twitter:label2\" content=\"El\u00e9rhet\u0151s\u00e9g\" \/>\n\t<meta name=\"twitter:data2\" content=\"K\u00e9szleten\" \/>\n<script type=\"application\/ld+json\" class=\"yoast-schema-graph\">{\"@context\":\"https:\\\/\\\/schema.org\",\"@graph\":[{\"@type\":\"WebPage\",\"@id\":\"https:\\\/\\\/www.canna4bliss.com\\\/termek\\\/cartucho-e-liquido-lemon-haze-20-1ml\\\/\",\"url\":\"https:\\\/\\\/www.canna4bliss.com\\\/termek\\\/cartucho-e-liquido-lemon-haze-20-1ml\\\/\",\"name\":\"CARTUCHO E-LIQUIDO LEMON HAZE 20% 1ML - Canna4blisS\",\"isPartOf\":{\"@id\":\"https:\\\/\\\/www.canna4bliss.com\\\/#website\"},\"primaryImageOfPage\":{\"@id\":\"https:\\\/\\\/www.canna4bliss.com\\\/termek\\\/cartucho-e-liquido-lemon-haze-20-1ml\\\/#primaryimage\"},\"image\":{\"@id\":\"https:\\\/\\\/www.canna4bliss.com\\\/termek\\\/cartucho-e-liquido-lemon-haze-20-1ml\\\/#primaryimage\"},\"thumbnailUrl\":\"https:\\\/\\\/www.canna4bliss.com\\\/wp-content\\\/uploads\\\/2025\\\/01\\\/lemon-haze-20-eliquid-cartridge-1ml-1.avif\",\"datePublished\":\"2025-01-24T16:11:35+00:00\",\"dateModified\":\"2025-07-02T05:54:48+00:00\",\"breadcrumb\":{\"@id\":\"https:\\\/\\\/www.canna4bliss.com\\\/termek\\\/cartucho-e-liquido-lemon-haze-20-1ml\\\/#breadcrumb\"},\"inLanguage\":\"hu\",\"potentialAction\":[{\"@type\":\"ReadAction\",\"target\":[\"https:\\\/\\\/www.canna4bliss.com\\\/termek\\\/cartucho-e-liquido-lemon-haze-20-1ml\\\/\"]}]},{\"@type\":\"ImageObject\",\"inLanguage\":\"hu\",\"@id\":\"https:\\\/\\\/www.canna4bliss.com\\\/termek\\\/cartucho-e-liquido-lemon-haze-20-1ml\\\/#primaryimage\",\"url\":\"https:\\\/\\\/www.canna4bliss.com\\\/wp-content\\\/uploads\\\/2025\\\/01\\\/lemon-haze-20-eliquid-cartridge-1ml-1.avif\",\"contentUrl\":\"https:\\\/\\\/www.canna4bliss.com\\\/wp-content\\\/uploads\\\/2025\\\/01\\\/lemon-haze-20-eliquid-cartridge-1ml-1.avif\",\"width\":800,\"height\":800,\"caption\":\"CARTUCHO E-LIQUIDO LEMON HAZE 20% 1ML\"},{\"@type\":\"BreadcrumbList\",\"@id\":\"https:\\\/\\\/www.canna4bliss.com\\\/termek\\\/cartucho-e-liquido-lemon-haze-20-1ml\\\/#breadcrumb\",\"itemListElement\":[{\"@type\":\"ListItem\",\"position\":1,\"name\":\"Kezd\u0151lap\",\"item\":\"https:\\\/\\\/www.canna4bliss.com\\\/\"},{\"@type\":\"ListItem\",\"position\":2,\"name\":\"Shop\",\"item\":\"https:\\\/\\\/www.canna4bliss.com\\\/shop\\\/\"},{\"@type\":\"ListItem\",\"position\":3,\"name\":\"CARTUCHO E-LIQUIDO LEMON HAZE 20% 1ML\"}]},{\"@type\":\"WebSite\",\"@id\":\"https:\\\/\\\/www.canna4bliss.com\\\/#website\",\"url\":\"https:\\\/\\\/www.canna4bliss.com\\\/\",\"name\":\"Canna4blisS\",\"description\":\"Discover the power of CBD\",\"publisher\":{\"@id\":\"https:\\\/\\\/www.canna4bliss.com\\\/#organization\"},\"potentialAction\":[{\"@type\":\"SearchAction\",\"target\":{\"@type\":\"EntryPoint\",\"urlTemplate\":\"https:\\\/\\\/www.canna4bliss.com\\\/?s={search_term_string}\"},\"query-input\":{\"@type\":\"PropertyValueSpecification\",\"valueRequired\":true,\"valueName\":\"search_term_string\"}}],\"inLanguage\":\"hu\"},{\"@type\":\"Organization\",\"@id\":\"https:\\\/\\\/www.canna4bliss.com\\\/#organization\",\"name\":\"Canna4blisS\",\"url\":\"https:\\\/\\\/www.canna4bliss.com\\\/\",\"logo\":{\"@type\":\"ImageObject\",\"inLanguage\":\"hu\",\"@id\":\"https:\\\/\\\/www.canna4bliss.com\\\/#\\\/schema\\\/logo\\\/image\\\/\",\"url\":\"https:\\\/\\\/www.canna4bliss.com\\\/wp-content\\\/uploads\\\/2024\\\/09\\\/logo2.avif\",\"contentUrl\":\"https:\\\/\\\/www.canna4bliss.com\\\/wp-content\\\/uploads\\\/2024\\\/09\\\/logo2.avif\",\"width\":700,\"height\":282,\"caption\":\"Canna4blisS\"},\"image\":{\"@id\":\"https:\\\/\\\/www.canna4bliss.com\\\/#\\\/schema\\\/logo\\\/image\\\/\"},\"sameAs\":[\"https:\\\/\\\/www.facebook.com\\\/profile.php?id=61552127379853\"],\"hasMerchantReturnPolicy\":{\"@type\":\"MerchantReturnPolicy\",\"merchantReturnLink\":\"https:\\\/\\\/www.canna4bliss.com\\\/hu\\\/politica-de-privacidad-2\\\/\"}}]}<\/script>\n<meta property=\"product:price:amount\" content=\"7.50\" \/>\n<meta property=\"product:price:currency\" content=\"EUR\" \/>\n<meta property=\"og:availability\" content=\"instock\" \/>\n<meta property=\"product:availability\" content=\"instock\" \/>\n<meta property=\"product:condition\" content=\"new\" \/>\n<!-- \/ Yoast SEO Premium plugin. -->","yoast_head_json":{"title":"E-LIQUID CARTRIDGE LEMON HAZE 20% 1ML - Canna4blisS","robots":{"index":"index","follow":"follow","max-snippet":"max-snippet:-1","max-image-preview":"max-image-preview:large","max-video-preview":"max-video-preview:-1"},"canonical":"https:\/\/www.canna4bliss.com\/hu\/termek-2\/cartucho-e-liquido-lemon-haze-20-1ml\/","og_locale":"hu_HU","og_type":"article","og_title":"CARTUCHO E-LIQUIDO LEMON HAZE 20% 1ML","og_description":"El Cartucho E L\u00edquido Lemon Haze de 1ML contiene un 20% de CBD, ideal para quienes buscan una experiencia equilibrada y suave. Este cartucho de rosca 510 es compatible con vaporizadores Plant of Life y otros dispositivos l\u00edquidos. Su dise\u00f1o facilita la instalaci\u00f3n y asegura una experiencia de vapeo placentera con el perfil de terpenos de la variedad Lemon Haze, conocida por sus notas c\u00edtricas y efectos relajantes.","og_url":"https:\/\/www.canna4bliss.com\/hu\/termek-2\/cartucho-e-liquido-lemon-haze-20-1ml\/","og_site_name":"Canna4blisS","article_publisher":"https:\/\/www.facebook.com\/profile.php?id=61552127379853","article_modified_time":"2025-07-02T05:54:48+00:00","twitter_card":"summary_large_image","twitter_misc":{"\u00c1r":"7,50&nbsp;&euro; ( 7,50&nbsp;&euro; + Tax )","El\u00e9rhet\u0151s\u00e9g":"K\u00e9szleten"},"schema":{"@context":"https:\/\/schema.org","@graph":[{"@type":"WebPage","@id":"https:\/\/www.canna4bliss.com\/termek\/cartucho-e-liquido-lemon-haze-20-1ml\/","url":"https:\/\/www.canna4bliss.com\/termek\/cartucho-e-liquido-lemon-haze-20-1ml\/","name":"E-LIQUID CARTRIDGE LEMON HAZE 20% 1ML - Canna4blisS","isPartOf":{"@id":"https:\/\/www.canna4bliss.com\/#website"},"primaryImageOfPage":{"@id":"https:\/\/www.canna4bliss.com\/termek\/cartucho-e-liquido-lemon-haze-20-1ml\/#primaryimage"},"image":{"@id":"https:\/\/www.canna4bliss.com\/termek\/cartucho-e-liquido-lemon-haze-20-1ml\/#primaryimage"},"thumbnailUrl":"https:\/\/www.canna4bliss.com\/wp-content\/uploads\/2025\/01\/lemon-haze-20-eliquid-cartridge-1ml-1.avif","datePublished":"2025-01-24T16:11:35+00:00","dateModified":"2025-07-02T05:54:48+00:00","breadcrumb":{"@id":"https:\/\/www.canna4bliss.com\/termek\/cartucho-e-liquido-lemon-haze-20-1ml\/#breadcrumb"},"inLanguage":"hu","potentialAction":[{"@type":"ReadAction","target":["https:\/\/www.canna4bliss.com\/termek\/cartucho-e-liquido-lemon-haze-20-1ml\/"]}]},{"@type":"ImageObject","inLanguage":"hu","@id":"https:\/\/www.canna4bliss.com\/termek\/cartucho-e-liquido-lemon-haze-20-1ml\/#primaryimage","url":"https:\/\/www.canna4bliss.com\/wp-content\/uploads\/2025\/01\/lemon-haze-20-eliquid-cartridge-1ml-1.avif","contentUrl":"https:\/\/www.canna4bliss.com\/wp-content\/uploads\/2025\/01\/lemon-haze-20-eliquid-cartridge-1ml-1.avif","width":800,"height":800,"caption":"CARTUCHO E-LIQUIDO LEMON HAZE 20% 1ML"},{"@type":"BreadcrumbList","@id":"https:\/\/www.canna4bliss.com\/termek\/cartucho-e-liquido-lemon-haze-20-1ml\/#breadcrumb","itemListElement":[{"@type":"ListItem","position":1,"name":"Kezd\u0151lap","item":"https:\/\/www.canna4bliss.com\/"},{"@type":"ListItem","position":2,"name":"Shop","item":"https:\/\/www.canna4bliss.com\/shop\/"},{"@type":"ListItem","position":3,"name":"CARTUCHO E-LIQUIDO LEMON HAZE 20% 1ML"}]},{"@type":"WebSite","@id":"https:\/\/www.canna4bliss.com\/#website","url":"https:\/\/www.canna4bliss.com\/","name":"Canna4blisS","description":"Fedezze fel a CBD erej\u00e9t","publisher":{"@id":"https:\/\/www.canna4bliss.com\/#organization"},"potentialAction":[{"@type":"SearchAction","target":{"@type":"EntryPoint","urlTemplate":"https:\/\/www.canna4bliss.com\/?s={search_term_string}"},"query-input":{"@type":"PropertyValueSpecification","valueRequired":true,"valueName":"search_term_string"}}],"inLanguage":"hu"},{"@type":"Organization","@id":"https:\/\/www.canna4bliss.com\/#organization","name":"Canna4blisS","url":"https:\/\/www.canna4bliss.com\/","logo":{"@type":"ImageObject","inLanguage":"hu","@id":"https:\/\/www.canna4bliss.com\/#\/schema\/logo\/image\/","url":"https:\/\/www.canna4bliss.com\/wp-content\/uploads\/2024\/09\/logo2.avif","contentUrl":"https:\/\/www.canna4bliss.com\/wp-content\/uploads\/2024\/09\/logo2.avif","width":700,"height":282,"caption":"Canna4blisS"},"image":{"@id":"https:\/\/www.canna4bliss.com\/#\/schema\/logo\/image\/"},"sameAs":["https:\/\/www.facebook.com\/profile.php?id=61552127379853"],"hasMerchantReturnPolicy":{"@type":"MerchantReturnPolicy","merchantReturnLink":"https:\/\/www.canna4bliss.com\/hu\/politica-de-privacidad-2\/"}}]},"product_price_amount":"7.50","product_price_currency":"EUR","og_availability":"instock","product_availability":"instock","product_condition":"new"},"_links":{"self":[{"href":"https:\/\/www.canna4bliss.com\/hu\/wp-json\/wp\/v2\/product\/1818","targetHints":{"allow":["GET"]}}],"collection":[{"href":"https:\/\/www.canna4bliss.com\/hu\/wp-json\/wp\/v2\/product"}],"about":[{"href":"https:\/\/www.canna4bliss.com\/hu\/wp-json\/wp\/v2\/types\/product"}],"replies":[{"embeddable":true,"href":"https:\/\/www.canna4bliss.com\/hu\/wp-json\/wp\/v2\/comments?post=1818"}],"wp:featuredmedia":[{"embeddable":true,"href":"https:\/\/www.canna4bliss.com\/hu\/wp-json\/wp\/v2\/media\/1830"}],"wp:attachment":[{"href":"https:\/\/www.canna4bliss.com\/hu\/wp-json\/wp\/v2\/media?parent=1818"}],"wp:term":[{"taxonomy":"product_brand","embeddable":true,"href":"https:\/\/www.canna4bliss.com\/hu\/wp-json\/wp\/v2\/product_brand?post=1818"},{"taxonomy":"product_cat","embeddable":true,"href":"https:\/\/www.canna4bliss.com\/hu\/wp-json\/wp\/v2\/product_cat?post=1818"},{"taxonomy":"product_tag","embeddable":true,"href":"https:\/\/www.canna4bliss.com\/hu\/wp-json\/wp\/v2\/product_tag?post=1818"}],"curies":[{"name":"wp","href":"https:\/\/api.w.org\/{rel}","templated":true}]}}