{"id":1668,"date":"2025-01-06T17:16:03","date_gmt":"2025-01-06T17:16:03","guid":{"rendered":"https:\/\/www.canna4bliss.com\/?post_type=product&#038;p=1668"},"modified":"2025-07-02T05:46:25","modified_gmt":"2025-07-02T05:46:25","slug":"e-folyadek-eper-diesel-cbd-20-10ml","status":"publish","type":"product","link":"https:\/\/www.canna4bliss.com\/hu\/termek\/e-liquido-strawberry-diesel-cbd-20-10ml\/","title":{"rendered":"E-folyad\u00e9k Eper d\u00edzel CBD 20% 10ML"},"content":{"rendered":"<p>A\u00a0<strong>E-folyad\u00e9k Eper d\u00edzel CBD 20% 10ML<\/strong>\u00a0kiv\u00e1l\u00f3 min\u0151s\u00e9g\u0171 folyad\u00e9k, amely\u00a0<strong>20% CBD<\/strong>\u00a0kenderb\u0151l sz\u00e1rmaz\u00f3, kifejezetten p\u00e1rologtat\u00e1sra kifejlesztett. A k\u00f6vetkez\u0151kb\u0151l \u00e1ll\u00a0<strong>80% PG (propil\u00e9nglikol)<\/strong>\u00a0y\u00a0<strong>20% VG (n\u00f6v\u00e9nyi glicerin)<\/strong>Ez biztos\u00edtja a kiv\u00e1l\u00f3 g\u0151ztermel\u00e9st \u00e9s a megfelel\u0151 CBD felsz\u00edv\u00f3d\u00e1st. A k\u00e9sz\u00edtm\u00e9ny a k\u00f6vetkez\u0151 profilokat tartalmazza\u00a0<strong>kannabinoidok<\/strong>\u00a0THC-mentes (&lt;0,2%), ide\u00e1lis azok sz\u00e1m\u00e1ra, akik a CBD el\u0151nyeit pszichoakt\u00edv hat\u00e1sok n\u00e9lk\u00fcli p\u00e1rologtat\u00e1ssal keresik.<\/p>","protected":false},"excerpt":{"rendered":"<p>El\u00a0E-L\u00edquido Strawberry Diesel CBD 20% 10ML\u00a0es un l\u00edquido de alta calidad que contiene un\u00a020% de CBD\u00a0derivado de c\u00e1\u00f1amo, formulado espec\u00edficamente para vaporizaci\u00f3n. Est\u00e1 compuesto por\u00a080% PG (Propilenglicol)\u00a0y\u00a020% VG (Glicerina Vegetal), lo que asegura una excelente producci\u00f3n de vapor y una adecuada absorci\u00f3n de CBD. Su formulaci\u00f3n incluye un perfil de\u00a0cannabinoides\u00a0sin THC (&lt;0.2%), ideal para quienes [&hellip;]<\/p>\n","protected":false},"featured_media":1671,"comment_status":"closed","ping_status":"closed","template":"","meta":{"site-sidebar-layout":"default","site-content-layout":"","ast-site-content-layout":"default","site-content-style":"default","site-sidebar-style":"default","ast-global-header-display":"","ast-banner-title-visibility":"","ast-main-header-display":"","ast-hfb-above-header-display":"","ast-hfb-below-header-display":"","ast-hfb-mobile-header-display":"","site-post-title":"","ast-breadcrumbs-content":"","ast-featured-img":"","footer-sml-layout":"","ast-disable-related-posts":"","theme-transparent-header-meta":"default","adv-header-id-meta":"","stick-header-meta":"","header-above-stick-meta":"","header-main-stick-meta":"","header-below-stick-meta":"","astra-migrate-meta-layouts":"set","ast-page-background-enabled":"default","ast-page-background-meta":{"desktop":{"background-color":"","background-image":"","background-repeat":"repeat","background-position":"center center","background-size":"auto","background-attachment":"scroll","background-type":"","background-media":"","overlay-type":"","overlay-color":"","overlay-opacity":"","overlay-gradient":""},"tablet":{"background-color":"","background-image":"","background-repeat":"repeat","background-position":"center center","background-size":"auto","background-attachment":"scroll","background-type":"","background-media":"","overlay-type":"","overlay-color":"","overlay-opacity":"","overlay-gradient":""},"mobile":{"background-color":"","background-image":"","background-repeat":"repeat","background-position":"center center","background-size":"auto","background-attachment":"scroll","background-type":"","background-media":"","overlay-type":"","overlay-color":"","overlay-opacity":"","overlay-gradient":""}},"ast-content-background-meta":{"desktop":{"background-color":"var(--ast-global-color-5)","background-image":"","background-repeat":"repeat","background-position":"center center","background-size":"auto","background-attachment":"scroll","background-type":"","background-media":"","overlay-type":"","overlay-color":"","overlay-opacity":"","overlay-gradient":""},"tablet":{"background-color":"var(--ast-global-color-5)","background-image":"","background-repeat":"repeat","background-position":"center center","background-size":"auto","background-attachment":"scroll","background-type":"","background-media":"","overlay-type":"","overlay-color":"","overlay-opacity":"","overlay-gradient":""},"mobile":{"background-color":"var(--ast-global-color-5)","background-image":"","background-repeat":"repeat","background-position":"center center","background-size":"auto","background-attachment":"scroll","background-type":"","background-media":"","overlay-type":"","overlay-color":"","overlay-opacity":"","overlay-gradient":""}}},"product_brand":[],"product_cat":[58],"product_tag":[149],"class_list":{"0":"post-1668","1":"product","2":"type-product","3":"status-publish","4":"has-post-thumbnail","6":"product_cat-cbd-cbg-smoke","7":"product_tag-cbd-20-10ml","8":"desktop-align-left","9":"tablet-align-left","10":"mobile-align-left","11":"ast-product-gallery-layout-horizontal-slider","12":"ast-product-tabs-layout-horizontal","13":"ast-qv-on-image","15":"first","16":"instock","17":"taxable","18":"shipping-taxable","19":"purchasable","20":"product-type-simple"},"yoast_head":"<!-- This site is optimized with the Yoast SEO Premium plugin v27.5 (Yoast SEO v27.5) - https:\/\/yoast.com\/product\/yoast-seo-premium-wordpress\/ -->\n<title>E-L\u00edquido Strawberry Diesel CBD 20% 10ML - Canna4blisS<\/title>\n<meta name=\"robots\" content=\"index, follow, max-snippet:-1, max-image-preview:large, max-video-preview:-1\" \/>\n<link rel=\"canonical\" href=\"https:\/\/www.canna4bliss.com\/hu\/termek-2\/e-folyadek-eper-diesel-cbd-20-10ml\/\" \/>\n<meta property=\"og:locale\" content=\"hu_HU\" \/>\n<meta property=\"og:type\" content=\"article\" \/>\n<meta property=\"og:title\" content=\"E-L\u00edquido Strawberry Diesel CBD 20% 10ML\" \/>\n<meta property=\"og:description\" content=\"El\u00a0E-L\u00edquido Strawberry Diesel CBD 20% 10ML\u00a0es un l\u00edquido de alta calidad que contiene un\u00a020% de CBD\u00a0derivado de c\u00e1\u00f1amo, formulado espec\u00edficamente para vaporizaci\u00f3n. Est\u00e1 compuesto por\u00a080% PG (Propilenglicol)\u00a0y\u00a020% VG (Glicerina Vegetal), lo que asegura una excelente producci\u00f3n de vapor y una adecuada absorci\u00f3n de CBD. Su formulaci\u00f3n incluye un perfil de\u00a0cannabinoides\u00a0sin THC (&lt;0.2%), ideal para quienes [&hellip;]\" \/>\n<meta property=\"og:url\" content=\"https:\/\/www.canna4bliss.com\/hu\/termek-2\/e-folyadek-eper-diesel-cbd-20-10ml\/\" \/>\n<meta property=\"og:site_name\" content=\"Canna4blisS\" \/>\n<meta property=\"article:publisher\" content=\"https:\/\/www.facebook.com\/profile.php?id=61552127379853\" \/>\n<meta property=\"article:modified_time\" content=\"2025-07-02T05:46:25+00:00\" \/>\n<meta property=\"og:image\" content=\"https:\/\/www.canna4bliss.com\/wp-content\/uploads\/2024\/12\/eliquid-strawberry-diesel-cbd-20-10ml-1.png\" \/>\n\t<meta property=\"og:image:width\" content=\"800\" \/>\n\t<meta property=\"og:image:height\" content=\"800\" \/>\n\t<meta property=\"og:image:type\" content=\"image\/png\" \/>\n<meta name=\"twitter:card\" content=\"summary_large_image\" \/>\n<meta name=\"twitter:label1\" content=\"\u00c1r\" \/>\n\t<meta name=\"twitter:data1\" content=\"22,00&nbsp;&euro; ( 22,00&nbsp;&euro; + Tax )\" \/>\n\t<meta name=\"twitter:label2\" content=\"El\u00e9rhet\u0151s\u00e9g\" \/>\n\t<meta name=\"twitter:data2\" content=\"K\u00e9szleten\" \/>\n<script type=\"application\/ld+json\" class=\"yoast-schema-graph\">{\"@context\":\"https:\\\/\\\/schema.org\",\"@graph\":[{\"@type\":\"WebPage\",\"@id\":\"https:\\\/\\\/www.canna4bliss.com\\\/hu\\\/termek-2\\\/e-liquido-strawberry-diesel-cbd-20-10ml\\\/\",\"url\":\"https:\\\/\\\/www.canna4bliss.com\\\/hu\\\/termek-2\\\/e-liquido-strawberry-diesel-cbd-20-10ml\\\/\",\"name\":\"E-L\u00edquido Strawberry Diesel CBD 20% 10ML - Canna4blisS\",\"isPartOf\":{\"@id\":\"https:\\\/\\\/www.canna4bliss.com\\\/#website\"},\"primaryImageOfPage\":{\"@id\":\"https:\\\/\\\/www.canna4bliss.com\\\/hu\\\/termek-2\\\/e-liquido-strawberry-diesel-cbd-20-10ml\\\/#primaryimage\"},\"image\":{\"@id\":\"https:\\\/\\\/www.canna4bliss.com\\\/hu\\\/termek-2\\\/e-liquido-strawberry-diesel-cbd-20-10ml\\\/#primaryimage\"},\"thumbnailUrl\":\"https:\\\/\\\/www.canna4bliss.com\\\/wp-content\\\/uploads\\\/2024\\\/12\\\/eliquid-strawberry-diesel-cbd-20-10ml-1.png\",\"datePublished\":\"2025-01-06T17:16:03+00:00\",\"dateModified\":\"2025-07-02T05:46:25+00:00\",\"breadcrumb\":{\"@id\":\"https:\\\/\\\/www.canna4bliss.com\\\/hu\\\/termek-2\\\/e-liquido-strawberry-diesel-cbd-20-10ml\\\/#breadcrumb\"},\"inLanguage\":\"hu\",\"potentialAction\":[{\"@type\":\"ReadAction\",\"target\":[\"https:\\\/\\\/www.canna4bliss.com\\\/hu\\\/termek-2\\\/e-liquido-strawberry-diesel-cbd-20-10ml\\\/\"]}]},{\"@type\":\"ImageObject\",\"inLanguage\":\"hu\",\"@id\":\"https:\\\/\\\/www.canna4bliss.com\\\/hu\\\/termek-2\\\/e-liquido-strawberry-diesel-cbd-20-10ml\\\/#primaryimage\",\"url\":\"https:\\\/\\\/www.canna4bliss.com\\\/wp-content\\\/uploads\\\/2024\\\/12\\\/eliquid-strawberry-diesel-cbd-20-10ml-1.png\",\"contentUrl\":\"https:\\\/\\\/www.canna4bliss.com\\\/wp-content\\\/uploads\\\/2024\\\/12\\\/eliquid-strawberry-diesel-cbd-20-10ml-1.png\",\"width\":800,\"height\":800,\"caption\":\"E-L\u00edquido Strawberry Diesel CBD 20% 10ML\"},{\"@type\":\"BreadcrumbList\",\"@id\":\"https:\\\/\\\/www.canna4bliss.com\\\/hu\\\/termek-2\\\/e-liquido-strawberry-diesel-cbd-20-10ml\\\/#breadcrumb\",\"itemListElement\":[{\"@type\":\"ListItem\",\"position\":1,\"name\":\"Kezd\u0151lap\",\"item\":\"https:\\\/\\\/www.canna4bliss.com\\\/\"},{\"@type\":\"ListItem\",\"position\":2,\"name\":\"Shop\",\"item\":\"https:\\\/\\\/www.canna4bliss.com\\\/shop\\\/\"},{\"@type\":\"ListItem\",\"position\":3,\"name\":\"E-L\u00edquido Strawberry Diesel CBD 20% 10ML\"}]},{\"@type\":\"WebSite\",\"@id\":\"https:\\\/\\\/www.canna4bliss.com\\\/#website\",\"url\":\"https:\\\/\\\/www.canna4bliss.com\\\/\",\"name\":\"Canna4blisS\",\"description\":\"Discover the power of CBD\",\"publisher\":{\"@id\":\"https:\\\/\\\/www.canna4bliss.com\\\/#organization\"},\"potentialAction\":[{\"@type\":\"SearchAction\",\"target\":{\"@type\":\"EntryPoint\",\"urlTemplate\":\"https:\\\/\\\/www.canna4bliss.com\\\/?s={search_term_string}\"},\"query-input\":{\"@type\":\"PropertyValueSpecification\",\"valueRequired\":true,\"valueName\":\"search_term_string\"}}],\"inLanguage\":\"hu\"},{\"@type\":\"Organization\",\"@id\":\"https:\\\/\\\/www.canna4bliss.com\\\/#organization\",\"name\":\"Canna4blisS\",\"url\":\"https:\\\/\\\/www.canna4bliss.com\\\/\",\"logo\":{\"@type\":\"ImageObject\",\"inLanguage\":\"hu\",\"@id\":\"https:\\\/\\\/www.canna4bliss.com\\\/#\\\/schema\\\/logo\\\/image\\\/\",\"url\":\"https:\\\/\\\/www.canna4bliss.com\\\/wp-content\\\/uploads\\\/2024\\\/09\\\/logo2.avif\",\"contentUrl\":\"https:\\\/\\\/www.canna4bliss.com\\\/wp-content\\\/uploads\\\/2024\\\/09\\\/logo2.avif\",\"width\":700,\"height\":282,\"caption\":\"Canna4blisS\"},\"image\":{\"@id\":\"https:\\\/\\\/www.canna4bliss.com\\\/#\\\/schema\\\/logo\\\/image\\\/\"},\"sameAs\":[\"https:\\\/\\\/www.facebook.com\\\/profile.php?id=61552127379853\"],\"hasMerchantReturnPolicy\":{\"@type\":\"MerchantReturnPolicy\",\"merchantReturnLink\":\"https:\\\/\\\/www.canna4bliss.com\\\/hu\\\/politica-de-privacidad-2\\\/\"}}]}<\/script>\n<meta property=\"product:price:amount\" content=\"22.00\" \/>\n<meta property=\"product:price:currency\" content=\"EUR\" \/>\n<meta property=\"og:availability\" content=\"instock\" \/>\n<meta property=\"product:availability\" content=\"instock\" \/>\n<meta property=\"product:condition\" content=\"new\" \/>\n<!-- \/ Yoast SEO Premium plugin. -->","yoast_head_json":{"title":"E-folyad\u00e9k Eper d\u00edzel CBD 20% 10ML - Canna4blisS","robots":{"index":"index","follow":"follow","max-snippet":"max-snippet:-1","max-image-preview":"max-image-preview:large","max-video-preview":"max-video-preview:-1"},"canonical":"https:\/\/www.canna4bliss.com\/hu\/termek-2\/e-folyadek-eper-diesel-cbd-20-10ml\/","og_locale":"hu_HU","og_type":"article","og_title":"E-L\u00edquido Strawberry Diesel CBD 20% 10ML","og_description":"El\u00a0E-L\u00edquido Strawberry Diesel CBD 20% 10ML\u00a0es un l\u00edquido de alta calidad que contiene un\u00a020% de CBD\u00a0derivado de c\u00e1\u00f1amo, formulado espec\u00edficamente para vaporizaci\u00f3n. Est\u00e1 compuesto por\u00a080% PG (Propilenglicol)\u00a0y\u00a020% VG (Glicerina Vegetal), lo que asegura una excelente producci\u00f3n de vapor y una adecuada absorci\u00f3n de CBD. Su formulaci\u00f3n incluye un perfil de\u00a0cannabinoides\u00a0sin THC (&lt;0.2%), ideal para quienes [&hellip;]","og_url":"https:\/\/www.canna4bliss.com\/hu\/termek-2\/e-folyadek-eper-diesel-cbd-20-10ml\/","og_site_name":"Canna4blisS","article_publisher":"https:\/\/www.facebook.com\/profile.php?id=61552127379853","article_modified_time":"2025-07-02T05:46:25+00:00","og_image":[{"width":800,"height":800,"url":"https:\/\/www.canna4bliss.com\/wp-content\/uploads\/2024\/12\/eliquid-strawberry-diesel-cbd-20-10ml-1.png","type":"image\/png"}],"twitter_card":"summary_large_image","twitter_misc":{"\u00c1r":"22,00&nbsp;&euro; ( 22,00&nbsp;&euro; + Tax )","El\u00e9rhet\u0151s\u00e9g":"K\u00e9szleten"},"schema":{"@context":"https:\/\/schema.org","@graph":[{"@type":"WebPage","@id":"https:\/\/www.canna4bliss.com\/hu\/termek-2\/e-liquido-strawberry-diesel-cbd-20-10ml\/","url":"https:\/\/www.canna4bliss.com\/hu\/termek-2\/e-liquido-strawberry-diesel-cbd-20-10ml\/","name":"E-folyad\u00e9k Eper d\u00edzel CBD 20% 10ML - Canna4blisS","isPartOf":{"@id":"https:\/\/www.canna4bliss.com\/#website"},"primaryImageOfPage":{"@id":"https:\/\/www.canna4bliss.com\/hu\/termek-2\/e-liquido-strawberry-diesel-cbd-20-10ml\/#primaryimage"},"image":{"@id":"https:\/\/www.canna4bliss.com\/hu\/termek-2\/e-liquido-strawberry-diesel-cbd-20-10ml\/#primaryimage"},"thumbnailUrl":"https:\/\/www.canna4bliss.com\/wp-content\/uploads\/2024\/12\/eliquid-strawberry-diesel-cbd-20-10ml-1.png","datePublished":"2025-01-06T17:16:03+00:00","dateModified":"2025-07-02T05:46:25+00:00","breadcrumb":{"@id":"https:\/\/www.canna4bliss.com\/hu\/termek-2\/e-liquido-strawberry-diesel-cbd-20-10ml\/#breadcrumb"},"inLanguage":"hu","potentialAction":[{"@type":"ReadAction","target":["https:\/\/www.canna4bliss.com\/hu\/termek-2\/e-liquido-strawberry-diesel-cbd-20-10ml\/"]}]},{"@type":"ImageObject","inLanguage":"hu","@id":"https:\/\/www.canna4bliss.com\/hu\/termek-2\/e-liquido-strawberry-diesel-cbd-20-10ml\/#primaryimage","url":"https:\/\/www.canna4bliss.com\/wp-content\/uploads\/2024\/12\/eliquid-strawberry-diesel-cbd-20-10ml-1.png","contentUrl":"https:\/\/www.canna4bliss.com\/wp-content\/uploads\/2024\/12\/eliquid-strawberry-diesel-cbd-20-10ml-1.png","width":800,"height":800,"caption":"E-L\u00edquido Strawberry Diesel CBD 20% 10ML"},{"@type":"BreadcrumbList","@id":"https:\/\/www.canna4bliss.com\/hu\/termek-2\/e-liquido-strawberry-diesel-cbd-20-10ml\/#breadcrumb","itemListElement":[{"@type":"ListItem","position":1,"name":"Kezd\u0151lap","item":"https:\/\/www.canna4bliss.com\/"},{"@type":"ListItem","position":2,"name":"Shop","item":"https:\/\/www.canna4bliss.com\/shop\/"},{"@type":"ListItem","position":3,"name":"E-L\u00edquido Strawberry Diesel CBD 20% 10ML"}]},{"@type":"WebSite","@id":"https:\/\/www.canna4bliss.com\/#website","url":"https:\/\/www.canna4bliss.com\/","name":"Canna4blisS","description":"Fedezze fel a CBD erej\u00e9t","publisher":{"@id":"https:\/\/www.canna4bliss.com\/#organization"},"potentialAction":[{"@type":"SearchAction","target":{"@type":"EntryPoint","urlTemplate":"https:\/\/www.canna4bliss.com\/?s={search_term_string}"},"query-input":{"@type":"PropertyValueSpecification","valueRequired":true,"valueName":"search_term_string"}}],"inLanguage":"hu"},{"@type":"Organization","@id":"https:\/\/www.canna4bliss.com\/#organization","name":"Canna4blisS","url":"https:\/\/www.canna4bliss.com\/","logo":{"@type":"ImageObject","inLanguage":"hu","@id":"https:\/\/www.canna4bliss.com\/#\/schema\/logo\/image\/","url":"https:\/\/www.canna4bliss.com\/wp-content\/uploads\/2024\/09\/logo2.avif","contentUrl":"https:\/\/www.canna4bliss.com\/wp-content\/uploads\/2024\/09\/logo2.avif","width":700,"height":282,"caption":"Canna4blisS"},"image":{"@id":"https:\/\/www.canna4bliss.com\/#\/schema\/logo\/image\/"},"sameAs":["https:\/\/www.facebook.com\/profile.php?id=61552127379853"],"hasMerchantReturnPolicy":{"@type":"MerchantReturnPolicy","merchantReturnLink":"https:\/\/www.canna4bliss.com\/hu\/politica-de-privacidad-2\/"}}]},"product_price_amount":"22.00","product_price_currency":"EUR","og_availability":"instock","product_availability":"instock","product_condition":"new"},"_links":{"self":[{"href":"https:\/\/www.canna4bliss.com\/hu\/wp-json\/wp\/v2\/product\/1668","targetHints":{"allow":["GET"]}}],"collection":[{"href":"https:\/\/www.canna4bliss.com\/hu\/wp-json\/wp\/v2\/product"}],"about":[{"href":"https:\/\/www.canna4bliss.com\/hu\/wp-json\/wp\/v2\/types\/product"}],"replies":[{"embeddable":true,"href":"https:\/\/www.canna4bliss.com\/hu\/wp-json\/wp\/v2\/comments?post=1668"}],"wp:featuredmedia":[{"embeddable":true,"href":"https:\/\/www.canna4bliss.com\/hu\/wp-json\/wp\/v2\/media\/1671"}],"wp:attachment":[{"href":"https:\/\/www.canna4bliss.com\/hu\/wp-json\/wp\/v2\/media?parent=1668"}],"wp:term":[{"taxonomy":"product_brand","embeddable":true,"href":"https:\/\/www.canna4bliss.com\/hu\/wp-json\/wp\/v2\/product_brand?post=1668"},{"taxonomy":"product_cat","embeddable":true,"href":"https:\/\/www.canna4bliss.com\/hu\/wp-json\/wp\/v2\/product_cat?post=1668"},{"taxonomy":"product_tag","embeddable":true,"href":"https:\/\/www.canna4bliss.com\/hu\/wp-json\/wp\/v2\/product_tag?post=1668"}],"curies":[{"name":"wp","href":"https:\/\/api.w.org\/{rel}","templated":true}]}}