{"id":1663,"date":"2024-12-19T18:48:28","date_gmt":"2024-12-19T18:48:28","guid":{"rendered":"https:\/\/www.canna4bliss.com\/?post_type=product&#038;p=1663"},"modified":"2025-01-06T16:29:52","modified_gmt":"2025-01-06T16:29:52","slug":"plant-of-life-piros-patronos-parologtato","status":"publish","type":"product","link":"https:\/\/www.canna4bliss.com\/hu\/termek\/vaporizador-cartucho-rojo-plant-of-life\/","title":{"rendered":"PLANT OF LIFE PIROS PATRONOS P\u00c1ROLOGTAT\u00d3"},"content":{"rendered":"","protected":false},"excerpt":{"rendered":"<p>Ez a p\u00e1rologtat\u00f3 t\u00f6k\u00e9letes azok sz\u00e1m\u00e1ra, akik egy kompakt, k\u00f6nnyen kezelhet\u0151 k\u00e9sz\u00fcl\u00e9ket szeretn\u00e9nek, amely t\u00f6bbf\u00e9le be\u00e1ll\u00edt\u00e1ssal rendelkezik, hogy megfeleljen az ig\u00e9nyeiknek. Kompatibilis a Plant of Life patronokkal \u00e9s m\u00e1s m\u00e1rk\u00e1kkal, \u00e9s a fesz\u00fclts\u00e9gbe\u00e1ll\u00edt\u00e1sokkal testre szabott \u00e9lm\u00e9nyt tesz lehet\u0151v\u00e9.<\/p>\n<p><strong>Hogyan kell haszn\u00e1lni:<\/strong>\u00a0Nyomja meg a gombot:<\/p>\n<ul>\n<li><strong>Be-\/kikapcsol\u00e1s:<\/strong>\u00a05 alkalommal<\/li>\n<li><strong>\u00c1ll\u00edtsa be a fesz\u00fclts\u00e9get:<\/strong>\u00a03 alkalommal<\/li>\n<li><strong>El\u0151meleg\u00edt\u00e9s:<\/strong>\u00a02 alkalommal (elengedhetetlen a gyant\u00e1k, extrakci\u00f3k vagy viaszok haszn\u00e1lat\u00e1nak megkezd\u00e9se el\u0151tt)<\/li>\n<\/ul>\n<p><strong>Fesz\u00fclts\u00e9gek (LED f\u00e9nyjelz\u00e9s: fesz\u00fclts\u00e9g = f\u00e9nysz\u00edn):<\/strong><\/p>\n<ul>\n<li><strong>3,4V:<\/strong> \"Z\u00f6ld\" e-folyad\u00e9kok<\/li>\n<li><strong>3,7V:<\/strong> \"K\u00e9k\" a viaszokhoz (m\u00e9rs\u00e9kelt \u00e9s kev\u00e9sb\u00e9 intenz\u00edv haszn\u00e1lat)<\/li>\n<li><strong>4,0V:<\/strong> \"Piros\" viasz \u00e9s viaszok (nagy \u00e9s er\u0151s fogyaszt\u00e1s)<\/li>\n<\/ul>\n<p><strong>Fontos:<\/strong>\u00a0A p\u00e1rologtat\u00f3 hossz\u00fa \u00e9lettartama, valamint a helyes haszn\u00e1lat \u00e9s m\u0171k\u00f6d\u00e9s \u00e9rdek\u00e9ben:<\/p>\n<ul>\n<li>Haszn\u00e1lat el\u0151tt meleg\u00edtse el\u0151.<\/li>\n<li>Haszn\u00e1lat ut\u00e1n tiszt\u00edtsa meg a patron \u00e9s a p\u00e1rologtat\u00f3 \u00e9rintkez\u00e9si fel\u00fclet\u00e9t.<\/li>\n<li>Fedje le a patron alj\u00e1t, hogy megakad\u00e1lyozza a viaszvesztes\u00e9get.<\/li>\n<\/ul>","protected":false},"featured_media":1666,"comment_status":"closed","ping_status":"closed","template":"","meta":{"site-sidebar-layout":"default","site-content-layout":"","ast-site-content-layout":"default","site-content-style":"default","site-sidebar-style":"default","ast-global-header-display":"","ast-banner-title-visibility":"","ast-main-header-display":"","ast-hfb-above-header-display":"","ast-hfb-below-header-display":"","ast-hfb-mobile-header-display":"","site-post-title":"","ast-breadcrumbs-content":"","ast-featured-img":"","footer-sml-layout":"","ast-disable-related-posts":"","theme-transparent-header-meta":"default","adv-header-id-meta":"","stick-header-meta":"","header-above-stick-meta":"","header-main-stick-meta":"","header-below-stick-meta":"","astra-migrate-meta-layouts":"set","ast-page-background-enabled":"default","ast-page-background-meta":{"desktop":{"background-color":"","background-image":"","background-repeat":"repeat","background-position":"center center","background-size":"auto","background-attachment":"scroll","background-type":"","background-media":"","overlay-type":"","overlay-color":"","overlay-opacity":"","overlay-gradient":""},"tablet":{"background-color":"","background-image":"","background-repeat":"repeat","background-position":"center center","background-size":"auto","background-attachment":"scroll","background-type":"","background-media":"","overlay-type":"","overlay-color":"","overlay-opacity":"","overlay-gradient":""},"mobile":{"background-color":"","background-image":"","background-repeat":"repeat","background-position":"center center","background-size":"auto","background-attachment":"scroll","background-type":"","background-media":"","overlay-type":"","overlay-color":"","overlay-opacity":"","overlay-gradient":""}},"ast-content-background-meta":{"desktop":{"background-color":"var(--ast-global-color-5)","background-image":"","background-repeat":"repeat","background-position":"center center","background-size":"auto","background-attachment":"scroll","background-type":"","background-media":"","overlay-type":"","overlay-color":"","overlay-opacity":"","overlay-gradient":""},"tablet":{"background-color":"var(--ast-global-color-5)","background-image":"","background-repeat":"repeat","background-position":"center center","background-size":"auto","background-attachment":"scroll","background-type":"","background-media":"","overlay-type":"","overlay-color":"","overlay-opacity":"","overlay-gradient":""},"mobile":{"background-color":"var(--ast-global-color-5)","background-image":"","background-repeat":"repeat","background-position":"center center","background-size":"auto","background-attachment":"scroll","background-type":"","background-media":"","overlay-type":"","overlay-color":"","overlay-opacity":"","overlay-gradient":""}}},"product_brand":[],"product_cat":[58],"product_tag":[186,185],"class_list":{"0":"post-1663","1":"product","2":"type-product","3":"status-publish","4":"has-post-thumbnail","6":"product_cat-cbd-cbg-smoke","7":"product_tag-cartucho","8":"product_tag-vaporizador","9":"desktop-align-left","10":"tablet-align-left","11":"mobile-align-left","12":"ast-product-gallery-layout-horizontal-slider","13":"ast-product-gallery-with-no-image","14":"ast-product-tabs-layout-horizontal","15":"ast-qv-on-image","17":"first","18":"instock","19":"taxable","20":"shipping-taxable","21":"purchasable","22":"product-type-simple"},"yoast_head":"<!-- This site is optimized with the Yoast SEO Premium plugin v27.5 (Yoast SEO v27.5) - https:\/\/yoast.com\/product\/yoast-seo-premium-wordpress\/ -->\n<title>VAPORIZADOR CARTUCHO ROJO PLANT OF LIFE - Canna4blisS<\/title>\n<meta name=\"robots\" content=\"index, follow, max-snippet:-1, max-image-preview:large, max-video-preview:-1\" \/>\n<link rel=\"canonical\" href=\"https:\/\/www.canna4bliss.com\/hu\/termek-2\/plant-of-life-piros-patronos-parologtato\/\" \/>\n<meta property=\"og:locale\" content=\"hu_HU\" \/>\n<meta property=\"og:type\" content=\"article\" \/>\n<meta property=\"og:title\" content=\"VAPORIZADOR CARTUCHO ROJO PLANT OF LIFE\" \/>\n<meta property=\"og:description\" content=\"Este vaporizador es perfecto para aquellos que desean un dispositivo compacto, f\u00e1cil de usar y con m\u00faltiples configuraciones para adaptarse a sus necesidades. Compatible con cartuchos de Plant of Life y otras marcas, permite una experiencia personalizada con sus ajustes de voltaje.  Modo de uso:\u00a0Presionar el bot\u00f3n:   Para encender\/apagar:\u00a05 veces  Ajustar voltaje:\u00a03 veces  Pre-calentar:\u00a02 veces (imprescindible para resinas, extracciones o ceras antes de empezar a usar)  Voltajes (Indicaci\u00f3n de luz LED: Voltaje = Color Luz):   3,4V: &quot;Verde&quot; para e-l\u00edquidos  3,7V: &quot;Azul&quot; para ceras o wax (consumo moderado y menos intenso)  4,0V: &quot;Roja&quot; para wax y ceras (consumo abundante y potente)  Importante:\u00a0Para una larga vida del vaporizador y un correcto uso y funcionamiento:   Antes de usar, precalentar.  Una vez terminado el uso, limpiar el contacto del cartucho y el vaporizador.  Tapar el cartucho por la parte de abajo para evitar la p\u00e9rdida de cera.\" \/>\n<meta property=\"og:url\" content=\"https:\/\/www.canna4bliss.com\/hu\/termek-2\/plant-of-life-piros-patronos-parologtato\/\" \/>\n<meta property=\"og:site_name\" content=\"Canna4blisS\" \/>\n<meta property=\"article:publisher\" content=\"https:\/\/www.facebook.com\/profile.php?id=61552127379853\" \/>\n<meta property=\"article:modified_time\" content=\"2025-01-06T16:29:52+00:00\" \/>\n<meta name=\"twitter:card\" content=\"summary_large_image\" \/>\n<meta name=\"twitter:label1\" content=\"\u00c1r\" \/>\n\t<meta name=\"twitter:data1\" content=\"11,00&nbsp;&euro; ( 11,00&nbsp;&euro; + Tax )\" \/>\n\t<meta name=\"twitter:label2\" content=\"El\u00e9rhet\u0151s\u00e9g\" \/>\n\t<meta name=\"twitter:data2\" content=\"K\u00e9szleten\" \/>\n<script type=\"application\/ld+json\" class=\"yoast-schema-graph\">{\"@context\":\"https:\\\/\\\/schema.org\",\"@graph\":[{\"@type\":\"WebPage\",\"@id\":\"https:\\\/\\\/www.canna4bliss.com\\\/termek\\\/vaporizador-cartucho-rojo-plant-of-life\\\/\",\"url\":\"https:\\\/\\\/www.canna4bliss.com\\\/termek\\\/vaporizador-cartucho-rojo-plant-of-life\\\/\",\"name\":\"VAPORIZADOR CARTUCHO ROJO PLANT OF LIFE - Canna4blisS\",\"isPartOf\":{\"@id\":\"https:\\\/\\\/www.canna4bliss.com\\\/#website\"},\"primaryImageOfPage\":{\"@id\":\"https:\\\/\\\/www.canna4bliss.com\\\/termek\\\/vaporizador-cartucho-rojo-plant-of-life\\\/#primaryimage\"},\"image\":{\"@id\":\"https:\\\/\\\/www.canna4bliss.com\\\/termek\\\/vaporizador-cartucho-rojo-plant-of-life\\\/#primaryimage\"},\"thumbnailUrl\":\"https:\\\/\\\/www.canna4bliss.com\\\/wp-content\\\/uploads\\\/2024\\\/12\\\/vaporizer-cartridge-red-plant-of-life-1.avif\",\"datePublished\":\"2024-12-19T18:48:28+00:00\",\"dateModified\":\"2025-01-06T16:29:52+00:00\",\"breadcrumb\":{\"@id\":\"https:\\\/\\\/www.canna4bliss.com\\\/termek\\\/vaporizador-cartucho-rojo-plant-of-life\\\/#breadcrumb\"},\"inLanguage\":\"hu\",\"potentialAction\":[{\"@type\":\"ReadAction\",\"target\":[\"https:\\\/\\\/www.canna4bliss.com\\\/termek\\\/vaporizador-cartucho-rojo-plant-of-life\\\/\"]}]},{\"@type\":\"ImageObject\",\"inLanguage\":\"hu\",\"@id\":\"https:\\\/\\\/www.canna4bliss.com\\\/termek\\\/vaporizador-cartucho-rojo-plant-of-life\\\/#primaryimage\",\"url\":\"https:\\\/\\\/www.canna4bliss.com\\\/wp-content\\\/uploads\\\/2024\\\/12\\\/vaporizer-cartridge-red-plant-of-life-1.avif\",\"contentUrl\":\"https:\\\/\\\/www.canna4bliss.com\\\/wp-content\\\/uploads\\\/2024\\\/12\\\/vaporizer-cartridge-red-plant-of-life-1.avif\",\"width\":800,\"height\":800,\"caption\":\"VAPORIZADOR CARTUCHO ROJO PLANT OF LIFE\"},{\"@type\":\"BreadcrumbList\",\"@id\":\"https:\\\/\\\/www.canna4bliss.com\\\/termek\\\/vaporizador-cartucho-rojo-plant-of-life\\\/#breadcrumb\",\"itemListElement\":[{\"@type\":\"ListItem\",\"position\":1,\"name\":\"Kezd\u0151lap\",\"item\":\"https:\\\/\\\/www.canna4bliss.com\\\/\"},{\"@type\":\"ListItem\",\"position\":2,\"name\":\"Shop\",\"item\":\"https:\\\/\\\/www.canna4bliss.com\\\/shop\\\/\"},{\"@type\":\"ListItem\",\"position\":3,\"name\":\"VAPORIZADOR CARTUCHO ROJO PLANT OF LIFE\"}]},{\"@type\":\"WebSite\",\"@id\":\"https:\\\/\\\/www.canna4bliss.com\\\/#website\",\"url\":\"https:\\\/\\\/www.canna4bliss.com\\\/\",\"name\":\"Canna4blisS\",\"description\":\"Discover the power of CBD\",\"publisher\":{\"@id\":\"https:\\\/\\\/www.canna4bliss.com\\\/#organization\"},\"potentialAction\":[{\"@type\":\"SearchAction\",\"target\":{\"@type\":\"EntryPoint\",\"urlTemplate\":\"https:\\\/\\\/www.canna4bliss.com\\\/?s={search_term_string}\"},\"query-input\":{\"@type\":\"PropertyValueSpecification\",\"valueRequired\":true,\"valueName\":\"search_term_string\"}}],\"inLanguage\":\"hu\"},{\"@type\":\"Organization\",\"@id\":\"https:\\\/\\\/www.canna4bliss.com\\\/#organization\",\"name\":\"Canna4blisS\",\"url\":\"https:\\\/\\\/www.canna4bliss.com\\\/\",\"logo\":{\"@type\":\"ImageObject\",\"inLanguage\":\"hu\",\"@id\":\"https:\\\/\\\/www.canna4bliss.com\\\/#\\\/schema\\\/logo\\\/image\\\/\",\"url\":\"https:\\\/\\\/www.canna4bliss.com\\\/wp-content\\\/uploads\\\/2024\\\/09\\\/logo2.avif\",\"contentUrl\":\"https:\\\/\\\/www.canna4bliss.com\\\/wp-content\\\/uploads\\\/2024\\\/09\\\/logo2.avif\",\"width\":700,\"height\":282,\"caption\":\"Canna4blisS\"},\"image\":{\"@id\":\"https:\\\/\\\/www.canna4bliss.com\\\/#\\\/schema\\\/logo\\\/image\\\/\"},\"sameAs\":[\"https:\\\/\\\/www.facebook.com\\\/profile.php?id=61552127379853\"],\"hasMerchantReturnPolicy\":{\"@type\":\"MerchantReturnPolicy\",\"merchantReturnLink\":\"https:\\\/\\\/www.canna4bliss.com\\\/hu\\\/politica-de-privacidad-2\\\/\"}}]}<\/script>\n<meta property=\"product:price:amount\" content=\"11.00\" \/>\n<meta property=\"product:price:currency\" content=\"EUR\" \/>\n<meta property=\"og:availability\" content=\"instock\" \/>\n<meta property=\"product:availability\" content=\"instock\" \/>\n<meta property=\"product:condition\" content=\"new\" \/>\n<!-- \/ Yoast SEO Premium plugin. -->","yoast_head_json":{"title":"PLANT OF LIFE V\u00d6R\u00d6S KARPUSZ VAPOURIZER - Canna4blisS","robots":{"index":"index","follow":"follow","max-snippet":"max-snippet:-1","max-image-preview":"max-image-preview:large","max-video-preview":"max-video-preview:-1"},"canonical":"https:\/\/www.canna4bliss.com\/hu\/termek-2\/plant-of-life-piros-patronos-parologtato\/","og_locale":"hu_HU","og_type":"article","og_title":"VAPORIZADOR CARTUCHO ROJO PLANT OF LIFE","og_description":"Este vaporizador es perfecto para aquellos que desean un dispositivo compacto, f\u00e1cil de usar y con m\u00faltiples configuraciones para adaptarse a sus necesidades. Compatible con cartuchos de Plant of Life y otras marcas, permite una experiencia personalizada con sus ajustes de voltaje.  Modo de uso:\u00a0Presionar el bot\u00f3n:   Para encender\/apagar:\u00a05 veces  Ajustar voltaje:\u00a03 veces  Pre-calentar:\u00a02 veces (imprescindible para resinas, extracciones o ceras antes de empezar a usar)  Voltajes (Indicaci\u00f3n de luz LED: Voltaje = Color Luz):   3,4V: \"Verde\" para e-l\u00edquidos  3,7V: \"Azul\" para ceras o wax (consumo moderado y menos intenso)  4,0V: \"Roja\" para wax y ceras (consumo abundante y potente)  Importante:\u00a0Para una larga vida del vaporizador y un correcto uso y funcionamiento:   Antes de usar, precalentar.  Una vez terminado el uso, limpiar el contacto del cartucho y el vaporizador.  Tapar el cartucho por la parte de abajo para evitar la p\u00e9rdida de cera.","og_url":"https:\/\/www.canna4bliss.com\/hu\/termek-2\/plant-of-life-piros-patronos-parologtato\/","og_site_name":"Canna4blisS","article_publisher":"https:\/\/www.facebook.com\/profile.php?id=61552127379853","article_modified_time":"2025-01-06T16:29:52+00:00","twitter_card":"summary_large_image","twitter_misc":{"\u00c1r":"11,00&nbsp;&euro; ( 11,00&nbsp;&euro; + Tax )","El\u00e9rhet\u0151s\u00e9g":"K\u00e9szleten"},"schema":{"@context":"https:\/\/schema.org","@graph":[{"@type":"WebPage","@id":"https:\/\/www.canna4bliss.com\/termek\/vaporizador-cartucho-rojo-plant-of-life\/","url":"https:\/\/www.canna4bliss.com\/termek\/vaporizador-cartucho-rojo-plant-of-life\/","name":"PLANT OF LIFE V\u00d6R\u00d6S KARPUSZ VAPOURIZER - Canna4blisS","isPartOf":{"@id":"https:\/\/www.canna4bliss.com\/#website"},"primaryImageOfPage":{"@id":"https:\/\/www.canna4bliss.com\/termek\/vaporizador-cartucho-rojo-plant-of-life\/#primaryimage"},"image":{"@id":"https:\/\/www.canna4bliss.com\/termek\/vaporizador-cartucho-rojo-plant-of-life\/#primaryimage"},"thumbnailUrl":"https:\/\/www.canna4bliss.com\/wp-content\/uploads\/2024\/12\/vaporizer-cartridge-red-plant-of-life-1.avif","datePublished":"2024-12-19T18:48:28+00:00","dateModified":"2025-01-06T16:29:52+00:00","breadcrumb":{"@id":"https:\/\/www.canna4bliss.com\/termek\/vaporizador-cartucho-rojo-plant-of-life\/#breadcrumb"},"inLanguage":"hu","potentialAction":[{"@type":"ReadAction","target":["https:\/\/www.canna4bliss.com\/termek\/vaporizador-cartucho-rojo-plant-of-life\/"]}]},{"@type":"ImageObject","inLanguage":"hu","@id":"https:\/\/www.canna4bliss.com\/termek\/vaporizador-cartucho-rojo-plant-of-life\/#primaryimage","url":"https:\/\/www.canna4bliss.com\/wp-content\/uploads\/2024\/12\/vaporizer-cartridge-red-plant-of-life-1.avif","contentUrl":"https:\/\/www.canna4bliss.com\/wp-content\/uploads\/2024\/12\/vaporizer-cartridge-red-plant-of-life-1.avif","width":800,"height":800,"caption":"VAPORIZADOR CARTUCHO ROJO PLANT OF LIFE"},{"@type":"BreadcrumbList","@id":"https:\/\/www.canna4bliss.com\/termek\/vaporizador-cartucho-rojo-plant-of-life\/#breadcrumb","itemListElement":[{"@type":"ListItem","position":1,"name":"Kezd\u0151lap","item":"https:\/\/www.canna4bliss.com\/"},{"@type":"ListItem","position":2,"name":"Shop","item":"https:\/\/www.canna4bliss.com\/shop\/"},{"@type":"ListItem","position":3,"name":"VAPORIZADOR CARTUCHO ROJO PLANT OF LIFE"}]},{"@type":"WebSite","@id":"https:\/\/www.canna4bliss.com\/#website","url":"https:\/\/www.canna4bliss.com\/","name":"Canna4blisS","description":"Fedezze fel a CBD erej\u00e9t","publisher":{"@id":"https:\/\/www.canna4bliss.com\/#organization"},"potentialAction":[{"@type":"SearchAction","target":{"@type":"EntryPoint","urlTemplate":"https:\/\/www.canna4bliss.com\/?s={search_term_string}"},"query-input":{"@type":"PropertyValueSpecification","valueRequired":true,"valueName":"search_term_string"}}],"inLanguage":"hu"},{"@type":"Organization","@id":"https:\/\/www.canna4bliss.com\/#organization","name":"Canna4blisS","url":"https:\/\/www.canna4bliss.com\/","logo":{"@type":"ImageObject","inLanguage":"hu","@id":"https:\/\/www.canna4bliss.com\/#\/schema\/logo\/image\/","url":"https:\/\/www.canna4bliss.com\/wp-content\/uploads\/2024\/09\/logo2.avif","contentUrl":"https:\/\/www.canna4bliss.com\/wp-content\/uploads\/2024\/09\/logo2.avif","width":700,"height":282,"caption":"Canna4blisS"},"image":{"@id":"https:\/\/www.canna4bliss.com\/#\/schema\/logo\/image\/"},"sameAs":["https:\/\/www.facebook.com\/profile.php?id=61552127379853"],"hasMerchantReturnPolicy":{"@type":"MerchantReturnPolicy","merchantReturnLink":"https:\/\/www.canna4bliss.com\/hu\/politica-de-privacidad-2\/"}}]},"product_price_amount":"11.00","product_price_currency":"EUR","og_availability":"instock","product_availability":"instock","product_condition":"new"},"_links":{"self":[{"href":"https:\/\/www.canna4bliss.com\/hu\/wp-json\/wp\/v2\/product\/1663","targetHints":{"allow":["GET"]}}],"collection":[{"href":"https:\/\/www.canna4bliss.com\/hu\/wp-json\/wp\/v2\/product"}],"about":[{"href":"https:\/\/www.canna4bliss.com\/hu\/wp-json\/wp\/v2\/types\/product"}],"replies":[{"embeddable":true,"href":"https:\/\/www.canna4bliss.com\/hu\/wp-json\/wp\/v2\/comments?post=1663"}],"wp:featuredmedia":[{"embeddable":true,"href":"https:\/\/www.canna4bliss.com\/hu\/wp-json\/wp\/v2\/media\/1666"}],"wp:attachment":[{"href":"https:\/\/www.canna4bliss.com\/hu\/wp-json\/wp\/v2\/media?parent=1663"}],"wp:term":[{"taxonomy":"product_brand","embeddable":true,"href":"https:\/\/www.canna4bliss.com\/hu\/wp-json\/wp\/v2\/product_brand?post=1663"},{"taxonomy":"product_cat","embeddable":true,"href":"https:\/\/www.canna4bliss.com\/hu\/wp-json\/wp\/v2\/product_cat?post=1663"},{"taxonomy":"product_tag","embeddable":true,"href":"https:\/\/www.canna4bliss.com\/hu\/wp-json\/wp\/v2\/product_tag?post=1663"}],"curies":[{"name":"wp","href":"https:\/\/api.w.org\/{rel}","templated":true}]}}