{"id":1553,"date":"2024-11-15T03:21:31","date_gmt":"2024-11-15T03:21:31","guid":{"rendered":"https:\/\/www.canna4bliss.com\/?post_type=product&#038;p=1553"},"modified":"2024-11-22T13:20:51","modified_gmt":"2024-11-22T13:20:51","slug":"bogyos-tea-3-cbd-az-elet-novenyevel","status":"publish","type":"product","link":"https:\/\/www.canna4bliss.com\/hu\/termek\/te-de-frutas-del-bosque-con-3-de-cbd-de-plant-of-life\/","title":{"rendered":"Erdei gy\u00fcm\u00f6lcs tea 3% CBD-vel a Plant of Life-t\u00f3l"},"content":{"rendered":"<p>F\u0151 jellemz\u0151k:<\/p>\n<p>CBD-tartalom: 3%<br \/>\n\u00cdz: Erdei gy\u00fcm\u00f6lcs\u00f6k<br \/>\n\u00d6sszetev\u0151k: 50% bio kender, 50% hibiszkusz, szult\u00e1na, bodza \u00e9s fagyasztva sz\u00e1r\u00edtott eper.<br \/>\nCsomag m\u00e9rete: 10 db 2 grammos te\u00e1s tasak<br \/>\nKoffeinmentes: Ide\u00e1lis a nap b\u00e1rmely szak\u00e1ban.<br \/>\nBio min\u0151s\u00edt\u00e9s: 100% term\u00e9k bio<br \/>\nK\u00f6rnyezetbar\u00e1t csomagol\u00e1s: \u00fajraerd\u0151s\u00edtett f\u00e1kb\u00f3l sz\u00e1rmaz\u00f3 pap\u00edr \u00e9s biol\u00f3giailag leboml\u00f3 zacsk\u00f3k.<br \/>\n\u00d6sszetev\u0151k \u00e9s el\u0151ny\u00f6k:<\/p>\n<p>Biokender: Feh\u00e9rj\u00e9t, eg\u00e9szs\u00e9ges zs\u00edrokat (p\u00e9ld\u00e1ul omega-3 \u00e9s omega-6 zs\u00edrsavakat), rostokat, vitaminokat (p\u00e9ld\u00e1ul E-vitamint) \u00e9s \u00e1sv\u00e1nyi anyagokat (p\u00e9ld\u00e1ul vasat, magn\u00e9ziumot \u00e9s cinket) tartalmaz.<br \/>\nHibiszkusz: Antioxid\u00e1nsokban, C-vitaminban \u00e9s \u00e1sv\u00e1nyi anyagokban gazdag.<br \/>\nSzult\u00e1n: Energiaforr\u00e1s, rostot \u00e9s antioxid\u00e1nsokat tartalmaz.<br \/>\nBodza: Antioxid\u00e1nsokban, C-vitaminban \u00e9s rostokban gazdag.<br \/>\nFagyasztva sz\u00e1r\u00edtott eper: C-vitaminban, rostban \u00e9s antioxid\u00e1nsokban gazdag.<br \/>\nA term\u00e9kc\u00edmke t\u00f6bb nyelven, t\u00f6bbek k\u00f6z\u00f6tt angolul, spanyolul, olaszul, franci\u00e1ul, n\u00e9met\u00fcl \u00e9s portug\u00e1lul is el\u00e9rhet\u0151, biztos\u00edtva a hozz\u00e1f\u00e9rhet\u0151s\u00e9get \u00e9s a soksz\u00edn\u0171s\u00e9get.<\/p>","protected":false},"excerpt":{"rendered":"<p>A Plant of Life Forest Fruit Tea 3% CBD-vel egy finom, bio alapanyagokb\u00f3l k\u00e9sz\u00fclt, koffeinmentes ital, amely a kender frissess\u00e9g\u00e9t az erdei gy\u00fcm\u00f6lcs\u00f6k vibr\u00e1l\u00f3 \u00edz\u00e9vel \u00f6tv\u00f6zi.<\/p>","protected":false},"featured_media":1554,"comment_status":"closed","ping_status":"closed","template":"","meta":{"site-sidebar-layout":"default","site-content-layout":"","ast-site-content-layout":"default","site-content-style":"default","site-sidebar-style":"default","ast-global-header-display":"","ast-banner-title-visibility":"","ast-main-header-display":"","ast-hfb-above-header-display":"","ast-hfb-below-header-display":"","ast-hfb-mobile-header-display":"","site-post-title":"","ast-breadcrumbs-content":"","ast-featured-img":"","footer-sml-layout":"","ast-disable-related-posts":"","theme-transparent-header-meta":"default","adv-header-id-meta":"","stick-header-meta":"","header-above-stick-meta":"","header-main-stick-meta":"","header-below-stick-meta":"","astra-migrate-meta-layouts":"set","ast-page-background-enabled":"default","ast-page-background-meta":{"desktop":{"background-color":"","background-image":"","background-repeat":"repeat","background-position":"center center","background-size":"auto","background-attachment":"scroll","background-type":"","background-media":"","overlay-type":"","overlay-color":"","overlay-opacity":"","overlay-gradient":""},"tablet":{"background-color":"","background-image":"","background-repeat":"repeat","background-position":"center center","background-size":"auto","background-attachment":"scroll","background-type":"","background-media":"","overlay-type":"","overlay-color":"","overlay-opacity":"","overlay-gradient":""},"mobile":{"background-color":"","background-image":"","background-repeat":"repeat","background-position":"center center","background-size":"auto","background-attachment":"scroll","background-type":"","background-media":"","overlay-type":"","overlay-color":"","overlay-opacity":"","overlay-gradient":""}},"ast-content-background-meta":{"desktop":{"background-color":"var(--ast-global-color-5)","background-image":"","background-repeat":"repeat","background-position":"center center","background-size":"auto","background-attachment":"scroll","background-type":"","background-media":"","overlay-type":"","overlay-color":"","overlay-opacity":"","overlay-gradient":""},"tablet":{"background-color":"var(--ast-global-color-5)","background-image":"","background-repeat":"repeat","background-position":"center center","background-size":"auto","background-attachment":"scroll","background-type":"","background-media":"","overlay-type":"","overlay-color":"","overlay-opacity":"","overlay-gradient":""},"mobile":{"background-color":"var(--ast-global-color-5)","background-image":"","background-repeat":"repeat","background-position":"center center","background-size":"auto","background-attachment":"scroll","background-type":"","background-media":"","overlay-type":"","overlay-color":"","overlay-opacity":"","overlay-gradient":""}}},"product_brand":[],"product_cat":[174],"product_tag":[172,178],"class_list":{"0":"post-1553","1":"product","2":"type-product","3":"status-publish","4":"has-post-thumbnail","6":"product_cat-tea","7":"product_tag-plant-of-life","8":"product_tag-te-de-frutas-del-bosque-con-3-de-cbd-de-plant-of-life","9":"desktop-align-left","10":"tablet-align-left","11":"mobile-align-left","12":"ast-product-gallery-layout-horizontal-slider","13":"ast-product-gallery-with-no-image","14":"ast-product-tabs-layout-horizontal","15":"ast-qv-on-image","17":"first","18":"instock","19":"taxable","20":"shipping-taxable","21":"purchasable","22":"product-type-simple"},"yoast_head":"<!-- This site is optimized with the Yoast SEO Premium plugin v27.5 (Yoast SEO v27.5) - https:\/\/yoast.com\/product\/yoast-seo-premium-wordpress\/ -->\n<title>T\u00e9 de Frutas del Bosque con 3% de CBD de Plant of Life - Canna4blisS<\/title>\n<meta name=\"robots\" content=\"index, follow, max-snippet:-1, max-image-preview:large, max-video-preview:-1\" \/>\n<link rel=\"canonical\" href=\"https:\/\/www.canna4bliss.com\/hu\/termek-2\/bogyos-tea-3-cbd-az-elet-novenyevel\/\" \/>\n<meta property=\"og:locale\" content=\"hu_HU\" \/>\n<meta property=\"og:type\" content=\"article\" \/>\n<meta property=\"og:title\" content=\"T\u00e9 de Frutas del Bosque con 3% de CBD de Plant of Life\" \/>\n<meta property=\"og:description\" content=\"El T\u00e9 de Frutas del Bosque con 3% de CBD de Plant of Life es una deliciosa bebida sin cafe\u00edna, elaborada con ingredientes org\u00e1nicos que combina la frescura del c\u00e1\u00f1amo con el sabor vibrante de las frutas del bosque.\" \/>\n<meta property=\"og:url\" content=\"https:\/\/www.canna4bliss.com\/hu\/termek-2\/bogyos-tea-3-cbd-az-elet-novenyevel\/\" \/>\n<meta property=\"og:site_name\" content=\"Canna4blisS\" \/>\n<meta property=\"article:publisher\" content=\"https:\/\/www.facebook.com\/profile.php?id=61552127379853\" \/>\n<meta property=\"article:modified_time\" content=\"2024-11-22T13:20:51+00:00\" \/>\n<meta property=\"og:image\" content=\"https:\/\/www.canna4bliss.com\/wp-content\/uploads\/2024\/11\/forest-fruits-tea-3-cbd.png\" \/>\n\t<meta property=\"og:image:width\" content=\"800\" \/>\n\t<meta property=\"og:image:height\" content=\"800\" \/>\n\t<meta property=\"og:image:type\" content=\"image\/png\" \/>\n<meta name=\"twitter:card\" content=\"summary_large_image\" \/>\n<meta name=\"twitter:label1\" content=\"\u00c1r\" \/>\n\t<meta name=\"twitter:data1\" content=\"7,50&nbsp;&euro; ( 7,50&nbsp;&euro; + Tax )\" \/>\n\t<meta name=\"twitter:label2\" content=\"El\u00e9rhet\u0151s\u00e9g\" \/>\n\t<meta name=\"twitter:data2\" content=\"K\u00e9szleten\" \/>\n<script type=\"application\/ld+json\" class=\"yoast-schema-graph\">{\"@context\":\"https:\\\/\\\/schema.org\",\"@graph\":[{\"@type\":\"WebPage\",\"@id\":\"https:\\\/\\\/www.canna4bliss.com\\\/termek\\\/te-de-frutas-del-bosque-con-3-de-cbd-de-plant-of-life\\\/\",\"url\":\"https:\\\/\\\/www.canna4bliss.com\\\/termek\\\/te-de-frutas-del-bosque-con-3-de-cbd-de-plant-of-life\\\/\",\"name\":\"T\u00e9 de Frutas del Bosque con 3% de CBD de Plant of Life - Canna4blisS\",\"isPartOf\":{\"@id\":\"https:\\\/\\\/www.canna4bliss.com\\\/#website\"},\"primaryImageOfPage\":{\"@id\":\"https:\\\/\\\/www.canna4bliss.com\\\/termek\\\/te-de-frutas-del-bosque-con-3-de-cbd-de-plant-of-life\\\/#primaryimage\"},\"image\":{\"@id\":\"https:\\\/\\\/www.canna4bliss.com\\\/termek\\\/te-de-frutas-del-bosque-con-3-de-cbd-de-plant-of-life\\\/#primaryimage\"},\"thumbnailUrl\":\"https:\\\/\\\/www.canna4bliss.com\\\/wp-content\\\/uploads\\\/2024\\\/11\\\/forest-fruits-tea-3-cbd.png\",\"datePublished\":\"2024-11-15T03:21:31+00:00\",\"dateModified\":\"2024-11-22T13:20:51+00:00\",\"breadcrumb\":{\"@id\":\"https:\\\/\\\/www.canna4bliss.com\\\/termek\\\/te-de-frutas-del-bosque-con-3-de-cbd-de-plant-of-life\\\/#breadcrumb\"},\"inLanguage\":\"hu\",\"potentialAction\":[{\"@type\":\"ReadAction\",\"target\":[\"https:\\\/\\\/www.canna4bliss.com\\\/termek\\\/te-de-frutas-del-bosque-con-3-de-cbd-de-plant-of-life\\\/\"]}]},{\"@type\":\"ImageObject\",\"inLanguage\":\"hu\",\"@id\":\"https:\\\/\\\/www.canna4bliss.com\\\/termek\\\/te-de-frutas-del-bosque-con-3-de-cbd-de-plant-of-life\\\/#primaryimage\",\"url\":\"https:\\\/\\\/www.canna4bliss.com\\\/wp-content\\\/uploads\\\/2024\\\/11\\\/forest-fruits-tea-3-cbd.png\",\"contentUrl\":\"https:\\\/\\\/www.canna4bliss.com\\\/wp-content\\\/uploads\\\/2024\\\/11\\\/forest-fruits-tea-3-cbd.png\",\"width\":800,\"height\":800,\"caption\":\"T\u00e9 de Frutas del Bosque con 3% de CBD de Plant of Life\"},{\"@type\":\"BreadcrumbList\",\"@id\":\"https:\\\/\\\/www.canna4bliss.com\\\/termek\\\/te-de-frutas-del-bosque-con-3-de-cbd-de-plant-of-life\\\/#breadcrumb\",\"itemListElement\":[{\"@type\":\"ListItem\",\"position\":1,\"name\":\"Kezd\u0151lap\",\"item\":\"https:\\\/\\\/www.canna4bliss.com\\\/\"},{\"@type\":\"ListItem\",\"position\":2,\"name\":\"Shop\",\"item\":\"https:\\\/\\\/www.canna4bliss.com\\\/shop\\\/\"},{\"@type\":\"ListItem\",\"position\":3,\"name\":\"T\u00e9 de Frutas del Bosque con 3% de CBD de Plant of Life\"}]},{\"@type\":\"WebSite\",\"@id\":\"https:\\\/\\\/www.canna4bliss.com\\\/#website\",\"url\":\"https:\\\/\\\/www.canna4bliss.com\\\/\",\"name\":\"Canna4blisS\",\"description\":\"Discover the power of CBD\",\"publisher\":{\"@id\":\"https:\\\/\\\/www.canna4bliss.com\\\/#organization\"},\"potentialAction\":[{\"@type\":\"SearchAction\",\"target\":{\"@type\":\"EntryPoint\",\"urlTemplate\":\"https:\\\/\\\/www.canna4bliss.com\\\/?s={search_term_string}\"},\"query-input\":{\"@type\":\"PropertyValueSpecification\",\"valueRequired\":true,\"valueName\":\"search_term_string\"}}],\"inLanguage\":\"hu\"},{\"@type\":\"Organization\",\"@id\":\"https:\\\/\\\/www.canna4bliss.com\\\/#organization\",\"name\":\"Canna4blisS\",\"url\":\"https:\\\/\\\/www.canna4bliss.com\\\/\",\"logo\":{\"@type\":\"ImageObject\",\"inLanguage\":\"hu\",\"@id\":\"https:\\\/\\\/www.canna4bliss.com\\\/#\\\/schema\\\/logo\\\/image\\\/\",\"url\":\"https:\\\/\\\/www.canna4bliss.com\\\/wp-content\\\/uploads\\\/2024\\\/09\\\/logo2.avif\",\"contentUrl\":\"https:\\\/\\\/www.canna4bliss.com\\\/wp-content\\\/uploads\\\/2024\\\/09\\\/logo2.avif\",\"width\":700,\"height\":282,\"caption\":\"Canna4blisS\"},\"image\":{\"@id\":\"https:\\\/\\\/www.canna4bliss.com\\\/#\\\/schema\\\/logo\\\/image\\\/\"},\"sameAs\":[\"https:\\\/\\\/www.facebook.com\\\/profile.php?id=61552127379853\"],\"hasMerchantReturnPolicy\":{\"@type\":\"MerchantReturnPolicy\",\"merchantReturnLink\":\"https:\\\/\\\/www.canna4bliss.com\\\/hu\\\/politica-de-privacidad-2\\\/\"}}]}<\/script>\n<meta property=\"product:price:amount\" content=\"7.50\" \/>\n<meta property=\"product:price:currency\" content=\"EUR\" \/>\n<meta property=\"og:availability\" content=\"instock\" \/>\n<meta property=\"product:availability\" content=\"instock\" \/>\n<meta property=\"product:condition\" content=\"new\" \/>\n<!-- \/ Yoast SEO Premium plugin. -->","yoast_head_json":{"title":"Erdei gy\u00fcm\u00f6lcs tea 3% CBD-vel a Plant of Life-t\u00f3l - Canna4blisS","robots":{"index":"index","follow":"follow","max-snippet":"max-snippet:-1","max-image-preview":"max-image-preview:large","max-video-preview":"max-video-preview:-1"},"canonical":"https:\/\/www.canna4bliss.com\/hu\/termek-2\/bogyos-tea-3-cbd-az-elet-novenyevel\/","og_locale":"hu_HU","og_type":"article","og_title":"T\u00e9 de Frutas del Bosque con 3% de CBD de Plant of Life","og_description":"El T\u00e9 de Frutas del Bosque con 3% de CBD de Plant of Life es una deliciosa bebida sin cafe\u00edna, elaborada con ingredientes org\u00e1nicos que combina la frescura del c\u00e1\u00f1amo con el sabor vibrante de las frutas del bosque.","og_url":"https:\/\/www.canna4bliss.com\/hu\/termek-2\/bogyos-tea-3-cbd-az-elet-novenyevel\/","og_site_name":"Canna4blisS","article_publisher":"https:\/\/www.facebook.com\/profile.php?id=61552127379853","article_modified_time":"2024-11-22T13:20:51+00:00","og_image":[{"width":800,"height":800,"url":"https:\/\/www.canna4bliss.com\/wp-content\/uploads\/2024\/11\/forest-fruits-tea-3-cbd.png","type":"image\/png"}],"twitter_card":"summary_large_image","twitter_misc":{"\u00c1r":"7,50&nbsp;&euro; ( 7,50&nbsp;&euro; + Tax )","El\u00e9rhet\u0151s\u00e9g":"K\u00e9szleten"},"schema":{"@context":"https:\/\/schema.org","@graph":[{"@type":"WebPage","@id":"https:\/\/www.canna4bliss.com\/termek\/te-de-frutas-del-bosque-con-3-de-cbd-de-plant-of-life\/","url":"https:\/\/www.canna4bliss.com\/termek\/te-de-frutas-del-bosque-con-3-de-cbd-de-plant-of-life\/","name":"Erdei gy\u00fcm\u00f6lcs tea 3% CBD-vel a Plant of Life-t\u00f3l - Canna4blisS","isPartOf":{"@id":"https:\/\/www.canna4bliss.com\/#website"},"primaryImageOfPage":{"@id":"https:\/\/www.canna4bliss.com\/termek\/te-de-frutas-del-bosque-con-3-de-cbd-de-plant-of-life\/#primaryimage"},"image":{"@id":"https:\/\/www.canna4bliss.com\/termek\/te-de-frutas-del-bosque-con-3-de-cbd-de-plant-of-life\/#primaryimage"},"thumbnailUrl":"https:\/\/www.canna4bliss.com\/wp-content\/uploads\/2024\/11\/forest-fruits-tea-3-cbd.png","datePublished":"2024-11-15T03:21:31+00:00","dateModified":"2024-11-22T13:20:51+00:00","breadcrumb":{"@id":"https:\/\/www.canna4bliss.com\/termek\/te-de-frutas-del-bosque-con-3-de-cbd-de-plant-of-life\/#breadcrumb"},"inLanguage":"hu","potentialAction":[{"@type":"ReadAction","target":["https:\/\/www.canna4bliss.com\/termek\/te-de-frutas-del-bosque-con-3-de-cbd-de-plant-of-life\/"]}]},{"@type":"ImageObject","inLanguage":"hu","@id":"https:\/\/www.canna4bliss.com\/termek\/te-de-frutas-del-bosque-con-3-de-cbd-de-plant-of-life\/#primaryimage","url":"https:\/\/www.canna4bliss.com\/wp-content\/uploads\/2024\/11\/forest-fruits-tea-3-cbd.png","contentUrl":"https:\/\/www.canna4bliss.com\/wp-content\/uploads\/2024\/11\/forest-fruits-tea-3-cbd.png","width":800,"height":800,"caption":"T\u00e9 de Frutas del Bosque con 3% de CBD de Plant of Life"},{"@type":"BreadcrumbList","@id":"https:\/\/www.canna4bliss.com\/termek\/te-de-frutas-del-bosque-con-3-de-cbd-de-plant-of-life\/#breadcrumb","itemListElement":[{"@type":"ListItem","position":1,"name":"Kezd\u0151lap","item":"https:\/\/www.canna4bliss.com\/"},{"@type":"ListItem","position":2,"name":"Shop","item":"https:\/\/www.canna4bliss.com\/shop\/"},{"@type":"ListItem","position":3,"name":"T\u00e9 de Frutas del Bosque con 3% de CBD de Plant of Life"}]},{"@type":"WebSite","@id":"https:\/\/www.canna4bliss.com\/#website","url":"https:\/\/www.canna4bliss.com\/","name":"Canna4blisS","description":"Fedezze fel a CBD erej\u00e9t","publisher":{"@id":"https:\/\/www.canna4bliss.com\/#organization"},"potentialAction":[{"@type":"SearchAction","target":{"@type":"EntryPoint","urlTemplate":"https:\/\/www.canna4bliss.com\/?s={search_term_string}"},"query-input":{"@type":"PropertyValueSpecification","valueRequired":true,"valueName":"search_term_string"}}],"inLanguage":"hu"},{"@type":"Organization","@id":"https:\/\/www.canna4bliss.com\/#organization","name":"Canna4blisS","url":"https:\/\/www.canna4bliss.com\/","logo":{"@type":"ImageObject","inLanguage":"hu","@id":"https:\/\/www.canna4bliss.com\/#\/schema\/logo\/image\/","url":"https:\/\/www.canna4bliss.com\/wp-content\/uploads\/2024\/09\/logo2.avif","contentUrl":"https:\/\/www.canna4bliss.com\/wp-content\/uploads\/2024\/09\/logo2.avif","width":700,"height":282,"caption":"Canna4blisS"},"image":{"@id":"https:\/\/www.canna4bliss.com\/#\/schema\/logo\/image\/"},"sameAs":["https:\/\/www.facebook.com\/profile.php?id=61552127379853"],"hasMerchantReturnPolicy":{"@type":"MerchantReturnPolicy","merchantReturnLink":"https:\/\/www.canna4bliss.com\/hu\/politica-de-privacidad-2\/"}}]},"product_price_amount":"7.50","product_price_currency":"EUR","og_availability":"instock","product_availability":"instock","product_condition":"new"},"_links":{"self":[{"href":"https:\/\/www.canna4bliss.com\/hu\/wp-json\/wp\/v2\/product\/1553","targetHints":{"allow":["GET"]}}],"collection":[{"href":"https:\/\/www.canna4bliss.com\/hu\/wp-json\/wp\/v2\/product"}],"about":[{"href":"https:\/\/www.canna4bliss.com\/hu\/wp-json\/wp\/v2\/types\/product"}],"replies":[{"embeddable":true,"href":"https:\/\/www.canna4bliss.com\/hu\/wp-json\/wp\/v2\/comments?post=1553"}],"wp:featuredmedia":[{"embeddable":true,"href":"https:\/\/www.canna4bliss.com\/hu\/wp-json\/wp\/v2\/media\/1554"}],"wp:attachment":[{"href":"https:\/\/www.canna4bliss.com\/hu\/wp-json\/wp\/v2\/media?parent=1553"}],"wp:term":[{"taxonomy":"product_brand","embeddable":true,"href":"https:\/\/www.canna4bliss.com\/hu\/wp-json\/wp\/v2\/product_brand?post=1553"},{"taxonomy":"product_cat","embeddable":true,"href":"https:\/\/www.canna4bliss.com\/hu\/wp-json\/wp\/v2\/product_cat?post=1553"},{"taxonomy":"product_tag","embeddable":true,"href":"https:\/\/www.canna4bliss.com\/hu\/wp-json\/wp\/v2\/product_tag?post=1553"}],"curies":[{"name":"wp","href":"https:\/\/api.w.org\/{rel}","templated":true}]}}