{"id":1547,"date":"2024-11-15T03:10:06","date_gmt":"2024-11-15T03:10:06","guid":{"rendered":"https:\/\/www.canna4bliss.com\/?post_type=product&#038;p=1547"},"modified":"2024-11-22T13:20:51","modified_gmt":"2024-11-22T13:20:51","slug":"mango-ajakbalzsam-az-elet-novenyetol","status":"publish","type":"product","link":"https:\/\/www.canna4bliss.com\/hu\/termek\/balsamo-labial-de-mango-de-plant-of-life\/","title":{"rendered":"Mango ajakbalzsam a Plant of Life-t\u00f3l"},"content":{"rendered":"<p>F\u0151 \u00f6sszetev\u0151k \u00e9s el\u0151ny\u00f6k:<\/p>\n<p>Caprylic\/Capric Triglyceride: Puh\u00edtja a b\u0151rt \u00e9s seg\u00edt megtartani a nedvess\u00e9get.<\/p>\n<p>Shea vaj (Butyrospermum Parkii vaj): Hosszantart\u00f3 hidrat\u00e1l\u00e1st biztos\u00edt.<\/p>\n<p>\u00c9desmandulaolaj (Prunus Amygdalus Dulcis magolaj): Nyugtatja \u00e9s puh\u00edtja az ajkakat.<\/p>\n<p>Spirulina Platensis kivonat: Term\u00e9szetes sz\u00ednt \u00e9s antioxid\u00e1ns tulajdons\u00e1gokat biztos\u00edt.<\/p>\n<p>CBD (Cannabidiol): Nyugtat\u00f3 hat\u00e1s\u00fa \u00e9s v\u00e9di az ajkakat a kisz\u00e1rad\u00e1st\u00f3l.<\/p>\n<p>CBG (Cannabigerol): Gyullad\u00e1scs\u00f6kkent\u0151 tulajdons\u00e1gokkal v\u00e9di az ajkakat a k\u00f6rnyezeti \u00e1rtalmakt\u00f3l.<\/p>\n<p>E-vitamin (tokoferol): Antioxid\u00e1ns, amely megv\u00e9di az ajkakat a szabad gy\u00f6k\u00f6k k\u00e1ros hat\u00e1sait\u00f3l.<\/p>\n<p>Hogyan kell haszn\u00e1lni:<\/p>\n<p>Alkalmazza k\u00f6zvetlen\u00fcl az ajkakra, ah\u00e1nyszor csak sz\u00fcks\u00e9ges, \u00e9lvezze a hidrat\u00e1l\u00f3 hat\u00e1st \u00e9s az enyhe mang\u00f3 illatot.<\/p>\n<p>Figyelmeztet\u00e9sek:<\/p>\n<p>Ker\u00fclje a szemmel val\u00f3 \u00e9rintkez\u00e9st.<br \/>\nNe nyelje le.<br \/>\nGyermekek el\u0151l elz\u00e1rva tartand\u00f3.<br \/>\nA Plant of Life Mango ajakbalzsam ide\u00e1lis v\u00e1laszt\u00e1s azoknak, akik term\u00e9szetes \u00f6sszetev\u0151kkel szeretn\u00e9k \u00e1polni ajkaikat, mik\u00f6zben \u00e9lvezik a friss\u00edt\u0151 mang\u00f3 \u00edzt.<\/p>","protected":false},"excerpt":{"rendered":"<p>A Plant of Life Mango ajakbalzsam 3 grammos term\u00e9k, amely 1% (30 mg) CBD-t \u00e9s 0,5% (15 mg) CBG-t tartalmaz. A balzsam 98% term\u00e9szetes \u00f6sszetev\u0151t tartalmaz, m\u00e9ly hidrat\u00e1l\u00e1st \u00e9s v\u00e9delmet ny\u00fajt az ajkaknak, finom mang\u00f3 \u00edzzel.<\/p>","protected":false},"featured_media":1548,"comment_status":"closed","ping_status":"closed","template":"","meta":{"site-sidebar-layout":"default","site-content-layout":"","ast-site-content-layout":"default","site-content-style":"default","site-sidebar-style":"default","ast-global-header-display":"","ast-banner-title-visibility":"","ast-main-header-display":"","ast-hfb-above-header-display":"","ast-hfb-below-header-display":"","ast-hfb-mobile-header-display":"","site-post-title":"","ast-breadcrumbs-content":"","ast-featured-img":"","footer-sml-layout":"","ast-disable-related-posts":"","theme-transparent-header-meta":"default","adv-header-id-meta":"","stick-header-meta":"","header-above-stick-meta":"","header-main-stick-meta":"","header-below-stick-meta":"","astra-migrate-meta-layouts":"set","ast-page-background-enabled":"default","ast-page-background-meta":{"desktop":{"background-color":"","background-image":"","background-repeat":"repeat","background-position":"center center","background-size":"auto","background-attachment":"scroll","background-type":"","background-media":"","overlay-type":"","overlay-color":"","overlay-opacity":"","overlay-gradient":""},"tablet":{"background-color":"","background-image":"","background-repeat":"repeat","background-position":"center center","background-size":"auto","background-attachment":"scroll","background-type":"","background-media":"","overlay-type":"","overlay-color":"","overlay-opacity":"","overlay-gradient":""},"mobile":{"background-color":"","background-image":"","background-repeat":"repeat","background-position":"center center","background-size":"auto","background-attachment":"scroll","background-type":"","background-media":"","overlay-type":"","overlay-color":"","overlay-opacity":"","overlay-gradient":""}},"ast-content-background-meta":{"desktop":{"background-color":"var(--ast-global-color-5)","background-image":"","background-repeat":"repeat","background-position":"center center","background-size":"auto","background-attachment":"scroll","background-type":"","background-media":"","overlay-type":"","overlay-color":"","overlay-opacity":"","overlay-gradient":""},"tablet":{"background-color":"var(--ast-global-color-5)","background-image":"","background-repeat":"repeat","background-position":"center center","background-size":"auto","background-attachment":"scroll","background-type":"","background-media":"","overlay-type":"","overlay-color":"","overlay-opacity":"","overlay-gradient":""},"mobile":{"background-color":"var(--ast-global-color-5)","background-image":"","background-repeat":"repeat","background-position":"center center","background-size":"auto","background-attachment":"scroll","background-type":"","background-media":"","overlay-type":"","overlay-color":"","overlay-opacity":"","overlay-gradient":""}}},"product_brand":[],"product_cat":[57],"product_tag":[171,170,173,172],"class_list":{"0":"post-1547","1":"product","2":"type-product","3":"status-publish","4":"has-post-thumbnail","6":"product_cat-cosmetics","7":"product_tag-balsamo-labial","8":"product_tag-balsamo-labial-de-mango-de-plant-of-life","9":"product_tag-mango","10":"product_tag-plant-of-life","11":"desktop-align-left","12":"tablet-align-left","13":"mobile-align-left","14":"ast-product-gallery-layout-horizontal-slider","15":"ast-product-tabs-layout-horizontal","16":"ast-qv-on-image","18":"first","19":"instock","20":"taxable","21":"shipping-taxable","22":"purchasable","23":"product-type-simple"},"yoast_head":"<!-- This site is optimized with the Yoast SEO Premium plugin v27.5 (Yoast SEO v27.5) - https:\/\/yoast.com\/product\/yoast-seo-premium-wordpress\/ -->\n<title>B\u00e1lsamo Labial de Mango de Plant of Life - Canna4blisS<\/title>\n<meta name=\"robots\" content=\"index, follow, max-snippet:-1, max-image-preview:large, max-video-preview:-1\" \/>\n<link rel=\"canonical\" href=\"https:\/\/www.canna4bliss.com\/hu\/termek-2\/mango-ajakbalzsam-az-elet-novenyetol\/\" \/>\n<meta property=\"og:locale\" content=\"hu_HU\" \/>\n<meta property=\"og:type\" content=\"article\" \/>\n<meta property=\"og:title\" content=\"B\u00e1lsamo Labial de Mango de Plant of Life\" \/>\n<meta property=\"og:description\" content=\"El B\u00e1lsamo Labial de Mango de Plant of Life es un producto de 3 gramos que contiene un 1% (30 mg) de CBD y un 0,5% (15 mg) de CBG. El b\u00e1lsamo est\u00e1 compuesto en un 98% por ingredientes naturales, proporcionando hidrataci\u00f3n profunda y protecci\u00f3n para los labios, con un delicioso sabor a mango.\" \/>\n<meta property=\"og:url\" content=\"https:\/\/www.canna4bliss.com\/hu\/termek-2\/mango-ajakbalzsam-az-elet-novenyetol\/\" \/>\n<meta property=\"og:site_name\" content=\"Canna4blisS\" \/>\n<meta property=\"article:publisher\" content=\"https:\/\/www.facebook.com\/profile.php?id=61552127379853\" \/>\n<meta property=\"article:modified_time\" content=\"2024-11-22T13:20:51+00:00\" \/>\n<meta property=\"og:image\" content=\"https:\/\/www.canna4bliss.com\/wp-content\/uploads\/2024\/11\/mango-lipstick-1-cbd-05-cbg.png\" \/>\n\t<meta property=\"og:image:width\" content=\"800\" \/>\n\t<meta property=\"og:image:height\" content=\"800\" \/>\n\t<meta property=\"og:image:type\" content=\"image\/png\" \/>\n<meta name=\"twitter:card\" content=\"summary_large_image\" \/>\n<meta name=\"twitter:label1\" content=\"\u00c1r\" \/>\n\t<meta name=\"twitter:data1\" content=\"3,10&nbsp;&euro; ( 3,10&nbsp;&euro; + Tax )\" \/>\n\t<meta name=\"twitter:label2\" content=\"El\u00e9rhet\u0151s\u00e9g\" \/>\n\t<meta name=\"twitter:data2\" content=\"K\u00e9szleten\" \/>\n<script type=\"application\/ld+json\" class=\"yoast-schema-graph\">{\"@context\":\"https:\\\/\\\/schema.org\",\"@graph\":[{\"@type\":\"WebPage\",\"@id\":\"https:\\\/\\\/www.canna4bliss.com\\\/termek\\\/balsamo-labial-de-mango-de-plant-of-life\\\/\",\"url\":\"https:\\\/\\\/www.canna4bliss.com\\\/termek\\\/balsamo-labial-de-mango-de-plant-of-life\\\/\",\"name\":\"B\u00e1lsamo Labial de Mango de Plant of Life - Canna4blisS\",\"isPartOf\":{\"@id\":\"https:\\\/\\\/www.canna4bliss.com\\\/#website\"},\"primaryImageOfPage\":{\"@id\":\"https:\\\/\\\/www.canna4bliss.com\\\/termek\\\/balsamo-labial-de-mango-de-plant-of-life\\\/#primaryimage\"},\"image\":{\"@id\":\"https:\\\/\\\/www.canna4bliss.com\\\/termek\\\/balsamo-labial-de-mango-de-plant-of-life\\\/#primaryimage\"},\"thumbnailUrl\":\"https:\\\/\\\/www.canna4bliss.com\\\/wp-content\\\/uploads\\\/2024\\\/11\\\/mango-lipstick-1-cbd-05-cbg.png\",\"datePublished\":\"2024-11-15T03:10:06+00:00\",\"dateModified\":\"2024-11-22T13:20:51+00:00\",\"breadcrumb\":{\"@id\":\"https:\\\/\\\/www.canna4bliss.com\\\/termek\\\/balsamo-labial-de-mango-de-plant-of-life\\\/#breadcrumb\"},\"inLanguage\":\"hu\",\"potentialAction\":[{\"@type\":\"ReadAction\",\"target\":[\"https:\\\/\\\/www.canna4bliss.com\\\/termek\\\/balsamo-labial-de-mango-de-plant-of-life\\\/\"]}]},{\"@type\":\"ImageObject\",\"inLanguage\":\"hu\",\"@id\":\"https:\\\/\\\/www.canna4bliss.com\\\/termek\\\/balsamo-labial-de-mango-de-plant-of-life\\\/#primaryimage\",\"url\":\"https:\\\/\\\/www.canna4bliss.com\\\/wp-content\\\/uploads\\\/2024\\\/11\\\/mango-lipstick-1-cbd-05-cbg.png\",\"contentUrl\":\"https:\\\/\\\/www.canna4bliss.com\\\/wp-content\\\/uploads\\\/2024\\\/11\\\/mango-lipstick-1-cbd-05-cbg.png\",\"width\":800,\"height\":800,\"caption\":\"B\u00e1lsamo Labial de Mango de Plant of Life\"},{\"@type\":\"BreadcrumbList\",\"@id\":\"https:\\\/\\\/www.canna4bliss.com\\\/termek\\\/balsamo-labial-de-mango-de-plant-of-life\\\/#breadcrumb\",\"itemListElement\":[{\"@type\":\"ListItem\",\"position\":1,\"name\":\"Kezd\u0151lap\",\"item\":\"https:\\\/\\\/www.canna4bliss.com\\\/\"},{\"@type\":\"ListItem\",\"position\":2,\"name\":\"Shop\",\"item\":\"https:\\\/\\\/www.canna4bliss.com\\\/shop\\\/\"},{\"@type\":\"ListItem\",\"position\":3,\"name\":\"B\u00e1lsamo Labial de Mango de Plant of Life\"}]},{\"@type\":\"WebSite\",\"@id\":\"https:\\\/\\\/www.canna4bliss.com\\\/#website\",\"url\":\"https:\\\/\\\/www.canna4bliss.com\\\/\",\"name\":\"Canna4blisS\",\"description\":\"Discover the power of CBD\",\"publisher\":{\"@id\":\"https:\\\/\\\/www.canna4bliss.com\\\/#organization\"},\"potentialAction\":[{\"@type\":\"SearchAction\",\"target\":{\"@type\":\"EntryPoint\",\"urlTemplate\":\"https:\\\/\\\/www.canna4bliss.com\\\/?s={search_term_string}\"},\"query-input\":{\"@type\":\"PropertyValueSpecification\",\"valueRequired\":true,\"valueName\":\"search_term_string\"}}],\"inLanguage\":\"hu\"},{\"@type\":\"Organization\",\"@id\":\"https:\\\/\\\/www.canna4bliss.com\\\/#organization\",\"name\":\"Canna4blisS\",\"url\":\"https:\\\/\\\/www.canna4bliss.com\\\/\",\"logo\":{\"@type\":\"ImageObject\",\"inLanguage\":\"hu\",\"@id\":\"https:\\\/\\\/www.canna4bliss.com\\\/#\\\/schema\\\/logo\\\/image\\\/\",\"url\":\"https:\\\/\\\/www.canna4bliss.com\\\/wp-content\\\/uploads\\\/2024\\\/09\\\/logo2.avif\",\"contentUrl\":\"https:\\\/\\\/www.canna4bliss.com\\\/wp-content\\\/uploads\\\/2024\\\/09\\\/logo2.avif\",\"width\":700,\"height\":282,\"caption\":\"Canna4blisS\"},\"image\":{\"@id\":\"https:\\\/\\\/www.canna4bliss.com\\\/#\\\/schema\\\/logo\\\/image\\\/\"},\"sameAs\":[\"https:\\\/\\\/www.facebook.com\\\/profile.php?id=61552127379853\"],\"hasMerchantReturnPolicy\":{\"@type\":\"MerchantReturnPolicy\",\"merchantReturnLink\":\"https:\\\/\\\/www.canna4bliss.com\\\/hu\\\/politica-de-privacidad-2\\\/\"}}]}<\/script>\n<meta property=\"product:price:amount\" content=\"3.10\" \/>\n<meta property=\"product:price:currency\" content=\"EUR\" \/>\n<meta property=\"og:availability\" content=\"instock\" \/>\n<meta property=\"product:availability\" content=\"instock\" \/>\n<meta property=\"product:condition\" content=\"new\" \/>\n<!-- \/ Yoast SEO Premium plugin. -->","yoast_head_json":{"title":"Mango ajakbalzsam a Plant of Life-t\u00f3l - Canna4blisS","robots":{"index":"index","follow":"follow","max-snippet":"max-snippet:-1","max-image-preview":"max-image-preview:large","max-video-preview":"max-video-preview:-1"},"canonical":"https:\/\/www.canna4bliss.com\/hu\/termek-2\/mango-ajakbalzsam-az-elet-novenyetol\/","og_locale":"hu_HU","og_type":"article","og_title":"B\u00e1lsamo Labial de Mango de Plant of Life","og_description":"El B\u00e1lsamo Labial de Mango de Plant of Life es un producto de 3 gramos que contiene un 1% (30 mg) de CBD y un 0,5% (15 mg) de CBG. El b\u00e1lsamo est\u00e1 compuesto en un 98% por ingredientes naturales, proporcionando hidrataci\u00f3n profunda y protecci\u00f3n para los labios, con un delicioso sabor a mango.","og_url":"https:\/\/www.canna4bliss.com\/hu\/termek-2\/mango-ajakbalzsam-az-elet-novenyetol\/","og_site_name":"Canna4blisS","article_publisher":"https:\/\/www.facebook.com\/profile.php?id=61552127379853","article_modified_time":"2024-11-22T13:20:51+00:00","og_image":[{"width":800,"height":800,"url":"https:\/\/www.canna4bliss.com\/wp-content\/uploads\/2024\/11\/mango-lipstick-1-cbd-05-cbg.png","type":"image\/png"}],"twitter_card":"summary_large_image","twitter_misc":{"\u00c1r":"3,10&nbsp;&euro; ( 3,10&nbsp;&euro; + Tax )","El\u00e9rhet\u0151s\u00e9g":"K\u00e9szleten"},"schema":{"@context":"https:\/\/schema.org","@graph":[{"@type":"WebPage","@id":"https:\/\/www.canna4bliss.com\/termek\/balsamo-labial-de-mango-de-plant-of-life\/","url":"https:\/\/www.canna4bliss.com\/termek\/balsamo-labial-de-mango-de-plant-of-life\/","name":"Mango ajakbalzsam a Plant of Life-t\u00f3l - Canna4blisS","isPartOf":{"@id":"https:\/\/www.canna4bliss.com\/#website"},"primaryImageOfPage":{"@id":"https:\/\/www.canna4bliss.com\/termek\/balsamo-labial-de-mango-de-plant-of-life\/#primaryimage"},"image":{"@id":"https:\/\/www.canna4bliss.com\/termek\/balsamo-labial-de-mango-de-plant-of-life\/#primaryimage"},"thumbnailUrl":"https:\/\/www.canna4bliss.com\/wp-content\/uploads\/2024\/11\/mango-lipstick-1-cbd-05-cbg.png","datePublished":"2024-11-15T03:10:06+00:00","dateModified":"2024-11-22T13:20:51+00:00","breadcrumb":{"@id":"https:\/\/www.canna4bliss.com\/termek\/balsamo-labial-de-mango-de-plant-of-life\/#breadcrumb"},"inLanguage":"hu","potentialAction":[{"@type":"ReadAction","target":["https:\/\/www.canna4bliss.com\/termek\/balsamo-labial-de-mango-de-plant-of-life\/"]}]},{"@type":"ImageObject","inLanguage":"hu","@id":"https:\/\/www.canna4bliss.com\/termek\/balsamo-labial-de-mango-de-plant-of-life\/#primaryimage","url":"https:\/\/www.canna4bliss.com\/wp-content\/uploads\/2024\/11\/mango-lipstick-1-cbd-05-cbg.png","contentUrl":"https:\/\/www.canna4bliss.com\/wp-content\/uploads\/2024\/11\/mango-lipstick-1-cbd-05-cbg.png","width":800,"height":800,"caption":"B\u00e1lsamo Labial de Mango de Plant of Life"},{"@type":"BreadcrumbList","@id":"https:\/\/www.canna4bliss.com\/termek\/balsamo-labial-de-mango-de-plant-of-life\/#breadcrumb","itemListElement":[{"@type":"ListItem","position":1,"name":"Kezd\u0151lap","item":"https:\/\/www.canna4bliss.com\/"},{"@type":"ListItem","position":2,"name":"Shop","item":"https:\/\/www.canna4bliss.com\/shop\/"},{"@type":"ListItem","position":3,"name":"B\u00e1lsamo Labial de Mango de Plant of Life"}]},{"@type":"WebSite","@id":"https:\/\/www.canna4bliss.com\/#website","url":"https:\/\/www.canna4bliss.com\/","name":"Canna4blisS","description":"Fedezze fel a CBD erej\u00e9t","publisher":{"@id":"https:\/\/www.canna4bliss.com\/#organization"},"potentialAction":[{"@type":"SearchAction","target":{"@type":"EntryPoint","urlTemplate":"https:\/\/www.canna4bliss.com\/?s={search_term_string}"},"query-input":{"@type":"PropertyValueSpecification","valueRequired":true,"valueName":"search_term_string"}}],"inLanguage":"hu"},{"@type":"Organization","@id":"https:\/\/www.canna4bliss.com\/#organization","name":"Canna4blisS","url":"https:\/\/www.canna4bliss.com\/","logo":{"@type":"ImageObject","inLanguage":"hu","@id":"https:\/\/www.canna4bliss.com\/#\/schema\/logo\/image\/","url":"https:\/\/www.canna4bliss.com\/wp-content\/uploads\/2024\/09\/logo2.avif","contentUrl":"https:\/\/www.canna4bliss.com\/wp-content\/uploads\/2024\/09\/logo2.avif","width":700,"height":282,"caption":"Canna4blisS"},"image":{"@id":"https:\/\/www.canna4bliss.com\/#\/schema\/logo\/image\/"},"sameAs":["https:\/\/www.facebook.com\/profile.php?id=61552127379853"],"hasMerchantReturnPolicy":{"@type":"MerchantReturnPolicy","merchantReturnLink":"https:\/\/www.canna4bliss.com\/hu\/politica-de-privacidad-2\/"}}]},"product_price_amount":"3.10","product_price_currency":"EUR","og_availability":"instock","product_availability":"instock","product_condition":"new"},"_links":{"self":[{"href":"https:\/\/www.canna4bliss.com\/hu\/wp-json\/wp\/v2\/product\/1547","targetHints":{"allow":["GET"]}}],"collection":[{"href":"https:\/\/www.canna4bliss.com\/hu\/wp-json\/wp\/v2\/product"}],"about":[{"href":"https:\/\/www.canna4bliss.com\/hu\/wp-json\/wp\/v2\/types\/product"}],"replies":[{"embeddable":true,"href":"https:\/\/www.canna4bliss.com\/hu\/wp-json\/wp\/v2\/comments?post=1547"}],"wp:featuredmedia":[{"embeddable":true,"href":"https:\/\/www.canna4bliss.com\/hu\/wp-json\/wp\/v2\/media\/1548"}],"wp:attachment":[{"href":"https:\/\/www.canna4bliss.com\/hu\/wp-json\/wp\/v2\/media?parent=1547"}],"wp:term":[{"taxonomy":"product_brand","embeddable":true,"href":"https:\/\/www.canna4bliss.com\/hu\/wp-json\/wp\/v2\/product_brand?post=1547"},{"taxonomy":"product_cat","embeddable":true,"href":"https:\/\/www.canna4bliss.com\/hu\/wp-json\/wp\/v2\/product_cat?post=1547"},{"taxonomy":"product_tag","embeddable":true,"href":"https:\/\/www.canna4bliss.com\/hu\/wp-json\/wp\/v2\/product_tag?post=1547"}],"curies":[{"name":"wp","href":"https:\/\/api.w.org\/{rel}","templated":true}]}}