{"id":1537,"date":"2024-11-10T12:43:19","date_gmt":"2024-11-10T12:43:19","guid":{"rendered":"https:\/\/www.canna4bliss.com\/?post_type=product&#038;p=1537"},"modified":"2025-01-06T18:30:47","modified_gmt":"2025-01-06T18:30:47","slug":"csukamajolaj-6-cbd-novenyek-altal-haziallatok-szamara","status":"publish","type":"product","link":"https:\/\/www.canna4bliss.com\/hu\/termek\/el-aceite-de-higado-de-bacalao-con-6-de-cbd-de-plants-for-pets\/","title":{"rendered":"T\u0151kem\u00e1jolaj 6% CBD-vel a Plants for Pets-t\u0151l"},"content":{"rendered":"<p>F\u0151 jellemz\u0151k:<\/p>\n<p>CBD-tartalom: A 6% CBD-koncentr\u00e1ci\u00f3 (600 mg) seg\u00edt cs\u00f6kkenteni a bels\u0151 stresszt \u00e9s fenntartani az eg\u00e9szs\u00e9ges sz\u0151rzetet.<\/p>\n<p>T\u0151kem\u00e1jolaj: Omega-3 zs\u00edrsavakban, valamint A- \u00e9s D-vitaminban gazdag, t\u00e1mogatja a sz\u00edv- \u00e9s \u00e9rrendszer eg\u00e9szs\u00e9g\u00e9t, az \u00edz\u00fcletek m\u0171k\u00f6d\u00e9s\u00e9t \u00e9s az immunrendszert.<\/p>\n<p>Term\u00e9szetes \u00f6sszetev\u0151k: Ez a term\u00e9k kiz\u00e1r\u00f3lag \u00e9lelmiszer-min\u0151s\u00e9g\u0171 \u00f6sszetev\u0151kb\u0151l k\u00e9sz\u00fcl, garant\u00e1lva a legjobb t\u00e1pl\u00e1lkoz\u00e1st \u00e9s biztons\u00e1got kedvence sz\u00e1m\u00e1ra.<\/p>\n<p>Aj\u00e1nlott adagol\u00e1s:<\/p>\n<p>A h\u00e1zi\u00e1llat m\u00e9ret\u00e9t\u0151l \u00e9s ig\u00e9nyeit\u0151l f\u00fcgg\u0151en napi 3-6 csepp aj\u00e1nlott. A pontos adagol\u00e1ssal kapcsolatban k\u00e9rj\u00fck, forduljon \u00e1llatorvos\u00e1hoz.<\/p>\n<p>Haszn\u00e1lati utas\u00edt\u00e1s:<\/p>\n<p>A mell\u00e9kelt t\u00e1j\u00e9koztat\u00f3 t\u00f6bb nyelven ny\u00fajt t\u00e1j\u00e9koztat\u00e1st, t\u00f6bbek k\u00f6z\u00f6tt angol, spanyol, olasz, francia, n\u00e9met, holland, portug\u00e1l, lengyel, g\u00f6r\u00f6g, litv\u00e1n, litv\u00e1n, rom\u00e1n, szlov\u00e9n, szlov\u00e1k, bolg\u00e1r, alb\u00e1n \u00e9s szerb nyelven. A kannabinoid-tartalom teljes elemz\u00e9se is rendelkez\u00e9sre \u00e1ll.<\/p>\n<p>Figyelmeztet\u00e9sek:<\/p>\n<p>A term\u00e9k haszn\u00e1lata el\u0151tt konzult\u00e1ljon \u00e1llatorvos\u00e1val, k\u00fcl\u00f6n\u00f6sen, ha kedvenc\u00e9nek b\u00e1rmilyen eg\u00e9szs\u00e9g\u00fcgyi probl\u00e9m\u00e1ja van, vagy b\u00e1rmilyen gy\u00f3gyszert szed. A csukam\u00e1jolaj \u00e9s a CBD kombin\u00e1ci\u00f3ja term\u00e9szetes m\u00f3don t\u00e1mogatja kedvence eg\u00e9szs\u00e9g\u00e9t \u00e9s j\u00f3l\u00e9t\u00e9t.<\/p>","protected":false},"excerpt":{"rendered":"<p>A Plants for Pets t\u0151kehalm\u00e1jolaj 6% CBD-vel egy 10 ml-es, kifejezetten h\u00e1zi\u00e1llatok sz\u00e1m\u00e1ra kifejlesztett t\u00e1pl\u00e1l\u00e9kkieg\u00e9sz\u00edt\u0151. Minden \u00fcveg k\u00f6r\u00fclbel\u00fcl 200 cseppet tartalmaz, cseppenk\u00e9nt 3 mg CBD-vel, amely hozz\u00e1j\u00e1rul kedvence \u00e1ltal\u00e1nos j\u00f3l\u00e9t\u00e9hez \u00e9s vitalit\u00e1s\u00e1hoz.<\/p>","protected":false},"featured_media":1538,"comment_status":"closed","ping_status":"closed","template":"","meta":{"site-sidebar-layout":"default","site-content-layout":"","ast-site-content-layout":"default","site-content-style":"default","site-sidebar-style":"default","ast-global-header-display":"","ast-banner-title-visibility":"","ast-main-header-display":"","ast-hfb-above-header-display":"","ast-hfb-below-header-display":"","ast-hfb-mobile-header-display":"","site-post-title":"","ast-breadcrumbs-content":"","ast-featured-img":"","footer-sml-layout":"","ast-disable-related-posts":"","theme-transparent-header-meta":"default","adv-header-id-meta":"","stick-header-meta":"","header-above-stick-meta":"","header-main-stick-meta":"","header-below-stick-meta":"","astra-migrate-meta-layouts":"set","ast-page-background-enabled":"default","ast-page-background-meta":{"desktop":{"background-color":"","background-image":"","background-repeat":"repeat","background-position":"center center","background-size":"auto","background-attachment":"scroll","background-type":"","background-media":"","overlay-type":"","overlay-color":"","overlay-opacity":"","overlay-gradient":""},"tablet":{"background-color":"","background-image":"","background-repeat":"repeat","background-position":"center center","background-size":"auto","background-attachment":"scroll","background-type":"","background-media":"","overlay-type":"","overlay-color":"","overlay-opacity":"","overlay-gradient":""},"mobile":{"background-color":"","background-image":"","background-repeat":"repeat","background-position":"center center","background-size":"auto","background-attachment":"scroll","background-type":"","background-media":"","overlay-type":"","overlay-color":"","overlay-opacity":"","overlay-gradient":""}},"ast-content-background-meta":{"desktop":{"background-color":"var(--ast-global-color-5)","background-image":"","background-repeat":"repeat","background-position":"center center","background-size":"auto","background-attachment":"scroll","background-type":"","background-media":"","overlay-type":"","overlay-color":"","overlay-opacity":"","overlay-gradient":""},"tablet":{"background-color":"var(--ast-global-color-5)","background-image":"","background-repeat":"repeat","background-position":"center center","background-size":"auto","background-attachment":"scroll","background-type":"","background-media":"","overlay-type":"","overlay-color":"","overlay-opacity":"","overlay-gradient":""},"mobile":{"background-color":"var(--ast-global-color-5)","background-image":"","background-repeat":"repeat","background-position":"center center","background-size":"auto","background-attachment":"scroll","background-type":"","background-media":"","overlay-type":"","overlay-color":"","overlay-opacity":"","overlay-gradient":""}}},"product_brand":[],"product_cat":[180],"product_tag":[166],"class_list":{"0":"post-1537","1":"product","2":"type-product","3":"status-publish","4":"has-post-thumbnail","6":"product_cat-pet-cbd","7":"product_tag-el-aceite-de-higado-de-bacalao-con-6-de-cbd-de-plants-for-pets","8":"desktop-align-left","9":"tablet-align-left","10":"mobile-align-left","11":"ast-product-gallery-layout-horizontal-slider","12":"ast-product-gallery-with-no-image","13":"ast-product-tabs-layout-horizontal","14":"ast-qv-on-image","16":"first","17":"instock","18":"taxable","19":"shipping-taxable","20":"purchasable","21":"product-type-simple"},"yoast_head":"<!-- This site is optimized with the Yoast SEO Premium plugin v27.5 (Yoast SEO v27.5) - https:\/\/yoast.com\/product\/yoast-seo-premium-wordpress\/ -->\n<title>El Aceite de H\u00edgado de Bacalao con 6% de CBD de Plants for Pets - Canna4blisS<\/title>\n<meta name=\"robots\" content=\"index, follow, max-snippet:-1, max-image-preview:large, max-video-preview:-1\" \/>\n<link rel=\"canonical\" href=\"https:\/\/www.canna4bliss.com\/hu\/termek-2\/csukamajolaj-6-cbd-novenyek-altal-haziallatok-szamara\/\" \/>\n<meta property=\"og:locale\" content=\"hu_HU\" \/>\n<meta property=\"og:type\" content=\"article\" \/>\n<meta property=\"og:title\" content=\"El Aceite de H\u00edgado de Bacalao con 6% de CBD de Plants for Pets\" \/>\n<meta property=\"og:description\" content=\"El Aceite de H\u00edgado de Bacalao con 6% de CBD de Plants for Pets es un suplemento alimenticio de 10 ml dise\u00f1ado espec\u00edficamente para mascotas. Cada frasco contiene aproximadamente 200 gotas, con 3 mg de CBD por gota, contribuyendo al bienestar general y la vitalidad de tu mascota.\" \/>\n<meta property=\"og:url\" content=\"https:\/\/www.canna4bliss.com\/hu\/termek-2\/csukamajolaj-6-cbd-novenyek-altal-haziallatok-szamara\/\" \/>\n<meta property=\"og:site_name\" content=\"Canna4blisS\" \/>\n<meta property=\"article:publisher\" content=\"https:\/\/www.facebook.com\/profile.php?id=61552127379853\" \/>\n<meta property=\"article:modified_time\" content=\"2025-01-06T18:30:47+00:00\" \/>\n<meta property=\"og:image\" content=\"https:\/\/www.canna4bliss.com\/wp-content\/uploads\/2024\/11\/cod-liver-oil-cbd-6-10-ml.jpg\" \/>\n\t<meta property=\"og:image:width\" content=\"800\" \/>\n\t<meta property=\"og:image:height\" content=\"800\" \/>\n\t<meta property=\"og:image:type\" content=\"image\/jpeg\" \/>\n<meta name=\"twitter:card\" content=\"summary_large_image\" \/>\n<meta name=\"twitter:label1\" content=\"\u00c1r\" \/>\n\t<meta name=\"twitter:data1\" content=\"15,00&nbsp;&euro; ( 15,00&nbsp;&euro; + Tax )\" \/>\n\t<meta name=\"twitter:label2\" content=\"El\u00e9rhet\u0151s\u00e9g\" \/>\n\t<meta name=\"twitter:data2\" content=\"K\u00e9szleten\" \/>\n<script type=\"application\/ld+json\" class=\"yoast-schema-graph\">{\"@context\":\"https:\\\/\\\/schema.org\",\"@graph\":[{\"@type\":\"WebPage\",\"@id\":\"https:\\\/\\\/www.canna4bliss.com\\\/termek\\\/el-aceite-de-higado-de-bacalao-con-6-de-cbd-de-plants-for-pets\\\/\",\"url\":\"https:\\\/\\\/www.canna4bliss.com\\\/termek\\\/el-aceite-de-higado-de-bacalao-con-6-de-cbd-de-plants-for-pets\\\/\",\"name\":\"El Aceite de H\u00edgado de Bacalao con 6% de CBD de Plants for Pets - Canna4blisS\",\"isPartOf\":{\"@id\":\"https:\\\/\\\/www.canna4bliss.com\\\/#website\"},\"primaryImageOfPage\":{\"@id\":\"https:\\\/\\\/www.canna4bliss.com\\\/termek\\\/el-aceite-de-higado-de-bacalao-con-6-de-cbd-de-plants-for-pets\\\/#primaryimage\"},\"image\":{\"@id\":\"https:\\\/\\\/www.canna4bliss.com\\\/termek\\\/el-aceite-de-higado-de-bacalao-con-6-de-cbd-de-plants-for-pets\\\/#primaryimage\"},\"thumbnailUrl\":\"https:\\\/\\\/www.canna4bliss.com\\\/wp-content\\\/uploads\\\/2024\\\/11\\\/cod-liver-oil-cbd-6-10-ml.jpg\",\"datePublished\":\"2024-11-10T12:43:19+00:00\",\"dateModified\":\"2025-01-06T18:30:47+00:00\",\"breadcrumb\":{\"@id\":\"https:\\\/\\\/www.canna4bliss.com\\\/termek\\\/el-aceite-de-higado-de-bacalao-con-6-de-cbd-de-plants-for-pets\\\/#breadcrumb\"},\"inLanguage\":\"hu\",\"potentialAction\":[{\"@type\":\"ReadAction\",\"target\":[\"https:\\\/\\\/www.canna4bliss.com\\\/termek\\\/el-aceite-de-higado-de-bacalao-con-6-de-cbd-de-plants-for-pets\\\/\"]}]},{\"@type\":\"ImageObject\",\"inLanguage\":\"hu\",\"@id\":\"https:\\\/\\\/www.canna4bliss.com\\\/termek\\\/el-aceite-de-higado-de-bacalao-con-6-de-cbd-de-plants-for-pets\\\/#primaryimage\",\"url\":\"https:\\\/\\\/www.canna4bliss.com\\\/wp-content\\\/uploads\\\/2024\\\/11\\\/cod-liver-oil-cbd-6-10-ml.jpg\",\"contentUrl\":\"https:\\\/\\\/www.canna4bliss.com\\\/wp-content\\\/uploads\\\/2024\\\/11\\\/cod-liver-oil-cbd-6-10-ml.jpg\",\"width\":800,\"height\":800,\"caption\":\"El Aceite de H\u00edgado de Bacalao con 6% de CBD de Plants for Pets\"},{\"@type\":\"BreadcrumbList\",\"@id\":\"https:\\\/\\\/www.canna4bliss.com\\\/termek\\\/el-aceite-de-higado-de-bacalao-con-6-de-cbd-de-plants-for-pets\\\/#breadcrumb\",\"itemListElement\":[{\"@type\":\"ListItem\",\"position\":1,\"name\":\"Kezd\u0151lap\",\"item\":\"https:\\\/\\\/www.canna4bliss.com\\\/\"},{\"@type\":\"ListItem\",\"position\":2,\"name\":\"Shop\",\"item\":\"https:\\\/\\\/www.canna4bliss.com\\\/shop\\\/\"},{\"@type\":\"ListItem\",\"position\":3,\"name\":\"El Aceite de H\u00edgado de Bacalao con 6% de CBD de Plants for Pets\"}]},{\"@type\":\"WebSite\",\"@id\":\"https:\\\/\\\/www.canna4bliss.com\\\/#website\",\"url\":\"https:\\\/\\\/www.canna4bliss.com\\\/\",\"name\":\"Canna4blisS\",\"description\":\"Discover the power of CBD\",\"publisher\":{\"@id\":\"https:\\\/\\\/www.canna4bliss.com\\\/#organization\"},\"potentialAction\":[{\"@type\":\"SearchAction\",\"target\":{\"@type\":\"EntryPoint\",\"urlTemplate\":\"https:\\\/\\\/www.canna4bliss.com\\\/?s={search_term_string}\"},\"query-input\":{\"@type\":\"PropertyValueSpecification\",\"valueRequired\":true,\"valueName\":\"search_term_string\"}}],\"inLanguage\":\"hu\"},{\"@type\":\"Organization\",\"@id\":\"https:\\\/\\\/www.canna4bliss.com\\\/#organization\",\"name\":\"Canna4blisS\",\"url\":\"https:\\\/\\\/www.canna4bliss.com\\\/\",\"logo\":{\"@type\":\"ImageObject\",\"inLanguage\":\"hu\",\"@id\":\"https:\\\/\\\/www.canna4bliss.com\\\/#\\\/schema\\\/logo\\\/image\\\/\",\"url\":\"https:\\\/\\\/www.canna4bliss.com\\\/wp-content\\\/uploads\\\/2024\\\/09\\\/logo2.avif\",\"contentUrl\":\"https:\\\/\\\/www.canna4bliss.com\\\/wp-content\\\/uploads\\\/2024\\\/09\\\/logo2.avif\",\"width\":700,\"height\":282,\"caption\":\"Canna4blisS\"},\"image\":{\"@id\":\"https:\\\/\\\/www.canna4bliss.com\\\/#\\\/schema\\\/logo\\\/image\\\/\"},\"sameAs\":[\"https:\\\/\\\/www.facebook.com\\\/profile.php?id=61552127379853\"],\"hasMerchantReturnPolicy\":{\"@type\":\"MerchantReturnPolicy\",\"merchantReturnLink\":\"https:\\\/\\\/www.canna4bliss.com\\\/hu\\\/politica-de-privacidad-2\\\/\"}}]}<\/script>\n<meta property=\"product:price:amount\" content=\"15.00\" \/>\n<meta property=\"product:price:currency\" content=\"EUR\" \/>\n<meta property=\"og:availability\" content=\"instock\" \/>\n<meta property=\"product:availability\" content=\"instock\" \/>\n<meta property=\"product:condition\" content=\"new\" \/>\n<!-- \/ Yoast SEO Premium plugin. -->","yoast_head_json":{"title":"T\u0151kem\u00e1jolaj 6% CBD-vel a n\u00f6v\u00e9nyekb\u0151l h\u00e1zi\u00e1llatoknak - Canna4blisS","robots":{"index":"index","follow":"follow","max-snippet":"max-snippet:-1","max-image-preview":"max-image-preview:large","max-video-preview":"max-video-preview:-1"},"canonical":"https:\/\/www.canna4bliss.com\/hu\/termek-2\/csukamajolaj-6-cbd-novenyek-altal-haziallatok-szamara\/","og_locale":"hu_HU","og_type":"article","og_title":"El Aceite de H\u00edgado de Bacalao con 6% de CBD de Plants for Pets","og_description":"El Aceite de H\u00edgado de Bacalao con 6% de CBD de Plants for Pets es un suplemento alimenticio de 10 ml dise\u00f1ado espec\u00edficamente para mascotas. Cada frasco contiene aproximadamente 200 gotas, con 3 mg de CBD por gota, contribuyendo al bienestar general y la vitalidad de tu mascota.","og_url":"https:\/\/www.canna4bliss.com\/hu\/termek-2\/csukamajolaj-6-cbd-novenyek-altal-haziallatok-szamara\/","og_site_name":"Canna4blisS","article_publisher":"https:\/\/www.facebook.com\/profile.php?id=61552127379853","article_modified_time":"2025-01-06T18:30:47+00:00","og_image":[{"width":800,"height":800,"url":"https:\/\/www.canna4bliss.com\/wp-content\/uploads\/2024\/11\/cod-liver-oil-cbd-6-10-ml.jpg","type":"image\/jpeg"}],"twitter_card":"summary_large_image","twitter_misc":{"\u00c1r":"15,00&nbsp;&euro; ( 15,00&nbsp;&euro; + Tax )","El\u00e9rhet\u0151s\u00e9g":"K\u00e9szleten"},"schema":{"@context":"https:\/\/schema.org","@graph":[{"@type":"WebPage","@id":"https:\/\/www.canna4bliss.com\/termek\/el-aceite-de-higado-de-bacalao-con-6-de-cbd-de-plants-for-pets\/","url":"https:\/\/www.canna4bliss.com\/termek\/el-aceite-de-higado-de-bacalao-con-6-de-cbd-de-plants-for-pets\/","name":"T\u0151kem\u00e1jolaj 6% CBD-vel a n\u00f6v\u00e9nyekb\u0151l h\u00e1zi\u00e1llatoknak - Canna4blisS","isPartOf":{"@id":"https:\/\/www.canna4bliss.com\/#website"},"primaryImageOfPage":{"@id":"https:\/\/www.canna4bliss.com\/termek\/el-aceite-de-higado-de-bacalao-con-6-de-cbd-de-plants-for-pets\/#primaryimage"},"image":{"@id":"https:\/\/www.canna4bliss.com\/termek\/el-aceite-de-higado-de-bacalao-con-6-de-cbd-de-plants-for-pets\/#primaryimage"},"thumbnailUrl":"https:\/\/www.canna4bliss.com\/wp-content\/uploads\/2024\/11\/cod-liver-oil-cbd-6-10-ml.jpg","datePublished":"2024-11-10T12:43:19+00:00","dateModified":"2025-01-06T18:30:47+00:00","breadcrumb":{"@id":"https:\/\/www.canna4bliss.com\/termek\/el-aceite-de-higado-de-bacalao-con-6-de-cbd-de-plants-for-pets\/#breadcrumb"},"inLanguage":"hu","potentialAction":[{"@type":"ReadAction","target":["https:\/\/www.canna4bliss.com\/termek\/el-aceite-de-higado-de-bacalao-con-6-de-cbd-de-plants-for-pets\/"]}]},{"@type":"ImageObject","inLanguage":"hu","@id":"https:\/\/www.canna4bliss.com\/termek\/el-aceite-de-higado-de-bacalao-con-6-de-cbd-de-plants-for-pets\/#primaryimage","url":"https:\/\/www.canna4bliss.com\/wp-content\/uploads\/2024\/11\/cod-liver-oil-cbd-6-10-ml.jpg","contentUrl":"https:\/\/www.canna4bliss.com\/wp-content\/uploads\/2024\/11\/cod-liver-oil-cbd-6-10-ml.jpg","width":800,"height":800,"caption":"El Aceite de H\u00edgado de Bacalao con 6% de CBD de Plants for Pets"},{"@type":"BreadcrumbList","@id":"https:\/\/www.canna4bliss.com\/termek\/el-aceite-de-higado-de-bacalao-con-6-de-cbd-de-plants-for-pets\/#breadcrumb","itemListElement":[{"@type":"ListItem","position":1,"name":"Kezd\u0151lap","item":"https:\/\/www.canna4bliss.com\/"},{"@type":"ListItem","position":2,"name":"Shop","item":"https:\/\/www.canna4bliss.com\/shop\/"},{"@type":"ListItem","position":3,"name":"El Aceite de H\u00edgado de Bacalao con 6% de CBD de Plants for Pets"}]},{"@type":"WebSite","@id":"https:\/\/www.canna4bliss.com\/#website","url":"https:\/\/www.canna4bliss.com\/","name":"Canna4blisS","description":"Fedezze fel a CBD erej\u00e9t","publisher":{"@id":"https:\/\/www.canna4bliss.com\/#organization"},"potentialAction":[{"@type":"SearchAction","target":{"@type":"EntryPoint","urlTemplate":"https:\/\/www.canna4bliss.com\/?s={search_term_string}"},"query-input":{"@type":"PropertyValueSpecification","valueRequired":true,"valueName":"search_term_string"}}],"inLanguage":"hu"},{"@type":"Organization","@id":"https:\/\/www.canna4bliss.com\/#organization","name":"Canna4blisS","url":"https:\/\/www.canna4bliss.com\/","logo":{"@type":"ImageObject","inLanguage":"hu","@id":"https:\/\/www.canna4bliss.com\/#\/schema\/logo\/image\/","url":"https:\/\/www.canna4bliss.com\/wp-content\/uploads\/2024\/09\/logo2.avif","contentUrl":"https:\/\/www.canna4bliss.com\/wp-content\/uploads\/2024\/09\/logo2.avif","width":700,"height":282,"caption":"Canna4blisS"},"image":{"@id":"https:\/\/www.canna4bliss.com\/#\/schema\/logo\/image\/"},"sameAs":["https:\/\/www.facebook.com\/profile.php?id=61552127379853"],"hasMerchantReturnPolicy":{"@type":"MerchantReturnPolicy","merchantReturnLink":"https:\/\/www.canna4bliss.com\/hu\/politica-de-privacidad-2\/"}}]},"product_price_amount":"15.00","product_price_currency":"EUR","og_availability":"instock","product_availability":"instock","product_condition":"new"},"_links":{"self":[{"href":"https:\/\/www.canna4bliss.com\/hu\/wp-json\/wp\/v2\/product\/1537","targetHints":{"allow":["GET"]}}],"collection":[{"href":"https:\/\/www.canna4bliss.com\/hu\/wp-json\/wp\/v2\/product"}],"about":[{"href":"https:\/\/www.canna4bliss.com\/hu\/wp-json\/wp\/v2\/types\/product"}],"replies":[{"embeddable":true,"href":"https:\/\/www.canna4bliss.com\/hu\/wp-json\/wp\/v2\/comments?post=1537"}],"wp:featuredmedia":[{"embeddable":true,"href":"https:\/\/www.canna4bliss.com\/hu\/wp-json\/wp\/v2\/media\/1538"}],"wp:attachment":[{"href":"https:\/\/www.canna4bliss.com\/hu\/wp-json\/wp\/v2\/media?parent=1537"}],"wp:term":[{"taxonomy":"product_brand","embeddable":true,"href":"https:\/\/www.canna4bliss.com\/hu\/wp-json\/wp\/v2\/product_brand?post=1537"},{"taxonomy":"product_cat","embeddable":true,"href":"https:\/\/www.canna4bliss.com\/hu\/wp-json\/wp\/v2\/product_cat?post=1537"},{"taxonomy":"product_tag","embeddable":true,"href":"https:\/\/www.canna4bliss.com\/hu\/wp-json\/wp\/v2\/product_tag?post=1537"}],"curies":[{"name":"wp","href":"https:\/\/api.w.org\/{rel}","templated":true}]}}