{"id":1464,"date":"2024-10-01T03:37:27","date_gmt":"2024-10-01T03:37:27","guid":{"rendered":"https:\/\/canna4bliss.replastik.hu\/?post_type=product&#038;p=1464"},"modified":"2024-11-22T13:20:52","modified_gmt":"2024-11-22T13:20:52","slug":"kokuszolaj-cbd-40-10-ml","status":"publish","type":"product","link":"https:\/\/www.canna4bliss.com\/hu\/termek\/aceite-de-coco-con-cbd-40-10-ml\/","title":{"rendered":"K\u00d3KUSZDI\u00d3 OLAJ CBD 40% 10 ML"},"content":{"rendered":"","protected":false},"excerpt":{"rendered":"<p>Fedezze fel a Plant of Life 40% teljes spektrum\u00fa CBD-olaj\u00e1nak erej\u00e9t, amely k\u00f3kuszdi\u00f3 MCT-olajjal van d\u00fas\u00edtva. Ez a hat\u00e1sos \u00e9s term\u00e9szetes olaj 4000 mg CBD-t tartalmaz 10 ml-ben, cseppenk\u00e9nt 20 mg CBD-t k\u00edn\u00e1l 200 cseppben, amely minden egyes haszn\u00e1lattal wellness \u00e9s kiv\u00e1l\u00f3 min\u0151s\u00e9get biztos\u00edt.<\/p>\n<p>Term\u00e9szetes formul\u00e1nk mentes a tart\u00f3s\u00edt\u00f3szerekt\u0151l \u00e9s vegyi anyagokt\u00f3l, el\u0151seg\u00edtve az eg\u00e9szs\u00e9ges \u00e9letm\u00f3dot a Cannabis Sativa L. kivonat integrit\u00e1s\u00e1val.<\/p>","protected":false},"featured_media":1465,"comment_status":"open","ping_status":"closed","template":"","meta":{"site-sidebar-layout":"default","site-content-layout":"","ast-site-content-layout":"default","site-content-style":"default","site-sidebar-style":"default","ast-global-header-display":"","ast-banner-title-visibility":"","ast-main-header-display":"","ast-hfb-above-header-display":"","ast-hfb-below-header-display":"","ast-hfb-mobile-header-display":"","site-post-title":"","ast-breadcrumbs-content":"","ast-featured-img":"","footer-sml-layout":"","ast-disable-related-posts":"","theme-transparent-header-meta":"default","adv-header-id-meta":"","stick-header-meta":"","header-above-stick-meta":"","header-main-stick-meta":"","header-below-stick-meta":"","astra-migrate-meta-layouts":"set","ast-page-background-enabled":"default","ast-page-background-meta":{"desktop":{"background-color":"","background-image":"","background-repeat":"repeat","background-position":"center center","background-size":"auto","background-attachment":"scroll","background-type":"","background-media":"","overlay-type":"","overlay-color":"","overlay-opacity":"","overlay-gradient":""},"tablet":{"background-color":"","background-image":"","background-repeat":"repeat","background-position":"center center","background-size":"auto","background-attachment":"scroll","background-type":"","background-media":"","overlay-type":"","overlay-color":"","overlay-opacity":"","overlay-gradient":""},"mobile":{"background-color":"","background-image":"","background-repeat":"repeat","background-position":"center center","background-size":"auto","background-attachment":"scroll","background-type":"","background-media":"","overlay-type":"","overlay-color":"","overlay-opacity":"","overlay-gradient":""}},"ast-content-background-meta":{"desktop":{"background-color":"var(--ast-global-color-5)","background-image":"","background-repeat":"repeat","background-position":"center center","background-size":"auto","background-attachment":"scroll","background-type":"","background-media":"","overlay-type":"","overlay-color":"","overlay-opacity":"","overlay-gradient":""},"tablet":{"background-color":"var(--ast-global-color-5)","background-image":"","background-repeat":"repeat","background-position":"center center","background-size":"auto","background-attachment":"scroll","background-type":"","background-media":"","overlay-type":"","overlay-color":"","overlay-opacity":"","overlay-gradient":""},"mobile":{"background-color":"var(--ast-global-color-5)","background-image":"","background-repeat":"repeat","background-position":"center center","background-size":"auto","background-attachment":"scroll","background-type":"","background-media":"","overlay-type":"","overlay-color":"","overlay-opacity":"","overlay-gradient":""}}},"product_brand":[],"product_cat":[56],"product_tag":[138],"class_list":{"0":"post-1464","1":"product","2":"type-product","3":"status-publish","4":"has-post-thumbnail","6":"product_cat-cbd-cbg-oil-full-spectrum-cbd","7":"product_tag-aceite-de-coco-con-cbd-40-10-ml","8":"desktop-align-left","9":"tablet-align-left","10":"mobile-align-left","11":"ast-product-gallery-layout-horizontal-slider","12":"ast-product-tabs-layout-horizontal","13":"ast-qv-on-image","15":"first","16":"instock","17":"taxable","18":"shipping-taxable","19":"purchasable","20":"product-type-simple"},"yoast_head":"<!-- This site is optimized with the Yoast SEO Premium plugin v27.5 (Yoast SEO v27.5) - https:\/\/yoast.com\/product\/yoast-seo-premium-wordpress\/ -->\n<title>ACEITE DE COCO CON CBD 40% 10 ML - Canna4blisS<\/title>\n<meta name=\"robots\" content=\"index, follow, max-snippet:-1, max-image-preview:large, max-video-preview:-1\" \/>\n<link rel=\"canonical\" href=\"https:\/\/www.canna4bliss.com\/hu\/termek-2\/kokuszolaj-cbd-40-10-ml\/\" \/>\n<meta property=\"og:locale\" content=\"hu_HU\" \/>\n<meta property=\"og:type\" content=\"article\" \/>\n<meta property=\"og:title\" content=\"ACEITE DE COCO CON CBD 40% 10 ML\" \/>\n<meta property=\"og:description\" content=\"Descubre el poder del Aceite de CBD de Espectro Completo al 40% de Plant of Life, enriquecido con Aceite de Coco MCT. Este aceite potente y natural contiene 4000mg de CBD en 10ml, ofreciendo 20mg de CBD por gota a lo largo de 200 gotas, proporcionando bienestar y calidad superior con cada uso.  Nuestra f\u00f3rmula natural est\u00e1 libre de conservantes y agentes qu\u00edmicos, promoviendo un estilo de vida saludable con la integridad del extracto de Cannabis Sativa L.\" \/>\n<meta property=\"og:url\" content=\"https:\/\/www.canna4bliss.com\/hu\/termek-2\/kokuszolaj-cbd-40-10-ml\/\" \/>\n<meta property=\"og:site_name\" content=\"Canna4blisS\" \/>\n<meta property=\"article:publisher\" content=\"https:\/\/www.facebook.com\/profile.php?id=61552127379853\" \/>\n<meta property=\"article:modified_time\" content=\"2024-11-22T13:20:52+00:00\" \/>\n<meta property=\"og:image\" content=\"https:\/\/www.canna4bliss.com\/wp-content\/uploads\/2024\/10\/ACEITE-DE-COCO-CON-CBD-40-10-ML.jpg\" \/>\n\t<meta property=\"og:image:width\" content=\"800\" \/>\n\t<meta property=\"og:image:height\" content=\"800\" \/>\n\t<meta property=\"og:image:type\" content=\"image\/jpeg\" \/>\n<meta name=\"twitter:card\" content=\"summary_large_image\" \/>\n<meta name=\"twitter:label1\" content=\"\u00c1r\" \/>\n\t<meta name=\"twitter:data1\" content=\"48,00&nbsp;&euro; ( 48,00&nbsp;&euro; + Tax )\" \/>\n\t<meta name=\"twitter:label2\" content=\"El\u00e9rhet\u0151s\u00e9g\" \/>\n\t<meta name=\"twitter:data2\" content=\"K\u00e9szleten\" \/>\n<script type=\"application\/ld+json\" class=\"yoast-schema-graph\">{\"@context\":\"https:\\\/\\\/schema.org\",\"@graph\":[{\"@type\":\"WebPage\",\"@id\":\"https:\\\/\\\/www.canna4bliss.com\\\/termek\\\/aceite-de-coco-con-cbd-40-10-ml\\\/\",\"url\":\"https:\\\/\\\/www.canna4bliss.com\\\/termek\\\/aceite-de-coco-con-cbd-40-10-ml\\\/\",\"name\":\"ACEITE DE COCO CON CBD 40% 10 ML - Canna4blisS\",\"isPartOf\":{\"@id\":\"https:\\\/\\\/www.canna4bliss.com\\\/#website\"},\"primaryImageOfPage\":{\"@id\":\"https:\\\/\\\/www.canna4bliss.com\\\/termek\\\/aceite-de-coco-con-cbd-40-10-ml\\\/#primaryimage\"},\"image\":{\"@id\":\"https:\\\/\\\/www.canna4bliss.com\\\/termek\\\/aceite-de-coco-con-cbd-40-10-ml\\\/#primaryimage\"},\"thumbnailUrl\":\"https:\\\/\\\/www.canna4bliss.com\\\/wp-content\\\/uploads\\\/2024\\\/10\\\/ACEITE-DE-COCO-CON-CBD-40-10-ML.jpg\",\"datePublished\":\"2024-10-01T03:37:27+00:00\",\"dateModified\":\"2024-11-22T13:20:52+00:00\",\"breadcrumb\":{\"@id\":\"https:\\\/\\\/www.canna4bliss.com\\\/termek\\\/aceite-de-coco-con-cbd-40-10-ml\\\/#breadcrumb\"},\"inLanguage\":\"hu\",\"potentialAction\":[{\"@type\":\"ReadAction\",\"target\":[\"https:\\\/\\\/www.canna4bliss.com\\\/termek\\\/aceite-de-coco-con-cbd-40-10-ml\\\/\"]}]},{\"@type\":\"ImageObject\",\"inLanguage\":\"hu\",\"@id\":\"https:\\\/\\\/www.canna4bliss.com\\\/termek\\\/aceite-de-coco-con-cbd-40-10-ml\\\/#primaryimage\",\"url\":\"https:\\\/\\\/www.canna4bliss.com\\\/wp-content\\\/uploads\\\/2024\\\/10\\\/ACEITE-DE-COCO-CON-CBD-40-10-ML.jpg\",\"contentUrl\":\"https:\\\/\\\/www.canna4bliss.com\\\/wp-content\\\/uploads\\\/2024\\\/10\\\/ACEITE-DE-COCO-CON-CBD-40-10-ML.jpg\",\"width\":800,\"height\":800,\"caption\":\"ACEITE DE COCO CON CBD 40% 10 ML\"},{\"@type\":\"BreadcrumbList\",\"@id\":\"https:\\\/\\\/www.canna4bliss.com\\\/termek\\\/aceite-de-coco-con-cbd-40-10-ml\\\/#breadcrumb\",\"itemListElement\":[{\"@type\":\"ListItem\",\"position\":1,\"name\":\"Kezd\u0151lap\",\"item\":\"https:\\\/\\\/www.canna4bliss.com\\\/\"},{\"@type\":\"ListItem\",\"position\":2,\"name\":\"Shop\",\"item\":\"https:\\\/\\\/www.canna4bliss.com\\\/shop\\\/\"},{\"@type\":\"ListItem\",\"position\":3,\"name\":\"ACEITE DE COCO CON CBD 40% 10 ML\"}]},{\"@type\":\"WebSite\",\"@id\":\"https:\\\/\\\/www.canna4bliss.com\\\/#website\",\"url\":\"https:\\\/\\\/www.canna4bliss.com\\\/\",\"name\":\"Canna4blisS\",\"description\":\"Discover the power of CBD\",\"publisher\":{\"@id\":\"https:\\\/\\\/www.canna4bliss.com\\\/#organization\"},\"potentialAction\":[{\"@type\":\"SearchAction\",\"target\":{\"@type\":\"EntryPoint\",\"urlTemplate\":\"https:\\\/\\\/www.canna4bliss.com\\\/?s={search_term_string}\"},\"query-input\":{\"@type\":\"PropertyValueSpecification\",\"valueRequired\":true,\"valueName\":\"search_term_string\"}}],\"inLanguage\":\"hu\"},{\"@type\":\"Organization\",\"@id\":\"https:\\\/\\\/www.canna4bliss.com\\\/#organization\",\"name\":\"Canna4blisS\",\"url\":\"https:\\\/\\\/www.canna4bliss.com\\\/\",\"logo\":{\"@type\":\"ImageObject\",\"inLanguage\":\"hu\",\"@id\":\"https:\\\/\\\/www.canna4bliss.com\\\/#\\\/schema\\\/logo\\\/image\\\/\",\"url\":\"https:\\\/\\\/www.canna4bliss.com\\\/wp-content\\\/uploads\\\/2024\\\/09\\\/logo2.avif\",\"contentUrl\":\"https:\\\/\\\/www.canna4bliss.com\\\/wp-content\\\/uploads\\\/2024\\\/09\\\/logo2.avif\",\"width\":700,\"height\":282,\"caption\":\"Canna4blisS\"},\"image\":{\"@id\":\"https:\\\/\\\/www.canna4bliss.com\\\/#\\\/schema\\\/logo\\\/image\\\/\"},\"sameAs\":[\"https:\\\/\\\/www.facebook.com\\\/profile.php?id=61552127379853\"],\"hasMerchantReturnPolicy\":{\"@type\":\"MerchantReturnPolicy\",\"merchantReturnLink\":\"https:\\\/\\\/www.canna4bliss.com\\\/hu\\\/politica-de-privacidad-2\\\/\"}}]}<\/script>\n<meta property=\"product:price:amount\" content=\"48.00\" \/>\n<meta property=\"product:price:currency\" content=\"EUR\" \/>\n<meta property=\"og:availability\" content=\"instock\" \/>\n<meta property=\"product:availability\" content=\"instock\" \/>\n<meta property=\"product:condition\" content=\"new\" \/>\n<!-- \/ Yoast SEO Premium plugin. -->","yoast_head_json":{"title":"KAKAND\u00d3OLAJ CBD-vel 40% 10 ML - Canna4blisS","robots":{"index":"index","follow":"follow","max-snippet":"max-snippet:-1","max-image-preview":"max-image-preview:large","max-video-preview":"max-video-preview:-1"},"canonical":"https:\/\/www.canna4bliss.com\/hu\/termek-2\/kokuszolaj-cbd-40-10-ml\/","og_locale":"hu_HU","og_type":"article","og_title":"ACEITE DE COCO CON CBD 40% 10 ML","og_description":"Descubre el poder del Aceite de CBD de Espectro Completo al 40% de Plant of Life, enriquecido con Aceite de Coco MCT. Este aceite potente y natural contiene 4000mg de CBD en 10ml, ofreciendo 20mg de CBD por gota a lo largo de 200 gotas, proporcionando bienestar y calidad superior con cada uso.  Nuestra f\u00f3rmula natural est\u00e1 libre de conservantes y agentes qu\u00edmicos, promoviendo un estilo de vida saludable con la integridad del extracto de Cannabis Sativa L.","og_url":"https:\/\/www.canna4bliss.com\/hu\/termek-2\/kokuszolaj-cbd-40-10-ml\/","og_site_name":"Canna4blisS","article_publisher":"https:\/\/www.facebook.com\/profile.php?id=61552127379853","article_modified_time":"2024-11-22T13:20:52+00:00","og_image":[{"width":800,"height":800,"url":"https:\/\/www.canna4bliss.com\/wp-content\/uploads\/2024\/10\/ACEITE-DE-COCO-CON-CBD-40-10-ML.jpg","type":"image\/jpeg"}],"twitter_card":"summary_large_image","twitter_misc":{"\u00c1r":"48,00&nbsp;&euro; ( 48,00&nbsp;&euro; + Tax )","El\u00e9rhet\u0151s\u00e9g":"K\u00e9szleten"},"schema":{"@context":"https:\/\/schema.org","@graph":[{"@type":"WebPage","@id":"https:\/\/www.canna4bliss.com\/termek\/aceite-de-coco-con-cbd-40-10-ml\/","url":"https:\/\/www.canna4bliss.com\/termek\/aceite-de-coco-con-cbd-40-10-ml\/","name":"KAKAND\u00d3OLAJ CBD-vel 40% 10 ML - Canna4blisS","isPartOf":{"@id":"https:\/\/www.canna4bliss.com\/#website"},"primaryImageOfPage":{"@id":"https:\/\/www.canna4bliss.com\/termek\/aceite-de-coco-con-cbd-40-10-ml\/#primaryimage"},"image":{"@id":"https:\/\/www.canna4bliss.com\/termek\/aceite-de-coco-con-cbd-40-10-ml\/#primaryimage"},"thumbnailUrl":"https:\/\/www.canna4bliss.com\/wp-content\/uploads\/2024\/10\/ACEITE-DE-COCO-CON-CBD-40-10-ML.jpg","datePublished":"2024-10-01T03:37:27+00:00","dateModified":"2024-11-22T13:20:52+00:00","breadcrumb":{"@id":"https:\/\/www.canna4bliss.com\/termek\/aceite-de-coco-con-cbd-40-10-ml\/#breadcrumb"},"inLanguage":"hu","potentialAction":[{"@type":"ReadAction","target":["https:\/\/www.canna4bliss.com\/termek\/aceite-de-coco-con-cbd-40-10-ml\/"]}]},{"@type":"ImageObject","inLanguage":"hu","@id":"https:\/\/www.canna4bliss.com\/termek\/aceite-de-coco-con-cbd-40-10-ml\/#primaryimage","url":"https:\/\/www.canna4bliss.com\/wp-content\/uploads\/2024\/10\/ACEITE-DE-COCO-CON-CBD-40-10-ML.jpg","contentUrl":"https:\/\/www.canna4bliss.com\/wp-content\/uploads\/2024\/10\/ACEITE-DE-COCO-CON-CBD-40-10-ML.jpg","width":800,"height":800,"caption":"ACEITE DE COCO CON CBD 40% 10 ML"},{"@type":"BreadcrumbList","@id":"https:\/\/www.canna4bliss.com\/termek\/aceite-de-coco-con-cbd-40-10-ml\/#breadcrumb","itemListElement":[{"@type":"ListItem","position":1,"name":"Kezd\u0151lap","item":"https:\/\/www.canna4bliss.com\/"},{"@type":"ListItem","position":2,"name":"Shop","item":"https:\/\/www.canna4bliss.com\/shop\/"},{"@type":"ListItem","position":3,"name":"ACEITE DE COCO CON CBD 40% 10 ML"}]},{"@type":"WebSite","@id":"https:\/\/www.canna4bliss.com\/#website","url":"https:\/\/www.canna4bliss.com\/","name":"Canna4blisS","description":"Fedezze fel a CBD erej\u00e9t","publisher":{"@id":"https:\/\/www.canna4bliss.com\/#organization"},"potentialAction":[{"@type":"SearchAction","target":{"@type":"EntryPoint","urlTemplate":"https:\/\/www.canna4bliss.com\/?s={search_term_string}"},"query-input":{"@type":"PropertyValueSpecification","valueRequired":true,"valueName":"search_term_string"}}],"inLanguage":"hu"},{"@type":"Organization","@id":"https:\/\/www.canna4bliss.com\/#organization","name":"Canna4blisS","url":"https:\/\/www.canna4bliss.com\/","logo":{"@type":"ImageObject","inLanguage":"hu","@id":"https:\/\/www.canna4bliss.com\/#\/schema\/logo\/image\/","url":"https:\/\/www.canna4bliss.com\/wp-content\/uploads\/2024\/09\/logo2.avif","contentUrl":"https:\/\/www.canna4bliss.com\/wp-content\/uploads\/2024\/09\/logo2.avif","width":700,"height":282,"caption":"Canna4blisS"},"image":{"@id":"https:\/\/www.canna4bliss.com\/#\/schema\/logo\/image\/"},"sameAs":["https:\/\/www.facebook.com\/profile.php?id=61552127379853"],"hasMerchantReturnPolicy":{"@type":"MerchantReturnPolicy","merchantReturnLink":"https:\/\/www.canna4bliss.com\/hu\/politica-de-privacidad-2\/"}}]},"product_price_amount":"48.00","product_price_currency":"EUR","og_availability":"instock","product_availability":"instock","product_condition":"new"},"_links":{"self":[{"href":"https:\/\/www.canna4bliss.com\/hu\/wp-json\/wp\/v2\/product\/1464","targetHints":{"allow":["GET"]}}],"collection":[{"href":"https:\/\/www.canna4bliss.com\/hu\/wp-json\/wp\/v2\/product"}],"about":[{"href":"https:\/\/www.canna4bliss.com\/hu\/wp-json\/wp\/v2\/types\/product"}],"replies":[{"embeddable":true,"href":"https:\/\/www.canna4bliss.com\/hu\/wp-json\/wp\/v2\/comments?post=1464"}],"wp:featuredmedia":[{"embeddable":true,"href":"https:\/\/www.canna4bliss.com\/hu\/wp-json\/wp\/v2\/media\/1465"}],"wp:attachment":[{"href":"https:\/\/www.canna4bliss.com\/hu\/wp-json\/wp\/v2\/media?parent=1464"}],"wp:term":[{"taxonomy":"product_brand","embeddable":true,"href":"https:\/\/www.canna4bliss.com\/hu\/wp-json\/wp\/v2\/product_brand?post=1464"},{"taxonomy":"product_cat","embeddable":true,"href":"https:\/\/www.canna4bliss.com\/hu\/wp-json\/wp\/v2\/product_cat?post=1464"},{"taxonomy":"product_tag","embeddable":true,"href":"https:\/\/www.canna4bliss.com\/hu\/wp-json\/wp\/v2\/product_tag?post=1464"}],"curies":[{"name":"wp","href":"https:\/\/api.w.org\/{rel}","templated":true}]}}