{"id":1324,"date":"2024-09-28T08:21:55","date_gmt":"2024-09-28T08:21:55","guid":{"rendered":"https:\/\/canna4bliss.replastik.hu\/?post_type=product&#038;p=1324"},"modified":"2024-12-11T05:18:44","modified_gmt":"2024-12-11T05:18:44","slug":"haziallat-javito-stick-360-mg-cbd","status":"publish","type":"product","link":"https:\/\/www.canna4bliss.com\/hu\/termek\/pets-stick-reparador-360-mg-cbd\/","title":{"rendered":"PETS STICK REPAIRER 360 mg CBD"},"content":{"rendered":"<p>Balzsamunk t\u00f6k\u00e9letes kuty\u00e1k, macsk\u00e1k \u00e9s m\u00e1s h\u00e1zi\u00e1llatok sz\u00e1m\u00e1ra, \u00e9s stick form\u00e1tum\u00e1nak k\u00f6sz\u00f6nhet\u0151en k\u00f6nnyen alkalmazhat\u00f3, hosszan tart\u00f3 enyh\u00fcl\u00e9st biztos\u00edt. Egyszer\u0171en vigyen fel egy kis mennyis\u00e9g\u0171 balzsamot az \u00e9rintett ter\u00fcletre, \u00e9s finoman massz\u00edrozza be kedvenc\u00e9nek b\u0151r\u00e9be. A balzsam gyorsan felsz\u00edv\u00f3dik, \u00edgy kedvence bund\u00e1ja eg\u00e9szs\u00e9gesnek, hidrat\u00e1ltnak \u00e9s felfriss\u00fcltnek t\u0171nik \u00e9s \u00e9rzi mag\u00e1t.<\/p>\n<p>Tartsa sz\u0151r\u00f6s bar\u00e1tj\u00e1t k\u00e9nyelmesen \u00e9s boldogan a Pet Repair Balm kr\u00e9mstickkel. Minden olyan \u00e1llattart\u00f3 sz\u00e1m\u00e1ra k\u00f6telez\u0151 darab, aki jav\u00edtani \u00e9s hidrat\u00e1lni szeretn\u00e9 kedvence sz\u00e1raz, irrit\u00e1lt b\u0151r\u00e9t. A p\u00e1lcika form\u00e1tum k\u00f6nnyen haszn\u00e1lhat\u00f3, \u00edgy t\u00f6k\u00e9letes a mozg\u00e1sban l\u00e9v\u0151 h\u00e1zi\u00e1llatok sz\u00e1m\u00e1ra, \u00e9s ide\u00e1lis a h\u00e1zi\u00e1llat test\u00e9nek nehezen el\u00e9rhet\u0151 ter\u00fcleteire.<\/p>\n<p>100% term\u00e9szetes balzsam jav\u00edt\u00f3 \u00e9s gy\u00f3gy\u00edt\u00f3 hat\u00e1ssal. Alkalmas a s\u00e9r\u00fclt ter\u00fcletekre.<\/p>\n<p>Hogyan kell haszn\u00e1lni:<br \/>\n-Az \u00e1rtalmatlan\u00edt\u00e1si z\u00f3n\u00e1ra vonatkozik.<br \/>\n-Massz\u00e1zs, am\u00edg teljesen felsz\u00edv\u00f3dik.<\/p>\n<p>Figyelmeztet\u00e9s:<br \/>\n-Ker\u00fclje a szem k\u00f6rny\u00e9k\u00e9t.<br \/>\n-Ne nyeld le.<br \/>\n-Gyermekek el\u0151l elz\u00e1rva tartand\u00f3.<br \/>\n-Ne alkalmazza intim ter\u00fcletekre vagy ny\u00e1lkah\u00e1rty\u00e1kra.<br \/>\n-Kiz\u00e1r\u00f3lag a testfel\u00fcletre alkalmazza.<\/p>","protected":false},"excerpt":{"rendered":"<p>Cbd jav\u00edt\u00f3 balzsam Pet Cream praktikus stick form\u00e1tumban! Ezt a speci\u00e1lisan kifejlesztett balzsamot \u00fagy tervezt\u00e9k, hogy intenz\u00edven hidrat\u00e1lja \u00e9s helyrehozza a sz\u00e1raz, kicserepesedett vagy irrit\u00e1lt kis\u00e1llatb\u0151rt. Olyan teljesen term\u00e9szetes \u00f6sszetev\u0151kkel k\u00e9sz\u00fclt, mint a Ricinus Communis magolaj, az Oryza Sativa korpaviasz, a Helianthus Annuus magolaj, a kannabidiol \u00e9s m\u00e9g sok m\u00e1s. Nem tartalmaz durva vegyi anyagokat \u00e9s illatanyagokat, amelyek irrit\u00e1lhatj\u00e1k a h\u00e1zi\u00e1llatok \u00e9rz\u00e9keny b\u0151r\u00e9t.<\/p>","protected":false},"featured_media":1325,"comment_status":"open","ping_status":"closed","template":"","meta":{"site-sidebar-layout":"default","site-content-layout":"","ast-site-content-layout":"default","site-content-style":"default","site-sidebar-style":"default","ast-global-header-display":"","ast-banner-title-visibility":"","ast-main-header-display":"","ast-hfb-above-header-display":"","ast-hfb-below-header-display":"","ast-hfb-mobile-header-display":"","site-post-title":"","ast-breadcrumbs-content":"","ast-featured-img":"","footer-sml-layout":"","ast-disable-related-posts":"","theme-transparent-header-meta":"default","adv-header-id-meta":"","stick-header-meta":"","header-above-stick-meta":"","header-main-stick-meta":"","header-below-stick-meta":"","astra-migrate-meta-layouts":"set","ast-page-background-enabled":"default","ast-page-background-meta":{"desktop":{"background-color":"","background-image":"","background-repeat":"repeat","background-position":"center center","background-size":"auto","background-attachment":"scroll","background-type":"","background-media":"","overlay-type":"","overlay-color":"","overlay-opacity":"","overlay-gradient":""},"tablet":{"background-color":"","background-image":"","background-repeat":"repeat","background-position":"center center","background-size":"auto","background-attachment":"scroll","background-type":"","background-media":"","overlay-type":"","overlay-color":"","overlay-opacity":"","overlay-gradient":""},"mobile":{"background-color":"","background-image":"","background-repeat":"repeat","background-position":"center center","background-size":"auto","background-attachment":"scroll","background-type":"","background-media":"","overlay-type":"","overlay-color":"","overlay-opacity":"","overlay-gradient":""}},"ast-content-background-meta":{"desktop":{"background-color":"var(--ast-global-color-5)","background-image":"","background-repeat":"repeat","background-position":"center center","background-size":"auto","background-attachment":"scroll","background-type":"","background-media":"","overlay-type":"","overlay-color":"","overlay-opacity":"","overlay-gradient":""},"tablet":{"background-color":"var(--ast-global-color-5)","background-image":"","background-repeat":"repeat","background-position":"center center","background-size":"auto","background-attachment":"scroll","background-type":"","background-media":"","overlay-type":"","overlay-color":"","overlay-opacity":"","overlay-gradient":""},"mobile":{"background-color":"var(--ast-global-color-5)","background-image":"","background-repeat":"repeat","background-position":"center center","background-size":"auto","background-attachment":"scroll","background-type":"","background-media":"","overlay-type":"","overlay-color":"","overlay-opacity":"","overlay-gradient":""}}},"product_brand":[],"product_cat":[180],"product_tag":[183],"class_list":{"0":"post-1324","1":"product","2":"type-product","3":"status-publish","4":"has-post-thumbnail","6":"product_cat-pet-cbd","7":"product_tag-pets-stick-reparador-360-mg-cbd","8":"desktop-align-left","9":"tablet-align-left","10":"mobile-align-left","11":"ast-product-gallery-layout-horizontal-slider","12":"ast-product-gallery-with-no-image","13":"ast-product-tabs-layout-horizontal","14":"ast-qv-on-image","16":"first","17":"instock","18":"taxable","19":"shipping-taxable","20":"purchasable","21":"product-type-simple"},"yoast_head":"<!-- This site is optimized with the Yoast SEO Premium plugin v27.5 (Yoast SEO v27.5) - https:\/\/yoast.com\/product\/yoast-seo-premium-wordpress\/ -->\n<title>PETS STICK REPARADOR 360 mg CBD - Canna4blisS<\/title>\n<meta name=\"robots\" content=\"index, follow, max-snippet:-1, max-image-preview:large, max-video-preview:-1\" \/>\n<link rel=\"canonical\" href=\"https:\/\/www.canna4bliss.com\/hu\/termek-2\/haziallat-javito-stick-360-mg-cbd\/\" \/>\n<meta property=\"og:locale\" content=\"hu_HU\" \/>\n<meta property=\"og:type\" content=\"article\" \/>\n<meta property=\"og:title\" content=\"PETS STICK REPARADOR 360 mg CBD\" \/>\n<meta property=\"og:description\" content=\"Cbd Reparador b\u00e1lsamo Crema para mascotas en un pr\u00e1ctico formato de palo! Este b\u00e1lsamo especialmente formulado est\u00e1 dise\u00f1ado para proporcionar una hidrataci\u00f3n intensa y reparar la piel seca, agrietada o irritada de las mascotas. Fabricado con ingredientes totalmente naturales como el aceite de semilla de Ricinus Communis, la cera de salvado Oryza Sativa, el aceite de semilla de Helianthus Annuus, el cannabidiol y m\u00e1s. Est\u00e1 libre de productos qu\u00edmicos agresivos y fragancias que pueden irritar la piel sensible de las mascotas.\" \/>\n<meta property=\"og:url\" content=\"https:\/\/www.canna4bliss.com\/hu\/termek-2\/haziallat-javito-stick-360-mg-cbd\/\" \/>\n<meta property=\"og:site_name\" content=\"Canna4blisS\" \/>\n<meta property=\"article:publisher\" content=\"https:\/\/www.facebook.com\/profile.php?id=61552127379853\" \/>\n<meta property=\"article:modified_time\" content=\"2024-12-11T05:18:44+00:00\" \/>\n<meta property=\"og:image\" content=\"https:\/\/www.canna4bliss.com\/wp-content\/uploads\/2024\/09\/PETS-STICK-REPARADOR-360-mg-CBD.webp\" \/>\n\t<meta property=\"og:image:width\" content=\"800\" \/>\n\t<meta property=\"og:image:height\" content=\"800\" \/>\n\t<meta property=\"og:image:type\" content=\"image\/webp\" \/>\n<meta name=\"twitter:card\" content=\"summary_large_image\" \/>\n<meta name=\"twitter:label1\" content=\"\u00c1r\" \/>\n\t<meta name=\"twitter:data1\" content=\"8,00&nbsp;&euro; ( 8,00&nbsp;&euro; + Tax )\" \/>\n\t<meta name=\"twitter:label2\" content=\"El\u00e9rhet\u0151s\u00e9g\" \/>\n\t<meta name=\"twitter:data2\" content=\"K\u00e9szleten\" \/>\n<script type=\"application\/ld+json\" class=\"yoast-schema-graph\">{\"@context\":\"https:\\\/\\\/schema.org\",\"@graph\":[{\"@type\":\"WebPage\",\"@id\":\"https:\\\/\\\/www.canna4bliss.com\\\/termek\\\/pets-stick-reparador-360-mg-cbd\\\/\",\"url\":\"https:\\\/\\\/www.canna4bliss.com\\\/termek\\\/pets-stick-reparador-360-mg-cbd\\\/\",\"name\":\"PETS STICK REPARADOR 360 mg CBD - Canna4blisS\",\"isPartOf\":{\"@id\":\"https:\\\/\\\/www.canna4bliss.com\\\/#website\"},\"primaryImageOfPage\":{\"@id\":\"https:\\\/\\\/www.canna4bliss.com\\\/termek\\\/pets-stick-reparador-360-mg-cbd\\\/#primaryimage\"},\"image\":{\"@id\":\"https:\\\/\\\/www.canna4bliss.com\\\/termek\\\/pets-stick-reparador-360-mg-cbd\\\/#primaryimage\"},\"thumbnailUrl\":\"https:\\\/\\\/www.canna4bliss.com\\\/wp-content\\\/uploads\\\/2024\\\/09\\\/PETS-STICK-REPARADOR-360-mg-CBD.webp\",\"datePublished\":\"2024-09-28T08:21:55+00:00\",\"dateModified\":\"2024-12-11T05:18:44+00:00\",\"breadcrumb\":{\"@id\":\"https:\\\/\\\/www.canna4bliss.com\\\/termek\\\/pets-stick-reparador-360-mg-cbd\\\/#breadcrumb\"},\"inLanguage\":\"hu\",\"potentialAction\":[{\"@type\":\"ReadAction\",\"target\":[\"https:\\\/\\\/www.canna4bliss.com\\\/termek\\\/pets-stick-reparador-360-mg-cbd\\\/\"]}]},{\"@type\":\"ImageObject\",\"inLanguage\":\"hu\",\"@id\":\"https:\\\/\\\/www.canna4bliss.com\\\/termek\\\/pets-stick-reparador-360-mg-cbd\\\/#primaryimage\",\"url\":\"https:\\\/\\\/www.canna4bliss.com\\\/wp-content\\\/uploads\\\/2024\\\/09\\\/PETS-STICK-REPARADOR-360-mg-CBD.webp\",\"contentUrl\":\"https:\\\/\\\/www.canna4bliss.com\\\/wp-content\\\/uploads\\\/2024\\\/09\\\/PETS-STICK-REPARADOR-360-mg-CBD.webp\",\"width\":800,\"height\":800,\"caption\":\"PETS STICK REPARADOR 360 mg CBD\"},{\"@type\":\"BreadcrumbList\",\"@id\":\"https:\\\/\\\/www.canna4bliss.com\\\/termek\\\/pets-stick-reparador-360-mg-cbd\\\/#breadcrumb\",\"itemListElement\":[{\"@type\":\"ListItem\",\"position\":1,\"name\":\"Kezd\u0151lap\",\"item\":\"https:\\\/\\\/www.canna4bliss.com\\\/\"},{\"@type\":\"ListItem\",\"position\":2,\"name\":\"Shop\",\"item\":\"https:\\\/\\\/www.canna4bliss.com\\\/shop\\\/\"},{\"@type\":\"ListItem\",\"position\":3,\"name\":\"PETS STICK REPARADOR 360 mg CBD\"}]},{\"@type\":\"WebSite\",\"@id\":\"https:\\\/\\\/www.canna4bliss.com\\\/#website\",\"url\":\"https:\\\/\\\/www.canna4bliss.com\\\/\",\"name\":\"Canna4blisS\",\"description\":\"Discover the power of CBD\",\"publisher\":{\"@id\":\"https:\\\/\\\/www.canna4bliss.com\\\/#organization\"},\"potentialAction\":[{\"@type\":\"SearchAction\",\"target\":{\"@type\":\"EntryPoint\",\"urlTemplate\":\"https:\\\/\\\/www.canna4bliss.com\\\/?s={search_term_string}\"},\"query-input\":{\"@type\":\"PropertyValueSpecification\",\"valueRequired\":true,\"valueName\":\"search_term_string\"}}],\"inLanguage\":\"hu\"},{\"@type\":\"Organization\",\"@id\":\"https:\\\/\\\/www.canna4bliss.com\\\/#organization\",\"name\":\"Canna4blisS\",\"url\":\"https:\\\/\\\/www.canna4bliss.com\\\/\",\"logo\":{\"@type\":\"ImageObject\",\"inLanguage\":\"hu\",\"@id\":\"https:\\\/\\\/www.canna4bliss.com\\\/#\\\/schema\\\/logo\\\/image\\\/\",\"url\":\"https:\\\/\\\/www.canna4bliss.com\\\/wp-content\\\/uploads\\\/2024\\\/09\\\/logo2.avif\",\"contentUrl\":\"https:\\\/\\\/www.canna4bliss.com\\\/wp-content\\\/uploads\\\/2024\\\/09\\\/logo2.avif\",\"width\":700,\"height\":282,\"caption\":\"Canna4blisS\"},\"image\":{\"@id\":\"https:\\\/\\\/www.canna4bliss.com\\\/#\\\/schema\\\/logo\\\/image\\\/\"},\"sameAs\":[\"https:\\\/\\\/www.facebook.com\\\/profile.php?id=61552127379853\"],\"hasMerchantReturnPolicy\":{\"@type\":\"MerchantReturnPolicy\",\"merchantReturnLink\":\"https:\\\/\\\/www.canna4bliss.com\\\/hu\\\/politica-de-privacidad-2\\\/\"}}]}<\/script>\n<meta property=\"product:price:amount\" content=\"8.00\" \/>\n<meta property=\"product:price:currency\" content=\"EUR\" \/>\n<meta property=\"og:availability\" content=\"instock\" \/>\n<meta property=\"product:availability\" content=\"instock\" \/>\n<meta property=\"product:condition\" content=\"new\" \/>\n<!-- \/ Yoast SEO Premium plugin. -->","yoast_head_json":{"title":"PETS STICK REPAIRER 360 mg CBD - Canna4blisS","robots":{"index":"index","follow":"follow","max-snippet":"max-snippet:-1","max-image-preview":"max-image-preview:large","max-video-preview":"max-video-preview:-1"},"canonical":"https:\/\/www.canna4bliss.com\/hu\/termek-2\/haziallat-javito-stick-360-mg-cbd\/","og_locale":"hu_HU","og_type":"article","og_title":"PETS STICK REPARADOR 360 mg CBD","og_description":"Cbd Reparador b\u00e1lsamo Crema para mascotas en un pr\u00e1ctico formato de palo! Este b\u00e1lsamo especialmente formulado est\u00e1 dise\u00f1ado para proporcionar una hidrataci\u00f3n intensa y reparar la piel seca, agrietada o irritada de las mascotas. Fabricado con ingredientes totalmente naturales como el aceite de semilla de Ricinus Communis, la cera de salvado Oryza Sativa, el aceite de semilla de Helianthus Annuus, el cannabidiol y m\u00e1s. Est\u00e1 libre de productos qu\u00edmicos agresivos y fragancias que pueden irritar la piel sensible de las mascotas.","og_url":"https:\/\/www.canna4bliss.com\/hu\/termek-2\/haziallat-javito-stick-360-mg-cbd\/","og_site_name":"Canna4blisS","article_publisher":"https:\/\/www.facebook.com\/profile.php?id=61552127379853","article_modified_time":"2024-12-11T05:18:44+00:00","og_image":[{"width":800,"height":800,"url":"https:\/\/www.canna4bliss.com\/wp-content\/uploads\/2024\/09\/PETS-STICK-REPARADOR-360-mg-CBD.webp","type":"image\/webp"}],"twitter_card":"summary_large_image","twitter_misc":{"\u00c1r":"8,00&nbsp;&euro; ( 8,00&nbsp;&euro; + Tax )","El\u00e9rhet\u0151s\u00e9g":"K\u00e9szleten"},"schema":{"@context":"https:\/\/schema.org","@graph":[{"@type":"WebPage","@id":"https:\/\/www.canna4bliss.com\/termek\/pets-stick-reparador-360-mg-cbd\/","url":"https:\/\/www.canna4bliss.com\/termek\/pets-stick-reparador-360-mg-cbd\/","name":"PETS STICK REPAIRER 360 mg CBD - Canna4blisS","isPartOf":{"@id":"https:\/\/www.canna4bliss.com\/#website"},"primaryImageOfPage":{"@id":"https:\/\/www.canna4bliss.com\/termek\/pets-stick-reparador-360-mg-cbd\/#primaryimage"},"image":{"@id":"https:\/\/www.canna4bliss.com\/termek\/pets-stick-reparador-360-mg-cbd\/#primaryimage"},"thumbnailUrl":"https:\/\/www.canna4bliss.com\/wp-content\/uploads\/2024\/09\/PETS-STICK-REPARADOR-360-mg-CBD.webp","datePublished":"2024-09-28T08:21:55+00:00","dateModified":"2024-12-11T05:18:44+00:00","breadcrumb":{"@id":"https:\/\/www.canna4bliss.com\/termek\/pets-stick-reparador-360-mg-cbd\/#breadcrumb"},"inLanguage":"hu","potentialAction":[{"@type":"ReadAction","target":["https:\/\/www.canna4bliss.com\/termek\/pets-stick-reparador-360-mg-cbd\/"]}]},{"@type":"ImageObject","inLanguage":"hu","@id":"https:\/\/www.canna4bliss.com\/termek\/pets-stick-reparador-360-mg-cbd\/#primaryimage","url":"https:\/\/www.canna4bliss.com\/wp-content\/uploads\/2024\/09\/PETS-STICK-REPARADOR-360-mg-CBD.webp","contentUrl":"https:\/\/www.canna4bliss.com\/wp-content\/uploads\/2024\/09\/PETS-STICK-REPARADOR-360-mg-CBD.webp","width":800,"height":800,"caption":"PETS STICK REPARADOR 360 mg CBD"},{"@type":"BreadcrumbList","@id":"https:\/\/www.canna4bliss.com\/termek\/pets-stick-reparador-360-mg-cbd\/#breadcrumb","itemListElement":[{"@type":"ListItem","position":1,"name":"Kezd\u0151lap","item":"https:\/\/www.canna4bliss.com\/"},{"@type":"ListItem","position":2,"name":"Shop","item":"https:\/\/www.canna4bliss.com\/shop\/"},{"@type":"ListItem","position":3,"name":"PETS STICK REPARADOR 360 mg CBD"}]},{"@type":"WebSite","@id":"https:\/\/www.canna4bliss.com\/#website","url":"https:\/\/www.canna4bliss.com\/","name":"Canna4blisS","description":"Fedezze fel a CBD erej\u00e9t","publisher":{"@id":"https:\/\/www.canna4bliss.com\/#organization"},"potentialAction":[{"@type":"SearchAction","target":{"@type":"EntryPoint","urlTemplate":"https:\/\/www.canna4bliss.com\/?s={search_term_string}"},"query-input":{"@type":"PropertyValueSpecification","valueRequired":true,"valueName":"search_term_string"}}],"inLanguage":"hu"},{"@type":"Organization","@id":"https:\/\/www.canna4bliss.com\/#organization","name":"Canna4blisS","url":"https:\/\/www.canna4bliss.com\/","logo":{"@type":"ImageObject","inLanguage":"hu","@id":"https:\/\/www.canna4bliss.com\/#\/schema\/logo\/image\/","url":"https:\/\/www.canna4bliss.com\/wp-content\/uploads\/2024\/09\/logo2.avif","contentUrl":"https:\/\/www.canna4bliss.com\/wp-content\/uploads\/2024\/09\/logo2.avif","width":700,"height":282,"caption":"Canna4blisS"},"image":{"@id":"https:\/\/www.canna4bliss.com\/#\/schema\/logo\/image\/"},"sameAs":["https:\/\/www.facebook.com\/profile.php?id=61552127379853"],"hasMerchantReturnPolicy":{"@type":"MerchantReturnPolicy","merchantReturnLink":"https:\/\/www.canna4bliss.com\/hu\/politica-de-privacidad-2\/"}}]},"product_price_amount":"8.00","product_price_currency":"EUR","og_availability":"instock","product_availability":"instock","product_condition":"new"},"_links":{"self":[{"href":"https:\/\/www.canna4bliss.com\/hu\/wp-json\/wp\/v2\/product\/1324","targetHints":{"allow":["GET"]}}],"collection":[{"href":"https:\/\/www.canna4bliss.com\/hu\/wp-json\/wp\/v2\/product"}],"about":[{"href":"https:\/\/www.canna4bliss.com\/hu\/wp-json\/wp\/v2\/types\/product"}],"replies":[{"embeddable":true,"href":"https:\/\/www.canna4bliss.com\/hu\/wp-json\/wp\/v2\/comments?post=1324"}],"wp:featuredmedia":[{"embeddable":true,"href":"https:\/\/www.canna4bliss.com\/hu\/wp-json\/wp\/v2\/media\/1325"}],"wp:attachment":[{"href":"https:\/\/www.canna4bliss.com\/hu\/wp-json\/wp\/v2\/media?parent=1324"}],"wp:term":[{"taxonomy":"product_brand","embeddable":true,"href":"https:\/\/www.canna4bliss.com\/hu\/wp-json\/wp\/v2\/product_brand?post=1324"},{"taxonomy":"product_cat","embeddable":true,"href":"https:\/\/www.canna4bliss.com\/hu\/wp-json\/wp\/v2\/product_cat?post=1324"},{"taxonomy":"product_tag","embeddable":true,"href":"https:\/\/www.canna4bliss.com\/hu\/wp-json\/wp\/v2\/product_tag?post=1324"}],"curies":[{"name":"wp","href":"https:\/\/api.w.org\/{rel}","templated":true}]}}