{"id":1939,"date":"2025-04-24T17:08:04","date_gmt":"2025-04-24T17:08:04","guid":{"rendered":"https:\/\/www.canna4bliss.com\/?page_id=1939"},"modified":"2025-07-08T16:26:05","modified_gmt":"2025-07-08T16:26:05","slug":"jogi-nyilatkozat-es-jogi-nyilatkozat","status":"publish","type":"page","link":"https:\/\/www.canna4bliss.com\/hu\/aviso-legal-y-declaracion-de-responsabilidad\/","title":{"rendered":"Jogi nyilatkozat \u00e9s jogi nyilatkozat"},"content":{"rendered":"<div data-elementor-type=\"wp-page\" data-elementor-id=\"1939\" class=\"elementor elementor-1939\" data-elementor-post-type=\"page\">\n\t\t\t\t<div class=\"elementor-element elementor-element-3867baf e-flex e-con-boxed e-con e-parent\" data-id=\"3867baf\" data-element_type=\"container\" data-e-type=\"container\">\n\t\t\t\t\t<div class=\"e-con-inner\">\n\t\t\t\t<div class=\"elementor-element elementor-element-f7b6363 elementor-widget elementor-widget-heading\" data-id=\"f7b6363\" data-element_type=\"widget\" data-e-type=\"widget\" data-widget_type=\"heading.default\">\n\t\t\t\t<div class=\"elementor-widget-container\">\n\t\t\t\t\t<h1 class=\"elementor-heading-title elementor-size-default\">Jogi nyilatkozat \u00e9s jogi nyilatkozat<\/h1>\t\t\t\t<\/div>\n\t\t\t\t<\/div>\n\t\t\t\t<div class=\"elementor-element elementor-element-eab3221 elementor-widget elementor-widget-text-editor\" data-id=\"eab3221\" data-element_type=\"widget\" data-e-type=\"widget\" data-widget_type=\"text-editor.default\">\n\t\t\t\t<div class=\"elementor-widget-container\">\n\t\t\t\t\t\t\t\t\t<p>A Canna4Blissn\u00e9l elk\u00f6telezettek vagyunk amellett, hogy a legmagasabb min\u0151s\u00e9g\u0171 term\u00e9keket k\u00edn\u00e1ljuk, maxim\u00e1lis \u00e1tl\u00e1that\u00f3s\u00e1ggal \u00e9s teljes k\u00f6r\u0171 t\u00e1j\u00e9koztat\u00e1ssal \u00fcgyfeleink sz\u00e1m\u00e1ra. K\u00e9rj\u00fck, olvassa el figyelmesen az al\u00e1bbi inform\u00e1ci\u00f3kat, miel\u0151tt megv\u00e1s\u00e1roln\u00e1 vagy haszn\u00e1ln\u00e1 term\u00e9keinket. A weboldal haszn\u00e1lat\u00e1val \u00e9s a v\u00e1s\u00e1rl\u00e1ssal \u00d6n elfogadja az itt le\u00edrt felt\u00e9teleket.<\/p>\t\t\t\t\t\t\t\t<\/div>\n\t\t\t\t<\/div>\n\t\t\t\t<div class=\"elementor-element elementor-element-1e7ee5e elementor-widget elementor-widget-heading\" data-id=\"1e7ee5e\" data-element_type=\"widget\" data-e-type=\"widget\" data-widget_type=\"heading.default\">\n\t\t\t\t<div class=\"elementor-widget-container\">\n\t\t\t\t\t<h2 class=\"elementor-heading-title elementor-size-default\">Term\u00e9kinform\u00e1ci\u00f3 \u00e9s min\u0151s\u00e9gbiztos\u00edt\u00e1s<\/h2>\t\t\t\t<\/div>\n\t\t\t\t<\/div>\n\t\t\t\t<div class=\"elementor-element elementor-element-c9aa5e0 elementor-widget elementor-widget-text-editor\" data-id=\"c9aa5e0\" data-element_type=\"widget\" data-e-type=\"widget\" data-widget_type=\"text-editor.default\">\n\t\t\t\t<div class=\"elementor-widget-container\">\n\t\t\t\t\t\t\t\t\t<p>B\u00fcszk\u00e9k vagyunk arra, hogy ellen\u0151rz\u00f6tt forr\u00e1sokb\u00f3l sz\u00e1rmaz\u00f3, kiv\u00e1l\u00f3 min\u0151s\u00e9g\u0171 term\u00e9keket k\u00edn\u00e1lunk.<\/p><ul><li><p><b>Jogi megfelel\u00e9s:<\/b> Minden term\u00e9k\u00fcnk megfelel az Eur\u00f3pai Uni\u00f3ban \u00e9s Spanyolorsz\u00e1gban hat\u00e1lyos jogszab\u00e1lyoknak. Az \u00e1ltalunk forgalmazott kenderterm\u00e9kek THC-tartalma garant\u00e1ltan a 0,2% t\u00f6rv\u00e9nyes hat\u00e1r\u00e9rt\u00e9k alatt van.<\/p><\/li><li><p><b>\u00c1tl\u00e1that\u00f3s\u00e1g \u00e9s ellen\u0151rz\u00e9s:<\/b> Elk\u00f6telezettek vagyunk az \u00e1tl\u00e1that\u00f3s\u00e1g mellett. Term\u00e9keinket f\u00fcggetlen, harmadik f\u00e9l laborat\u00f3riumai vizsg\u00e1lj\u00e1k, hogy biztos\u00edts\u00e1k tisztas\u00e1gukat \u00e9s hat\u00f3anyagtartalmukat. A megfelel\u0151 laborat\u00f3riumi eredm\u00e9nyek k\u00e9r\u00e9sre rendelkez\u00e9sre \u00e1llnak.<\/p><\/li><li><p><b>\u00d6sszetev\u0151k:<\/b> Term\u00e9keink \u00f6sszetev\u0151i gondosan kiv\u00e1lasztott pr\u00e9mium forr\u00e1sokb\u00f3l sz\u00e1rmaznak.<\/p><\/li><\/ul>\t\t\t\t\t\t\t\t<\/div>\n\t\t\t\t<\/div>\n\t\t\t\t<div class=\"elementor-element elementor-element-4953c23 elementor-widget elementor-widget-heading\" data-id=\"4953c23\" data-element_type=\"widget\" data-e-type=\"widget\" data-widget_type=\"heading.default\">\n\t\t\t\t<div class=\"elementor-widget-container\">\n\t\t\t\t\t<h2 class=\"elementor-heading-title elementor-size-default\">Eg\u00e9szs\u00e9g\u00fcgyi \u00e9s orvosi nyilatkozat<\/h2>\t\t\t\t<\/div>\n\t\t\t\t<\/div>\n\t\t\t\t<div class=\"elementor-element elementor-element-1c70950 elementor-widget elementor-widget-text-editor\" data-id=\"1c70950\" data-element_type=\"widget\" data-e-type=\"widget\" data-widget_type=\"text-editor.default\">\n\t\t\t\t<div class=\"elementor-widget-container\">\n\t\t\t\t\t\t\t\t\t<p><b>Fontos figyelmeztet\u00e9s:<\/b> Az ezen a weboldalon forgalmazott inform\u00e1ci\u00f3k \u00e9s term\u00e9kek nem tekinthet\u0151k gy\u00f3gyszernek, \u00e9s nem helyettes\u00edtik a szakszer\u0171 orvosi ell\u00e1t\u00e1st.<\/p><ul><li><p><b>Nem orvosi term\u00e9kek:<\/b> Term\u00e9keink nem szolg\u00e1lnak betegs\u00e9gek diagnosztiz\u00e1l\u00e1s\u00e1ra, kezel\u00e9s\u00e9re, gy\u00f3gy\u00edt\u00e1s\u00e1ra vagy megel\u0151z\u00e9s\u00e9re. B\u00e1rmilyen eg\u00e9szs\u00e9g\u00fcgyi probl\u00e9ma eset\u00e9n halad\u00e9ktalanul forduljon szakk\u00e9pzett eg\u00e9szs\u00e9g\u00fcgyi szakemberhez.<\/p><\/li><li><p><b>Informat\u00edv karakter:<\/b> Az ezen az oldalon k\u00f6zz\u00e9tett cikkek, le\u00edr\u00e1sok \u00e9s egy\u00e9b tartalmak kiz\u00e1r\u00f3lag t\u00e1j\u00e9koztat\u00f3 \u00e9s oktat\u00e1si c\u00e9lokat szolg\u00e1lnak. Az itt tal\u00e1lhat\u00f3 inform\u00e1ci\u00f3k nem min\u0151s\u00fclnek orvosi tan\u00e1csad\u00e1snak.<\/p><\/li><li><p><b>Orvosi konzult\u00e1ci\u00f3 sz\u00fcks\u00e9gess\u00e9ge:<\/b> Miel\u0151tt b\u00e1rmilyen \u00faj \u00e9trend-kieg\u00e9sz\u00edt\u0151vel kezdene, bele\u00e9rtve a CBD-term\u00e9keket is, mindig konzult\u00e1ljon kezel\u0151orvos\u00e1val vagy gy\u00f3gyszer\u00e9sz\u00e9vel. Ez k\u00fcl\u00f6n\u00f6sen fontos, ha \u00d6n:<\/p><ul><li><p>terhesek vagy szoptatnak,<\/p><\/li><li><p>rendszeres orvosi kezel\u00e9s alatt \u00e1ll (k\u00fcl\u00f6n\u00f6sen v\u00e9ralvad\u00e1sg\u00e1tl\u00f3kkal, v\u00e9rnyom\u00e1scs\u00f6kkent\u0151kkel, antidepressz\u00e1nsokkal stb.),<\/p><\/li><li><p>vagy ismert kr\u00f3nikus betegs\u00e9ge van.<\/p><\/li><\/ul><\/li><li><p><b>Nem helyettes\u00edtik az eg\u00e9szs\u00e9ges \u00e9letm\u00f3dot:<\/b> Term\u00e9keink nem helyettes\u00edtik a v\u00e1ltozatos \u00e9s kiegyens\u00falyozott \u00e9trendet \u00e9s az eg\u00e9szs\u00e9ges \u00e9letm\u00f3dot.<\/p><\/li><\/ul>\t\t\t\t\t\t\t\t<\/div>\n\t\t\t\t<\/div>\n\t\t\t\t<div class=\"elementor-element elementor-element-1f0e58f elementor-widget elementor-widget-heading\" data-id=\"1f0e58f\" data-element_type=\"widget\" data-e-type=\"widget\" data-widget_type=\"heading.default\">\n\t\t\t\t<div class=\"elementor-widget-container\">\n\t\t\t\t\t<h2 class=\"elementor-heading-title elementor-size-default\">Felel\u0151ss\u00e9g \u00e9s megfelel\u0151 haszn\u00e1lat<\/h2>\t\t\t\t<\/div>\n\t\t\t\t<\/div>\n\t\t\t\t<div class=\"elementor-element elementor-element-e790d86 elementor-widget elementor-widget-text-editor\" data-id=\"e790d86\" data-element_type=\"widget\" data-e-type=\"widget\" data-widget_type=\"text-editor.default\">\n\t\t\t\t<div class=\"elementor-widget-container\">\n\t\t\t\t\t\t\t\t\t<p>A Canna4Bliss nem v\u00e1llal felel\u0151ss\u00e9get a term\u00e9kek helytelen haszn\u00e1lat\u00e1nak vagy a fentiekben r\u00e9szletezett orvosi konzult\u00e1ci\u00f3 hi\u00e1ny\u00e1nak k\u00f6vetkezm\u00e9nyei\u00e9rt.<\/p><p>A term\u00e9kek haszn\u00e1lata a v\u00e1s\u00e1rl\u00f3 saj\u00e1t felel\u0151ss\u00e9g\u00e9re t\u00f6rt\u00e9nik. K\u00e9rj\u00fck, mindig tartsa be a term\u00e9k c\u00edmk\u00e9j\u00e9n tal\u00e1lhat\u00f3 haszn\u00e1lati utas\u00edt\u00e1sokat \u00e9s az aj\u00e1nlott adagol\u00e1st.<\/p><p>Gyermekek \u00e9s h\u00e1zi\u00e1llatok el\u0151l elz\u00e1rva tartand\u00f3.<\/p><p><b>Korhat\u00e1r:<\/b> Term\u00e9keinket csak 18 \u00e9v feletti szem\u00e9lyek v\u00e1s\u00e1rolhatj\u00e1k meg \u00e9s haszn\u00e1lhatj\u00e1k.<\/p>\t\t\t\t\t\t\t\t<\/div>\n\t\t\t\t<\/div>\n\t\t\t\t\t<\/div>\n\t\t\t\t<\/div>\n\t\t<div class=\"elementor-element elementor-element-2ad2008 e-flex e-con-boxed e-con e-parent\" data-id=\"2ad2008\" data-element_type=\"container\" data-e-type=\"container\">\n\t\t\t\t\t<div class=\"e-con-inner\">\n\t\t\t\t<div class=\"elementor-element elementor-element-cca549b elementor-cta--layout-image-left elementor-cta--skin-classic elementor-animated-content elementor-bg-transform elementor-bg-transform-zoom-in elementor-widget elementor-widget-call-to-action\" data-id=\"cca549b\" data-element_type=\"widget\" data-e-type=\"widget\" data-widget_type=\"call-to-action.default\">\n\t\t\t\t<div class=\"elementor-widget-container\">\n\t\t\t\t\t\t\t<a class=\"elementor-cta\" href=\"https:\/\/www.canna4bliss.com\/hu\/shop\/\">\n\t\t\t\t\t<div class=\"elementor-cta__bg-wrapper\">\n\t\t\t\t<div class=\"elementor-cta__bg elementor-bg\" style=\"background-image: url(https:\/\/www.canna4bliss.com\/wp-content\/uploads\/2024\/10\/Aceite-de-CBD-al-20-en-Aceite-de-Oliva-Virgen-Ecologico-10-ml-2.png);\" role=\"img\" aria-label=\"20% CBD olaj bio sz\u0171z ol\u00edvaolajban 10 ml\"><\/div>\n\t\t\t\t<div class=\"elementor-cta__bg-overlay\"><\/div>\n\t\t\t<\/div>\n\t\t\t\t\t\t\t<div class=\"elementor-cta__content\">\n\t\t\t\t\t\t\t\t\t<div class=\"elementor-content-item elementor-cta__content-item elementor-cta__image\">\n\t\t\t\t\t\t<img decoding=\"async\" width=\"300\" height=\"150\" src=\"https:\/\/www.canna4bliss.com\/wp-content\/uploads\/2024\/12\/logo_jo.png\" class=\"attachment-medium size-medium wp-image-1648\" alt=\"logo\" \/>\t\t\t\t\t<\/div>\n\t\t\t\t\n\t\t\t\t\t\t\t\t\t<h1 class=\"elementor-cta__title elementor-cta__content-item elementor-content-item\">\n\t\t\t\t\t\tFedezze fel \u00fajra a j\u00f3 k\u00f6z\u00e9rzetet a term\u00e9szet erej\u00e9vel\t\t\t\t\t<\/h1>\n\t\t\t\t\n\t\t\t\t\t\t\t\t\t<div class=\"elementor-cta__description elementor-cta__content-item elementor-content-item\">\n\t\t\t\t\t\tTan\u00fas\u00edtott min\u0151s\u00e9g a napi egyens\u00faly t\u00e1mogat\u00e1s\u00e1ra. Tegye meg az els\u0151 l\u00e9p\u00e9st egy teljesebb \u00e9s harmonikusabb \u00e9let fel\u00e9.\t\t\t\t\t<\/div>\n\t\t\t\t\n\t\t\t\t\t\t\t\t\t<div class=\"elementor-cta__button-wrapper elementor-cta__content-item elementor-content-item\">\n\t\t\t\t\t<span class=\"elementor-cta__button elementor-button elementor-size-\">\n\t\t\t\t\t\tTerm\u00e9kek felfedez\u00e9se\t\t\t\t\t<\/span>\n\t\t\t\t\t<\/div>\n\t\t\t\t\t\t\t<\/div>\n\t\t\t\t\t\t<\/a>\n\t\t\t\t\t\t<\/div>\n\t\t\t\t<\/div>\n\t\t\t\t\t<\/div>\n\t\t\t\t<\/div>\n\t\t\t\t<\/div>","protected":false},"excerpt":{"rendered":"<p>Aviso Legal y Declaraci\u00f3n de Responsabilidad En Canna4Bliss, estamos comprometidos con ofrecer productos de la m\u00e1s alta calidad, con la m\u00e1xima transparencia y con la informaci\u00f3n completa para nuestros clientes. Por favor, lea atentamente la siguiente informaci\u00f3n antes de comprar o utilizar nuestros productos. Al utilizar este sitio web y realizar una compra, usted acepta [&hellip;]<\/p>\n","protected":false},"author":1,"featured_media":0,"parent":0,"menu_order":0,"comment_status":"closed","ping_status":"closed","template":"","meta":{"site-sidebar-layout":"no-sidebar","site-content-layout":"page-builder","ast-site-content-layout":"full-width-container","site-content-style":"unboxed","site-sidebar-style":"unboxed","ast-global-header-display":"","ast-banner-title-visibility":"","ast-main-header-display":"","ast-hfb-above-header-display":"","ast-hfb-below-header-display":"","ast-hfb-mobile-header-display":"","site-post-title":"disabled","ast-breadcrumbs-content":"","ast-featured-img":"disabled","footer-sml-layout":"","ast-disable-related-posts":"","theme-transparent-header-meta":"","adv-header-id-meta":"","stick-header-meta":"","header-above-stick-meta":"","header-main-stick-meta":"","header-below-stick-meta":"","astra-migrate-meta-layouts":"set","ast-page-background-enabled":"default","ast-page-background-meta":{"desktop":{"background-color":"","background-image":"","background-repeat":"repeat","background-position":"center center","background-size":"auto","background-attachment":"scroll","background-type":"","background-media":"","overlay-type":"","overlay-color":"","overlay-opacity":"","overlay-gradient":""},"tablet":{"background-color":"","background-image":"","background-repeat":"repeat","background-position":"center center","background-size":"auto","background-attachment":"scroll","background-type":"","background-media":"","overlay-type":"","overlay-color":"","overlay-opacity":"","overlay-gradient":""},"mobile":{"background-color":"","background-image":"","background-repeat":"repeat","background-position":"center center","background-size":"auto","background-attachment":"scroll","background-type":"","background-media":"","overlay-type":"","overlay-color":"","overlay-opacity":"","overlay-gradient":""}},"ast-content-background-meta":{"desktop":{"background-color":"var(--ast-global-color-5)","background-image":"","background-repeat":"repeat","background-position":"center center","background-size":"auto","background-attachment":"scroll","background-type":"","background-media":"","overlay-type":"","overlay-color":"","overlay-opacity":"","overlay-gradient":""},"tablet":{"background-color":"var(--ast-global-color-5)","background-image":"","background-repeat":"repeat","background-position":"center center","background-size":"auto","background-attachment":"scroll","background-type":"","background-media":"","overlay-type":"","overlay-color":"","overlay-opacity":"","overlay-gradient":""},"mobile":{"background-color":"var(--ast-global-color-5)","background-image":"","background-repeat":"repeat","background-position":"center center","background-size":"auto","background-attachment":"scroll","background-type":"","background-media":"","overlay-type":"","overlay-color":"","overlay-opacity":"","overlay-gradient":""}},"footnotes":""},"class_list":["post-1939","page","type-page","status-publish","hentry"],"yoast_head":"<!-- This site is optimized with the Yoast SEO Premium plugin v27.5 (Yoast SEO v27.5) - https:\/\/yoast.com\/product\/yoast-seo-premium-wordpress\/ -->\n<title>Aviso Legal y Declaraci\u00f3n de Responsabilidad Canna4blisS<\/title>\n<meta name=\"description\" content=\"Lea el aviso legal y la declaraci\u00f3n de responsabilidad de Canna4Bliss sobre la informaci\u00f3n del producto, garant\u00eda de calidad y temas de salud. Informaci\u00f3n importante para clientes.\" \/>\n<meta name=\"robots\" content=\"index, follow, max-snippet:-1, max-image-preview:large, max-video-preview:-1\" \/>\n<link rel=\"canonical\" href=\"https:\/\/www.canna4bliss.com\/hu\/jogi-nyilatkozat-es-jogi-nyilatkozat\/\" \/>\n<meta property=\"og:locale\" content=\"hu_HU\" \/>\n<meta property=\"og:type\" content=\"article\" \/>\n<meta property=\"og:title\" content=\"Aviso Legal y Declaraci\u00f3n de Responsabilidad\" \/>\n<meta property=\"og:description\" content=\"Lea el aviso legal y la declaraci\u00f3n de responsabilidad de Canna4Bliss sobre la informaci\u00f3n del producto, garant\u00eda de calidad y temas de salud. Informaci\u00f3n importante para clientes.\" \/>\n<meta property=\"og:url\" content=\"https:\/\/www.canna4bliss.com\/hu\/jogi-nyilatkozat-es-jogi-nyilatkozat\/\" \/>\n<meta property=\"og:site_name\" content=\"Canna4blisS\" \/>\n<meta property=\"article:publisher\" content=\"https:\/\/www.facebook.com\/profile.php?id=61552127379853\" \/>\n<meta property=\"article:modified_time\" content=\"2025-07-08T16:26:05+00:00\" \/>\n<meta property=\"og:image\" content=\"https:\/\/www.canna4bliss.com\/wp-content\/uploads\/2024\/12\/logo_jo.png\" \/>\n\t<meta property=\"og:image:width\" content=\"300\" \/>\n\t<meta property=\"og:image:height\" content=\"150\" \/>\n\t<meta property=\"og:image:type\" content=\"image\/png\" \/>\n<meta name=\"twitter:card\" content=\"summary_large_image\" \/>\n<meta name=\"twitter:label1\" content=\"Becs\u00fclt olvas\u00e1si id\u0151\" \/>\n\t<meta name=\"twitter:data1\" content=\"3 perc\" \/>\n<script type=\"application\/ld+json\" class=\"yoast-schema-graph\">{\"@context\":\"https:\\\/\\\/schema.org\",\"@graph\":[{\"@type\":\"WebPage\",\"@id\":\"https:\\\/\\\/www.canna4bliss.com\\\/aviso-legal-y-declaracion-de-responsabilidad\\\/\",\"url\":\"https:\\\/\\\/www.canna4bliss.com\\\/aviso-legal-y-declaracion-de-responsabilidad\\\/\",\"name\":\"Aviso Legal y Declaraci\u00f3n de Responsabilidad Canna4blisS\",\"isPartOf\":{\"@id\":\"https:\\\/\\\/www.canna4bliss.com\\\/#website\"},\"primaryImageOfPage\":{\"@id\":\"https:\\\/\\\/www.canna4bliss.com\\\/aviso-legal-y-declaracion-de-responsabilidad\\\/#primaryimage\"},\"image\":{\"@id\":\"https:\\\/\\\/www.canna4bliss.com\\\/aviso-legal-y-declaracion-de-responsabilidad\\\/#primaryimage\"},\"thumbnailUrl\":\"https:\\\/\\\/www.canna4bliss.com\\\/wp-content\\\/uploads\\\/2024\\\/12\\\/logo_jo.png\",\"datePublished\":\"2025-04-24T17:08:04+00:00\",\"dateModified\":\"2025-07-08T16:26:05+00:00\",\"description\":\"Lea el aviso legal y la declaraci\u00f3n de responsabilidad de Canna4Bliss sobre la informaci\u00f3n del producto, garant\u00eda de calidad y temas de salud. Informaci\u00f3n importante para clientes.\",\"breadcrumb\":{\"@id\":\"https:\\\/\\\/www.canna4bliss.com\\\/aviso-legal-y-declaracion-de-responsabilidad\\\/#breadcrumb\"},\"inLanguage\":\"hu\",\"potentialAction\":[{\"@type\":\"ReadAction\",\"target\":[\"https:\\\/\\\/www.canna4bliss.com\\\/aviso-legal-y-declaracion-de-responsabilidad\\\/\"]}]},{\"@type\":\"ImageObject\",\"inLanguage\":\"hu\",\"@id\":\"https:\\\/\\\/www.canna4bliss.com\\\/aviso-legal-y-declaracion-de-responsabilidad\\\/#primaryimage\",\"url\":\"https:\\\/\\\/www.canna4bliss.com\\\/wp-content\\\/uploads\\\/2024\\\/12\\\/logo_jo.png\",\"contentUrl\":\"https:\\\/\\\/www.canna4bliss.com\\\/wp-content\\\/uploads\\\/2024\\\/12\\\/logo_jo.png\"},{\"@type\":\"BreadcrumbList\",\"@id\":\"https:\\\/\\\/www.canna4bliss.com\\\/aviso-legal-y-declaracion-de-responsabilidad\\\/#breadcrumb\",\"itemListElement\":[{\"@type\":\"ListItem\",\"position\":1,\"name\":\"Kezd\u0151lap\",\"item\":\"https:\\\/\\\/www.canna4bliss.com\\\/\"},{\"@type\":\"ListItem\",\"position\":2,\"name\":\"Aviso Legal y Declaraci\u00f3n de Responsabilidad\"}]},{\"@type\":\"WebSite\",\"@id\":\"https:\\\/\\\/www.canna4bliss.com\\\/#website\",\"url\":\"https:\\\/\\\/www.canna4bliss.com\\\/\",\"name\":\"Canna4blisS\",\"description\":\"Discover the power of CBD\",\"publisher\":{\"@id\":\"https:\\\/\\\/www.canna4bliss.com\\\/#organization\"},\"potentialAction\":[{\"@type\":\"SearchAction\",\"target\":{\"@type\":\"EntryPoint\",\"urlTemplate\":\"https:\\\/\\\/www.canna4bliss.com\\\/?s={search_term_string}\"},\"query-input\":{\"@type\":\"PropertyValueSpecification\",\"valueRequired\":true,\"valueName\":\"search_term_string\"}}],\"inLanguage\":\"hu\"},{\"@type\":\"Organization\",\"@id\":\"https:\\\/\\\/www.canna4bliss.com\\\/#organization\",\"name\":\"Canna4blisS\",\"url\":\"https:\\\/\\\/www.canna4bliss.com\\\/\",\"logo\":{\"@type\":\"ImageObject\",\"inLanguage\":\"hu\",\"@id\":\"https:\\\/\\\/www.canna4bliss.com\\\/#\\\/schema\\\/logo\\\/image\\\/\",\"url\":\"https:\\\/\\\/www.canna4bliss.com\\\/wp-content\\\/uploads\\\/2024\\\/09\\\/logo2.avif\",\"contentUrl\":\"https:\\\/\\\/www.canna4bliss.com\\\/wp-content\\\/uploads\\\/2024\\\/09\\\/logo2.avif\",\"width\":700,\"height\":282,\"caption\":\"Canna4blisS\"},\"image\":{\"@id\":\"https:\\\/\\\/www.canna4bliss.com\\\/#\\\/schema\\\/logo\\\/image\\\/\"},\"sameAs\":[\"https:\\\/\\\/www.facebook.com\\\/profile.php?id=61552127379853\"],\"hasMerchantReturnPolicy\":{\"@type\":\"MerchantReturnPolicy\",\"merchantReturnLink\":\"https:\\\/\\\/www.canna4bliss.com\\\/hu\\\/politica-de-privacidad-2\\\/\"}}]}<\/script>\n<!-- \/ Yoast SEO Premium plugin. -->","yoast_head_json":{"title":"Jogi nyilatkozat \u00e9s jogi nyilatkozat Canna4blisS","description":"Olvassa el a Canna4Bliss jogi k\u00f6zlem\u00e9ny\u00e9t \u00e9s a term\u00e9kinform\u00e1ci\u00f3kkal, min\u0151s\u00e9gbiztos\u00edt\u00e1ssal \u00e9s eg\u00e9szs\u00e9g\u00fcgyi k\u00e9rd\u00e9sekkel kapcsolatos jogi nyilatkozatot. Fontos inform\u00e1ci\u00f3k a v\u00e1s\u00e1rl\u00f3k sz\u00e1m\u00e1ra.","robots":{"index":"index","follow":"follow","max-snippet":"max-snippet:-1","max-image-preview":"max-image-preview:large","max-video-preview":"max-video-preview:-1"},"canonical":"https:\/\/www.canna4bliss.com\/hu\/jogi-nyilatkozat-es-jogi-nyilatkozat\/","og_locale":"hu_HU","og_type":"article","og_title":"Aviso Legal y Declaraci\u00f3n de Responsabilidad","og_description":"Lea el aviso legal y la declaraci\u00f3n de responsabilidad de Canna4Bliss sobre la informaci\u00f3n del producto, garant\u00eda de calidad y temas de salud. Informaci\u00f3n importante para clientes.","og_url":"https:\/\/www.canna4bliss.com\/hu\/jogi-nyilatkozat-es-jogi-nyilatkozat\/","og_site_name":"Canna4blisS","article_publisher":"https:\/\/www.facebook.com\/profile.php?id=61552127379853","article_modified_time":"2025-07-08T16:26:05+00:00","og_image":[{"width":300,"height":150,"url":"https:\/\/www.canna4bliss.com\/wp-content\/uploads\/2024\/12\/logo_jo.png","type":"image\/png"}],"twitter_card":"summary_large_image","twitter_misc":{"Becs\u00fclt olvas\u00e1si id\u0151":"3 perc"},"schema":{"@context":"https:\/\/schema.org","@graph":[{"@type":"WebPage","@id":"https:\/\/www.canna4bliss.com\/aviso-legal-y-declaracion-de-responsabilidad\/","url":"https:\/\/www.canna4bliss.com\/aviso-legal-y-declaracion-de-responsabilidad\/","name":"Jogi nyilatkozat \u00e9s jogi nyilatkozat Canna4blisS","isPartOf":{"@id":"https:\/\/www.canna4bliss.com\/#website"},"primaryImageOfPage":{"@id":"https:\/\/www.canna4bliss.com\/aviso-legal-y-declaracion-de-responsabilidad\/#primaryimage"},"image":{"@id":"https:\/\/www.canna4bliss.com\/aviso-legal-y-declaracion-de-responsabilidad\/#primaryimage"},"thumbnailUrl":"https:\/\/www.canna4bliss.com\/wp-content\/uploads\/2024\/12\/logo_jo.png","datePublished":"2025-04-24T17:08:04+00:00","dateModified":"2025-07-08T16:26:05+00:00","description":"Olvassa el a Canna4Bliss jogi k\u00f6zlem\u00e9ny\u00e9t \u00e9s a term\u00e9kinform\u00e1ci\u00f3kkal, min\u0151s\u00e9gbiztos\u00edt\u00e1ssal \u00e9s eg\u00e9szs\u00e9g\u00fcgyi k\u00e9rd\u00e9sekkel kapcsolatos jogi nyilatkozatot. Fontos inform\u00e1ci\u00f3k a v\u00e1s\u00e1rl\u00f3k sz\u00e1m\u00e1ra.","breadcrumb":{"@id":"https:\/\/www.canna4bliss.com\/aviso-legal-y-declaracion-de-responsabilidad\/#breadcrumb"},"inLanguage":"hu","potentialAction":[{"@type":"ReadAction","target":["https:\/\/www.canna4bliss.com\/aviso-legal-y-declaracion-de-responsabilidad\/"]}]},{"@type":"ImageObject","inLanguage":"hu","@id":"https:\/\/www.canna4bliss.com\/aviso-legal-y-declaracion-de-responsabilidad\/#primaryimage","url":"https:\/\/www.canna4bliss.com\/wp-content\/uploads\/2024\/12\/logo_jo.png","contentUrl":"https:\/\/www.canna4bliss.com\/wp-content\/uploads\/2024\/12\/logo_jo.png"},{"@type":"BreadcrumbList","@id":"https:\/\/www.canna4bliss.com\/aviso-legal-y-declaracion-de-responsabilidad\/#breadcrumb","itemListElement":[{"@type":"ListItem","position":1,"name":"Kezd\u0151lap","item":"https:\/\/www.canna4bliss.com\/"},{"@type":"ListItem","position":2,"name":"Aviso Legal y Declaraci\u00f3n de Responsabilidad"}]},{"@type":"WebSite","@id":"https:\/\/www.canna4bliss.com\/#website","url":"https:\/\/www.canna4bliss.com\/","name":"Canna4blisS","description":"Fedezze fel a CBD erej\u00e9t","publisher":{"@id":"https:\/\/www.canna4bliss.com\/#organization"},"potentialAction":[{"@type":"SearchAction","target":{"@type":"EntryPoint","urlTemplate":"https:\/\/www.canna4bliss.com\/?s={search_term_string}"},"query-input":{"@type":"PropertyValueSpecification","valueRequired":true,"valueName":"search_term_string"}}],"inLanguage":"hu"},{"@type":"Organization","@id":"https:\/\/www.canna4bliss.com\/#organization","name":"Canna4blisS","url":"https:\/\/www.canna4bliss.com\/","logo":{"@type":"ImageObject","inLanguage":"hu","@id":"https:\/\/www.canna4bliss.com\/#\/schema\/logo\/image\/","url":"https:\/\/www.canna4bliss.com\/wp-content\/uploads\/2024\/09\/logo2.avif","contentUrl":"https:\/\/www.canna4bliss.com\/wp-content\/uploads\/2024\/09\/logo2.avif","width":700,"height":282,"caption":"Canna4blisS"},"image":{"@id":"https:\/\/www.canna4bliss.com\/#\/schema\/logo\/image\/"},"sameAs":["https:\/\/www.facebook.com\/profile.php?id=61552127379853"],"hasMerchantReturnPolicy":{"@type":"MerchantReturnPolicy","merchantReturnLink":"https:\/\/www.canna4bliss.com\/hu\/politica-de-privacidad-2\/"}}]}},"_links":{"self":[{"href":"https:\/\/www.canna4bliss.com\/hu\/wp-json\/wp\/v2\/pages\/1939","targetHints":{"allow":["GET"]}}],"collection":[{"href":"https:\/\/www.canna4bliss.com\/hu\/wp-json\/wp\/v2\/pages"}],"about":[{"href":"https:\/\/www.canna4bliss.com\/hu\/wp-json\/wp\/v2\/types\/page"}],"author":[{"embeddable":true,"href":"https:\/\/www.canna4bliss.com\/hu\/wp-json\/wp\/v2\/users\/1"}],"replies":[{"embeddable":true,"href":"https:\/\/www.canna4bliss.com\/hu\/wp-json\/wp\/v2\/comments?post=1939"}],"version-history":[{"count":13,"href":"https:\/\/www.canna4bliss.com\/hu\/wp-json\/wp\/v2\/pages\/1939\/revisions"}],"predecessor-version":[{"id":2057,"href":"https:\/\/www.canna4bliss.com\/hu\/wp-json\/wp\/v2\/pages\/1939\/revisions\/2057"}],"wp:attachment":[{"href":"https:\/\/www.canna4bliss.com\/hu\/wp-json\/wp\/v2\/media?parent=1939"}],"curies":[{"name":"wp","href":"https:\/\/api.w.org\/{rel}","templated":true}]}}