{"id":1535,"date":"2024-11-10T12:39:33","date_gmt":"2024-11-10T12:39:33","guid":{"rendered":"https:\/\/www.canna4bliss.com\/?post_type=product&#038;p=1535"},"modified":"2024-11-22T13:20:52","modified_gmt":"2024-11-22T13:20:52","slug":"plant-of-life-vitamin-c-and-cbd-serum","status":"publish","type":"product","link":"https:\/\/www.canna4bliss.com\/en\/termek\/el-serum-de-vitamina-c-y-cbd-de-plant-of-life\/","title":{"rendered":"Plant of Life Vitamin C and CBD Serum"},"content":{"rendered":"<p>Main ingredients and benefits:<\/p>\n<p>Vitamin C: Powerful antioxidant that neutralises free radicals and improves skin firmness.<\/p>\n<p>Rose oil: Rich in essential fatty acids and vitamins, it helps cell regeneration and improves skin elasticity.<\/p>\n<p>Vitamin E: Antioxidant that protects the skin from environmental damage while moisturising and soothing.<\/p>\n<p>Hemp Seed Oil: With moisturising and anti-inflammatory properties, ideal for soothing stressed skin and promoting a healthy complexion.<\/p>\n<p>How to use:<\/p>\n<p>Cleanse your face as usual, then apply a small amount of serum in the palm of your hand. Spread evenly over face and neck, avoiding the eye area. Massage gently in circular motions until completely absorbed. Then continue with your usual facial care routine.<\/p>\n<p>Warnings:<\/p>\n<p>For external use only. Avoid contact with eyes. If irritation occurs, discontinue use and consult a dermatologist.<\/p>\n<p>Plant of Life Vitamin C and CBD Serum is an ideal choice for those who want to improve the appearance and health of their skin in a natural and effective way.<\/p>","protected":false},"excerpt":{"rendered":"<p>Plant of Life Vitamin C &amp; CBD Serum is a 30ml skincare product containing 1% of vitamin C and 300mg of CBD. This serum is rich in antioxidants and cannabinoids, and is designed to improve skin elasticity, reduce fine lines and revitalise the complexion.<\/p>","protected":false},"featured_media":1536,"comment_status":"closed","ping_status":"closed","template":"","meta":{"site-sidebar-layout":"default","site-content-layout":"","ast-site-content-layout":"default","site-content-style":"default","site-sidebar-style":"default","ast-global-header-display":"","ast-banner-title-visibility":"","ast-main-header-display":"","ast-hfb-above-header-display":"","ast-hfb-below-header-display":"","ast-hfb-mobile-header-display":"","site-post-title":"","ast-breadcrumbs-content":"","ast-featured-img":"","footer-sml-layout":"","ast-disable-related-posts":"","theme-transparent-header-meta":"default","adv-header-id-meta":"","stick-header-meta":"","header-above-stick-meta":"","header-main-stick-meta":"","header-below-stick-meta":"","astra-migrate-meta-layouts":"set","ast-page-background-enabled":"default","ast-page-background-meta":{"desktop":{"background-color":"","background-image":"","background-repeat":"repeat","background-position":"center center","background-size":"auto","background-attachment":"scroll","background-type":"","background-media":"","overlay-type":"","overlay-color":"","overlay-opacity":"","overlay-gradient":""},"tablet":{"background-color":"","background-image":"","background-repeat":"repeat","background-position":"center center","background-size":"auto","background-attachment":"scroll","background-type":"","background-media":"","overlay-type":"","overlay-color":"","overlay-opacity":"","overlay-gradient":""},"mobile":{"background-color":"","background-image":"","background-repeat":"repeat","background-position":"center center","background-size":"auto","background-attachment":"scroll","background-type":"","background-media":"","overlay-type":"","overlay-color":"","overlay-opacity":"","overlay-gradient":""}},"ast-content-background-meta":{"desktop":{"background-color":"var(--ast-global-color-5)","background-image":"","background-repeat":"repeat","background-position":"center center","background-size":"auto","background-attachment":"scroll","background-type":"","background-media":"","overlay-type":"","overlay-color":"","overlay-opacity":"","overlay-gradient":""},"tablet":{"background-color":"var(--ast-global-color-5)","background-image":"","background-repeat":"repeat","background-position":"center center","background-size":"auto","background-attachment":"scroll","background-type":"","background-media":"","overlay-type":"","overlay-color":"","overlay-opacity":"","overlay-gradient":""},"mobile":{"background-color":"var(--ast-global-color-5)","background-image":"","background-repeat":"repeat","background-position":"center center","background-size":"auto","background-attachment":"scroll","background-type":"","background-media":"","overlay-type":"","overlay-color":"","overlay-opacity":"","overlay-gradient":""}}},"product_brand":[],"product_cat":[57],"product_tag":[165],"class_list":{"0":"post-1535","1":"product","2":"type-product","3":"status-publish","4":"has-post-thumbnail","6":"product_cat-cosmetics","7":"product_tag-el-serum-de-vitamina-c-y-cbd-de-plant-of-life","8":"desktop-align-left","9":"tablet-align-left","10":"mobile-align-left","11":"ast-product-gallery-layout-horizontal-slider","12":"ast-product-gallery-with-no-image","13":"ast-product-tabs-layout-horizontal","14":"ast-qv-on-image","16":"first","17":"instock","18":"taxable","19":"shipping-taxable","20":"purchasable","21":"product-type-simple"},"yoast_head":"<!-- This site is optimized with the Yoast SEO Premium plugin v27.5 (Yoast SEO v27.5) - https:\/\/yoast.com\/product\/yoast-seo-premium-wordpress\/ -->\n<title>El S\u00e9rum de Vitamina C y CBD de Plant of Life - Canna4blisS<\/title>\n<meta name=\"robots\" content=\"index, follow, max-snippet:-1, max-image-preview:large, max-video-preview:-1\" \/>\n<link rel=\"canonical\" href=\"https:\/\/www.canna4bliss.com\/en\/termek\/plant-of-life-vitamin-c-and-cbd-serum\/\" \/>\n<meta property=\"og:locale\" content=\"en_GB\" \/>\n<meta property=\"og:type\" content=\"article\" \/>\n<meta property=\"og:title\" content=\"El S\u00e9rum de Vitamina C y CBD de Plant of Life\" \/>\n<meta property=\"og:description\" content=\"El S\u00e9rum de Vitamina C y CBD de Plant of Life es un producto de cuidado de la piel de 30 ml, que contiene un 1% de vitamina C y 300 mg de CBD. Este s\u00e9rum es rico en antioxidantes y cannabinoides, y est\u00e1 dise\u00f1ado para mejorar la elasticidad de la piel, reducir las l\u00edneas finas y revitalizar el cutis.\" \/>\n<meta property=\"og:url\" content=\"https:\/\/www.canna4bliss.com\/en\/termek\/plant-of-life-vitamin-c-and-cbd-serum\/\" \/>\n<meta property=\"og:site_name\" content=\"Canna4blisS\" \/>\n<meta property=\"article:publisher\" content=\"https:\/\/www.facebook.com\/profile.php?id=61552127379853\" \/>\n<meta property=\"article:modified_time\" content=\"2024-11-22T13:20:52+00:00\" \/>\n<meta property=\"og:image\" content=\"https:\/\/www.canna4bliss.com\/wp-content\/uploads\/2024\/11\/vitamin-c-serum-cbd-30ml.webp\" \/>\n\t<meta property=\"og:image:width\" content=\"800\" \/>\n\t<meta property=\"og:image:height\" content=\"800\" \/>\n\t<meta property=\"og:image:type\" content=\"image\/webp\" \/>\n<meta name=\"twitter:card\" content=\"summary_large_image\" \/>\n<meta name=\"twitter:label1\" content=\"Price\" \/>\n\t<meta name=\"twitter:data1\" content=\"8,50&nbsp;&euro; ( 8,50&nbsp;&euro; + Tax )\" \/>\n\t<meta name=\"twitter:label2\" content=\"Availability\" \/>\n\t<meta name=\"twitter:data2\" content=\"In stock\" \/>\n<script type=\"application\/ld+json\" class=\"yoast-schema-graph\">{\"@context\":\"https:\\\/\\\/schema.org\",\"@graph\":[{\"@type\":\"WebPage\",\"@id\":\"https:\\\/\\\/www.canna4bliss.com\\\/termek\\\/el-serum-de-vitamina-c-y-cbd-de-plant-of-life\\\/\",\"url\":\"https:\\\/\\\/www.canna4bliss.com\\\/termek\\\/el-serum-de-vitamina-c-y-cbd-de-plant-of-life\\\/\",\"name\":\"El S\u00e9rum de Vitamina C y CBD de Plant of Life - Canna4blisS\",\"isPartOf\":{\"@id\":\"https:\\\/\\\/www.canna4bliss.com\\\/#website\"},\"primaryImageOfPage\":{\"@id\":\"https:\\\/\\\/www.canna4bliss.com\\\/termek\\\/el-serum-de-vitamina-c-y-cbd-de-plant-of-life\\\/#primaryimage\"},\"image\":{\"@id\":\"https:\\\/\\\/www.canna4bliss.com\\\/termek\\\/el-serum-de-vitamina-c-y-cbd-de-plant-of-life\\\/#primaryimage\"},\"thumbnailUrl\":\"https:\\\/\\\/www.canna4bliss.com\\\/wp-content\\\/uploads\\\/2024\\\/11\\\/vitamin-c-serum-cbd-30ml.webp\",\"datePublished\":\"2024-11-10T12:39:33+00:00\",\"dateModified\":\"2024-11-22T13:20:52+00:00\",\"breadcrumb\":{\"@id\":\"https:\\\/\\\/www.canna4bliss.com\\\/termek\\\/el-serum-de-vitamina-c-y-cbd-de-plant-of-life\\\/#breadcrumb\"},\"inLanguage\":\"en-GB\",\"potentialAction\":[{\"@type\":\"ReadAction\",\"target\":[\"https:\\\/\\\/www.canna4bliss.com\\\/termek\\\/el-serum-de-vitamina-c-y-cbd-de-plant-of-life\\\/\"]}]},{\"@type\":\"ImageObject\",\"inLanguage\":\"en-GB\",\"@id\":\"https:\\\/\\\/www.canna4bliss.com\\\/termek\\\/el-serum-de-vitamina-c-y-cbd-de-plant-of-life\\\/#primaryimage\",\"url\":\"https:\\\/\\\/www.canna4bliss.com\\\/wp-content\\\/uploads\\\/2024\\\/11\\\/vitamin-c-serum-cbd-30ml.webp\",\"contentUrl\":\"https:\\\/\\\/www.canna4bliss.com\\\/wp-content\\\/uploads\\\/2024\\\/11\\\/vitamin-c-serum-cbd-30ml.webp\",\"width\":800,\"height\":800,\"caption\":\"El S\u00e9rum de Vitamina C y CBD de Plant of Life\"},{\"@type\":\"BreadcrumbList\",\"@id\":\"https:\\\/\\\/www.canna4bliss.com\\\/termek\\\/el-serum-de-vitamina-c-y-cbd-de-plant-of-life\\\/#breadcrumb\",\"itemListElement\":[{\"@type\":\"ListItem\",\"position\":1,\"name\":\"Kezd\u0151lap\",\"item\":\"https:\\\/\\\/www.canna4bliss.com\\\/\"},{\"@type\":\"ListItem\",\"position\":2,\"name\":\"Shop\",\"item\":\"https:\\\/\\\/www.canna4bliss.com\\\/shop\\\/\"},{\"@type\":\"ListItem\",\"position\":3,\"name\":\"El S\u00e9rum de Vitamina C y CBD de Plant of Life\"}]},{\"@type\":\"WebSite\",\"@id\":\"https:\\\/\\\/www.canna4bliss.com\\\/#website\",\"url\":\"https:\\\/\\\/www.canna4bliss.com\\\/\",\"name\":\"Canna4blisS\",\"description\":\"Discover the power of CBD\",\"publisher\":{\"@id\":\"https:\\\/\\\/www.canna4bliss.com\\\/#organization\"},\"potentialAction\":[{\"@type\":\"SearchAction\",\"target\":{\"@type\":\"EntryPoint\",\"urlTemplate\":\"https:\\\/\\\/www.canna4bliss.com\\\/?s={search_term_string}\"},\"query-input\":{\"@type\":\"PropertyValueSpecification\",\"valueRequired\":true,\"valueName\":\"search_term_string\"}}],\"inLanguage\":\"en-GB\"},{\"@type\":\"Organization\",\"@id\":\"https:\\\/\\\/www.canna4bliss.com\\\/#organization\",\"name\":\"Canna4blisS\",\"url\":\"https:\\\/\\\/www.canna4bliss.com\\\/\",\"logo\":{\"@type\":\"ImageObject\",\"inLanguage\":\"en-GB\",\"@id\":\"https:\\\/\\\/www.canna4bliss.com\\\/#\\\/schema\\\/logo\\\/image\\\/\",\"url\":\"https:\\\/\\\/www.canna4bliss.com\\\/wp-content\\\/uploads\\\/2024\\\/09\\\/logo2.avif\",\"contentUrl\":\"https:\\\/\\\/www.canna4bliss.com\\\/wp-content\\\/uploads\\\/2024\\\/09\\\/logo2.avif\",\"width\":700,\"height\":282,\"caption\":\"Canna4blisS\"},\"image\":{\"@id\":\"https:\\\/\\\/www.canna4bliss.com\\\/#\\\/schema\\\/logo\\\/image\\\/\"},\"sameAs\":[\"https:\\\/\\\/www.facebook.com\\\/profile.php?id=61552127379853\"],\"hasMerchantReturnPolicy\":{\"@type\":\"MerchantReturnPolicy\",\"merchantReturnLink\":\"https:\\\/\\\/www.canna4bliss.com\\\/en\\\/politica-de-privacidad-2\\\/\"}}]}<\/script>\n<meta property=\"product:price:amount\" content=\"8.50\" \/>\n<meta property=\"product:price:currency\" content=\"EUR\" \/>\n<meta property=\"og:availability\" content=\"instock\" \/>\n<meta property=\"product:availability\" content=\"instock\" \/>\n<meta property=\"product:condition\" content=\"new\" \/>\n<!-- \/ Yoast SEO Premium plugin. -->","yoast_head_json":{"title":"Plant of Life Vitamin C and CBD Serum - Canna4blisS","robots":{"index":"index","follow":"follow","max-snippet":"max-snippet:-1","max-image-preview":"max-image-preview:large","max-video-preview":"max-video-preview:-1"},"canonical":"https:\/\/www.canna4bliss.com\/en\/termek\/plant-of-life-vitamin-c-and-cbd-serum\/","og_locale":"en_GB","og_type":"article","og_title":"El S\u00e9rum de Vitamina C y CBD de Plant of Life","og_description":"El S\u00e9rum de Vitamina C y CBD de Plant of Life es un producto de cuidado de la piel de 30 ml, que contiene un 1% de vitamina C y 300 mg de CBD. Este s\u00e9rum es rico en antioxidantes y cannabinoides, y est\u00e1 dise\u00f1ado para mejorar la elasticidad de la piel, reducir las l\u00edneas finas y revitalizar el cutis.","og_url":"https:\/\/www.canna4bliss.com\/en\/termek\/plant-of-life-vitamin-c-and-cbd-serum\/","og_site_name":"Canna4blisS","article_publisher":"https:\/\/www.facebook.com\/profile.php?id=61552127379853","article_modified_time":"2024-11-22T13:20:52+00:00","og_image":[{"width":800,"height":800,"url":"https:\/\/www.canna4bliss.com\/wp-content\/uploads\/2024\/11\/vitamin-c-serum-cbd-30ml.webp","type":"image\/webp"}],"twitter_card":"summary_large_image","twitter_misc":{"Price":"8,50&nbsp;&euro; ( 8,50&nbsp;&euro; + Tax )","Availability":"In stock"},"schema":{"@context":"https:\/\/schema.org","@graph":[{"@type":"WebPage","@id":"https:\/\/www.canna4bliss.com\/termek\/el-serum-de-vitamina-c-y-cbd-de-plant-of-life\/","url":"https:\/\/www.canna4bliss.com\/termek\/el-serum-de-vitamina-c-y-cbd-de-plant-of-life\/","name":"Plant of Life Vitamin C and CBD Serum - Canna4blisS","isPartOf":{"@id":"https:\/\/www.canna4bliss.com\/#website"},"primaryImageOfPage":{"@id":"https:\/\/www.canna4bliss.com\/termek\/el-serum-de-vitamina-c-y-cbd-de-plant-of-life\/#primaryimage"},"image":{"@id":"https:\/\/www.canna4bliss.com\/termek\/el-serum-de-vitamina-c-y-cbd-de-plant-of-life\/#primaryimage"},"thumbnailUrl":"https:\/\/www.canna4bliss.com\/wp-content\/uploads\/2024\/11\/vitamin-c-serum-cbd-30ml.webp","datePublished":"2024-11-10T12:39:33+00:00","dateModified":"2024-11-22T13:20:52+00:00","breadcrumb":{"@id":"https:\/\/www.canna4bliss.com\/termek\/el-serum-de-vitamina-c-y-cbd-de-plant-of-life\/#breadcrumb"},"inLanguage":"en-GB","potentialAction":[{"@type":"ReadAction","target":["https:\/\/www.canna4bliss.com\/termek\/el-serum-de-vitamina-c-y-cbd-de-plant-of-life\/"]}]},{"@type":"ImageObject","inLanguage":"en-GB","@id":"https:\/\/www.canna4bliss.com\/termek\/el-serum-de-vitamina-c-y-cbd-de-plant-of-life\/#primaryimage","url":"https:\/\/www.canna4bliss.com\/wp-content\/uploads\/2024\/11\/vitamin-c-serum-cbd-30ml.webp","contentUrl":"https:\/\/www.canna4bliss.com\/wp-content\/uploads\/2024\/11\/vitamin-c-serum-cbd-30ml.webp","width":800,"height":800,"caption":"El S\u00e9rum de Vitamina C y CBD de Plant of Life"},{"@type":"BreadcrumbList","@id":"https:\/\/www.canna4bliss.com\/termek\/el-serum-de-vitamina-c-y-cbd-de-plant-of-life\/#breadcrumb","itemListElement":[{"@type":"ListItem","position":1,"name":"Kezd\u0151lap","item":"https:\/\/www.canna4bliss.com\/"},{"@type":"ListItem","position":2,"name":"Shop","item":"https:\/\/www.canna4bliss.com\/shop\/"},{"@type":"ListItem","position":3,"name":"El S\u00e9rum de Vitamina C y CBD de Plant of Life"}]},{"@type":"WebSite","@id":"https:\/\/www.canna4bliss.com\/#website","url":"https:\/\/www.canna4bliss.com\/","name":"Canna4blisS","description":"Discover the power of CBD","publisher":{"@id":"https:\/\/www.canna4bliss.com\/#organization"},"potentialAction":[{"@type":"SearchAction","target":{"@type":"EntryPoint","urlTemplate":"https:\/\/www.canna4bliss.com\/?s={search_term_string}"},"query-input":{"@type":"PropertyValueSpecification","valueRequired":true,"valueName":"search_term_string"}}],"inLanguage":"en-GB"},{"@type":"Organization","@id":"https:\/\/www.canna4bliss.com\/#organization","name":"Canna4blisS","url":"https:\/\/www.canna4bliss.com\/","logo":{"@type":"ImageObject","inLanguage":"en-GB","@id":"https:\/\/www.canna4bliss.com\/#\/schema\/logo\/image\/","url":"https:\/\/www.canna4bliss.com\/wp-content\/uploads\/2024\/09\/logo2.avif","contentUrl":"https:\/\/www.canna4bliss.com\/wp-content\/uploads\/2024\/09\/logo2.avif","width":700,"height":282,"caption":"Canna4blisS"},"image":{"@id":"https:\/\/www.canna4bliss.com\/#\/schema\/logo\/image\/"},"sameAs":["https:\/\/www.facebook.com\/profile.php?id=61552127379853"],"hasMerchantReturnPolicy":{"@type":"MerchantReturnPolicy","merchantReturnLink":"https:\/\/www.canna4bliss.com\/en\/politica-de-privacidad-2\/"}}]},"product_price_amount":"8.50","product_price_currency":"EUR","og_availability":"instock","product_availability":"instock","product_condition":"new"},"_links":{"self":[{"href":"https:\/\/www.canna4bliss.com\/en\/wp-json\/wp\/v2\/product\/1535","targetHints":{"allow":["GET"]}}],"collection":[{"href":"https:\/\/www.canna4bliss.com\/en\/wp-json\/wp\/v2\/product"}],"about":[{"href":"https:\/\/www.canna4bliss.com\/en\/wp-json\/wp\/v2\/types\/product"}],"replies":[{"embeddable":true,"href":"https:\/\/www.canna4bliss.com\/en\/wp-json\/wp\/v2\/comments?post=1535"}],"wp:featuredmedia":[{"embeddable":true,"href":"https:\/\/www.canna4bliss.com\/en\/wp-json\/wp\/v2\/media\/1536"}],"wp:attachment":[{"href":"https:\/\/www.canna4bliss.com\/en\/wp-json\/wp\/v2\/media?parent=1535"}],"wp:term":[{"taxonomy":"product_brand","embeddable":true,"href":"https:\/\/www.canna4bliss.com\/en\/wp-json\/wp\/v2\/product_brand?post=1535"},{"taxonomy":"product_cat","embeddable":true,"href":"https:\/\/www.canna4bliss.com\/en\/wp-json\/wp\/v2\/product_cat?post=1535"},{"taxonomy":"product_tag","embeddable":true,"href":"https:\/\/www.canna4bliss.com\/en\/wp-json\/wp\/v2\/product_tag?post=1535"}],"curies":[{"name":"wp","href":"https:\/\/api.w.org\/{rel}","templated":true}]}}