{"id":1464,"date":"2024-10-01T03:37:27","date_gmt":"2024-10-01T03:37:27","guid":{"rendered":"https:\/\/canna4bliss.replastik.hu\/?post_type=product&#038;p=1464"},"modified":"2024-11-22T13:20:52","modified_gmt":"2024-11-22T13:20:52","slug":"coconut-oil-with-cbd-40-10-ml","status":"publish","type":"product","link":"https:\/\/www.canna4bliss.com\/en\/termek\/aceite-de-coco-con-cbd-40-10-ml\/","title":{"rendered":"COCONUT OIL WITH CBD 40% 10 ML"},"content":{"rendered":"","protected":false},"excerpt":{"rendered":"<p>Discover the power of Plant of Life's Full Spectrum CBD Oil 40%, enriched with Coconut MCT Oil. This potent and natural oil contains 4000mg of CBD in 10ml, offering 20mg of CBD per drop over 200 drops, providing wellness and superior quality with every use.<\/p>\n<p>Our natural formula is free of preservatives and chemical agents, promoting a healthy lifestyle with the integrity of Cannabis Sativa L. extract.<\/p>","protected":false},"featured_media":1465,"comment_status":"open","ping_status":"closed","template":"","meta":{"site-sidebar-layout":"default","site-content-layout":"","ast-site-content-layout":"default","site-content-style":"default","site-sidebar-style":"default","ast-global-header-display":"","ast-banner-title-visibility":"","ast-main-header-display":"","ast-hfb-above-header-display":"","ast-hfb-below-header-display":"","ast-hfb-mobile-header-display":"","site-post-title":"","ast-breadcrumbs-content":"","ast-featured-img":"","footer-sml-layout":"","ast-disable-related-posts":"","theme-transparent-header-meta":"default","adv-header-id-meta":"","stick-header-meta":"","header-above-stick-meta":"","header-main-stick-meta":"","header-below-stick-meta":"","astra-migrate-meta-layouts":"set","ast-page-background-enabled":"default","ast-page-background-meta":{"desktop":{"background-color":"","background-image":"","background-repeat":"repeat","background-position":"center center","background-size":"auto","background-attachment":"scroll","background-type":"","background-media":"","overlay-type":"","overlay-color":"","overlay-opacity":"","overlay-gradient":""},"tablet":{"background-color":"","background-image":"","background-repeat":"repeat","background-position":"center center","background-size":"auto","background-attachment":"scroll","background-type":"","background-media":"","overlay-type":"","overlay-color":"","overlay-opacity":"","overlay-gradient":""},"mobile":{"background-color":"","background-image":"","background-repeat":"repeat","background-position":"center center","background-size":"auto","background-attachment":"scroll","background-type":"","background-media":"","overlay-type":"","overlay-color":"","overlay-opacity":"","overlay-gradient":""}},"ast-content-background-meta":{"desktop":{"background-color":"var(--ast-global-color-5)","background-image":"","background-repeat":"repeat","background-position":"center center","background-size":"auto","background-attachment":"scroll","background-type":"","background-media":"","overlay-type":"","overlay-color":"","overlay-opacity":"","overlay-gradient":""},"tablet":{"background-color":"var(--ast-global-color-5)","background-image":"","background-repeat":"repeat","background-position":"center center","background-size":"auto","background-attachment":"scroll","background-type":"","background-media":"","overlay-type":"","overlay-color":"","overlay-opacity":"","overlay-gradient":""},"mobile":{"background-color":"var(--ast-global-color-5)","background-image":"","background-repeat":"repeat","background-position":"center center","background-size":"auto","background-attachment":"scroll","background-type":"","background-media":"","overlay-type":"","overlay-color":"","overlay-opacity":"","overlay-gradient":""}}},"product_brand":[],"product_cat":[56],"product_tag":[138],"class_list":{"0":"post-1464","1":"product","2":"type-product","3":"status-publish","4":"has-post-thumbnail","6":"product_cat-cbd-cbg-oil-full-spectrum-cbd","7":"product_tag-aceite-de-coco-con-cbd-40-10-ml","8":"desktop-align-left","9":"tablet-align-left","10":"mobile-align-left","11":"ast-product-gallery-layout-horizontal-slider","12":"ast-product-tabs-layout-horizontal","13":"ast-qv-on-image","15":"first","16":"instock","17":"taxable","18":"shipping-taxable","19":"purchasable","20":"product-type-simple"},"yoast_head":"<!-- This site is optimized with the Yoast SEO Premium plugin v27.5 (Yoast SEO v27.5) - https:\/\/yoast.com\/product\/yoast-seo-premium-wordpress\/ -->\n<title>ACEITE DE COCO CON CBD 40% 10 ML - Canna4blisS<\/title>\n<meta name=\"robots\" content=\"index, follow, max-snippet:-1, max-image-preview:large, max-video-preview:-1\" \/>\n<link rel=\"canonical\" href=\"https:\/\/www.canna4bliss.com\/en\/termek\/coconut-oil-with-cbd-40-10-ml\/\" \/>\n<meta property=\"og:locale\" content=\"en_GB\" \/>\n<meta property=\"og:type\" content=\"article\" \/>\n<meta property=\"og:title\" content=\"ACEITE DE COCO CON CBD 40% 10 ML\" \/>\n<meta property=\"og:description\" content=\"Descubre el poder del Aceite de CBD de Espectro Completo al 40% de Plant of Life, enriquecido con Aceite de Coco MCT. Este aceite potente y natural contiene 4000mg de CBD en 10ml, ofreciendo 20mg de CBD por gota a lo largo de 200 gotas, proporcionando bienestar y calidad superior con cada uso.  Nuestra f\u00f3rmula natural est\u00e1 libre de conservantes y agentes qu\u00edmicos, promoviendo un estilo de vida saludable con la integridad del extracto de Cannabis Sativa L.\" \/>\n<meta property=\"og:url\" content=\"https:\/\/www.canna4bliss.com\/en\/termek\/coconut-oil-with-cbd-40-10-ml\/\" \/>\n<meta property=\"og:site_name\" content=\"Canna4blisS\" \/>\n<meta property=\"article:publisher\" content=\"https:\/\/www.facebook.com\/profile.php?id=61552127379853\" \/>\n<meta property=\"article:modified_time\" content=\"2024-11-22T13:20:52+00:00\" \/>\n<meta property=\"og:image\" content=\"https:\/\/www.canna4bliss.com\/wp-content\/uploads\/2024\/10\/ACEITE-DE-COCO-CON-CBD-40-10-ML.jpg\" \/>\n\t<meta property=\"og:image:width\" content=\"800\" \/>\n\t<meta property=\"og:image:height\" content=\"800\" \/>\n\t<meta property=\"og:image:type\" content=\"image\/jpeg\" \/>\n<meta name=\"twitter:card\" content=\"summary_large_image\" \/>\n<meta name=\"twitter:label1\" content=\"Price\" \/>\n\t<meta name=\"twitter:data1\" content=\"48,00&nbsp;&euro; ( 48,00&nbsp;&euro; + Tax )\" \/>\n\t<meta name=\"twitter:label2\" content=\"Availability\" \/>\n\t<meta name=\"twitter:data2\" content=\"In stock\" \/>\n<script type=\"application\/ld+json\" class=\"yoast-schema-graph\">{\"@context\":\"https:\\\/\\\/schema.org\",\"@graph\":[{\"@type\":\"WebPage\",\"@id\":\"https:\\\/\\\/www.canna4bliss.com\\\/termek\\\/aceite-de-coco-con-cbd-40-10-ml\\\/\",\"url\":\"https:\\\/\\\/www.canna4bliss.com\\\/termek\\\/aceite-de-coco-con-cbd-40-10-ml\\\/\",\"name\":\"ACEITE DE COCO CON CBD 40% 10 ML - Canna4blisS\",\"isPartOf\":{\"@id\":\"https:\\\/\\\/www.canna4bliss.com\\\/#website\"},\"primaryImageOfPage\":{\"@id\":\"https:\\\/\\\/www.canna4bliss.com\\\/termek\\\/aceite-de-coco-con-cbd-40-10-ml\\\/#primaryimage\"},\"image\":{\"@id\":\"https:\\\/\\\/www.canna4bliss.com\\\/termek\\\/aceite-de-coco-con-cbd-40-10-ml\\\/#primaryimage\"},\"thumbnailUrl\":\"https:\\\/\\\/www.canna4bliss.com\\\/wp-content\\\/uploads\\\/2024\\\/10\\\/ACEITE-DE-COCO-CON-CBD-40-10-ML.jpg\",\"datePublished\":\"2024-10-01T03:37:27+00:00\",\"dateModified\":\"2024-11-22T13:20:52+00:00\",\"breadcrumb\":{\"@id\":\"https:\\\/\\\/www.canna4bliss.com\\\/termek\\\/aceite-de-coco-con-cbd-40-10-ml\\\/#breadcrumb\"},\"inLanguage\":\"en-GB\",\"potentialAction\":[{\"@type\":\"ReadAction\",\"target\":[\"https:\\\/\\\/www.canna4bliss.com\\\/termek\\\/aceite-de-coco-con-cbd-40-10-ml\\\/\"]}]},{\"@type\":\"ImageObject\",\"inLanguage\":\"en-GB\",\"@id\":\"https:\\\/\\\/www.canna4bliss.com\\\/termek\\\/aceite-de-coco-con-cbd-40-10-ml\\\/#primaryimage\",\"url\":\"https:\\\/\\\/www.canna4bliss.com\\\/wp-content\\\/uploads\\\/2024\\\/10\\\/ACEITE-DE-COCO-CON-CBD-40-10-ML.jpg\",\"contentUrl\":\"https:\\\/\\\/www.canna4bliss.com\\\/wp-content\\\/uploads\\\/2024\\\/10\\\/ACEITE-DE-COCO-CON-CBD-40-10-ML.jpg\",\"width\":800,\"height\":800,\"caption\":\"ACEITE DE COCO CON CBD 40% 10 ML\"},{\"@type\":\"BreadcrumbList\",\"@id\":\"https:\\\/\\\/www.canna4bliss.com\\\/termek\\\/aceite-de-coco-con-cbd-40-10-ml\\\/#breadcrumb\",\"itemListElement\":[{\"@type\":\"ListItem\",\"position\":1,\"name\":\"Kezd\u0151lap\",\"item\":\"https:\\\/\\\/www.canna4bliss.com\\\/\"},{\"@type\":\"ListItem\",\"position\":2,\"name\":\"Shop\",\"item\":\"https:\\\/\\\/www.canna4bliss.com\\\/shop\\\/\"},{\"@type\":\"ListItem\",\"position\":3,\"name\":\"ACEITE DE COCO CON CBD 40% 10 ML\"}]},{\"@type\":\"WebSite\",\"@id\":\"https:\\\/\\\/www.canna4bliss.com\\\/#website\",\"url\":\"https:\\\/\\\/www.canna4bliss.com\\\/\",\"name\":\"Canna4blisS\",\"description\":\"Discover the power of CBD\",\"publisher\":{\"@id\":\"https:\\\/\\\/www.canna4bliss.com\\\/#organization\"},\"potentialAction\":[{\"@type\":\"SearchAction\",\"target\":{\"@type\":\"EntryPoint\",\"urlTemplate\":\"https:\\\/\\\/www.canna4bliss.com\\\/?s={search_term_string}\"},\"query-input\":{\"@type\":\"PropertyValueSpecification\",\"valueRequired\":true,\"valueName\":\"search_term_string\"}}],\"inLanguage\":\"en-GB\"},{\"@type\":\"Organization\",\"@id\":\"https:\\\/\\\/www.canna4bliss.com\\\/#organization\",\"name\":\"Canna4blisS\",\"url\":\"https:\\\/\\\/www.canna4bliss.com\\\/\",\"logo\":{\"@type\":\"ImageObject\",\"inLanguage\":\"en-GB\",\"@id\":\"https:\\\/\\\/www.canna4bliss.com\\\/#\\\/schema\\\/logo\\\/image\\\/\",\"url\":\"https:\\\/\\\/www.canna4bliss.com\\\/wp-content\\\/uploads\\\/2024\\\/09\\\/logo2.avif\",\"contentUrl\":\"https:\\\/\\\/www.canna4bliss.com\\\/wp-content\\\/uploads\\\/2024\\\/09\\\/logo2.avif\",\"width\":700,\"height\":282,\"caption\":\"Canna4blisS\"},\"image\":{\"@id\":\"https:\\\/\\\/www.canna4bliss.com\\\/#\\\/schema\\\/logo\\\/image\\\/\"},\"sameAs\":[\"https:\\\/\\\/www.facebook.com\\\/profile.php?id=61552127379853\"],\"hasMerchantReturnPolicy\":{\"@type\":\"MerchantReturnPolicy\",\"merchantReturnLink\":\"https:\\\/\\\/www.canna4bliss.com\\\/en\\\/politica-de-privacidad-2\\\/\"}}]}<\/script>\n<meta property=\"product:price:amount\" content=\"48.00\" \/>\n<meta property=\"product:price:currency\" content=\"EUR\" \/>\n<meta property=\"og:availability\" content=\"instock\" \/>\n<meta property=\"product:availability\" content=\"instock\" \/>\n<meta property=\"product:condition\" content=\"new\" \/>\n<!-- \/ Yoast SEO Premium plugin. -->","yoast_head_json":{"title":"COCONUT OIL WITH CBD 40% 10 ML - Canna4blisS","robots":{"index":"index","follow":"follow","max-snippet":"max-snippet:-1","max-image-preview":"max-image-preview:large","max-video-preview":"max-video-preview:-1"},"canonical":"https:\/\/www.canna4bliss.com\/en\/termek\/coconut-oil-with-cbd-40-10-ml\/","og_locale":"en_GB","og_type":"article","og_title":"ACEITE DE COCO CON CBD 40% 10 ML","og_description":"Descubre el poder del Aceite de CBD de Espectro Completo al 40% de Plant of Life, enriquecido con Aceite de Coco MCT. Este aceite potente y natural contiene 4000mg de CBD en 10ml, ofreciendo 20mg de CBD por gota a lo largo de 200 gotas, proporcionando bienestar y calidad superior con cada uso.  Nuestra f\u00f3rmula natural est\u00e1 libre de conservantes y agentes qu\u00edmicos, promoviendo un estilo de vida saludable con la integridad del extracto de Cannabis Sativa L.","og_url":"https:\/\/www.canna4bliss.com\/en\/termek\/coconut-oil-with-cbd-40-10-ml\/","og_site_name":"Canna4blisS","article_publisher":"https:\/\/www.facebook.com\/profile.php?id=61552127379853","article_modified_time":"2024-11-22T13:20:52+00:00","og_image":[{"width":800,"height":800,"url":"https:\/\/www.canna4bliss.com\/wp-content\/uploads\/2024\/10\/ACEITE-DE-COCO-CON-CBD-40-10-ML.jpg","type":"image\/jpeg"}],"twitter_card":"summary_large_image","twitter_misc":{"Price":"48,00&nbsp;&euro; ( 48,00&nbsp;&euro; + Tax )","Availability":"In stock"},"schema":{"@context":"https:\/\/schema.org","@graph":[{"@type":"WebPage","@id":"https:\/\/www.canna4bliss.com\/termek\/aceite-de-coco-con-cbd-40-10-ml\/","url":"https:\/\/www.canna4bliss.com\/termek\/aceite-de-coco-con-cbd-40-10-ml\/","name":"COCONUT OIL WITH CBD 40% 10 ML - Canna4blisS","isPartOf":{"@id":"https:\/\/www.canna4bliss.com\/#website"},"primaryImageOfPage":{"@id":"https:\/\/www.canna4bliss.com\/termek\/aceite-de-coco-con-cbd-40-10-ml\/#primaryimage"},"image":{"@id":"https:\/\/www.canna4bliss.com\/termek\/aceite-de-coco-con-cbd-40-10-ml\/#primaryimage"},"thumbnailUrl":"https:\/\/www.canna4bliss.com\/wp-content\/uploads\/2024\/10\/ACEITE-DE-COCO-CON-CBD-40-10-ML.jpg","datePublished":"2024-10-01T03:37:27+00:00","dateModified":"2024-11-22T13:20:52+00:00","breadcrumb":{"@id":"https:\/\/www.canna4bliss.com\/termek\/aceite-de-coco-con-cbd-40-10-ml\/#breadcrumb"},"inLanguage":"en-GB","potentialAction":[{"@type":"ReadAction","target":["https:\/\/www.canna4bliss.com\/termek\/aceite-de-coco-con-cbd-40-10-ml\/"]}]},{"@type":"ImageObject","inLanguage":"en-GB","@id":"https:\/\/www.canna4bliss.com\/termek\/aceite-de-coco-con-cbd-40-10-ml\/#primaryimage","url":"https:\/\/www.canna4bliss.com\/wp-content\/uploads\/2024\/10\/ACEITE-DE-COCO-CON-CBD-40-10-ML.jpg","contentUrl":"https:\/\/www.canna4bliss.com\/wp-content\/uploads\/2024\/10\/ACEITE-DE-COCO-CON-CBD-40-10-ML.jpg","width":800,"height":800,"caption":"ACEITE DE COCO CON CBD 40% 10 ML"},{"@type":"BreadcrumbList","@id":"https:\/\/www.canna4bliss.com\/termek\/aceite-de-coco-con-cbd-40-10-ml\/#breadcrumb","itemListElement":[{"@type":"ListItem","position":1,"name":"Kezd\u0151lap","item":"https:\/\/www.canna4bliss.com\/"},{"@type":"ListItem","position":2,"name":"Shop","item":"https:\/\/www.canna4bliss.com\/shop\/"},{"@type":"ListItem","position":3,"name":"ACEITE DE COCO CON CBD 40% 10 ML"}]},{"@type":"WebSite","@id":"https:\/\/www.canna4bliss.com\/#website","url":"https:\/\/www.canna4bliss.com\/","name":"Canna4blisS","description":"Discover the power of CBD","publisher":{"@id":"https:\/\/www.canna4bliss.com\/#organization"},"potentialAction":[{"@type":"SearchAction","target":{"@type":"EntryPoint","urlTemplate":"https:\/\/www.canna4bliss.com\/?s={search_term_string}"},"query-input":{"@type":"PropertyValueSpecification","valueRequired":true,"valueName":"search_term_string"}}],"inLanguage":"en-GB"},{"@type":"Organization","@id":"https:\/\/www.canna4bliss.com\/#organization","name":"Canna4blisS","url":"https:\/\/www.canna4bliss.com\/","logo":{"@type":"ImageObject","inLanguage":"en-GB","@id":"https:\/\/www.canna4bliss.com\/#\/schema\/logo\/image\/","url":"https:\/\/www.canna4bliss.com\/wp-content\/uploads\/2024\/09\/logo2.avif","contentUrl":"https:\/\/www.canna4bliss.com\/wp-content\/uploads\/2024\/09\/logo2.avif","width":700,"height":282,"caption":"Canna4blisS"},"image":{"@id":"https:\/\/www.canna4bliss.com\/#\/schema\/logo\/image\/"},"sameAs":["https:\/\/www.facebook.com\/profile.php?id=61552127379853"],"hasMerchantReturnPolicy":{"@type":"MerchantReturnPolicy","merchantReturnLink":"https:\/\/www.canna4bliss.com\/en\/politica-de-privacidad-2\/"}}]},"product_price_amount":"48.00","product_price_currency":"EUR","og_availability":"instock","product_availability":"instock","product_condition":"new"},"_links":{"self":[{"href":"https:\/\/www.canna4bliss.com\/en\/wp-json\/wp\/v2\/product\/1464","targetHints":{"allow":["GET"]}}],"collection":[{"href":"https:\/\/www.canna4bliss.com\/en\/wp-json\/wp\/v2\/product"}],"about":[{"href":"https:\/\/www.canna4bliss.com\/en\/wp-json\/wp\/v2\/types\/product"}],"replies":[{"embeddable":true,"href":"https:\/\/www.canna4bliss.com\/en\/wp-json\/wp\/v2\/comments?post=1464"}],"wp:featuredmedia":[{"embeddable":true,"href":"https:\/\/www.canna4bliss.com\/en\/wp-json\/wp\/v2\/media\/1465"}],"wp:attachment":[{"href":"https:\/\/www.canna4bliss.com\/en\/wp-json\/wp\/v2\/media?parent=1464"}],"wp:term":[{"taxonomy":"product_brand","embeddable":true,"href":"https:\/\/www.canna4bliss.com\/en\/wp-json\/wp\/v2\/product_brand?post=1464"},{"taxonomy":"product_cat","embeddable":true,"href":"https:\/\/www.canna4bliss.com\/en\/wp-json\/wp\/v2\/product_cat?post=1464"},{"taxonomy":"product_tag","embeddable":true,"href":"https:\/\/www.canna4bliss.com\/en\/wp-json\/wp\/v2\/product_tag?post=1464"}],"curies":[{"name":"wp","href":"https:\/\/api.w.org\/{rel}","templated":true}]}}