{"id":1324,"date":"2024-09-28T08:21:55","date_gmt":"2024-09-28T08:21:55","guid":{"rendered":"https:\/\/canna4bliss.replastik.hu\/?post_type=product&#038;p=1324"},"modified":"2024-12-11T05:18:44","modified_gmt":"2024-12-11T05:18:44","slug":"pets-repair-stick-360-mg-cbd","status":"publish","type":"product","link":"https:\/\/www.canna4bliss.com\/en\/termek\/pets-stick-reparador-360-mg-cbd\/","title":{"rendered":"PETS STICK REPAIRER 360 mg CBD"},"content":{"rendered":"<p>Our balm is perfect for dogs, cats and other pets, and its stick format makes it easy to apply, providing long-lasting relief. Simply apply a small amount of balm to the affected area and gently massage into your pet's skin. The balm absorbs quickly, leaving your pet's coat looking and feeling healthy, moisturised and refreshed.<\/p>\n<p>Keep your furry friend comfortable and happy with our Pet Repair Balm Cream Stick. It's a must-have for any pet owner looking to repair and moisturise their pet's dry, irritated skin. The stick format is easy to use, making it perfect for pets on the move, and ideal for hard to reach areas of your pet's body.<\/p>\n<p>100% natural balm with repairing and healing action. Suitable for damaged areas.<\/p>\n<p>How to use:<br \/>\n-Apply to the Nuisance Zone.<br \/>\n-Massage until completely absorbed.<\/p>\n<p>Warning:<br \/>\n-Avoid the eye area.<br \/>\n-Don't swallow it.<br \/>\n-Keep out of the reach of children.<br \/>\n-Do not apply to intimate areas or mucous membranes.<br \/>\n-Apply to Body Area Only.<\/p>","protected":false},"excerpt":{"rendered":"<p>Cbd Repairing Balm Pet Cream in a handy stick format! This specially formulated balm is designed to provide intense hydration and repair dry, chapped or irritated pet skin. Made with all-natural ingredients such as Ricinus Communis seed oil, Oryza Sativa bran wax, Helianthus Annuus seed oil, cannabidiol and more. It is free from harsh chemicals and fragrances that can irritate sensitive pet skin.<\/p>","protected":false},"featured_media":1325,"comment_status":"open","ping_status":"closed","template":"","meta":{"site-sidebar-layout":"default","site-content-layout":"","ast-site-content-layout":"default","site-content-style":"default","site-sidebar-style":"default","ast-global-header-display":"","ast-banner-title-visibility":"","ast-main-header-display":"","ast-hfb-above-header-display":"","ast-hfb-below-header-display":"","ast-hfb-mobile-header-display":"","site-post-title":"","ast-breadcrumbs-content":"","ast-featured-img":"","footer-sml-layout":"","ast-disable-related-posts":"","theme-transparent-header-meta":"default","adv-header-id-meta":"","stick-header-meta":"","header-above-stick-meta":"","header-main-stick-meta":"","header-below-stick-meta":"","astra-migrate-meta-layouts":"set","ast-page-background-enabled":"default","ast-page-background-meta":{"desktop":{"background-color":"","background-image":"","background-repeat":"repeat","background-position":"center center","background-size":"auto","background-attachment":"scroll","background-type":"","background-media":"","overlay-type":"","overlay-color":"","overlay-opacity":"","overlay-gradient":""},"tablet":{"background-color":"","background-image":"","background-repeat":"repeat","background-position":"center center","background-size":"auto","background-attachment":"scroll","background-type":"","background-media":"","overlay-type":"","overlay-color":"","overlay-opacity":"","overlay-gradient":""},"mobile":{"background-color":"","background-image":"","background-repeat":"repeat","background-position":"center center","background-size":"auto","background-attachment":"scroll","background-type":"","background-media":"","overlay-type":"","overlay-color":"","overlay-opacity":"","overlay-gradient":""}},"ast-content-background-meta":{"desktop":{"background-color":"var(--ast-global-color-5)","background-image":"","background-repeat":"repeat","background-position":"center center","background-size":"auto","background-attachment":"scroll","background-type":"","background-media":"","overlay-type":"","overlay-color":"","overlay-opacity":"","overlay-gradient":""},"tablet":{"background-color":"var(--ast-global-color-5)","background-image":"","background-repeat":"repeat","background-position":"center center","background-size":"auto","background-attachment":"scroll","background-type":"","background-media":"","overlay-type":"","overlay-color":"","overlay-opacity":"","overlay-gradient":""},"mobile":{"background-color":"var(--ast-global-color-5)","background-image":"","background-repeat":"repeat","background-position":"center center","background-size":"auto","background-attachment":"scroll","background-type":"","background-media":"","overlay-type":"","overlay-color":"","overlay-opacity":"","overlay-gradient":""}}},"product_brand":[],"product_cat":[180],"product_tag":[183],"class_list":{"0":"post-1324","1":"product","2":"type-product","3":"status-publish","4":"has-post-thumbnail","6":"product_cat-pet-cbd","7":"product_tag-pets-stick-reparador-360-mg-cbd","8":"desktop-align-left","9":"tablet-align-left","10":"mobile-align-left","11":"ast-product-gallery-layout-horizontal-slider","12":"ast-product-gallery-with-no-image","13":"ast-product-tabs-layout-horizontal","14":"ast-qv-on-image","16":"first","17":"instock","18":"taxable","19":"shipping-taxable","20":"purchasable","21":"product-type-simple"},"yoast_head":"<!-- This site is optimized with the Yoast SEO Premium plugin v27.5 (Yoast SEO v27.5) - https:\/\/yoast.com\/product\/yoast-seo-premium-wordpress\/ -->\n<title>PETS STICK REPARADOR 360 mg CBD - Canna4blisS<\/title>\n<meta name=\"robots\" content=\"index, follow, max-snippet:-1, max-image-preview:large, max-video-preview:-1\" \/>\n<link rel=\"canonical\" href=\"https:\/\/www.canna4bliss.com\/en\/termek\/pets-repair-stick-360-mg-cbd\/\" \/>\n<meta property=\"og:locale\" content=\"en_GB\" \/>\n<meta property=\"og:type\" content=\"article\" \/>\n<meta property=\"og:title\" content=\"PETS STICK REPARADOR 360 mg CBD\" \/>\n<meta property=\"og:description\" content=\"Cbd Reparador b\u00e1lsamo Crema para mascotas en un pr\u00e1ctico formato de palo! Este b\u00e1lsamo especialmente formulado est\u00e1 dise\u00f1ado para proporcionar una hidrataci\u00f3n intensa y reparar la piel seca, agrietada o irritada de las mascotas. Fabricado con ingredientes totalmente naturales como el aceite de semilla de Ricinus Communis, la cera de salvado Oryza Sativa, el aceite de semilla de Helianthus Annuus, el cannabidiol y m\u00e1s. Est\u00e1 libre de productos qu\u00edmicos agresivos y fragancias que pueden irritar la piel sensible de las mascotas.\" \/>\n<meta property=\"og:url\" content=\"https:\/\/www.canna4bliss.com\/en\/termek\/pets-repair-stick-360-mg-cbd\/\" \/>\n<meta property=\"og:site_name\" content=\"Canna4blisS\" \/>\n<meta property=\"article:publisher\" content=\"https:\/\/www.facebook.com\/profile.php?id=61552127379853\" \/>\n<meta property=\"article:modified_time\" content=\"2024-12-11T05:18:44+00:00\" \/>\n<meta property=\"og:image\" content=\"https:\/\/www.canna4bliss.com\/wp-content\/uploads\/2024\/09\/PETS-STICK-REPARADOR-360-mg-CBD.webp\" \/>\n\t<meta property=\"og:image:width\" content=\"800\" \/>\n\t<meta property=\"og:image:height\" content=\"800\" \/>\n\t<meta property=\"og:image:type\" content=\"image\/webp\" \/>\n<meta name=\"twitter:card\" content=\"summary_large_image\" \/>\n<meta name=\"twitter:label1\" content=\"Price\" \/>\n\t<meta name=\"twitter:data1\" content=\"8,00&nbsp;&euro; ( 8,00&nbsp;&euro; + Tax )\" \/>\n\t<meta name=\"twitter:label2\" content=\"Availability\" \/>\n\t<meta name=\"twitter:data2\" content=\"In stock\" \/>\n<script type=\"application\/ld+json\" class=\"yoast-schema-graph\">{\"@context\":\"https:\\\/\\\/schema.org\",\"@graph\":[{\"@type\":\"WebPage\",\"@id\":\"https:\\\/\\\/www.canna4bliss.com\\\/termek\\\/pets-stick-reparador-360-mg-cbd\\\/\",\"url\":\"https:\\\/\\\/www.canna4bliss.com\\\/termek\\\/pets-stick-reparador-360-mg-cbd\\\/\",\"name\":\"PETS STICK REPARADOR 360 mg CBD - Canna4blisS\",\"isPartOf\":{\"@id\":\"https:\\\/\\\/www.canna4bliss.com\\\/#website\"},\"primaryImageOfPage\":{\"@id\":\"https:\\\/\\\/www.canna4bliss.com\\\/termek\\\/pets-stick-reparador-360-mg-cbd\\\/#primaryimage\"},\"image\":{\"@id\":\"https:\\\/\\\/www.canna4bliss.com\\\/termek\\\/pets-stick-reparador-360-mg-cbd\\\/#primaryimage\"},\"thumbnailUrl\":\"https:\\\/\\\/www.canna4bliss.com\\\/wp-content\\\/uploads\\\/2024\\\/09\\\/PETS-STICK-REPARADOR-360-mg-CBD.webp\",\"datePublished\":\"2024-09-28T08:21:55+00:00\",\"dateModified\":\"2024-12-11T05:18:44+00:00\",\"breadcrumb\":{\"@id\":\"https:\\\/\\\/www.canna4bliss.com\\\/termek\\\/pets-stick-reparador-360-mg-cbd\\\/#breadcrumb\"},\"inLanguage\":\"en-GB\",\"potentialAction\":[{\"@type\":\"ReadAction\",\"target\":[\"https:\\\/\\\/www.canna4bliss.com\\\/termek\\\/pets-stick-reparador-360-mg-cbd\\\/\"]}]},{\"@type\":\"ImageObject\",\"inLanguage\":\"en-GB\",\"@id\":\"https:\\\/\\\/www.canna4bliss.com\\\/termek\\\/pets-stick-reparador-360-mg-cbd\\\/#primaryimage\",\"url\":\"https:\\\/\\\/www.canna4bliss.com\\\/wp-content\\\/uploads\\\/2024\\\/09\\\/PETS-STICK-REPARADOR-360-mg-CBD.webp\",\"contentUrl\":\"https:\\\/\\\/www.canna4bliss.com\\\/wp-content\\\/uploads\\\/2024\\\/09\\\/PETS-STICK-REPARADOR-360-mg-CBD.webp\",\"width\":800,\"height\":800,\"caption\":\"PETS STICK REPARADOR 360 mg CBD\"},{\"@type\":\"BreadcrumbList\",\"@id\":\"https:\\\/\\\/www.canna4bliss.com\\\/termek\\\/pets-stick-reparador-360-mg-cbd\\\/#breadcrumb\",\"itemListElement\":[{\"@type\":\"ListItem\",\"position\":1,\"name\":\"Kezd\u0151lap\",\"item\":\"https:\\\/\\\/www.canna4bliss.com\\\/\"},{\"@type\":\"ListItem\",\"position\":2,\"name\":\"Shop\",\"item\":\"https:\\\/\\\/www.canna4bliss.com\\\/shop\\\/\"},{\"@type\":\"ListItem\",\"position\":3,\"name\":\"PETS STICK REPARADOR 360 mg CBD\"}]},{\"@type\":\"WebSite\",\"@id\":\"https:\\\/\\\/www.canna4bliss.com\\\/#website\",\"url\":\"https:\\\/\\\/www.canna4bliss.com\\\/\",\"name\":\"Canna4blisS\",\"description\":\"Discover the power of CBD\",\"publisher\":{\"@id\":\"https:\\\/\\\/www.canna4bliss.com\\\/#organization\"},\"potentialAction\":[{\"@type\":\"SearchAction\",\"target\":{\"@type\":\"EntryPoint\",\"urlTemplate\":\"https:\\\/\\\/www.canna4bliss.com\\\/?s={search_term_string}\"},\"query-input\":{\"@type\":\"PropertyValueSpecification\",\"valueRequired\":true,\"valueName\":\"search_term_string\"}}],\"inLanguage\":\"en-GB\"},{\"@type\":\"Organization\",\"@id\":\"https:\\\/\\\/www.canna4bliss.com\\\/#organization\",\"name\":\"Canna4blisS\",\"url\":\"https:\\\/\\\/www.canna4bliss.com\\\/\",\"logo\":{\"@type\":\"ImageObject\",\"inLanguage\":\"en-GB\",\"@id\":\"https:\\\/\\\/www.canna4bliss.com\\\/#\\\/schema\\\/logo\\\/image\\\/\",\"url\":\"https:\\\/\\\/www.canna4bliss.com\\\/wp-content\\\/uploads\\\/2024\\\/09\\\/logo2.avif\",\"contentUrl\":\"https:\\\/\\\/www.canna4bliss.com\\\/wp-content\\\/uploads\\\/2024\\\/09\\\/logo2.avif\",\"width\":700,\"height\":282,\"caption\":\"Canna4blisS\"},\"image\":{\"@id\":\"https:\\\/\\\/www.canna4bliss.com\\\/#\\\/schema\\\/logo\\\/image\\\/\"},\"sameAs\":[\"https:\\\/\\\/www.facebook.com\\\/profile.php?id=61552127379853\"],\"hasMerchantReturnPolicy\":{\"@type\":\"MerchantReturnPolicy\",\"merchantReturnLink\":\"https:\\\/\\\/www.canna4bliss.com\\\/en\\\/politica-de-privacidad-2\\\/\"}}]}<\/script>\n<meta property=\"product:price:amount\" content=\"8.00\" \/>\n<meta property=\"product:price:currency\" content=\"EUR\" \/>\n<meta property=\"og:availability\" content=\"instock\" \/>\n<meta property=\"product:availability\" content=\"instock\" \/>\n<meta property=\"product:condition\" content=\"new\" \/>\n<!-- \/ Yoast SEO Premium plugin. -->","yoast_head_json":{"title":"PETS STICK REPAIRER 360 mg CBD - Canna4blisS","robots":{"index":"index","follow":"follow","max-snippet":"max-snippet:-1","max-image-preview":"max-image-preview:large","max-video-preview":"max-video-preview:-1"},"canonical":"https:\/\/www.canna4bliss.com\/en\/termek\/pets-repair-stick-360-mg-cbd\/","og_locale":"en_GB","og_type":"article","og_title":"PETS STICK REPARADOR 360 mg CBD","og_description":"Cbd Reparador b\u00e1lsamo Crema para mascotas en un pr\u00e1ctico formato de palo! Este b\u00e1lsamo especialmente formulado est\u00e1 dise\u00f1ado para proporcionar una hidrataci\u00f3n intensa y reparar la piel seca, agrietada o irritada de las mascotas. Fabricado con ingredientes totalmente naturales como el aceite de semilla de Ricinus Communis, la cera de salvado Oryza Sativa, el aceite de semilla de Helianthus Annuus, el cannabidiol y m\u00e1s. Est\u00e1 libre de productos qu\u00edmicos agresivos y fragancias que pueden irritar la piel sensible de las mascotas.","og_url":"https:\/\/www.canna4bliss.com\/en\/termek\/pets-repair-stick-360-mg-cbd\/","og_site_name":"Canna4blisS","article_publisher":"https:\/\/www.facebook.com\/profile.php?id=61552127379853","article_modified_time":"2024-12-11T05:18:44+00:00","og_image":[{"width":800,"height":800,"url":"https:\/\/www.canna4bliss.com\/wp-content\/uploads\/2024\/09\/PETS-STICK-REPARADOR-360-mg-CBD.webp","type":"image\/webp"}],"twitter_card":"summary_large_image","twitter_misc":{"Price":"8,00&nbsp;&euro; ( 8,00&nbsp;&euro; + Tax )","Availability":"In stock"},"schema":{"@context":"https:\/\/schema.org","@graph":[{"@type":"WebPage","@id":"https:\/\/www.canna4bliss.com\/termek\/pets-stick-reparador-360-mg-cbd\/","url":"https:\/\/www.canna4bliss.com\/termek\/pets-stick-reparador-360-mg-cbd\/","name":"PETS STICK REPAIRER 360 mg CBD - Canna4blisS","isPartOf":{"@id":"https:\/\/www.canna4bliss.com\/#website"},"primaryImageOfPage":{"@id":"https:\/\/www.canna4bliss.com\/termek\/pets-stick-reparador-360-mg-cbd\/#primaryimage"},"image":{"@id":"https:\/\/www.canna4bliss.com\/termek\/pets-stick-reparador-360-mg-cbd\/#primaryimage"},"thumbnailUrl":"https:\/\/www.canna4bliss.com\/wp-content\/uploads\/2024\/09\/PETS-STICK-REPARADOR-360-mg-CBD.webp","datePublished":"2024-09-28T08:21:55+00:00","dateModified":"2024-12-11T05:18:44+00:00","breadcrumb":{"@id":"https:\/\/www.canna4bliss.com\/termek\/pets-stick-reparador-360-mg-cbd\/#breadcrumb"},"inLanguage":"en-GB","potentialAction":[{"@type":"ReadAction","target":["https:\/\/www.canna4bliss.com\/termek\/pets-stick-reparador-360-mg-cbd\/"]}]},{"@type":"ImageObject","inLanguage":"en-GB","@id":"https:\/\/www.canna4bliss.com\/termek\/pets-stick-reparador-360-mg-cbd\/#primaryimage","url":"https:\/\/www.canna4bliss.com\/wp-content\/uploads\/2024\/09\/PETS-STICK-REPARADOR-360-mg-CBD.webp","contentUrl":"https:\/\/www.canna4bliss.com\/wp-content\/uploads\/2024\/09\/PETS-STICK-REPARADOR-360-mg-CBD.webp","width":800,"height":800,"caption":"PETS STICK REPARADOR 360 mg CBD"},{"@type":"BreadcrumbList","@id":"https:\/\/www.canna4bliss.com\/termek\/pets-stick-reparador-360-mg-cbd\/#breadcrumb","itemListElement":[{"@type":"ListItem","position":1,"name":"Kezd\u0151lap","item":"https:\/\/www.canna4bliss.com\/"},{"@type":"ListItem","position":2,"name":"Shop","item":"https:\/\/www.canna4bliss.com\/shop\/"},{"@type":"ListItem","position":3,"name":"PETS STICK REPARADOR 360 mg CBD"}]},{"@type":"WebSite","@id":"https:\/\/www.canna4bliss.com\/#website","url":"https:\/\/www.canna4bliss.com\/","name":"Canna4blisS","description":"Discover the power of CBD","publisher":{"@id":"https:\/\/www.canna4bliss.com\/#organization"},"potentialAction":[{"@type":"SearchAction","target":{"@type":"EntryPoint","urlTemplate":"https:\/\/www.canna4bliss.com\/?s={search_term_string}"},"query-input":{"@type":"PropertyValueSpecification","valueRequired":true,"valueName":"search_term_string"}}],"inLanguage":"en-GB"},{"@type":"Organization","@id":"https:\/\/www.canna4bliss.com\/#organization","name":"Canna4blisS","url":"https:\/\/www.canna4bliss.com\/","logo":{"@type":"ImageObject","inLanguage":"en-GB","@id":"https:\/\/www.canna4bliss.com\/#\/schema\/logo\/image\/","url":"https:\/\/www.canna4bliss.com\/wp-content\/uploads\/2024\/09\/logo2.avif","contentUrl":"https:\/\/www.canna4bliss.com\/wp-content\/uploads\/2024\/09\/logo2.avif","width":700,"height":282,"caption":"Canna4blisS"},"image":{"@id":"https:\/\/www.canna4bliss.com\/#\/schema\/logo\/image\/"},"sameAs":["https:\/\/www.facebook.com\/profile.php?id=61552127379853"],"hasMerchantReturnPolicy":{"@type":"MerchantReturnPolicy","merchantReturnLink":"https:\/\/www.canna4bliss.com\/en\/politica-de-privacidad-2\/"}}]},"product_price_amount":"8.00","product_price_currency":"EUR","og_availability":"instock","product_availability":"instock","product_condition":"new"},"_links":{"self":[{"href":"https:\/\/www.canna4bliss.com\/en\/wp-json\/wp\/v2\/product\/1324","targetHints":{"allow":["GET"]}}],"collection":[{"href":"https:\/\/www.canna4bliss.com\/en\/wp-json\/wp\/v2\/product"}],"about":[{"href":"https:\/\/www.canna4bliss.com\/en\/wp-json\/wp\/v2\/types\/product"}],"replies":[{"embeddable":true,"href":"https:\/\/www.canna4bliss.com\/en\/wp-json\/wp\/v2\/comments?post=1324"}],"wp:featuredmedia":[{"embeddable":true,"href":"https:\/\/www.canna4bliss.com\/en\/wp-json\/wp\/v2\/media\/1325"}],"wp:attachment":[{"href":"https:\/\/www.canna4bliss.com\/en\/wp-json\/wp\/v2\/media?parent=1324"}],"wp:term":[{"taxonomy":"product_brand","embeddable":true,"href":"https:\/\/www.canna4bliss.com\/en\/wp-json\/wp\/v2\/product_brand?post=1324"},{"taxonomy":"product_cat","embeddable":true,"href":"https:\/\/www.canna4bliss.com\/en\/wp-json\/wp\/v2\/product_cat?post=1324"},{"taxonomy":"product_tag","embeddable":true,"href":"https:\/\/www.canna4bliss.com\/en\/wp-json\/wp\/v2\/product_tag?post=1324"}],"curies":[{"name":"wp","href":"https:\/\/api.w.org\/{rel}","templated":true}]}}