{"id":1939,"date":"2025-04-24T17:08:04","date_gmt":"2025-04-24T17:08:04","guid":{"rendered":"https:\/\/www.canna4bliss.com\/?page_id=1939"},"modified":"2025-07-08T16:26:05","modified_gmt":"2025-07-08T16:26:05","slug":"legal-notice-and-disclaimer","status":"publish","type":"page","link":"https:\/\/www.canna4bliss.com\/en\/aviso-legal-y-declaracion-de-responsabilidad\/","title":{"rendered":"Legal Notice and Disclaimer"},"content":{"rendered":"<div data-elementor-type=\"wp-page\" data-elementor-id=\"1939\" class=\"elementor elementor-1939\" data-elementor-post-type=\"page\">\n\t\t\t\t<div class=\"elementor-element elementor-element-3867baf e-flex e-con-boxed e-con e-parent\" data-id=\"3867baf\" data-element_type=\"container\" data-e-type=\"container\">\n\t\t\t\t\t<div class=\"e-con-inner\">\n\t\t\t\t<div class=\"elementor-element elementor-element-f7b6363 elementor-widget elementor-widget-heading\" data-id=\"f7b6363\" data-element_type=\"widget\" data-e-type=\"widget\" data-widget_type=\"heading.default\">\n\t\t\t\t<div class=\"elementor-widget-container\">\n\t\t\t\t\t<h1 class=\"elementor-heading-title elementor-size-default\">Legal Notice and Disclaimer<\/h1>\t\t\t\t<\/div>\n\t\t\t\t<\/div>\n\t\t\t\t<div class=\"elementor-element elementor-element-eab3221 elementor-widget elementor-widget-text-editor\" data-id=\"eab3221\" data-element_type=\"widget\" data-e-type=\"widget\" data-widget_type=\"text-editor.default\">\n\t\t\t\t<div class=\"elementor-widget-container\">\n\t\t\t\t\t\t\t\t\t<p>At Canna4Bliss, we are committed to offering products of the highest quality, with maximum transparency and complete information to our customers. Please read the following information carefully before purchasing or using our products. By using this website and making a purchase, you agree to the terms and conditions described here.<\/p>\t\t\t\t\t\t\t\t<\/div>\n\t\t\t\t<\/div>\n\t\t\t\t<div class=\"elementor-element elementor-element-1e7ee5e elementor-widget elementor-widget-heading\" data-id=\"1e7ee5e\" data-element_type=\"widget\" data-e-type=\"widget\" data-widget_type=\"heading.default\">\n\t\t\t\t<div class=\"elementor-widget-container\">\n\t\t\t\t\t<h2 class=\"elementor-heading-title elementor-size-default\">Product Information and Quality Assurance<\/h2>\t\t\t\t<\/div>\n\t\t\t\t<\/div>\n\t\t\t\t<div class=\"elementor-element elementor-element-c9aa5e0 elementor-widget elementor-widget-text-editor\" data-id=\"c9aa5e0\" data-element_type=\"widget\" data-e-type=\"widget\" data-widget_type=\"text-editor.default\">\n\t\t\t\t<div class=\"elementor-widget-container\">\n\t\t\t\t\t\t\t\t\t<p>We are proud to offer high quality products from verified sources.<\/p><ul><li><p><b>Legal Compliance:<\/b> All our products comply with the legislation in force in the European Union and Spain. The THC content of the hemp products we sell is guaranteed to be below the legal limit of 0.2%.<\/p><\/li><li><p><b>Transparency and Control:<\/b> We are committed to transparency. Our products are tested by independent third-party laboratories to ensure their purity and active ingredient content. Corresponding laboratory results are available upon request.<\/p><\/li><li><p><b>Ingredients:<\/b> The ingredients of our products come from carefully selected premium sources.<\/p><\/li><\/ul>\t\t\t\t\t\t\t\t<\/div>\n\t\t\t\t<\/div>\n\t\t\t\t<div class=\"elementor-element elementor-element-4953c23 elementor-widget elementor-widget-heading\" data-id=\"4953c23\" data-element_type=\"widget\" data-e-type=\"widget\" data-widget_type=\"heading.default\">\n\t\t\t\t<div class=\"elementor-widget-container\">\n\t\t\t\t\t<h2 class=\"elementor-heading-title elementor-size-default\">Health and Medical Disclaimer<\/h2>\t\t\t\t<\/div>\n\t\t\t\t<\/div>\n\t\t\t\t<div class=\"elementor-element elementor-element-1c70950 elementor-widget elementor-widget-text-editor\" data-id=\"1c70950\" data-element_type=\"widget\" data-e-type=\"widget\" data-widget_type=\"text-editor.default\">\n\t\t\t\t<div class=\"elementor-widget-container\">\n\t\t\t\t\t\t\t\t\t<p><b>Important Warning:<\/b> The information and products marketed on this website should not be considered medicines and are not a substitute for professional medical care.<\/p><ul><li><p><b>Non-Medical Products:<\/b> Our products are not intended to diagnose, treat, cure or prevent any disease. In case of any health problem, consult a qualified health professional without delay.<\/p><\/li><li><p><b>Informative character:<\/b> The articles, descriptions and other content published on this site are for informational and educational purposes only. The information contained herein does not constitute medical advice.<\/p><\/li><li><p><b>Need for Medical Consultation:<\/b> Before starting any new dietary supplement, including CBD products, always consult your doctor or pharmacist. This is especially important if you:<\/p><ul><li><p>are pregnant or breastfeeding,<\/p><\/li><li><p>is under regular medical treatment (especially with anticoagulants, antihypertensives, antidepressants, etc.),<\/p><\/li><li><p>or has a known chronic illness.<\/p><\/li><\/ul><\/li><li><p><b>They are not a substitute for a healthy lifestyle:<\/b> Our products are not a substitute for a varied and balanced diet and a healthy lifestyle.<\/p><\/li><\/ul>\t\t\t\t\t\t\t\t<\/div>\n\t\t\t\t<\/div>\n\t\t\t\t<div class=\"elementor-element elementor-element-1f0e58f elementor-widget elementor-widget-heading\" data-id=\"1f0e58f\" data-element_type=\"widget\" data-e-type=\"widget\" data-widget_type=\"heading.default\">\n\t\t\t\t<div class=\"elementor-widget-container\">\n\t\t\t\t\t<h2 class=\"elementor-heading-title elementor-size-default\">Responsibility and Proper Use<\/h2>\t\t\t\t<\/div>\n\t\t\t\t<\/div>\n\t\t\t\t<div class=\"elementor-element elementor-element-e790d86 elementor-widget elementor-widget-text-editor\" data-id=\"e790d86\" data-element_type=\"widget\" data-e-type=\"widget\" data-widget_type=\"text-editor.default\">\n\t\t\t\t<div class=\"elementor-widget-container\">\n\t\t\t\t\t\t\t\t\t<p>Canna4Bliss assumes no liability for the consequences of improper use of the products or lack of medical consultation as detailed above.<\/p><p>The use of the products is at the customer's own risk. Please always follow the instructions for use and the recommended dosage on the product label.<\/p><p>Keep out of reach of children and pets.<\/p><p><b>Age limit:<\/b> Our products may only be purchased and used by persons over 18 years of age.<\/p>\t\t\t\t\t\t\t\t<\/div>\n\t\t\t\t<\/div>\n\t\t\t\t\t<\/div>\n\t\t\t\t<\/div>\n\t\t<div class=\"elementor-element elementor-element-2ad2008 e-flex e-con-boxed e-con e-parent\" data-id=\"2ad2008\" data-element_type=\"container\" data-e-type=\"container\">\n\t\t\t\t\t<div class=\"e-con-inner\">\n\t\t\t\t<div class=\"elementor-element elementor-element-cca549b elementor-cta--layout-image-left elementor-cta--skin-classic elementor-animated-content elementor-bg-transform elementor-bg-transform-zoom-in elementor-widget elementor-widget-call-to-action\" data-id=\"cca549b\" data-element_type=\"widget\" data-e-type=\"widget\" data-widget_type=\"call-to-action.default\">\n\t\t\t\t<div class=\"elementor-widget-container\">\n\t\t\t\t\t\t\t<a class=\"elementor-cta\" href=\"https:\/\/www.canna4bliss.com\/en\/shop\/\">\n\t\t\t\t\t<div class=\"elementor-cta__bg-wrapper\">\n\t\t\t\t<div class=\"elementor-cta__bg elementor-bg\" style=\"background-image: url(https:\/\/www.canna4bliss.com\/wp-content\/uploads\/2024\/10\/Aceite-de-CBD-al-20-en-Aceite-de-Oliva-Virgen-Ecologico-10-ml-2.png);\" role=\"img\" aria-label=\"20% CBD Oil in Organic Virgin Olive Oil 10 ml\"><\/div>\n\t\t\t\t<div class=\"elementor-cta__bg-overlay\"><\/div>\n\t\t\t<\/div>\n\t\t\t\t\t\t\t<div class=\"elementor-cta__content\">\n\t\t\t\t\t\t\t\t\t<div class=\"elementor-content-item elementor-cta__content-item elementor-cta__image\">\n\t\t\t\t\t\t<img decoding=\"async\" width=\"300\" height=\"150\" src=\"https:\/\/www.canna4bliss.com\/wp-content\/uploads\/2024\/12\/logo_jo.png\" class=\"attachment-medium size-medium wp-image-1648\" alt=\"logo\" \/>\t\t\t\t\t<\/div>\n\t\t\t\t\n\t\t\t\t\t\t\t\t\t<h1 class=\"elementor-cta__title elementor-cta__content-item elementor-content-item\">\n\t\t\t\t\t\tRediscover your Wellbeing with the Power of Nature\t\t\t\t\t<\/h1>\n\t\t\t\t\n\t\t\t\t\t\t\t\t\t<div class=\"elementor-cta__description elementor-cta__content-item elementor-content-item\">\n\t\t\t\t\t\tCertified quality to support your daily balance. Take the first step towards a fuller and more harmonious life.\t\t\t\t\t<\/div>\n\t\t\t\t\n\t\t\t\t\t\t\t\t\t<div class=\"elementor-cta__button-wrapper elementor-cta__content-item elementor-content-item\">\n\t\t\t\t\t<span class=\"elementor-cta__button elementor-button elementor-size-\">\n\t\t\t\t\t\tExplore Products\t\t\t\t\t<\/span>\n\t\t\t\t\t<\/div>\n\t\t\t\t\t\t\t<\/div>\n\t\t\t\t\t\t<\/a>\n\t\t\t\t\t\t<\/div>\n\t\t\t\t<\/div>\n\t\t\t\t\t<\/div>\n\t\t\t\t<\/div>\n\t\t\t\t<\/div>","protected":false},"excerpt":{"rendered":"<p>Aviso Legal y Declaraci\u00f3n de Responsabilidad En Canna4Bliss, estamos comprometidos con ofrecer productos de la m\u00e1s alta calidad, con la m\u00e1xima transparencia y con la informaci\u00f3n completa para nuestros clientes. Por favor, lea atentamente la siguiente informaci\u00f3n antes de comprar o utilizar nuestros productos. Al utilizar este sitio web y realizar una compra, usted acepta [&hellip;]<\/p>\n","protected":false},"author":1,"featured_media":0,"parent":0,"menu_order":0,"comment_status":"closed","ping_status":"closed","template":"","meta":{"site-sidebar-layout":"no-sidebar","site-content-layout":"page-builder","ast-site-content-layout":"full-width-container","site-content-style":"unboxed","site-sidebar-style":"unboxed","ast-global-header-display":"","ast-banner-title-visibility":"","ast-main-header-display":"","ast-hfb-above-header-display":"","ast-hfb-below-header-display":"","ast-hfb-mobile-header-display":"","site-post-title":"disabled","ast-breadcrumbs-content":"","ast-featured-img":"disabled","footer-sml-layout":"","ast-disable-related-posts":"","theme-transparent-header-meta":"","adv-header-id-meta":"","stick-header-meta":"","header-above-stick-meta":"","header-main-stick-meta":"","header-below-stick-meta":"","astra-migrate-meta-layouts":"set","ast-page-background-enabled":"default","ast-page-background-meta":{"desktop":{"background-color":"","background-image":"","background-repeat":"repeat","background-position":"center center","background-size":"auto","background-attachment":"scroll","background-type":"","background-media":"","overlay-type":"","overlay-color":"","overlay-opacity":"","overlay-gradient":""},"tablet":{"background-color":"","background-image":"","background-repeat":"repeat","background-position":"center center","background-size":"auto","background-attachment":"scroll","background-type":"","background-media":"","overlay-type":"","overlay-color":"","overlay-opacity":"","overlay-gradient":""},"mobile":{"background-color":"","background-image":"","background-repeat":"repeat","background-position":"center center","background-size":"auto","background-attachment":"scroll","background-type":"","background-media":"","overlay-type":"","overlay-color":"","overlay-opacity":"","overlay-gradient":""}},"ast-content-background-meta":{"desktop":{"background-color":"var(--ast-global-color-5)","background-image":"","background-repeat":"repeat","background-position":"center center","background-size":"auto","background-attachment":"scroll","background-type":"","background-media":"","overlay-type":"","overlay-color":"","overlay-opacity":"","overlay-gradient":""},"tablet":{"background-color":"var(--ast-global-color-5)","background-image":"","background-repeat":"repeat","background-position":"center center","background-size":"auto","background-attachment":"scroll","background-type":"","background-media":"","overlay-type":"","overlay-color":"","overlay-opacity":"","overlay-gradient":""},"mobile":{"background-color":"var(--ast-global-color-5)","background-image":"","background-repeat":"repeat","background-position":"center center","background-size":"auto","background-attachment":"scroll","background-type":"","background-media":"","overlay-type":"","overlay-color":"","overlay-opacity":"","overlay-gradient":""}},"footnotes":""},"class_list":["post-1939","page","type-page","status-publish","hentry"],"yoast_head":"<!-- This site is optimized with the Yoast SEO Premium plugin v27.5 (Yoast SEO v27.5) - https:\/\/yoast.com\/product\/yoast-seo-premium-wordpress\/ -->\n<title>Aviso Legal y Declaraci\u00f3n de Responsabilidad Canna4blisS<\/title>\n<meta name=\"description\" content=\"Lea el aviso legal y la declaraci\u00f3n de responsabilidad de Canna4Bliss sobre la informaci\u00f3n del producto, garant\u00eda de calidad y temas de salud. Informaci\u00f3n importante para clientes.\" \/>\n<meta name=\"robots\" content=\"index, follow, max-snippet:-1, max-image-preview:large, max-video-preview:-1\" \/>\n<link rel=\"canonical\" href=\"https:\/\/www.canna4bliss.com\/en\/legal-notice-and-disclaimer\/\" \/>\n<meta property=\"og:locale\" content=\"en_GB\" \/>\n<meta property=\"og:type\" content=\"article\" \/>\n<meta property=\"og:title\" content=\"Aviso Legal y Declaraci\u00f3n de Responsabilidad\" \/>\n<meta property=\"og:description\" content=\"Lea el aviso legal y la declaraci\u00f3n de responsabilidad de Canna4Bliss sobre la informaci\u00f3n del producto, garant\u00eda de calidad y temas de salud. Informaci\u00f3n importante para clientes.\" \/>\n<meta property=\"og:url\" content=\"https:\/\/www.canna4bliss.com\/en\/legal-notice-and-disclaimer\/\" \/>\n<meta property=\"og:site_name\" content=\"Canna4blisS\" \/>\n<meta property=\"article:publisher\" content=\"https:\/\/www.facebook.com\/profile.php?id=61552127379853\" \/>\n<meta property=\"article:modified_time\" content=\"2025-07-08T16:26:05+00:00\" \/>\n<meta property=\"og:image\" content=\"https:\/\/www.canna4bliss.com\/wp-content\/uploads\/2024\/12\/logo_jo.png\" \/>\n\t<meta property=\"og:image:width\" content=\"300\" \/>\n\t<meta property=\"og:image:height\" content=\"150\" \/>\n\t<meta property=\"og:image:type\" content=\"image\/png\" \/>\n<meta name=\"twitter:card\" content=\"summary_large_image\" \/>\n<meta name=\"twitter:label1\" content=\"Estimated reading time\" \/>\n\t<meta name=\"twitter:data1\" content=\"3 minutes\" \/>\n<script type=\"application\/ld+json\" class=\"yoast-schema-graph\">{\"@context\":\"https:\\\/\\\/schema.org\",\"@graph\":[{\"@type\":\"WebPage\",\"@id\":\"https:\\\/\\\/www.canna4bliss.com\\\/aviso-legal-y-declaracion-de-responsabilidad\\\/\",\"url\":\"https:\\\/\\\/www.canna4bliss.com\\\/aviso-legal-y-declaracion-de-responsabilidad\\\/\",\"name\":\"Aviso Legal y Declaraci\u00f3n de Responsabilidad Canna4blisS\",\"isPartOf\":{\"@id\":\"https:\\\/\\\/www.canna4bliss.com\\\/#website\"},\"primaryImageOfPage\":{\"@id\":\"https:\\\/\\\/www.canna4bliss.com\\\/aviso-legal-y-declaracion-de-responsabilidad\\\/#primaryimage\"},\"image\":{\"@id\":\"https:\\\/\\\/www.canna4bliss.com\\\/aviso-legal-y-declaracion-de-responsabilidad\\\/#primaryimage\"},\"thumbnailUrl\":\"https:\\\/\\\/www.canna4bliss.com\\\/wp-content\\\/uploads\\\/2024\\\/12\\\/logo_jo.png\",\"datePublished\":\"2025-04-24T17:08:04+00:00\",\"dateModified\":\"2025-07-08T16:26:05+00:00\",\"description\":\"Lea el aviso legal y la declaraci\u00f3n de responsabilidad de Canna4Bliss sobre la informaci\u00f3n del producto, garant\u00eda de calidad y temas de salud. Informaci\u00f3n importante para clientes.\",\"breadcrumb\":{\"@id\":\"https:\\\/\\\/www.canna4bliss.com\\\/aviso-legal-y-declaracion-de-responsabilidad\\\/#breadcrumb\"},\"inLanguage\":\"en-GB\",\"potentialAction\":[{\"@type\":\"ReadAction\",\"target\":[\"https:\\\/\\\/www.canna4bliss.com\\\/aviso-legal-y-declaracion-de-responsabilidad\\\/\"]}]},{\"@type\":\"ImageObject\",\"inLanguage\":\"en-GB\",\"@id\":\"https:\\\/\\\/www.canna4bliss.com\\\/aviso-legal-y-declaracion-de-responsabilidad\\\/#primaryimage\",\"url\":\"https:\\\/\\\/www.canna4bliss.com\\\/wp-content\\\/uploads\\\/2024\\\/12\\\/logo_jo.png\",\"contentUrl\":\"https:\\\/\\\/www.canna4bliss.com\\\/wp-content\\\/uploads\\\/2024\\\/12\\\/logo_jo.png\"},{\"@type\":\"BreadcrumbList\",\"@id\":\"https:\\\/\\\/www.canna4bliss.com\\\/aviso-legal-y-declaracion-de-responsabilidad\\\/#breadcrumb\",\"itemListElement\":[{\"@type\":\"ListItem\",\"position\":1,\"name\":\"Kezd\u0151lap\",\"item\":\"https:\\\/\\\/www.canna4bliss.com\\\/\"},{\"@type\":\"ListItem\",\"position\":2,\"name\":\"Aviso Legal y Declaraci\u00f3n de Responsabilidad\"}]},{\"@type\":\"WebSite\",\"@id\":\"https:\\\/\\\/www.canna4bliss.com\\\/#website\",\"url\":\"https:\\\/\\\/www.canna4bliss.com\\\/\",\"name\":\"Canna4blisS\",\"description\":\"Discover the power of CBD\",\"publisher\":{\"@id\":\"https:\\\/\\\/www.canna4bliss.com\\\/#organization\"},\"potentialAction\":[{\"@type\":\"SearchAction\",\"target\":{\"@type\":\"EntryPoint\",\"urlTemplate\":\"https:\\\/\\\/www.canna4bliss.com\\\/?s={search_term_string}\"},\"query-input\":{\"@type\":\"PropertyValueSpecification\",\"valueRequired\":true,\"valueName\":\"search_term_string\"}}],\"inLanguage\":\"en-GB\"},{\"@type\":\"Organization\",\"@id\":\"https:\\\/\\\/www.canna4bliss.com\\\/#organization\",\"name\":\"Canna4blisS\",\"url\":\"https:\\\/\\\/www.canna4bliss.com\\\/\",\"logo\":{\"@type\":\"ImageObject\",\"inLanguage\":\"en-GB\",\"@id\":\"https:\\\/\\\/www.canna4bliss.com\\\/#\\\/schema\\\/logo\\\/image\\\/\",\"url\":\"https:\\\/\\\/www.canna4bliss.com\\\/wp-content\\\/uploads\\\/2024\\\/09\\\/logo2.avif\",\"contentUrl\":\"https:\\\/\\\/www.canna4bliss.com\\\/wp-content\\\/uploads\\\/2024\\\/09\\\/logo2.avif\",\"width\":700,\"height\":282,\"caption\":\"Canna4blisS\"},\"image\":{\"@id\":\"https:\\\/\\\/www.canna4bliss.com\\\/#\\\/schema\\\/logo\\\/image\\\/\"},\"sameAs\":[\"https:\\\/\\\/www.facebook.com\\\/profile.php?id=61552127379853\"],\"hasMerchantReturnPolicy\":{\"@type\":\"MerchantReturnPolicy\",\"merchantReturnLink\":\"https:\\\/\\\/www.canna4bliss.com\\\/en\\\/politica-de-privacidad-2\\\/\"}}]}<\/script>\n<!-- \/ Yoast SEO Premium plugin. -->","yoast_head_json":{"title":"Legal Notice and Disclaimer Canna4blisS","description":"Read the Canna4Bliss legal notice and disclaimer on product information, quality assurance and health issues. Important information for customers.","robots":{"index":"index","follow":"follow","max-snippet":"max-snippet:-1","max-image-preview":"max-image-preview:large","max-video-preview":"max-video-preview:-1"},"canonical":"https:\/\/www.canna4bliss.com\/en\/legal-notice-and-disclaimer\/","og_locale":"en_GB","og_type":"article","og_title":"Aviso Legal y Declaraci\u00f3n de Responsabilidad","og_description":"Lea el aviso legal y la declaraci\u00f3n de responsabilidad de Canna4Bliss sobre la informaci\u00f3n del producto, garant\u00eda de calidad y temas de salud. Informaci\u00f3n importante para clientes.","og_url":"https:\/\/www.canna4bliss.com\/en\/legal-notice-and-disclaimer\/","og_site_name":"Canna4blisS","article_publisher":"https:\/\/www.facebook.com\/profile.php?id=61552127379853","article_modified_time":"2025-07-08T16:26:05+00:00","og_image":[{"width":300,"height":150,"url":"https:\/\/www.canna4bliss.com\/wp-content\/uploads\/2024\/12\/logo_jo.png","type":"image\/png"}],"twitter_card":"summary_large_image","twitter_misc":{"Estimated reading time":"3 minutes"},"schema":{"@context":"https:\/\/schema.org","@graph":[{"@type":"WebPage","@id":"https:\/\/www.canna4bliss.com\/aviso-legal-y-declaracion-de-responsabilidad\/","url":"https:\/\/www.canna4bliss.com\/aviso-legal-y-declaracion-de-responsabilidad\/","name":"Legal Notice and Disclaimer Canna4blisS","isPartOf":{"@id":"https:\/\/www.canna4bliss.com\/#website"},"primaryImageOfPage":{"@id":"https:\/\/www.canna4bliss.com\/aviso-legal-y-declaracion-de-responsabilidad\/#primaryimage"},"image":{"@id":"https:\/\/www.canna4bliss.com\/aviso-legal-y-declaracion-de-responsabilidad\/#primaryimage"},"thumbnailUrl":"https:\/\/www.canna4bliss.com\/wp-content\/uploads\/2024\/12\/logo_jo.png","datePublished":"2025-04-24T17:08:04+00:00","dateModified":"2025-07-08T16:26:05+00:00","description":"Read the Canna4Bliss legal notice and disclaimer on product information, quality assurance and health issues. Important information for customers.","breadcrumb":{"@id":"https:\/\/www.canna4bliss.com\/aviso-legal-y-declaracion-de-responsabilidad\/#breadcrumb"},"inLanguage":"en-GB","potentialAction":[{"@type":"ReadAction","target":["https:\/\/www.canna4bliss.com\/aviso-legal-y-declaracion-de-responsabilidad\/"]}]},{"@type":"ImageObject","inLanguage":"en-GB","@id":"https:\/\/www.canna4bliss.com\/aviso-legal-y-declaracion-de-responsabilidad\/#primaryimage","url":"https:\/\/www.canna4bliss.com\/wp-content\/uploads\/2024\/12\/logo_jo.png","contentUrl":"https:\/\/www.canna4bliss.com\/wp-content\/uploads\/2024\/12\/logo_jo.png"},{"@type":"BreadcrumbList","@id":"https:\/\/www.canna4bliss.com\/aviso-legal-y-declaracion-de-responsabilidad\/#breadcrumb","itemListElement":[{"@type":"ListItem","position":1,"name":"Kezd\u0151lap","item":"https:\/\/www.canna4bliss.com\/"},{"@type":"ListItem","position":2,"name":"Aviso Legal y Declaraci\u00f3n de Responsabilidad"}]},{"@type":"WebSite","@id":"https:\/\/www.canna4bliss.com\/#website","url":"https:\/\/www.canna4bliss.com\/","name":"Canna4blisS","description":"Discover the power of CBD","publisher":{"@id":"https:\/\/www.canna4bliss.com\/#organization"},"potentialAction":[{"@type":"SearchAction","target":{"@type":"EntryPoint","urlTemplate":"https:\/\/www.canna4bliss.com\/?s={search_term_string}"},"query-input":{"@type":"PropertyValueSpecification","valueRequired":true,"valueName":"search_term_string"}}],"inLanguage":"en-GB"},{"@type":"Organization","@id":"https:\/\/www.canna4bliss.com\/#organization","name":"Canna4blisS","url":"https:\/\/www.canna4bliss.com\/","logo":{"@type":"ImageObject","inLanguage":"en-GB","@id":"https:\/\/www.canna4bliss.com\/#\/schema\/logo\/image\/","url":"https:\/\/www.canna4bliss.com\/wp-content\/uploads\/2024\/09\/logo2.avif","contentUrl":"https:\/\/www.canna4bliss.com\/wp-content\/uploads\/2024\/09\/logo2.avif","width":700,"height":282,"caption":"Canna4blisS"},"image":{"@id":"https:\/\/www.canna4bliss.com\/#\/schema\/logo\/image\/"},"sameAs":["https:\/\/www.facebook.com\/profile.php?id=61552127379853"],"hasMerchantReturnPolicy":{"@type":"MerchantReturnPolicy","merchantReturnLink":"https:\/\/www.canna4bliss.com\/en\/politica-de-privacidad-2\/"}}]}},"_links":{"self":[{"href":"https:\/\/www.canna4bliss.com\/en\/wp-json\/wp\/v2\/pages\/1939","targetHints":{"allow":["GET"]}}],"collection":[{"href":"https:\/\/www.canna4bliss.com\/en\/wp-json\/wp\/v2\/pages"}],"about":[{"href":"https:\/\/www.canna4bliss.com\/en\/wp-json\/wp\/v2\/types\/page"}],"author":[{"embeddable":true,"href":"https:\/\/www.canna4bliss.com\/en\/wp-json\/wp\/v2\/users\/1"}],"replies":[{"embeddable":true,"href":"https:\/\/www.canna4bliss.com\/en\/wp-json\/wp\/v2\/comments?post=1939"}],"version-history":[{"count":13,"href":"https:\/\/www.canna4bliss.com\/en\/wp-json\/wp\/v2\/pages\/1939\/revisions"}],"predecessor-version":[{"id":2057,"href":"https:\/\/www.canna4bliss.com\/en\/wp-json\/wp\/v2\/pages\/1939\/revisions\/2057"}],"wp:attachment":[{"href":"https:\/\/www.canna4bliss.com\/en\/wp-json\/wp\/v2\/media?parent=1939"}],"curies":[{"name":"wp","href":"https:\/\/api.w.org\/{rel}","templated":true}]}}