{"id":1818,"date":"2025-01-24T16:11:35","date_gmt":"2025-01-24T16:11:35","guid":{"rendered":"https:\/\/www.canna4bliss.com\/?post_type=product&#038;p=1818"},"modified":"2025-07-02T05:54:48","modified_gmt":"2025-07-02T05:54:48","slug":"zitrone-dunst-20-flussigkeit-e-patrone-1ml","status":"publish","type":"product","link":"https:\/\/www.canna4bliss.com\/de\/termek\/cartucho-e-liquido-lemon-haze-20-1ml\/","title":{"rendered":"ZITRONE DUNST 20% E-FL\u00dcSSIGKEIT PATRONE 1ML"},"content":{"rendered":"<p>Die\u00a0<strong>E-Fl\u00fcssigkeit 20% 200MG CBD<\/strong>\u00a0ist ein hochreines Produkt, das speziell f\u00fcr die Verdampfung formuliert wurde. Es garantiert die h\u00f6chste Qualit\u00e4t mit einem Gehalt von\u00a0<strong>200 mg CBD<\/strong>\u00a0in einem praktischen und einfach zu verwendenden Format. Dieses Produkt ist angereichert mit\u00a0<strong>weitere Cannabinoide<\/strong>und bietet ein komplettes Profil von Vorteilen f\u00fcr ein optimales Erlebnis.<\/p>\n<p>Mit einem k\u00f6stlichen\u00a0<strong>Geschmack und Geruch von Lemon Haze<\/strong>Dieses Produkt ist ausschlie\u00dflich f\u00fcr die Verwendung in Vaporizern bestimmt. Dank seiner spezifischen Formulierung sorgt es f\u00fcr eine sanfte und effektive Verdampfung und bietet alle Vorteile des\u00a0<strong>CBD bei 20%<\/strong>. Es ist ideal f\u00fcr diejenigen, die eine praktische und effektive Option f\u00fcr den CBD-Konsum mit einer einzigartigen und besonderen Note suchen.<\/p>\n<h2>Gebrauchsanweisung:<\/h2>\n<ul>\n<li>Entfernen Sie das obere und untere Silikon aus der Kartusche.<\/li>\n<li>Wenn das Gewinde der Kartusche verschmutzt ist, reinigen Sie es, bevor Sie es in den Verdampfer schrauben.<\/li>\n<li>Schrauben Sie die Kartusche auf den Verdampfer und achten Sie auf einen guten Sitz.<\/li>\n<li>Benutzen Sie die Vorw\u00e4rmtaste am Vaporizer, bevor Sie mit dem Verdampfen beginnen.<\/li>\n<li>Verdampfen Sie gem\u00e4\u00df der Gebrauchsanweisung des Ger\u00e4ts.<\/li>\n<li>Danach schrauben Sie die Kartusche ab und reinigen den Gewindeanschluss und den Verdampfer.<\/li>\n<li>Tauschen Sie die Silikone in der Kartusche aus und lagern Sie sie an einem k\u00fchlen, trockenen und vor direktem Licht gesch\u00fctzten Ort.<\/li>\n<\/ul>\n<p>Wenn Sie sich an den angegebenen Gebrauch halten, k\u00f6nnen Sie eine l\u00e4ngere Lebensdauer des Produkts und des Verdampfers gew\u00e4hrleisten.<\/p>","protected":false},"excerpt":{"rendered":"<p>Die 1ML Lemon Haze Liquid E Cartridge enth\u00e4lt 20% CBD, ideal f\u00fcr diejenigen, die eine ausgewogene und sanfte Erfahrung suchen. Diese Kartusche mit 510er-Gewinde ist mit Plant of Life Verdampfern und anderen Liquid-Ger\u00e4ten kompatibel. Ihr Design macht sie einfach zu installieren und sorgt f\u00fcr ein angenehmes Verdampferlebnis mit dem Terpenprofil der Lemon Haze Sorte, die f\u00fcr ihre Zitrusnoten und entspannende Wirkung bekannt ist.<\/p>","protected":false},"featured_media":1830,"comment_status":"closed","ping_status":"closed","template":"","meta":{"site-sidebar-layout":"default","site-content-layout":"","ast-site-content-layout":"default","site-content-style":"default","site-sidebar-style":"default","ast-global-header-display":"","ast-banner-title-visibility":"","ast-main-header-display":"","ast-hfb-above-header-display":"","ast-hfb-below-header-display":"","ast-hfb-mobile-header-display":"","site-post-title":"","ast-breadcrumbs-content":"","ast-featured-img":"","footer-sml-layout":"","ast-disable-related-posts":"","theme-transparent-header-meta":"default","adv-header-id-meta":"","stick-header-meta":"","header-above-stick-meta":"","header-main-stick-meta":"","header-below-stick-meta":"","astra-migrate-meta-layouts":"set","ast-page-background-enabled":"default","ast-page-background-meta":{"desktop":{"background-color":"","background-image":"","background-repeat":"repeat","background-position":"center center","background-size":"auto","background-attachment":"scroll","background-type":"","background-media":"","overlay-type":"","overlay-color":"","overlay-opacity":"","overlay-gradient":""},"tablet":{"background-color":"","background-image":"","background-repeat":"repeat","background-position":"center center","background-size":"auto","background-attachment":"scroll","background-type":"","background-media":"","overlay-type":"","overlay-color":"","overlay-opacity":"","overlay-gradient":""},"mobile":{"background-color":"","background-image":"","background-repeat":"repeat","background-position":"center center","background-size":"auto","background-attachment":"scroll","background-type":"","background-media":"","overlay-type":"","overlay-color":"","overlay-opacity":"","overlay-gradient":""}},"ast-content-background-meta":{"desktop":{"background-color":"var(--ast-global-color-5)","background-image":"","background-repeat":"repeat","background-position":"center center","background-size":"auto","background-attachment":"scroll","background-type":"","background-media":"","overlay-type":"","overlay-color":"","overlay-opacity":"","overlay-gradient":""},"tablet":{"background-color":"var(--ast-global-color-5)","background-image":"","background-repeat":"repeat","background-position":"center center","background-size":"auto","background-attachment":"scroll","background-type":"","background-media":"","overlay-type":"","overlay-color":"","overlay-opacity":"","overlay-gradient":""},"mobile":{"background-color":"var(--ast-global-color-5)","background-image":"","background-repeat":"repeat","background-position":"center center","background-size":"auto","background-attachment":"scroll","background-type":"","background-media":"","overlay-type":"","overlay-color":"","overlay-opacity":"","overlay-gradient":""}}},"product_brand":[],"product_cat":[58],"product_tag":[212,211,192,172],"class_list":{"0":"post-1818","1":"product","2":"type-product","3":"status-publish","4":"has-post-thumbnail","6":"product_cat-cbd-cbg-smoke","7":"product_tag-haze-20-1ml","8":"product_tag-lemon","9":"product_tag-liquid","10":"product_tag-plant-of-life","11":"desktop-align-left","12":"tablet-align-left","13":"mobile-align-left","14":"ast-product-gallery-layout-horizontal-slider","15":"ast-product-gallery-with-no-image","16":"ast-product-tabs-layout-horizontal","17":"ast-qv-on-image","19":"first","20":"instock","21":"taxable","22":"shipping-taxable","23":"purchasable","24":"product-type-simple"},"yoast_head":"<!-- This site is optimized with the Yoast SEO Premium plugin v27.5 (Yoast SEO v27.5) - https:\/\/yoast.com\/product\/yoast-seo-premium-wordpress\/ -->\n<title>CARTUCHO E-LIQUIDO LEMON HAZE 20% 1ML - Canna4blisS<\/title>\n<meta name=\"robots\" content=\"index, follow, max-snippet:-1, max-image-preview:large, max-video-preview:-1\" \/>\n<link rel=\"canonical\" href=\"https:\/\/www.canna4bliss.com\/de\/termek\/zitrone-dunst-20-flussigkeit-e-patrone-1ml\/\" \/>\n<meta property=\"og:locale\" content=\"de_DE\" \/>\n<meta property=\"og:type\" content=\"article\" \/>\n<meta property=\"og:title\" content=\"CARTUCHO E-LIQUIDO LEMON HAZE 20% 1ML\" \/>\n<meta property=\"og:description\" content=\"El Cartucho E L\u00edquido Lemon Haze de 1ML contiene un 20% de CBD, ideal para quienes buscan una experiencia equilibrada y suave. Este cartucho de rosca 510 es compatible con vaporizadores Plant of Life y otros dispositivos l\u00edquidos. Su dise\u00f1o facilita la instalaci\u00f3n y asegura una experiencia de vapeo placentera con el perfil de terpenos de la variedad Lemon Haze, conocida por sus notas c\u00edtricas y efectos relajantes.\" \/>\n<meta property=\"og:url\" content=\"https:\/\/www.canna4bliss.com\/de\/termek\/zitrone-dunst-20-flussigkeit-e-patrone-1ml\/\" \/>\n<meta property=\"og:site_name\" content=\"Canna4blisS\" \/>\n<meta property=\"article:publisher\" content=\"https:\/\/www.facebook.com\/profile.php?id=61552127379853\" \/>\n<meta property=\"article:modified_time\" content=\"2025-07-02T05:54:48+00:00\" \/>\n<meta name=\"twitter:card\" content=\"summary_large_image\" \/>\n<meta name=\"twitter:label1\" content=\"Preis\" \/>\n\t<meta name=\"twitter:data1\" content=\"7,50&nbsp;&euro; ( 7,50&nbsp;&euro; + Tax )\" \/>\n\t<meta name=\"twitter:label2\" content=\"Verf\u00fcgbarkeit\" \/>\n\t<meta name=\"twitter:data2\" content=\"Auf Lager\" \/>\n<script type=\"application\/ld+json\" class=\"yoast-schema-graph\">{\"@context\":\"https:\\\/\\\/schema.org\",\"@graph\":[{\"@type\":\"WebPage\",\"@id\":\"https:\\\/\\\/www.canna4bliss.com\\\/termek\\\/cartucho-e-liquido-lemon-haze-20-1ml\\\/\",\"url\":\"https:\\\/\\\/www.canna4bliss.com\\\/termek\\\/cartucho-e-liquido-lemon-haze-20-1ml\\\/\",\"name\":\"CARTUCHO E-LIQUIDO LEMON HAZE 20% 1ML - Canna4blisS\",\"isPartOf\":{\"@id\":\"https:\\\/\\\/www.canna4bliss.com\\\/#website\"},\"primaryImageOfPage\":{\"@id\":\"https:\\\/\\\/www.canna4bliss.com\\\/termek\\\/cartucho-e-liquido-lemon-haze-20-1ml\\\/#primaryimage\"},\"image\":{\"@id\":\"https:\\\/\\\/www.canna4bliss.com\\\/termek\\\/cartucho-e-liquido-lemon-haze-20-1ml\\\/#primaryimage\"},\"thumbnailUrl\":\"https:\\\/\\\/www.canna4bliss.com\\\/wp-content\\\/uploads\\\/2025\\\/01\\\/lemon-haze-20-eliquid-cartridge-1ml-1.avif\",\"datePublished\":\"2025-01-24T16:11:35+00:00\",\"dateModified\":\"2025-07-02T05:54:48+00:00\",\"breadcrumb\":{\"@id\":\"https:\\\/\\\/www.canna4bliss.com\\\/termek\\\/cartucho-e-liquido-lemon-haze-20-1ml\\\/#breadcrumb\"},\"inLanguage\":\"de\",\"potentialAction\":[{\"@type\":\"ReadAction\",\"target\":[\"https:\\\/\\\/www.canna4bliss.com\\\/termek\\\/cartucho-e-liquido-lemon-haze-20-1ml\\\/\"]}]},{\"@type\":\"ImageObject\",\"inLanguage\":\"de\",\"@id\":\"https:\\\/\\\/www.canna4bliss.com\\\/termek\\\/cartucho-e-liquido-lemon-haze-20-1ml\\\/#primaryimage\",\"url\":\"https:\\\/\\\/www.canna4bliss.com\\\/wp-content\\\/uploads\\\/2025\\\/01\\\/lemon-haze-20-eliquid-cartridge-1ml-1.avif\",\"contentUrl\":\"https:\\\/\\\/www.canna4bliss.com\\\/wp-content\\\/uploads\\\/2025\\\/01\\\/lemon-haze-20-eliquid-cartridge-1ml-1.avif\",\"width\":800,\"height\":800,\"caption\":\"CARTUCHO E-LIQUIDO LEMON HAZE 20% 1ML\"},{\"@type\":\"BreadcrumbList\",\"@id\":\"https:\\\/\\\/www.canna4bliss.com\\\/termek\\\/cartucho-e-liquido-lemon-haze-20-1ml\\\/#breadcrumb\",\"itemListElement\":[{\"@type\":\"ListItem\",\"position\":1,\"name\":\"Kezd\u0151lap\",\"item\":\"https:\\\/\\\/www.canna4bliss.com\\\/\"},{\"@type\":\"ListItem\",\"position\":2,\"name\":\"Shop\",\"item\":\"https:\\\/\\\/www.canna4bliss.com\\\/shop\\\/\"},{\"@type\":\"ListItem\",\"position\":3,\"name\":\"CARTUCHO E-LIQUIDO LEMON HAZE 20% 1ML\"}]},{\"@type\":\"WebSite\",\"@id\":\"https:\\\/\\\/www.canna4bliss.com\\\/#website\",\"url\":\"https:\\\/\\\/www.canna4bliss.com\\\/\",\"name\":\"Canna4blisS\",\"description\":\"Discover the power of CBD\",\"publisher\":{\"@id\":\"https:\\\/\\\/www.canna4bliss.com\\\/#organization\"},\"potentialAction\":[{\"@type\":\"SearchAction\",\"target\":{\"@type\":\"EntryPoint\",\"urlTemplate\":\"https:\\\/\\\/www.canna4bliss.com\\\/?s={search_term_string}\"},\"query-input\":{\"@type\":\"PropertyValueSpecification\",\"valueRequired\":true,\"valueName\":\"search_term_string\"}}],\"inLanguage\":\"de\"},{\"@type\":\"Organization\",\"@id\":\"https:\\\/\\\/www.canna4bliss.com\\\/#organization\",\"name\":\"Canna4blisS\",\"url\":\"https:\\\/\\\/www.canna4bliss.com\\\/\",\"logo\":{\"@type\":\"ImageObject\",\"inLanguage\":\"de\",\"@id\":\"https:\\\/\\\/www.canna4bliss.com\\\/#\\\/schema\\\/logo\\\/image\\\/\",\"url\":\"https:\\\/\\\/www.canna4bliss.com\\\/wp-content\\\/uploads\\\/2024\\\/09\\\/logo2.avif\",\"contentUrl\":\"https:\\\/\\\/www.canna4bliss.com\\\/wp-content\\\/uploads\\\/2024\\\/09\\\/logo2.avif\",\"width\":700,\"height\":282,\"caption\":\"Canna4blisS\"},\"image\":{\"@id\":\"https:\\\/\\\/www.canna4bliss.com\\\/#\\\/schema\\\/logo\\\/image\\\/\"},\"sameAs\":[\"https:\\\/\\\/www.facebook.com\\\/profile.php?id=61552127379853\"],\"hasMerchantReturnPolicy\":{\"@type\":\"MerchantReturnPolicy\",\"merchantReturnLink\":\"https:\\\/\\\/www.canna4bliss.com\\\/de\\\/politica-de-privacidad-2\\\/\"}}]}<\/script>\n<meta property=\"product:price:amount\" content=\"7.50\" \/>\n<meta property=\"product:price:currency\" content=\"EUR\" \/>\n<meta property=\"og:availability\" content=\"instock\" \/>\n<meta property=\"product:availability\" content=\"instock\" \/>\n<meta property=\"product:condition\" content=\"new\" \/>\n<!-- \/ Yoast SEO Premium plugin. -->","yoast_head_json":{"title":"E-LIQUID KARTUSCHEN ZITRONE HAZE 20% 1ML - Canna4blisS","robots":{"index":"index","follow":"follow","max-snippet":"max-snippet:-1","max-image-preview":"max-image-preview:large","max-video-preview":"max-video-preview:-1"},"canonical":"https:\/\/www.canna4bliss.com\/de\/termek\/zitrone-dunst-20-flussigkeit-e-patrone-1ml\/","og_locale":"de_DE","og_type":"article","og_title":"CARTUCHO E-LIQUIDO LEMON HAZE 20% 1ML","og_description":"El Cartucho E L\u00edquido Lemon Haze de 1ML contiene un 20% de CBD, ideal para quienes buscan una experiencia equilibrada y suave. Este cartucho de rosca 510 es compatible con vaporizadores Plant of Life y otros dispositivos l\u00edquidos. Su dise\u00f1o facilita la instalaci\u00f3n y asegura una experiencia de vapeo placentera con el perfil de terpenos de la variedad Lemon Haze, conocida por sus notas c\u00edtricas y efectos relajantes.","og_url":"https:\/\/www.canna4bliss.com\/de\/termek\/zitrone-dunst-20-flussigkeit-e-patrone-1ml\/","og_site_name":"Canna4blisS","article_publisher":"https:\/\/www.facebook.com\/profile.php?id=61552127379853","article_modified_time":"2025-07-02T05:54:48+00:00","twitter_card":"summary_large_image","twitter_misc":{"Preis":"7,50&nbsp;&euro; ( 7,50&nbsp;&euro; + Tax )","Verf\u00fcgbarkeit":"Auf Lager"},"schema":{"@context":"https:\/\/schema.org","@graph":[{"@type":"WebPage","@id":"https:\/\/www.canna4bliss.com\/termek\/cartucho-e-liquido-lemon-haze-20-1ml\/","url":"https:\/\/www.canna4bliss.com\/termek\/cartucho-e-liquido-lemon-haze-20-1ml\/","name":"E-LIQUID KARTUSCHEN ZITRONE HAZE 20% 1ML - Canna4blisS","isPartOf":{"@id":"https:\/\/www.canna4bliss.com\/#website"},"primaryImageOfPage":{"@id":"https:\/\/www.canna4bliss.com\/termek\/cartucho-e-liquido-lemon-haze-20-1ml\/#primaryimage"},"image":{"@id":"https:\/\/www.canna4bliss.com\/termek\/cartucho-e-liquido-lemon-haze-20-1ml\/#primaryimage"},"thumbnailUrl":"https:\/\/www.canna4bliss.com\/wp-content\/uploads\/2025\/01\/lemon-haze-20-eliquid-cartridge-1ml-1.avif","datePublished":"2025-01-24T16:11:35+00:00","dateModified":"2025-07-02T05:54:48+00:00","breadcrumb":{"@id":"https:\/\/www.canna4bliss.com\/termek\/cartucho-e-liquido-lemon-haze-20-1ml\/#breadcrumb"},"inLanguage":"de","potentialAction":[{"@type":"ReadAction","target":["https:\/\/www.canna4bliss.com\/termek\/cartucho-e-liquido-lemon-haze-20-1ml\/"]}]},{"@type":"ImageObject","inLanguage":"de","@id":"https:\/\/www.canna4bliss.com\/termek\/cartucho-e-liquido-lemon-haze-20-1ml\/#primaryimage","url":"https:\/\/www.canna4bliss.com\/wp-content\/uploads\/2025\/01\/lemon-haze-20-eliquid-cartridge-1ml-1.avif","contentUrl":"https:\/\/www.canna4bliss.com\/wp-content\/uploads\/2025\/01\/lemon-haze-20-eliquid-cartridge-1ml-1.avif","width":800,"height":800,"caption":"CARTUCHO E-LIQUIDO LEMON HAZE 20% 1ML"},{"@type":"BreadcrumbList","@id":"https:\/\/www.canna4bliss.com\/termek\/cartucho-e-liquido-lemon-haze-20-1ml\/#breadcrumb","itemListElement":[{"@type":"ListItem","position":1,"name":"Kezd\u0151lap","item":"https:\/\/www.canna4bliss.com\/"},{"@type":"ListItem","position":2,"name":"Shop","item":"https:\/\/www.canna4bliss.com\/shop\/"},{"@type":"ListItem","position":3,"name":"CARTUCHO E-LIQUIDO LEMON HAZE 20% 1ML"}]},{"@type":"WebSite","@id":"https:\/\/www.canna4bliss.com\/#website","url":"https:\/\/www.canna4bliss.com\/","name":"Canna4blisS","description":"Entdecken Sie die Kraft von CBD","publisher":{"@id":"https:\/\/www.canna4bliss.com\/#organization"},"potentialAction":[{"@type":"SearchAction","target":{"@type":"EntryPoint","urlTemplate":"https:\/\/www.canna4bliss.com\/?s={search_term_string}"},"query-input":{"@type":"PropertyValueSpecification","valueRequired":true,"valueName":"search_term_string"}}],"inLanguage":"de"},{"@type":"Organization","@id":"https:\/\/www.canna4bliss.com\/#organization","name":"Canna4blisS","url":"https:\/\/www.canna4bliss.com\/","logo":{"@type":"ImageObject","inLanguage":"de","@id":"https:\/\/www.canna4bliss.com\/#\/schema\/logo\/image\/","url":"https:\/\/www.canna4bliss.com\/wp-content\/uploads\/2024\/09\/logo2.avif","contentUrl":"https:\/\/www.canna4bliss.com\/wp-content\/uploads\/2024\/09\/logo2.avif","width":700,"height":282,"caption":"Canna4blisS"},"image":{"@id":"https:\/\/www.canna4bliss.com\/#\/schema\/logo\/image\/"},"sameAs":["https:\/\/www.facebook.com\/profile.php?id=61552127379853"],"hasMerchantReturnPolicy":{"@type":"MerchantReturnPolicy","merchantReturnLink":"https:\/\/www.canna4bliss.com\/de\/politica-de-privacidad-2\/"}}]},"product_price_amount":"7.50","product_price_currency":"EUR","og_availability":"instock","product_availability":"instock","product_condition":"new"},"_links":{"self":[{"href":"https:\/\/www.canna4bliss.com\/de\/wp-json\/wp\/v2\/product\/1818","targetHints":{"allow":["GET"]}}],"collection":[{"href":"https:\/\/www.canna4bliss.com\/de\/wp-json\/wp\/v2\/product"}],"about":[{"href":"https:\/\/www.canna4bliss.com\/de\/wp-json\/wp\/v2\/types\/product"}],"replies":[{"embeddable":true,"href":"https:\/\/www.canna4bliss.com\/de\/wp-json\/wp\/v2\/comments?post=1818"}],"wp:featuredmedia":[{"embeddable":true,"href":"https:\/\/www.canna4bliss.com\/de\/wp-json\/wp\/v2\/media\/1830"}],"wp:attachment":[{"href":"https:\/\/www.canna4bliss.com\/de\/wp-json\/wp\/v2\/media?parent=1818"}],"wp:term":[{"taxonomy":"product_brand","embeddable":true,"href":"https:\/\/www.canna4bliss.com\/de\/wp-json\/wp\/v2\/product_brand?post=1818"},{"taxonomy":"product_cat","embeddable":true,"href":"https:\/\/www.canna4bliss.com\/de\/wp-json\/wp\/v2\/product_cat?post=1818"},{"taxonomy":"product_tag","embeddable":true,"href":"https:\/\/www.canna4bliss.com\/de\/wp-json\/wp\/v2\/product_tag?post=1818"}],"curies":[{"name":"wp","href":"https:\/\/api.w.org\/{rel}","templated":true}]}}