{"id":1788,"date":"2025-01-18T17:35:01","date_gmt":"2025-01-18T17:35:01","guid":{"rendered":"https:\/\/www.canna4bliss.com\/?post_type=product&#038;p=1788"},"modified":"2025-07-02T05:49:49","modified_gmt":"2025-07-02T05:49:49","slug":"hand-der-fatima-brenner-7-chakren-10x7-cm","status":"publish","type":"product","link":"https:\/\/www.canna4bliss.com\/de\/termek\/quemador-mano-de-fatima-7-chakras-10x7-cm\/","title":{"rendered":"Hand der Fatima 7 Chakren Brenner 10\u00d77 cm"},"content":{"rendered":"<p>Die Hand der Fatima, auch bekannt als Hamsa oder Jamsa, ist ein Symbol, das in verschiedenen Kulturen und spirituellen Traditionen verwendet wird, insbesondere in der arabischen Welt und in einigen Str\u00f6mungen der Mystik. Sie soll vor dem b\u00f6sen Blick sch\u00fctzen und Gl\u00fcck anziehen.<\/p>\n<p>In Verbindung mit der Idee der 7 Chakren kann die Hand der Fatima als ein Symbol gesehen werden, das nicht nur f\u00fcr den spirituellen Schutz, sondern auch f\u00fcr das energetische Gleichgewicht des K\u00f6rpers steht. Die 7 Chakren sind Energiezentren, die sich entlang der Wirbels\u00e4ule befinden und jeweils mit verschiedenen k\u00f6rperlichen, emotionalen und spirituellen Aspekten verbunden sind:<\/p>","protected":false},"excerpt":{"rendered":"<p>La Mano de F\u00e1tima, tambi\u00e9n conocida como Hamsa o Jamsa, es un s\u00edmbolo que se utiliza en diversas culturas y tradiciones espirituales, especialmente en el mundo \u00e1rabe y en algunas corrientes del misticismo. Se cree que proporciona protecci\u00f3n contra el mal de ojo y atrae buena suerte. Cuando se combina con la idea de los [&hellip;]<\/p>\n","protected":false},"featured_media":1791,"comment_status":"closed","ping_status":"closed","template":"","meta":{"site-sidebar-layout":"default","site-content-layout":"","ast-site-content-layout":"default","site-content-style":"default","site-sidebar-style":"default","ast-global-header-display":"","ast-banner-title-visibility":"","ast-main-header-display":"","ast-hfb-above-header-display":"","ast-hfb-below-header-display":"","ast-hfb-mobile-header-display":"","site-post-title":"","ast-breadcrumbs-content":"","ast-featured-img":"","footer-sml-layout":"","ast-disable-related-posts":"","theme-transparent-header-meta":"default","adv-header-id-meta":"","stick-header-meta":"","header-above-stick-meta":"","header-main-stick-meta":"","header-below-stick-meta":"","astra-migrate-meta-layouts":"set","ast-page-background-enabled":"default","ast-page-background-meta":{"desktop":{"background-color":"","background-image":"","background-repeat":"repeat","background-position":"center center","background-size":"auto","background-attachment":"scroll","background-type":"","background-media":"","overlay-type":"","overlay-color":"","overlay-opacity":"","overlay-gradient":""},"tablet":{"background-color":"","background-image":"","background-repeat":"repeat","background-position":"center center","background-size":"auto","background-attachment":"scroll","background-type":"","background-media":"","overlay-type":"","overlay-color":"","overlay-opacity":"","overlay-gradient":""},"mobile":{"background-color":"","background-image":"","background-repeat":"repeat","background-position":"center center","background-size":"auto","background-attachment":"scroll","background-type":"","background-media":"","overlay-type":"","overlay-color":"","overlay-opacity":"","overlay-gradient":""}},"ast-content-background-meta":{"desktop":{"background-color":"var(--ast-global-color-5)","background-image":"","background-repeat":"repeat","background-position":"center center","background-size":"auto","background-attachment":"scroll","background-type":"","background-media":"","overlay-type":"","overlay-color":"","overlay-opacity":"","overlay-gradient":""},"tablet":{"background-color":"var(--ast-global-color-5)","background-image":"","background-repeat":"repeat","background-position":"center center","background-size":"auto","background-attachment":"scroll","background-type":"","background-media":"","overlay-type":"","overlay-color":"","overlay-opacity":"","overlay-gradient":""},"mobile":{"background-color":"var(--ast-global-color-5)","background-image":"","background-repeat":"repeat","background-position":"center center","background-size":"auto","background-attachment":"scroll","background-type":"","background-media":"","overlay-type":"","overlay-color":"","overlay-opacity":"","overlay-gradient":""}}},"product_brand":[],"product_cat":[187],"product_tag":[198],"class_list":{"0":"post-1788","1":"product","2":"type-product","3":"status-publish","4":"has-post-thumbnail","6":"product_cat-product-from-india","7":"product_tag-fatima-7-chakras-10x7-cm","8":"desktop-align-left","9":"tablet-align-left","10":"mobile-align-left","11":"ast-product-gallery-layout-horizontal-slider","12":"ast-product-gallery-with-no-image","13":"ast-product-tabs-layout-horizontal","14":"ast-qv-on-image","16":"first","17":"instock","18":"taxable","19":"shipping-taxable","20":"purchasable","21":"product-type-simple"},"yoast_head":"<!-- This site is optimized with the Yoast SEO Premium plugin v27.5 (Yoast SEO v27.5) - https:\/\/yoast.com\/product\/yoast-seo-premium-wordpress\/ -->\n<title>Quemador Mano de F\u00e1tima 7 Chakras 10\u00d77 cm - Canna4blisS<\/title>\n<meta name=\"robots\" content=\"index, follow, max-snippet:-1, max-image-preview:large, max-video-preview:-1\" \/>\n<link rel=\"canonical\" href=\"https:\/\/www.canna4bliss.com\/de\/termek\/hand-der-fatima-brenner-7-chakren-10x7-cm\/\" \/>\n<meta property=\"og:locale\" content=\"de_DE\" \/>\n<meta property=\"og:type\" content=\"article\" \/>\n<meta property=\"og:title\" content=\"Quemador Mano de F\u00e1tima 7 Chakras 10\u00d77 cm\" \/>\n<meta property=\"og:description\" content=\"La Mano de F\u00e1tima, tambi\u00e9n conocida como Hamsa o Jamsa, es un s\u00edmbolo que se utiliza en diversas culturas y tradiciones espirituales, especialmente en el mundo \u00e1rabe y en algunas corrientes del misticismo. Se cree que proporciona protecci\u00f3n contra el mal de ojo y atrae buena suerte. Cuando se combina con la idea de los [&hellip;]\" \/>\n<meta property=\"og:url\" content=\"https:\/\/www.canna4bliss.com\/de\/termek\/hand-der-fatima-brenner-7-chakren-10x7-cm\/\" \/>\n<meta property=\"og:site_name\" content=\"Canna4blisS\" \/>\n<meta property=\"article:publisher\" content=\"https:\/\/www.facebook.com\/profile.php?id=61552127379853\" \/>\n<meta property=\"article:modified_time\" content=\"2025-07-02T05:49:49+00:00\" \/>\n<meta property=\"og:image\" content=\"https:\/\/www.canna4bliss.com\/wp-content\/uploads\/2025\/01\/13644.png\" \/>\n\t<meta property=\"og:image:width\" content=\"500\" \/>\n\t<meta property=\"og:image:height\" content=\"500\" \/>\n\t<meta property=\"og:image:type\" content=\"image\/png\" \/>\n<meta name=\"twitter:card\" content=\"summary_large_image\" \/>\n<meta name=\"twitter:label1\" content=\"Preis\" \/>\n\t<meta name=\"twitter:data1\" content=\"11,00&nbsp;&euro; ( 11,00&nbsp;&euro; + Tax )\" \/>\n\t<meta name=\"twitter:label2\" content=\"Verf\u00fcgbarkeit\" \/>\n\t<meta name=\"twitter:data2\" content=\"Auf Lager\" \/>\n<script type=\"application\/ld+json\" class=\"yoast-schema-graph\">{\"@context\":\"https:\\\/\\\/schema.org\",\"@graph\":[{\"@type\":\"WebPage\",\"@id\":\"https:\\\/\\\/www.canna4bliss.com\\\/termek\\\/quemador-mano-de-fatima-7-chakras-10x7-cm\\\/\",\"url\":\"https:\\\/\\\/www.canna4bliss.com\\\/termek\\\/quemador-mano-de-fatima-7-chakras-10x7-cm\\\/\",\"name\":\"Quemador Mano de F\u00e1tima 7 Chakras 10\u00d77 cm - Canna4blisS\",\"isPartOf\":{\"@id\":\"https:\\\/\\\/www.canna4bliss.com\\\/#website\"},\"primaryImageOfPage\":{\"@id\":\"https:\\\/\\\/www.canna4bliss.com\\\/termek\\\/quemador-mano-de-fatima-7-chakras-10x7-cm\\\/#primaryimage\"},\"image\":{\"@id\":\"https:\\\/\\\/www.canna4bliss.com\\\/termek\\\/quemador-mano-de-fatima-7-chakras-10x7-cm\\\/#primaryimage\"},\"thumbnailUrl\":\"https:\\\/\\\/www.canna4bliss.com\\\/wp-content\\\/uploads\\\/2025\\\/01\\\/13644.png\",\"datePublished\":\"2025-01-18T17:35:01+00:00\",\"dateModified\":\"2025-07-02T05:49:49+00:00\",\"breadcrumb\":{\"@id\":\"https:\\\/\\\/www.canna4bliss.com\\\/termek\\\/quemador-mano-de-fatima-7-chakras-10x7-cm\\\/#breadcrumb\"},\"inLanguage\":\"de\",\"potentialAction\":[{\"@type\":\"ReadAction\",\"target\":[\"https:\\\/\\\/www.canna4bliss.com\\\/termek\\\/quemador-mano-de-fatima-7-chakras-10x7-cm\\\/\"]}]},{\"@type\":\"ImageObject\",\"inLanguage\":\"de\",\"@id\":\"https:\\\/\\\/www.canna4bliss.com\\\/termek\\\/quemador-mano-de-fatima-7-chakras-10x7-cm\\\/#primaryimage\",\"url\":\"https:\\\/\\\/www.canna4bliss.com\\\/wp-content\\\/uploads\\\/2025\\\/01\\\/13644.png\",\"contentUrl\":\"https:\\\/\\\/www.canna4bliss.com\\\/wp-content\\\/uploads\\\/2025\\\/01\\\/13644.png\",\"width\":500,\"height\":500,\"caption\":\"Quemador Mano de F\u00e1tima 7 Chakras 10\u00d77 cm\"},{\"@type\":\"BreadcrumbList\",\"@id\":\"https:\\\/\\\/www.canna4bliss.com\\\/termek\\\/quemador-mano-de-fatima-7-chakras-10x7-cm\\\/#breadcrumb\",\"itemListElement\":[{\"@type\":\"ListItem\",\"position\":1,\"name\":\"Kezd\u0151lap\",\"item\":\"https:\\\/\\\/www.canna4bliss.com\\\/\"},{\"@type\":\"ListItem\",\"position\":2,\"name\":\"Shop\",\"item\":\"https:\\\/\\\/www.canna4bliss.com\\\/shop\\\/\"},{\"@type\":\"ListItem\",\"position\":3,\"name\":\"Quemador Mano de F\u00e1tima 7 Chakras 10\u00d77 cm\"}]},{\"@type\":\"WebSite\",\"@id\":\"https:\\\/\\\/www.canna4bliss.com\\\/#website\",\"url\":\"https:\\\/\\\/www.canna4bliss.com\\\/\",\"name\":\"Canna4blisS\",\"description\":\"Discover the power of CBD\",\"publisher\":{\"@id\":\"https:\\\/\\\/www.canna4bliss.com\\\/#organization\"},\"potentialAction\":[{\"@type\":\"SearchAction\",\"target\":{\"@type\":\"EntryPoint\",\"urlTemplate\":\"https:\\\/\\\/www.canna4bliss.com\\\/?s={search_term_string}\"},\"query-input\":{\"@type\":\"PropertyValueSpecification\",\"valueRequired\":true,\"valueName\":\"search_term_string\"}}],\"inLanguage\":\"de\"},{\"@type\":\"Organization\",\"@id\":\"https:\\\/\\\/www.canna4bliss.com\\\/#organization\",\"name\":\"Canna4blisS\",\"url\":\"https:\\\/\\\/www.canna4bliss.com\\\/\",\"logo\":{\"@type\":\"ImageObject\",\"inLanguage\":\"de\",\"@id\":\"https:\\\/\\\/www.canna4bliss.com\\\/#\\\/schema\\\/logo\\\/image\\\/\",\"url\":\"https:\\\/\\\/www.canna4bliss.com\\\/wp-content\\\/uploads\\\/2024\\\/09\\\/logo2.avif\",\"contentUrl\":\"https:\\\/\\\/www.canna4bliss.com\\\/wp-content\\\/uploads\\\/2024\\\/09\\\/logo2.avif\",\"width\":700,\"height\":282,\"caption\":\"Canna4blisS\"},\"image\":{\"@id\":\"https:\\\/\\\/www.canna4bliss.com\\\/#\\\/schema\\\/logo\\\/image\\\/\"},\"sameAs\":[\"https:\\\/\\\/www.facebook.com\\\/profile.php?id=61552127379853\"],\"hasMerchantReturnPolicy\":{\"@type\":\"MerchantReturnPolicy\",\"merchantReturnLink\":\"https:\\\/\\\/www.canna4bliss.com\\\/de\\\/politica-de-privacidad-2\\\/\"}}]}<\/script>\n<meta property=\"product:price:amount\" content=\"11.00\" \/>\n<meta property=\"product:price:currency\" content=\"EUR\" \/>\n<meta property=\"og:availability\" content=\"instock\" \/>\n<meta property=\"product:availability\" content=\"instock\" \/>\n<meta property=\"product:condition\" content=\"new\" \/>\n<!-- \/ Yoast SEO Premium plugin. -->","yoast_head_json":{"title":"Hand der Fatima Brenner 7 Chakren 10\u00d77 cm - Canna4blisS","robots":{"index":"index","follow":"follow","max-snippet":"max-snippet:-1","max-image-preview":"max-image-preview:large","max-video-preview":"max-video-preview:-1"},"canonical":"https:\/\/www.canna4bliss.com\/de\/termek\/hand-der-fatima-brenner-7-chakren-10x7-cm\/","og_locale":"de_DE","og_type":"article","og_title":"Quemador Mano de F\u00e1tima 7 Chakras 10\u00d77 cm","og_description":"La Mano de F\u00e1tima, tambi\u00e9n conocida como Hamsa o Jamsa, es un s\u00edmbolo que se utiliza en diversas culturas y tradiciones espirituales, especialmente en el mundo \u00e1rabe y en algunas corrientes del misticismo. Se cree que proporciona protecci\u00f3n contra el mal de ojo y atrae buena suerte. Cuando se combina con la idea de los [&hellip;]","og_url":"https:\/\/www.canna4bliss.com\/de\/termek\/hand-der-fatima-brenner-7-chakren-10x7-cm\/","og_site_name":"Canna4blisS","article_publisher":"https:\/\/www.facebook.com\/profile.php?id=61552127379853","article_modified_time":"2025-07-02T05:49:49+00:00","og_image":[{"width":500,"height":500,"url":"https:\/\/www.canna4bliss.com\/wp-content\/uploads\/2025\/01\/13644.png","type":"image\/png"}],"twitter_card":"summary_large_image","twitter_misc":{"Preis":"11,00&nbsp;&euro; ( 11,00&nbsp;&euro; + Tax )","Verf\u00fcgbarkeit":"Auf Lager"},"schema":{"@context":"https:\/\/schema.org","@graph":[{"@type":"WebPage","@id":"https:\/\/www.canna4bliss.com\/termek\/quemador-mano-de-fatima-7-chakras-10x7-cm\/","url":"https:\/\/www.canna4bliss.com\/termek\/quemador-mano-de-fatima-7-chakras-10x7-cm\/","name":"Hand der Fatima Brenner 7 Chakren 10\u00d77 cm - Canna4blisS","isPartOf":{"@id":"https:\/\/www.canna4bliss.com\/#website"},"primaryImageOfPage":{"@id":"https:\/\/www.canna4bliss.com\/termek\/quemador-mano-de-fatima-7-chakras-10x7-cm\/#primaryimage"},"image":{"@id":"https:\/\/www.canna4bliss.com\/termek\/quemador-mano-de-fatima-7-chakras-10x7-cm\/#primaryimage"},"thumbnailUrl":"https:\/\/www.canna4bliss.com\/wp-content\/uploads\/2025\/01\/13644.png","datePublished":"2025-01-18T17:35:01+00:00","dateModified":"2025-07-02T05:49:49+00:00","breadcrumb":{"@id":"https:\/\/www.canna4bliss.com\/termek\/quemador-mano-de-fatima-7-chakras-10x7-cm\/#breadcrumb"},"inLanguage":"de","potentialAction":[{"@type":"ReadAction","target":["https:\/\/www.canna4bliss.com\/termek\/quemador-mano-de-fatima-7-chakras-10x7-cm\/"]}]},{"@type":"ImageObject","inLanguage":"de","@id":"https:\/\/www.canna4bliss.com\/termek\/quemador-mano-de-fatima-7-chakras-10x7-cm\/#primaryimage","url":"https:\/\/www.canna4bliss.com\/wp-content\/uploads\/2025\/01\/13644.png","contentUrl":"https:\/\/www.canna4bliss.com\/wp-content\/uploads\/2025\/01\/13644.png","width":500,"height":500,"caption":"Quemador Mano de F\u00e1tima 7 Chakras 10\u00d77 cm"},{"@type":"BreadcrumbList","@id":"https:\/\/www.canna4bliss.com\/termek\/quemador-mano-de-fatima-7-chakras-10x7-cm\/#breadcrumb","itemListElement":[{"@type":"ListItem","position":1,"name":"Kezd\u0151lap","item":"https:\/\/www.canna4bliss.com\/"},{"@type":"ListItem","position":2,"name":"Shop","item":"https:\/\/www.canna4bliss.com\/shop\/"},{"@type":"ListItem","position":3,"name":"Quemador Mano de F\u00e1tima 7 Chakras 10\u00d77 cm"}]},{"@type":"WebSite","@id":"https:\/\/www.canna4bliss.com\/#website","url":"https:\/\/www.canna4bliss.com\/","name":"Canna4blisS","description":"Entdecken Sie die Kraft von CBD","publisher":{"@id":"https:\/\/www.canna4bliss.com\/#organization"},"potentialAction":[{"@type":"SearchAction","target":{"@type":"EntryPoint","urlTemplate":"https:\/\/www.canna4bliss.com\/?s={search_term_string}"},"query-input":{"@type":"PropertyValueSpecification","valueRequired":true,"valueName":"search_term_string"}}],"inLanguage":"de"},{"@type":"Organization","@id":"https:\/\/www.canna4bliss.com\/#organization","name":"Canna4blisS","url":"https:\/\/www.canna4bliss.com\/","logo":{"@type":"ImageObject","inLanguage":"de","@id":"https:\/\/www.canna4bliss.com\/#\/schema\/logo\/image\/","url":"https:\/\/www.canna4bliss.com\/wp-content\/uploads\/2024\/09\/logo2.avif","contentUrl":"https:\/\/www.canna4bliss.com\/wp-content\/uploads\/2024\/09\/logo2.avif","width":700,"height":282,"caption":"Canna4blisS"},"image":{"@id":"https:\/\/www.canna4bliss.com\/#\/schema\/logo\/image\/"},"sameAs":["https:\/\/www.facebook.com\/profile.php?id=61552127379853"],"hasMerchantReturnPolicy":{"@type":"MerchantReturnPolicy","merchantReturnLink":"https:\/\/www.canna4bliss.com\/de\/politica-de-privacidad-2\/"}}]},"product_price_amount":"11.00","product_price_currency":"EUR","og_availability":"instock","product_availability":"instock","product_condition":"new"},"_links":{"self":[{"href":"https:\/\/www.canna4bliss.com\/de\/wp-json\/wp\/v2\/product\/1788","targetHints":{"allow":["GET"]}}],"collection":[{"href":"https:\/\/www.canna4bliss.com\/de\/wp-json\/wp\/v2\/product"}],"about":[{"href":"https:\/\/www.canna4bliss.com\/de\/wp-json\/wp\/v2\/types\/product"}],"replies":[{"embeddable":true,"href":"https:\/\/www.canna4bliss.com\/de\/wp-json\/wp\/v2\/comments?post=1788"}],"wp:featuredmedia":[{"embeddable":true,"href":"https:\/\/www.canna4bliss.com\/de\/wp-json\/wp\/v2\/media\/1791"}],"wp:attachment":[{"href":"https:\/\/www.canna4bliss.com\/de\/wp-json\/wp\/v2\/media?parent=1788"}],"wp:term":[{"taxonomy":"product_brand","embeddable":true,"href":"https:\/\/www.canna4bliss.com\/de\/wp-json\/wp\/v2\/product_brand?post=1788"},{"taxonomy":"product_cat","embeddable":true,"href":"https:\/\/www.canna4bliss.com\/de\/wp-json\/wp\/v2\/product_cat?post=1788"},{"taxonomy":"product_tag","embeddable":true,"href":"https:\/\/www.canna4bliss.com\/de\/wp-json\/wp\/v2\/product_tag?post=1788"}],"curies":[{"name":"wp","href":"https:\/\/api.w.org\/{rel}","templated":true}]}}