{"id":1721,"date":"2025-01-06T18:09:39","date_gmt":"2025-01-06T18:09:39","guid":{"rendered":"https:\/\/www.canna4bliss.com\/?post_type=product&#038;p=1721"},"modified":"2025-07-02T05:47:13","modified_gmt":"2025-07-02T05:47:13","slug":"cbd-10-cbd-1-cbg-volles-spektrum-cbd-ol-mit-lebertran-fur-haustiere","status":"publish","type":"product","link":"https:\/\/www.canna4bliss.com\/de\/termek\/aceite-de-cbd-10-cbd-1-cbg-espectro-completo-con-higado-de-bacalao-para-mascotas\/","title":{"rendered":"10% CBD-\u00d6l CBD 1% CBG Vollspektrum CBD-\u00d6l mit Lebertran f\u00fcr Haustiere"},"content":{"rendered":"<p>Die\u00a0<strong>CBD 10% CBD 1% CBG CBD-\u00d6l Vollspektrum<\/strong>\u00a0von\u00a0<strong>Pflanzen f\u00fcr Haustiere<\/strong>\u00a0ist ein Spezialprodukt zur Verbesserung der Lebensqualit\u00e4t Ihrer Haustiere.<\/p>\n<p>Jede 10-ml-Flasche enth\u00e4lt etwa\u00a0<strong>200 Tropfen<\/strong>mit einer Dosis von\u00a0<strong>5 mg CBD<\/strong>\u00a0y\u00a0<strong>0,5 mg CBG<\/strong>\u00a0pro Tropfen.<\/p>","protected":false},"excerpt":{"rendered":"<p>Plants for Pets 10% CBD Oil CBD 1% CBG Full Spectrum CBD ist ein spezielles Produkt, das die Lebensqualit\u00e4t Ihrer Haustiere verbessern soll. Jede 10ml Flasche enth\u00e4lt ca. 200 Tropfen mit einer Dosis von 5mg CBD und 0,5mg CBG pro Tropfen.<\/p>","protected":false},"featured_media":1461,"comment_status":"closed","ping_status":"closed","template":"","meta":{"site-sidebar-layout":"default","site-content-layout":"","ast-site-content-layout":"default","site-content-style":"default","site-sidebar-style":"default","ast-global-header-display":"","ast-banner-title-visibility":"","ast-main-header-display":"","ast-hfb-above-header-display":"","ast-hfb-below-header-display":"","ast-hfb-mobile-header-display":"","site-post-title":"","ast-breadcrumbs-content":"","ast-featured-img":"","footer-sml-layout":"","ast-disable-related-posts":"","theme-transparent-header-meta":"default","adv-header-id-meta":"","stick-header-meta":"","header-above-stick-meta":"","header-main-stick-meta":"","header-below-stick-meta":"","astra-migrate-meta-layouts":"set","ast-page-background-enabled":"default","ast-page-background-meta":{"desktop":{"background-color":"","background-image":"","background-repeat":"repeat","background-position":"center center","background-size":"auto","background-attachment":"scroll","background-type":"","background-media":"","overlay-type":"","overlay-color":"","overlay-opacity":"","overlay-gradient":""},"tablet":{"background-color":"","background-image":"","background-repeat":"repeat","background-position":"center center","background-size":"auto","background-attachment":"scroll","background-type":"","background-media":"","overlay-type":"","overlay-color":"","overlay-opacity":"","overlay-gradient":""},"mobile":{"background-color":"","background-image":"","background-repeat":"repeat","background-position":"center center","background-size":"auto","background-attachment":"scroll","background-type":"","background-media":"","overlay-type":"","overlay-color":"","overlay-opacity":"","overlay-gradient":""}},"ast-content-background-meta":{"desktop":{"background-color":"var(--ast-global-color-5)","background-image":"","background-repeat":"repeat","background-position":"center center","background-size":"auto","background-attachment":"scroll","background-type":"","background-media":"","overlay-type":"","overlay-color":"","overlay-opacity":"","overlay-gradient":""},"tablet":{"background-color":"var(--ast-global-color-5)","background-image":"","background-repeat":"repeat","background-position":"center center","background-size":"auto","background-attachment":"scroll","background-type":"","background-media":"","overlay-type":"","overlay-color":"","overlay-opacity":"","overlay-gradient":""},"mobile":{"background-color":"var(--ast-global-color-5)","background-image":"","background-repeat":"repeat","background-position":"center center","background-size":"auto","background-attachment":"scroll","background-type":"","background-media":"","overlay-type":"","overlay-color":"","overlay-opacity":"","overlay-gradient":""}}},"product_brand":[],"product_cat":[180],"product_tag":[137,190],"class_list":{"0":"post-1721","1":"product","2":"type-product","3":"status-publish","4":"has-post-thumbnail","6":"product_cat-pet-cbd","7":"product_tag-1-cbg","8":"product_tag-cbd-10","9":"desktop-align-left","10":"tablet-align-left","11":"mobile-align-left","12":"ast-product-gallery-layout-horizontal-slider","13":"ast-product-tabs-layout-horizontal","14":"ast-qv-on-image","16":"first","17":"instock","18":"taxable","19":"shipping-taxable","20":"purchasable","21":"product-type-simple"},"yoast_head":"<!-- This site is optimized with the Yoast SEO Premium plugin v27.5 (Yoast SEO v27.5) - https:\/\/yoast.com\/product\/yoast-seo-premium-wordpress\/ -->\n<title>Aceite de CBD 10% CBD 1% CBG Espectro Completo con H\u00edgado de Bacalao para Mascotas - Canna4blisS<\/title>\n<meta name=\"robots\" content=\"index, follow, max-snippet:-1, max-image-preview:large, max-video-preview:-1\" \/>\n<link rel=\"canonical\" href=\"https:\/\/www.canna4bliss.com\/de\/termek\/cbd-10-cbd-1-cbg-volles-spektrum-cbd-ol-mit-lebertran-fur-haustiere\/\" \/>\n<meta property=\"og:locale\" content=\"de_DE\" \/>\n<meta property=\"og:type\" content=\"article\" \/>\n<meta property=\"og:title\" content=\"Aceite de CBD 10% CBD 1% CBG Espectro Completo con H\u00edgado de Bacalao para Mascotas\" \/>\n<meta property=\"og:description\" content=\"El\u00a0Aceite de CBD 10% CBD 1% CBG Espectro Completo\u00a0de\u00a0Plants for Pets\u00a0es un producto especializado dise\u00f1ado para mejorar la calidad de vida de tus mascotas. Cada frasco de 10 ml contiene aproximadamente\u00a0200 gotas, con una dosis de\u00a05 mg de CBD\u00a0y\u00a00.5 mg de CBG\u00a0por gota.\" \/>\n<meta property=\"og:url\" content=\"https:\/\/www.canna4bliss.com\/de\/termek\/cbd-10-cbd-1-cbg-volles-spektrum-cbd-ol-mit-lebertran-fur-haustiere\/\" \/>\n<meta property=\"og:site_name\" content=\"Canna4blisS\" \/>\n<meta property=\"article:publisher\" content=\"https:\/\/www.facebook.com\/profile.php?id=61552127379853\" \/>\n<meta property=\"article:modified_time\" content=\"2025-07-02T05:47:13+00:00\" \/>\n<meta property=\"og:image\" content=\"https:\/\/www.canna4bliss.com\/wp-content\/uploads\/2024\/10\/Aceite-de-CBD-10-CBD-1-CBG-Espectro-Completo-con-Higado-de-Bacalao-para-Mascotas-10ml-2.jpg\" \/>\n\t<meta property=\"og:image:width\" content=\"800\" \/>\n\t<meta property=\"og:image:height\" content=\"800\" \/>\n\t<meta property=\"og:image:type\" content=\"image\/jpeg\" \/>\n<meta name=\"twitter:card\" content=\"summary_large_image\" \/>\n<meta name=\"twitter:label1\" content=\"Preis\" \/>\n\t<meta name=\"twitter:data1\" content=\"18,00&nbsp;&euro; ( 18,00&nbsp;&euro; + Tax )\" \/>\n\t<meta name=\"twitter:label2\" content=\"Verf\u00fcgbarkeit\" \/>\n\t<meta name=\"twitter:data2\" content=\"Auf Lager\" \/>\n<script type=\"application\/ld+json\" class=\"yoast-schema-graph\">{\"@context\":\"https:\\\/\\\/schema.org\",\"@graph\":[{\"@type\":\"WebPage\",\"@id\":\"https:\\\/\\\/www.canna4bliss.com\\\/termek\\\/aceite-de-cbd-10-cbd-1-cbg-espectro-completo-con-higado-de-bacalao-para-mascotas\\\/\",\"url\":\"https:\\\/\\\/www.canna4bliss.com\\\/termek\\\/aceite-de-cbd-10-cbd-1-cbg-espectro-completo-con-higado-de-bacalao-para-mascotas\\\/\",\"name\":\"Aceite de CBD 10% CBD 1% CBG Espectro Completo con H\u00edgado de Bacalao para Mascotas - Canna4blisS\",\"isPartOf\":{\"@id\":\"https:\\\/\\\/www.canna4bliss.com\\\/#website\"},\"primaryImageOfPage\":{\"@id\":\"https:\\\/\\\/www.canna4bliss.com\\\/termek\\\/aceite-de-cbd-10-cbd-1-cbg-espectro-completo-con-higado-de-bacalao-para-mascotas\\\/#primaryimage\"},\"image\":{\"@id\":\"https:\\\/\\\/www.canna4bliss.com\\\/termek\\\/aceite-de-cbd-10-cbd-1-cbg-espectro-completo-con-higado-de-bacalao-para-mascotas\\\/#primaryimage\"},\"thumbnailUrl\":\"https:\\\/\\\/www.canna4bliss.com\\\/wp-content\\\/uploads\\\/2024\\\/10\\\/Aceite-de-CBD-10-CBD-1-CBG-Espectro-Completo-con-Higado-de-Bacalao-para-Mascotas-10ml-2.jpg\",\"datePublished\":\"2025-01-06T18:09:39+00:00\",\"dateModified\":\"2025-07-02T05:47:13+00:00\",\"breadcrumb\":{\"@id\":\"https:\\\/\\\/www.canna4bliss.com\\\/termek\\\/aceite-de-cbd-10-cbd-1-cbg-espectro-completo-con-higado-de-bacalao-para-mascotas\\\/#breadcrumb\"},\"inLanguage\":\"de\",\"potentialAction\":[{\"@type\":\"ReadAction\",\"target\":[\"https:\\\/\\\/www.canna4bliss.com\\\/termek\\\/aceite-de-cbd-10-cbd-1-cbg-espectro-completo-con-higado-de-bacalao-para-mascotas\\\/\"]}]},{\"@type\":\"ImageObject\",\"inLanguage\":\"de\",\"@id\":\"https:\\\/\\\/www.canna4bliss.com\\\/termek\\\/aceite-de-cbd-10-cbd-1-cbg-espectro-completo-con-higado-de-bacalao-para-mascotas\\\/#primaryimage\",\"url\":\"https:\\\/\\\/www.canna4bliss.com\\\/wp-content\\\/uploads\\\/2024\\\/10\\\/Aceite-de-CBD-10-CBD-1-CBG-Espectro-Completo-con-Higado-de-Bacalao-para-Mascotas-10ml-2.jpg\",\"contentUrl\":\"https:\\\/\\\/www.canna4bliss.com\\\/wp-content\\\/uploads\\\/2024\\\/10\\\/Aceite-de-CBD-10-CBD-1-CBG-Espectro-Completo-con-Higado-de-Bacalao-para-Mascotas-10ml-2.jpg\",\"width\":800,\"height\":800,\"caption\":\"Aceite de CBD 10% CBD 1% CBG Espectro Completo con H\u00edgado de Bacalao para Mascotas - 10ml\"},{\"@type\":\"BreadcrumbList\",\"@id\":\"https:\\\/\\\/www.canna4bliss.com\\\/termek\\\/aceite-de-cbd-10-cbd-1-cbg-espectro-completo-con-higado-de-bacalao-para-mascotas\\\/#breadcrumb\",\"itemListElement\":[{\"@type\":\"ListItem\",\"position\":1,\"name\":\"Kezd\u0151lap\",\"item\":\"https:\\\/\\\/www.canna4bliss.com\\\/\"},{\"@type\":\"ListItem\",\"position\":2,\"name\":\"Shop\",\"item\":\"https:\\\/\\\/www.canna4bliss.com\\\/shop\\\/\"},{\"@type\":\"ListItem\",\"position\":3,\"name\":\"Aceite de CBD 10% CBD 1% CBG Espectro Completo con H\u00edgado de Bacalao para Mascotas\"}]},{\"@type\":\"WebSite\",\"@id\":\"https:\\\/\\\/www.canna4bliss.com\\\/#website\",\"url\":\"https:\\\/\\\/www.canna4bliss.com\\\/\",\"name\":\"Canna4blisS\",\"description\":\"Discover the power of CBD\",\"publisher\":{\"@id\":\"https:\\\/\\\/www.canna4bliss.com\\\/#organization\"},\"potentialAction\":[{\"@type\":\"SearchAction\",\"target\":{\"@type\":\"EntryPoint\",\"urlTemplate\":\"https:\\\/\\\/www.canna4bliss.com\\\/?s={search_term_string}\"},\"query-input\":{\"@type\":\"PropertyValueSpecification\",\"valueRequired\":true,\"valueName\":\"search_term_string\"}}],\"inLanguage\":\"de\"},{\"@type\":\"Organization\",\"@id\":\"https:\\\/\\\/www.canna4bliss.com\\\/#organization\",\"name\":\"Canna4blisS\",\"url\":\"https:\\\/\\\/www.canna4bliss.com\\\/\",\"logo\":{\"@type\":\"ImageObject\",\"inLanguage\":\"de\",\"@id\":\"https:\\\/\\\/www.canna4bliss.com\\\/#\\\/schema\\\/logo\\\/image\\\/\",\"url\":\"https:\\\/\\\/www.canna4bliss.com\\\/wp-content\\\/uploads\\\/2024\\\/09\\\/logo2.avif\",\"contentUrl\":\"https:\\\/\\\/www.canna4bliss.com\\\/wp-content\\\/uploads\\\/2024\\\/09\\\/logo2.avif\",\"width\":700,\"height\":282,\"caption\":\"Canna4blisS\"},\"image\":{\"@id\":\"https:\\\/\\\/www.canna4bliss.com\\\/#\\\/schema\\\/logo\\\/image\\\/\"},\"sameAs\":[\"https:\\\/\\\/www.facebook.com\\\/profile.php?id=61552127379853\"],\"hasMerchantReturnPolicy\":{\"@type\":\"MerchantReturnPolicy\",\"merchantReturnLink\":\"https:\\\/\\\/www.canna4bliss.com\\\/de\\\/politica-de-privacidad-2\\\/\"}}]}<\/script>\n<meta property=\"product:price:amount\" content=\"18.00\" \/>\n<meta property=\"product:price:currency\" content=\"EUR\" \/>\n<meta property=\"og:availability\" content=\"instock\" \/>\n<meta property=\"product:availability\" content=\"instock\" \/>\n<meta property=\"product:condition\" content=\"new\" \/>\n<!-- \/ Yoast SEO Premium plugin. -->","yoast_head_json":{"title":"CBD 10% CBD 1% CBG Vollspektrum CBD-\u00d6l mit Lebertran f\u00fcr Haustiere - Canna4blisS","robots":{"index":"index","follow":"follow","max-snippet":"max-snippet:-1","max-image-preview":"max-image-preview:large","max-video-preview":"max-video-preview:-1"},"canonical":"https:\/\/www.canna4bliss.com\/de\/termek\/cbd-10-cbd-1-cbg-volles-spektrum-cbd-ol-mit-lebertran-fur-haustiere\/","og_locale":"de_DE","og_type":"article","og_title":"Aceite de CBD 10% CBD 1% CBG Espectro Completo con H\u00edgado de Bacalao para Mascotas","og_description":"El\u00a0Aceite de CBD 10% CBD 1% CBG Espectro Completo\u00a0de\u00a0Plants for Pets\u00a0es un producto especializado dise\u00f1ado para mejorar la calidad de vida de tus mascotas. Cada frasco de 10 ml contiene aproximadamente\u00a0200 gotas, con una dosis de\u00a05 mg de CBD\u00a0y\u00a00.5 mg de CBG\u00a0por gota.","og_url":"https:\/\/www.canna4bliss.com\/de\/termek\/cbd-10-cbd-1-cbg-volles-spektrum-cbd-ol-mit-lebertran-fur-haustiere\/","og_site_name":"Canna4blisS","article_publisher":"https:\/\/www.facebook.com\/profile.php?id=61552127379853","article_modified_time":"2025-07-02T05:47:13+00:00","og_image":[{"width":800,"height":800,"url":"https:\/\/www.canna4bliss.com\/wp-content\/uploads\/2024\/10\/Aceite-de-CBD-10-CBD-1-CBG-Espectro-Completo-con-Higado-de-Bacalao-para-Mascotas-10ml-2.jpg","type":"image\/jpeg"}],"twitter_card":"summary_large_image","twitter_misc":{"Preis":"18,00&nbsp;&euro; ( 18,00&nbsp;&euro; + Tax )","Verf\u00fcgbarkeit":"Auf Lager"},"schema":{"@context":"https:\/\/schema.org","@graph":[{"@type":"WebPage","@id":"https:\/\/www.canna4bliss.com\/termek\/aceite-de-cbd-10-cbd-1-cbg-espectro-completo-con-higado-de-bacalao-para-mascotas\/","url":"https:\/\/www.canna4bliss.com\/termek\/aceite-de-cbd-10-cbd-1-cbg-espectro-completo-con-higado-de-bacalao-para-mascotas\/","name":"CBD 10% CBD 1% CBG Vollspektrum CBD-\u00d6l mit Lebertran f\u00fcr Haustiere - Canna4blisS","isPartOf":{"@id":"https:\/\/www.canna4bliss.com\/#website"},"primaryImageOfPage":{"@id":"https:\/\/www.canna4bliss.com\/termek\/aceite-de-cbd-10-cbd-1-cbg-espectro-completo-con-higado-de-bacalao-para-mascotas\/#primaryimage"},"image":{"@id":"https:\/\/www.canna4bliss.com\/termek\/aceite-de-cbd-10-cbd-1-cbg-espectro-completo-con-higado-de-bacalao-para-mascotas\/#primaryimage"},"thumbnailUrl":"https:\/\/www.canna4bliss.com\/wp-content\/uploads\/2024\/10\/Aceite-de-CBD-10-CBD-1-CBG-Espectro-Completo-con-Higado-de-Bacalao-para-Mascotas-10ml-2.jpg","datePublished":"2025-01-06T18:09:39+00:00","dateModified":"2025-07-02T05:47:13+00:00","breadcrumb":{"@id":"https:\/\/www.canna4bliss.com\/termek\/aceite-de-cbd-10-cbd-1-cbg-espectro-completo-con-higado-de-bacalao-para-mascotas\/#breadcrumb"},"inLanguage":"de","potentialAction":[{"@type":"ReadAction","target":["https:\/\/www.canna4bliss.com\/termek\/aceite-de-cbd-10-cbd-1-cbg-espectro-completo-con-higado-de-bacalao-para-mascotas\/"]}]},{"@type":"ImageObject","inLanguage":"de","@id":"https:\/\/www.canna4bliss.com\/termek\/aceite-de-cbd-10-cbd-1-cbg-espectro-completo-con-higado-de-bacalao-para-mascotas\/#primaryimage","url":"https:\/\/www.canna4bliss.com\/wp-content\/uploads\/2024\/10\/Aceite-de-CBD-10-CBD-1-CBG-Espectro-Completo-con-Higado-de-Bacalao-para-Mascotas-10ml-2.jpg","contentUrl":"https:\/\/www.canna4bliss.com\/wp-content\/uploads\/2024\/10\/Aceite-de-CBD-10-CBD-1-CBG-Espectro-Completo-con-Higado-de-Bacalao-para-Mascotas-10ml-2.jpg","width":800,"height":800,"caption":"Aceite de CBD 10% CBD 1% CBG Espectro Completo con H\u00edgado de Bacalao para Mascotas - 10ml"},{"@type":"BreadcrumbList","@id":"https:\/\/www.canna4bliss.com\/termek\/aceite-de-cbd-10-cbd-1-cbg-espectro-completo-con-higado-de-bacalao-para-mascotas\/#breadcrumb","itemListElement":[{"@type":"ListItem","position":1,"name":"Kezd\u0151lap","item":"https:\/\/www.canna4bliss.com\/"},{"@type":"ListItem","position":2,"name":"Shop","item":"https:\/\/www.canna4bliss.com\/shop\/"},{"@type":"ListItem","position":3,"name":"Aceite de CBD 10% CBD 1% CBG Espectro Completo con H\u00edgado de Bacalao para Mascotas"}]},{"@type":"WebSite","@id":"https:\/\/www.canna4bliss.com\/#website","url":"https:\/\/www.canna4bliss.com\/","name":"Canna4blisS","description":"Entdecken Sie die Kraft von CBD","publisher":{"@id":"https:\/\/www.canna4bliss.com\/#organization"},"potentialAction":[{"@type":"SearchAction","target":{"@type":"EntryPoint","urlTemplate":"https:\/\/www.canna4bliss.com\/?s={search_term_string}"},"query-input":{"@type":"PropertyValueSpecification","valueRequired":true,"valueName":"search_term_string"}}],"inLanguage":"de"},{"@type":"Organization","@id":"https:\/\/www.canna4bliss.com\/#organization","name":"Canna4blisS","url":"https:\/\/www.canna4bliss.com\/","logo":{"@type":"ImageObject","inLanguage":"de","@id":"https:\/\/www.canna4bliss.com\/#\/schema\/logo\/image\/","url":"https:\/\/www.canna4bliss.com\/wp-content\/uploads\/2024\/09\/logo2.avif","contentUrl":"https:\/\/www.canna4bliss.com\/wp-content\/uploads\/2024\/09\/logo2.avif","width":700,"height":282,"caption":"Canna4blisS"},"image":{"@id":"https:\/\/www.canna4bliss.com\/#\/schema\/logo\/image\/"},"sameAs":["https:\/\/www.facebook.com\/profile.php?id=61552127379853"],"hasMerchantReturnPolicy":{"@type":"MerchantReturnPolicy","merchantReturnLink":"https:\/\/www.canna4bliss.com\/de\/politica-de-privacidad-2\/"}}]},"product_price_amount":"18.00","product_price_currency":"EUR","og_availability":"instock","product_availability":"instock","product_condition":"new"},"_links":{"self":[{"href":"https:\/\/www.canna4bliss.com\/de\/wp-json\/wp\/v2\/product\/1721","targetHints":{"allow":["GET"]}}],"collection":[{"href":"https:\/\/www.canna4bliss.com\/de\/wp-json\/wp\/v2\/product"}],"about":[{"href":"https:\/\/www.canna4bliss.com\/de\/wp-json\/wp\/v2\/types\/product"}],"replies":[{"embeddable":true,"href":"https:\/\/www.canna4bliss.com\/de\/wp-json\/wp\/v2\/comments?post=1721"}],"wp:featuredmedia":[{"embeddable":true,"href":"https:\/\/www.canna4bliss.com\/de\/wp-json\/wp\/v2\/media\/1461"}],"wp:attachment":[{"href":"https:\/\/www.canna4bliss.com\/de\/wp-json\/wp\/v2\/media?parent=1721"}],"wp:term":[{"taxonomy":"product_brand","embeddable":true,"href":"https:\/\/www.canna4bliss.com\/de\/wp-json\/wp\/v2\/product_brand?post=1721"},{"taxonomy":"product_cat","embeddable":true,"href":"https:\/\/www.canna4bliss.com\/de\/wp-json\/wp\/v2\/product_cat?post=1721"},{"taxonomy":"product_tag","embeddable":true,"href":"https:\/\/www.canna4bliss.com\/de\/wp-json\/wp\/v2\/product_tag?post=1721"}],"curies":[{"name":"wp","href":"https:\/\/api.w.org\/{rel}","templated":true}]}}