{"id":1663,"date":"2024-12-19T18:48:28","date_gmt":"2024-12-19T18:48:28","guid":{"rendered":"https:\/\/www.canna4bliss.com\/?post_type=product&#038;p=1663"},"modified":"2025-01-06T16:29:52","modified_gmt":"2025-01-06T16:29:52","slug":"pflanze-des-lebens-rot-patrone-verdampfer","status":"publish","type":"product","link":"https:\/\/www.canna4bliss.com\/de\/termek\/vaporizador-cartucho-rojo-plant-of-life\/","title":{"rendered":"PFLANZE DES LEBENS ROT PATRONE VERDAMPFER"},"content":{"rendered":"","protected":false},"excerpt":{"rendered":"<p>Dieser Verdampfer ist perfekt f\u00fcr diejenigen, die ein kompaktes, einfach zu bedienendes Ger\u00e4t mit mehreren Einstellungen f\u00fcr ihre Bed\u00fcrfnisse suchen. Er ist mit Plant of Life-Patronen und anderen Marken kompatibel und erm\u00f6glicht mit seinen Spannungseinstellungen ein individuelles Erlebnis.<\/p>\n<p><strong>Wie zu verwenden:<\/strong>\u00a0Dr\u00fccken Sie die Taste:<\/p>\n<ul>\n<li><strong>Zum Ein\/Ausschalten:<\/strong>\u00a05 Mal<\/li>\n<li><strong>Spannung einstellen:<\/strong>\u00a03 Mal<\/li>\n<li><strong>Vorheizen:<\/strong>\u00a02 Mal (bei Harzen, Extraktionen oder Wachsen unbedingt vor der Anwendung)<\/li>\n<\/ul>\n<p><strong>Spannungen (LED-Lichtanzeige: Spannung = Lichtfarbe):<\/strong><\/p>\n<ul>\n<li><strong>3,4V:<\/strong> \"Gr\u00fcn\" f\u00fcr E-Liquids<\/li>\n<li><strong>3,7V:<\/strong> \"Blau\" f\u00fcr Wachse (m\u00e4\u00dfige und weniger intensive Nutzung)<\/li>\n<li><strong>4,0V:<\/strong> \"Rot\" f\u00fcr Wachs und Wachse (hoher und starker Verbrauch)<\/li>\n<\/ul>\n<p><strong>Das ist wichtig:<\/strong>\u00a0F\u00fcr eine lange Lebensdauer des Verdampfers und eine korrekte Anwendung und Bedienung:<\/p>\n<ul>\n<li>Vor dem Gebrauch vorw\u00e4rmen.<\/li>\n<li>Reinigen Sie nach dem Gebrauch den Kontakt zwischen der Kartusche und dem Verdampfer.<\/li>\n<li>Decken Sie den Boden der Patrone ab, um Wachsverluste zu vermeiden.<\/li>\n<\/ul>","protected":false},"featured_media":1666,"comment_status":"closed","ping_status":"closed","template":"","meta":{"site-sidebar-layout":"default","site-content-layout":"","ast-site-content-layout":"default","site-content-style":"default","site-sidebar-style":"default","ast-global-header-display":"","ast-banner-title-visibility":"","ast-main-header-display":"","ast-hfb-above-header-display":"","ast-hfb-below-header-display":"","ast-hfb-mobile-header-display":"","site-post-title":"","ast-breadcrumbs-content":"","ast-featured-img":"","footer-sml-layout":"","ast-disable-related-posts":"","theme-transparent-header-meta":"default","adv-header-id-meta":"","stick-header-meta":"","header-above-stick-meta":"","header-main-stick-meta":"","header-below-stick-meta":"","astra-migrate-meta-layouts":"set","ast-page-background-enabled":"default","ast-page-background-meta":{"desktop":{"background-color":"","background-image":"","background-repeat":"repeat","background-position":"center center","background-size":"auto","background-attachment":"scroll","background-type":"","background-media":"","overlay-type":"","overlay-color":"","overlay-opacity":"","overlay-gradient":""},"tablet":{"background-color":"","background-image":"","background-repeat":"repeat","background-position":"center center","background-size":"auto","background-attachment":"scroll","background-type":"","background-media":"","overlay-type":"","overlay-color":"","overlay-opacity":"","overlay-gradient":""},"mobile":{"background-color":"","background-image":"","background-repeat":"repeat","background-position":"center center","background-size":"auto","background-attachment":"scroll","background-type":"","background-media":"","overlay-type":"","overlay-color":"","overlay-opacity":"","overlay-gradient":""}},"ast-content-background-meta":{"desktop":{"background-color":"var(--ast-global-color-5)","background-image":"","background-repeat":"repeat","background-position":"center center","background-size":"auto","background-attachment":"scroll","background-type":"","background-media":"","overlay-type":"","overlay-color":"","overlay-opacity":"","overlay-gradient":""},"tablet":{"background-color":"var(--ast-global-color-5)","background-image":"","background-repeat":"repeat","background-position":"center center","background-size":"auto","background-attachment":"scroll","background-type":"","background-media":"","overlay-type":"","overlay-color":"","overlay-opacity":"","overlay-gradient":""},"mobile":{"background-color":"var(--ast-global-color-5)","background-image":"","background-repeat":"repeat","background-position":"center center","background-size":"auto","background-attachment":"scroll","background-type":"","background-media":"","overlay-type":"","overlay-color":"","overlay-opacity":"","overlay-gradient":""}}},"product_brand":[],"product_cat":[58],"product_tag":[186,185],"class_list":{"0":"post-1663","1":"product","2":"type-product","3":"status-publish","4":"has-post-thumbnail","6":"product_cat-cbd-cbg-smoke","7":"product_tag-cartucho","8":"product_tag-vaporizador","9":"desktop-align-left","10":"tablet-align-left","11":"mobile-align-left","12":"ast-product-gallery-layout-horizontal-slider","13":"ast-product-gallery-with-no-image","14":"ast-product-tabs-layout-horizontal","15":"ast-qv-on-image","17":"first","18":"instock","19":"taxable","20":"shipping-taxable","21":"purchasable","22":"product-type-simple"},"yoast_head":"<!-- This site is optimized with the Yoast SEO Premium plugin v27.5 (Yoast SEO v27.5) - https:\/\/yoast.com\/product\/yoast-seo-premium-wordpress\/ -->\n<title>VAPORIZADOR CARTUCHO ROJO PLANT OF LIFE - Canna4blisS<\/title>\n<meta name=\"robots\" content=\"index, follow, max-snippet:-1, max-image-preview:large, max-video-preview:-1\" \/>\n<link rel=\"canonical\" href=\"https:\/\/www.canna4bliss.com\/de\/termek\/pflanze-des-lebens-rot-patrone-verdampfer\/\" \/>\n<meta property=\"og:locale\" content=\"de_DE\" \/>\n<meta property=\"og:type\" content=\"article\" \/>\n<meta property=\"og:title\" content=\"VAPORIZADOR CARTUCHO ROJO PLANT OF LIFE\" \/>\n<meta property=\"og:description\" content=\"Este vaporizador es perfecto para aquellos que desean un dispositivo compacto, f\u00e1cil de usar y con m\u00faltiples configuraciones para adaptarse a sus necesidades. Compatible con cartuchos de Plant of Life y otras marcas, permite una experiencia personalizada con sus ajustes de voltaje.  Modo de uso:\u00a0Presionar el bot\u00f3n:   Para encender\/apagar:\u00a05 veces  Ajustar voltaje:\u00a03 veces  Pre-calentar:\u00a02 veces (imprescindible para resinas, extracciones o ceras antes de empezar a usar)  Voltajes (Indicaci\u00f3n de luz LED: Voltaje = Color Luz):   3,4V: &quot;Verde&quot; para e-l\u00edquidos  3,7V: &quot;Azul&quot; para ceras o wax (consumo moderado y menos intenso)  4,0V: &quot;Roja&quot; para wax y ceras (consumo abundante y potente)  Importante:\u00a0Para una larga vida del vaporizador y un correcto uso y funcionamiento:   Antes de usar, precalentar.  Una vez terminado el uso, limpiar el contacto del cartucho y el vaporizador.  Tapar el cartucho por la parte de abajo para evitar la p\u00e9rdida de cera.\" \/>\n<meta property=\"og:url\" content=\"https:\/\/www.canna4bliss.com\/de\/termek\/pflanze-des-lebens-rot-patrone-verdampfer\/\" \/>\n<meta property=\"og:site_name\" content=\"Canna4blisS\" \/>\n<meta property=\"article:publisher\" content=\"https:\/\/www.facebook.com\/profile.php?id=61552127379853\" \/>\n<meta property=\"article:modified_time\" content=\"2025-01-06T16:29:52+00:00\" \/>\n<meta name=\"twitter:card\" content=\"summary_large_image\" \/>\n<meta name=\"twitter:label1\" content=\"Preis\" \/>\n\t<meta name=\"twitter:data1\" content=\"11,00&nbsp;&euro; ( 11,00&nbsp;&euro; + Tax )\" \/>\n\t<meta name=\"twitter:label2\" content=\"Verf\u00fcgbarkeit\" \/>\n\t<meta name=\"twitter:data2\" content=\"Auf Lager\" \/>\n<script type=\"application\/ld+json\" class=\"yoast-schema-graph\">{\"@context\":\"https:\\\/\\\/schema.org\",\"@graph\":[{\"@type\":\"WebPage\",\"@id\":\"https:\\\/\\\/www.canna4bliss.com\\\/termek\\\/vaporizador-cartucho-rojo-plant-of-life\\\/\",\"url\":\"https:\\\/\\\/www.canna4bliss.com\\\/termek\\\/vaporizador-cartucho-rojo-plant-of-life\\\/\",\"name\":\"VAPORIZADOR CARTUCHO ROJO PLANT OF LIFE - Canna4blisS\",\"isPartOf\":{\"@id\":\"https:\\\/\\\/www.canna4bliss.com\\\/#website\"},\"primaryImageOfPage\":{\"@id\":\"https:\\\/\\\/www.canna4bliss.com\\\/termek\\\/vaporizador-cartucho-rojo-plant-of-life\\\/#primaryimage\"},\"image\":{\"@id\":\"https:\\\/\\\/www.canna4bliss.com\\\/termek\\\/vaporizador-cartucho-rojo-plant-of-life\\\/#primaryimage\"},\"thumbnailUrl\":\"https:\\\/\\\/www.canna4bliss.com\\\/wp-content\\\/uploads\\\/2024\\\/12\\\/vaporizer-cartridge-red-plant-of-life-1.avif\",\"datePublished\":\"2024-12-19T18:48:28+00:00\",\"dateModified\":\"2025-01-06T16:29:52+00:00\",\"breadcrumb\":{\"@id\":\"https:\\\/\\\/www.canna4bliss.com\\\/termek\\\/vaporizador-cartucho-rojo-plant-of-life\\\/#breadcrumb\"},\"inLanguage\":\"de\",\"potentialAction\":[{\"@type\":\"ReadAction\",\"target\":[\"https:\\\/\\\/www.canna4bliss.com\\\/termek\\\/vaporizador-cartucho-rojo-plant-of-life\\\/\"]}]},{\"@type\":\"ImageObject\",\"inLanguage\":\"de\",\"@id\":\"https:\\\/\\\/www.canna4bliss.com\\\/termek\\\/vaporizador-cartucho-rojo-plant-of-life\\\/#primaryimage\",\"url\":\"https:\\\/\\\/www.canna4bliss.com\\\/wp-content\\\/uploads\\\/2024\\\/12\\\/vaporizer-cartridge-red-plant-of-life-1.avif\",\"contentUrl\":\"https:\\\/\\\/www.canna4bliss.com\\\/wp-content\\\/uploads\\\/2024\\\/12\\\/vaporizer-cartridge-red-plant-of-life-1.avif\",\"width\":800,\"height\":800,\"caption\":\"VAPORIZADOR CARTUCHO ROJO PLANT OF LIFE\"},{\"@type\":\"BreadcrumbList\",\"@id\":\"https:\\\/\\\/www.canna4bliss.com\\\/termek\\\/vaporizador-cartucho-rojo-plant-of-life\\\/#breadcrumb\",\"itemListElement\":[{\"@type\":\"ListItem\",\"position\":1,\"name\":\"Kezd\u0151lap\",\"item\":\"https:\\\/\\\/www.canna4bliss.com\\\/\"},{\"@type\":\"ListItem\",\"position\":2,\"name\":\"Shop\",\"item\":\"https:\\\/\\\/www.canna4bliss.com\\\/shop\\\/\"},{\"@type\":\"ListItem\",\"position\":3,\"name\":\"VAPORIZADOR CARTUCHO ROJO PLANT OF LIFE\"}]},{\"@type\":\"WebSite\",\"@id\":\"https:\\\/\\\/www.canna4bliss.com\\\/#website\",\"url\":\"https:\\\/\\\/www.canna4bliss.com\\\/\",\"name\":\"Canna4blisS\",\"description\":\"Discover the power of CBD\",\"publisher\":{\"@id\":\"https:\\\/\\\/www.canna4bliss.com\\\/#organization\"},\"potentialAction\":[{\"@type\":\"SearchAction\",\"target\":{\"@type\":\"EntryPoint\",\"urlTemplate\":\"https:\\\/\\\/www.canna4bliss.com\\\/?s={search_term_string}\"},\"query-input\":{\"@type\":\"PropertyValueSpecification\",\"valueRequired\":true,\"valueName\":\"search_term_string\"}}],\"inLanguage\":\"de\"},{\"@type\":\"Organization\",\"@id\":\"https:\\\/\\\/www.canna4bliss.com\\\/#organization\",\"name\":\"Canna4blisS\",\"url\":\"https:\\\/\\\/www.canna4bliss.com\\\/\",\"logo\":{\"@type\":\"ImageObject\",\"inLanguage\":\"de\",\"@id\":\"https:\\\/\\\/www.canna4bliss.com\\\/#\\\/schema\\\/logo\\\/image\\\/\",\"url\":\"https:\\\/\\\/www.canna4bliss.com\\\/wp-content\\\/uploads\\\/2024\\\/09\\\/logo2.avif\",\"contentUrl\":\"https:\\\/\\\/www.canna4bliss.com\\\/wp-content\\\/uploads\\\/2024\\\/09\\\/logo2.avif\",\"width\":700,\"height\":282,\"caption\":\"Canna4blisS\"},\"image\":{\"@id\":\"https:\\\/\\\/www.canna4bliss.com\\\/#\\\/schema\\\/logo\\\/image\\\/\"},\"sameAs\":[\"https:\\\/\\\/www.facebook.com\\\/profile.php?id=61552127379853\"],\"hasMerchantReturnPolicy\":{\"@type\":\"MerchantReturnPolicy\",\"merchantReturnLink\":\"https:\\\/\\\/www.canna4bliss.com\\\/de\\\/politica-de-privacidad-2\\\/\"}}]}<\/script>\n<meta property=\"product:price:amount\" content=\"11.00\" \/>\n<meta property=\"product:price:currency\" content=\"EUR\" \/>\n<meta property=\"og:availability\" content=\"instock\" \/>\n<meta property=\"product:availability\" content=\"instock\" \/>\n<meta property=\"product:condition\" content=\"new\" \/>\n<!-- \/ Yoast SEO Premium plugin. -->","yoast_head_json":{"title":"PLANT OF LIFE RED CARTRIDGE VAPOURIZER - Canna4blisS","robots":{"index":"index","follow":"follow","max-snippet":"max-snippet:-1","max-image-preview":"max-image-preview:large","max-video-preview":"max-video-preview:-1"},"canonical":"https:\/\/www.canna4bliss.com\/de\/termek\/pflanze-des-lebens-rot-patrone-verdampfer\/","og_locale":"de_DE","og_type":"article","og_title":"VAPORIZADOR CARTUCHO ROJO PLANT OF LIFE","og_description":"Este vaporizador es perfecto para aquellos que desean un dispositivo compacto, f\u00e1cil de usar y con m\u00faltiples configuraciones para adaptarse a sus necesidades. Compatible con cartuchos de Plant of Life y otras marcas, permite una experiencia personalizada con sus ajustes de voltaje.  Modo de uso:\u00a0Presionar el bot\u00f3n:   Para encender\/apagar:\u00a05 veces  Ajustar voltaje:\u00a03 veces  Pre-calentar:\u00a02 veces (imprescindible para resinas, extracciones o ceras antes de empezar a usar)  Voltajes (Indicaci\u00f3n de luz LED: Voltaje = Color Luz):   3,4V: \"Verde\" para e-l\u00edquidos  3,7V: \"Azul\" para ceras o wax (consumo moderado y menos intenso)  4,0V: \"Roja\" para wax y ceras (consumo abundante y potente)  Importante:\u00a0Para una larga vida del vaporizador y un correcto uso y funcionamiento:   Antes de usar, precalentar.  Una vez terminado el uso, limpiar el contacto del cartucho y el vaporizador.  Tapar el cartucho por la parte de abajo para evitar la p\u00e9rdida de cera.","og_url":"https:\/\/www.canna4bliss.com\/de\/termek\/pflanze-des-lebens-rot-patrone-verdampfer\/","og_site_name":"Canna4blisS","article_publisher":"https:\/\/www.facebook.com\/profile.php?id=61552127379853","article_modified_time":"2025-01-06T16:29:52+00:00","twitter_card":"summary_large_image","twitter_misc":{"Preis":"11,00&nbsp;&euro; ( 11,00&nbsp;&euro; + Tax )","Verf\u00fcgbarkeit":"Auf Lager"},"schema":{"@context":"https:\/\/schema.org","@graph":[{"@type":"WebPage","@id":"https:\/\/www.canna4bliss.com\/termek\/vaporizador-cartucho-rojo-plant-of-life\/","url":"https:\/\/www.canna4bliss.com\/termek\/vaporizador-cartucho-rojo-plant-of-life\/","name":"PLANT OF LIFE RED CARTRIDGE VAPOURIZER - Canna4blisS","isPartOf":{"@id":"https:\/\/www.canna4bliss.com\/#website"},"primaryImageOfPage":{"@id":"https:\/\/www.canna4bliss.com\/termek\/vaporizador-cartucho-rojo-plant-of-life\/#primaryimage"},"image":{"@id":"https:\/\/www.canna4bliss.com\/termek\/vaporizador-cartucho-rojo-plant-of-life\/#primaryimage"},"thumbnailUrl":"https:\/\/www.canna4bliss.com\/wp-content\/uploads\/2024\/12\/vaporizer-cartridge-red-plant-of-life-1.avif","datePublished":"2024-12-19T18:48:28+00:00","dateModified":"2025-01-06T16:29:52+00:00","breadcrumb":{"@id":"https:\/\/www.canna4bliss.com\/termek\/vaporizador-cartucho-rojo-plant-of-life\/#breadcrumb"},"inLanguage":"de","potentialAction":[{"@type":"ReadAction","target":["https:\/\/www.canna4bliss.com\/termek\/vaporizador-cartucho-rojo-plant-of-life\/"]}]},{"@type":"ImageObject","inLanguage":"de","@id":"https:\/\/www.canna4bliss.com\/termek\/vaporizador-cartucho-rojo-plant-of-life\/#primaryimage","url":"https:\/\/www.canna4bliss.com\/wp-content\/uploads\/2024\/12\/vaporizer-cartridge-red-plant-of-life-1.avif","contentUrl":"https:\/\/www.canna4bliss.com\/wp-content\/uploads\/2024\/12\/vaporizer-cartridge-red-plant-of-life-1.avif","width":800,"height":800,"caption":"VAPORIZADOR CARTUCHO ROJO PLANT OF LIFE"},{"@type":"BreadcrumbList","@id":"https:\/\/www.canna4bliss.com\/termek\/vaporizador-cartucho-rojo-plant-of-life\/#breadcrumb","itemListElement":[{"@type":"ListItem","position":1,"name":"Kezd\u0151lap","item":"https:\/\/www.canna4bliss.com\/"},{"@type":"ListItem","position":2,"name":"Shop","item":"https:\/\/www.canna4bliss.com\/shop\/"},{"@type":"ListItem","position":3,"name":"VAPORIZADOR CARTUCHO ROJO PLANT OF LIFE"}]},{"@type":"WebSite","@id":"https:\/\/www.canna4bliss.com\/#website","url":"https:\/\/www.canna4bliss.com\/","name":"Canna4blisS","description":"Entdecken Sie die Kraft von CBD","publisher":{"@id":"https:\/\/www.canna4bliss.com\/#organization"},"potentialAction":[{"@type":"SearchAction","target":{"@type":"EntryPoint","urlTemplate":"https:\/\/www.canna4bliss.com\/?s={search_term_string}"},"query-input":{"@type":"PropertyValueSpecification","valueRequired":true,"valueName":"search_term_string"}}],"inLanguage":"de"},{"@type":"Organization","@id":"https:\/\/www.canna4bliss.com\/#organization","name":"Canna4blisS","url":"https:\/\/www.canna4bliss.com\/","logo":{"@type":"ImageObject","inLanguage":"de","@id":"https:\/\/www.canna4bliss.com\/#\/schema\/logo\/image\/","url":"https:\/\/www.canna4bliss.com\/wp-content\/uploads\/2024\/09\/logo2.avif","contentUrl":"https:\/\/www.canna4bliss.com\/wp-content\/uploads\/2024\/09\/logo2.avif","width":700,"height":282,"caption":"Canna4blisS"},"image":{"@id":"https:\/\/www.canna4bliss.com\/#\/schema\/logo\/image\/"},"sameAs":["https:\/\/www.facebook.com\/profile.php?id=61552127379853"],"hasMerchantReturnPolicy":{"@type":"MerchantReturnPolicy","merchantReturnLink":"https:\/\/www.canna4bliss.com\/de\/politica-de-privacidad-2\/"}}]},"product_price_amount":"11.00","product_price_currency":"EUR","og_availability":"instock","product_availability":"instock","product_condition":"new"},"_links":{"self":[{"href":"https:\/\/www.canna4bliss.com\/de\/wp-json\/wp\/v2\/product\/1663","targetHints":{"allow":["GET"]}}],"collection":[{"href":"https:\/\/www.canna4bliss.com\/de\/wp-json\/wp\/v2\/product"}],"about":[{"href":"https:\/\/www.canna4bliss.com\/de\/wp-json\/wp\/v2\/types\/product"}],"replies":[{"embeddable":true,"href":"https:\/\/www.canna4bliss.com\/de\/wp-json\/wp\/v2\/comments?post=1663"}],"wp:featuredmedia":[{"embeddable":true,"href":"https:\/\/www.canna4bliss.com\/de\/wp-json\/wp\/v2\/media\/1666"}],"wp:attachment":[{"href":"https:\/\/www.canna4bliss.com\/de\/wp-json\/wp\/v2\/media?parent=1663"}],"wp:term":[{"taxonomy":"product_brand","embeddable":true,"href":"https:\/\/www.canna4bliss.com\/de\/wp-json\/wp\/v2\/product_brand?post=1663"},{"taxonomy":"product_cat","embeddable":true,"href":"https:\/\/www.canna4bliss.com\/de\/wp-json\/wp\/v2\/product_cat?post=1663"},{"taxonomy":"product_tag","embeddable":true,"href":"https:\/\/www.canna4bliss.com\/de\/wp-json\/wp\/v2\/product_tag?post=1663"}],"curies":[{"name":"wp","href":"https:\/\/api.w.org\/{rel}","templated":true}]}}