{"id":1535,"date":"2024-11-10T12:39:33","date_gmt":"2024-11-10T12:39:33","guid":{"rendered":"https:\/\/www.canna4bliss.com\/?post_type=product&#038;p=1535"},"modified":"2024-11-22T13:20:52","modified_gmt":"2024-11-22T13:20:52","slug":"pflanze-des-lebens-vitamin-c-und-cbd-serum","status":"publish","type":"product","link":"https:\/\/www.canna4bliss.com\/de\/termek\/el-serum-de-vitamina-c-y-cbd-de-plant-of-life\/","title":{"rendered":"Vitamin C &amp; CBD-Serum von Plant of Life"},"content":{"rendered":"<p>Wichtigste Inhaltsstoffe und Vorteile:<\/p>\n<p>Vitamin C: Starkes Antioxidans, das freie Radikale neutralisiert und die Festigkeit der Haut verbessert.<\/p>\n<p>Rosen\u00f6l: Reich an essentiellen Fetts\u00e4uren und Vitaminen, unterst\u00fctzt es die Zellregeneration und verbessert die Elastizit\u00e4t der Haut.<\/p>\n<p>Vitamin E: Antioxidans, das die Haut vor Umweltsch\u00e4den sch\u00fctzt und gleichzeitig Feuchtigkeit spendet und beruhigt.<\/p>\n<p>Hanfsamen\u00f6l: Mit feuchtigkeitsspendenden und entz\u00fcndungshemmenden Eigenschaften, ideal zur Beruhigung gestresster Haut und zur F\u00f6rderung eines gesunden Teints.<\/p>\n<p>Wie zu verwenden:<\/p>\n<p>Reinigen Sie Ihr Gesicht wie gewohnt und geben Sie dann eine kleine Menge des Serums in Ihre Handfl\u00e4che. Gleichm\u00e4\u00dfig auf Gesicht und Hals verteilen, dabei die Augenpartie aussparen. Massieren Sie das Serum sanft in kreisenden Bewegungen ein, bis es vollst\u00e4ndig eingezogen ist. Fahren Sie dann mit Ihrer \u00fcblichen Gesichtspflege fort.<\/p>\n<p>Warnungen:<\/p>\n<p>Nur zur \u00e4u\u00dferlichen Anwendung. Kontakt mit den Augen ist zu vermeiden. Wenn eine Reizung auftritt, die Anwendung abbrechen und einen Dermatologen aufsuchen.<\/p>\n<p>Das Vitamin C- und CBD-Serum von Plant of Life ist die ideale Wahl f\u00fcr alle, die das Aussehen und die Gesundheit ihrer Haut auf nat\u00fcrliche und effektive Weise verbessern m\u00f6chten.<\/p>","protected":false},"excerpt":{"rendered":"<p>Das Plant of Life Vitamin C &amp; CBD Serum ist ein 30 ml gro\u00dfes Hautpflegeprodukt, das 1% Vitamin C und 300 mg CBD enth\u00e4lt. Dieses Serum ist reich an Antioxidantien und Cannabinoiden und wurde entwickelt, um die Elastizit\u00e4t der Haut zu verbessern, feine Linien zu reduzieren und den Teint zu revitalisieren.<\/p>","protected":false},"featured_media":1536,"comment_status":"closed","ping_status":"closed","template":"","meta":{"site-sidebar-layout":"default","site-content-layout":"","ast-site-content-layout":"default","site-content-style":"default","site-sidebar-style":"default","ast-global-header-display":"","ast-banner-title-visibility":"","ast-main-header-display":"","ast-hfb-above-header-display":"","ast-hfb-below-header-display":"","ast-hfb-mobile-header-display":"","site-post-title":"","ast-breadcrumbs-content":"","ast-featured-img":"","footer-sml-layout":"","ast-disable-related-posts":"","theme-transparent-header-meta":"default","adv-header-id-meta":"","stick-header-meta":"","header-above-stick-meta":"","header-main-stick-meta":"","header-below-stick-meta":"","astra-migrate-meta-layouts":"set","ast-page-background-enabled":"default","ast-page-background-meta":{"desktop":{"background-color":"","background-image":"","background-repeat":"repeat","background-position":"center center","background-size":"auto","background-attachment":"scroll","background-type":"","background-media":"","overlay-type":"","overlay-color":"","overlay-opacity":"","overlay-gradient":""},"tablet":{"background-color":"","background-image":"","background-repeat":"repeat","background-position":"center center","background-size":"auto","background-attachment":"scroll","background-type":"","background-media":"","overlay-type":"","overlay-color":"","overlay-opacity":"","overlay-gradient":""},"mobile":{"background-color":"","background-image":"","background-repeat":"repeat","background-position":"center center","background-size":"auto","background-attachment":"scroll","background-type":"","background-media":"","overlay-type":"","overlay-color":"","overlay-opacity":"","overlay-gradient":""}},"ast-content-background-meta":{"desktop":{"background-color":"var(--ast-global-color-5)","background-image":"","background-repeat":"repeat","background-position":"center center","background-size":"auto","background-attachment":"scroll","background-type":"","background-media":"","overlay-type":"","overlay-color":"","overlay-opacity":"","overlay-gradient":""},"tablet":{"background-color":"var(--ast-global-color-5)","background-image":"","background-repeat":"repeat","background-position":"center center","background-size":"auto","background-attachment":"scroll","background-type":"","background-media":"","overlay-type":"","overlay-color":"","overlay-opacity":"","overlay-gradient":""},"mobile":{"background-color":"var(--ast-global-color-5)","background-image":"","background-repeat":"repeat","background-position":"center center","background-size":"auto","background-attachment":"scroll","background-type":"","background-media":"","overlay-type":"","overlay-color":"","overlay-opacity":"","overlay-gradient":""}}},"product_brand":[],"product_cat":[57],"product_tag":[165],"class_list":{"0":"post-1535","1":"product","2":"type-product","3":"status-publish","4":"has-post-thumbnail","6":"product_cat-cosmetics","7":"product_tag-el-serum-de-vitamina-c-y-cbd-de-plant-of-life","8":"desktop-align-left","9":"tablet-align-left","10":"mobile-align-left","11":"ast-product-gallery-layout-horizontal-slider","12":"ast-product-gallery-with-no-image","13":"ast-product-tabs-layout-horizontal","14":"ast-qv-on-image","16":"first","17":"instock","18":"taxable","19":"shipping-taxable","20":"purchasable","21":"product-type-simple"},"yoast_head":"<!-- This site is optimized with the Yoast SEO Premium plugin v27.5 (Yoast SEO v27.5) - https:\/\/yoast.com\/product\/yoast-seo-premium-wordpress\/ -->\n<title>El S\u00e9rum de Vitamina C y CBD de Plant of Life - Canna4blisS<\/title>\n<meta name=\"robots\" content=\"index, follow, max-snippet:-1, max-image-preview:large, max-video-preview:-1\" \/>\n<link rel=\"canonical\" href=\"https:\/\/www.canna4bliss.com\/de\/termek\/pflanze-des-lebens-vitamin-c-und-cbd-serum\/\" \/>\n<meta property=\"og:locale\" content=\"de_DE\" \/>\n<meta property=\"og:type\" content=\"article\" \/>\n<meta property=\"og:title\" content=\"El S\u00e9rum de Vitamina C y CBD de Plant of Life\" \/>\n<meta property=\"og:description\" content=\"El S\u00e9rum de Vitamina C y CBD de Plant of Life es un producto de cuidado de la piel de 30 ml, que contiene un 1% de vitamina C y 300 mg de CBD. Este s\u00e9rum es rico en antioxidantes y cannabinoides, y est\u00e1 dise\u00f1ado para mejorar la elasticidad de la piel, reducir las l\u00edneas finas y revitalizar el cutis.\" \/>\n<meta property=\"og:url\" content=\"https:\/\/www.canna4bliss.com\/de\/termek\/pflanze-des-lebens-vitamin-c-und-cbd-serum\/\" \/>\n<meta property=\"og:site_name\" content=\"Canna4blisS\" \/>\n<meta property=\"article:publisher\" content=\"https:\/\/www.facebook.com\/profile.php?id=61552127379853\" \/>\n<meta property=\"article:modified_time\" content=\"2024-11-22T13:20:52+00:00\" \/>\n<meta property=\"og:image\" content=\"https:\/\/www.canna4bliss.com\/wp-content\/uploads\/2024\/11\/vitamin-c-serum-cbd-30ml.webp\" \/>\n\t<meta property=\"og:image:width\" content=\"800\" \/>\n\t<meta property=\"og:image:height\" content=\"800\" \/>\n\t<meta property=\"og:image:type\" content=\"image\/webp\" \/>\n<meta name=\"twitter:card\" content=\"summary_large_image\" \/>\n<meta name=\"twitter:label1\" content=\"Preis\" \/>\n\t<meta name=\"twitter:data1\" content=\"8,50&nbsp;&euro; ( 8,50&nbsp;&euro; + Tax )\" \/>\n\t<meta name=\"twitter:label2\" content=\"Verf\u00fcgbarkeit\" \/>\n\t<meta name=\"twitter:data2\" content=\"Auf Lager\" \/>\n<script type=\"application\/ld+json\" class=\"yoast-schema-graph\">{\"@context\":\"https:\\\/\\\/schema.org\",\"@graph\":[{\"@type\":\"WebPage\",\"@id\":\"https:\\\/\\\/www.canna4bliss.com\\\/termek\\\/el-serum-de-vitamina-c-y-cbd-de-plant-of-life\\\/\",\"url\":\"https:\\\/\\\/www.canna4bliss.com\\\/termek\\\/el-serum-de-vitamina-c-y-cbd-de-plant-of-life\\\/\",\"name\":\"El S\u00e9rum de Vitamina C y CBD de Plant of Life - Canna4blisS\",\"isPartOf\":{\"@id\":\"https:\\\/\\\/www.canna4bliss.com\\\/#website\"},\"primaryImageOfPage\":{\"@id\":\"https:\\\/\\\/www.canna4bliss.com\\\/termek\\\/el-serum-de-vitamina-c-y-cbd-de-plant-of-life\\\/#primaryimage\"},\"image\":{\"@id\":\"https:\\\/\\\/www.canna4bliss.com\\\/termek\\\/el-serum-de-vitamina-c-y-cbd-de-plant-of-life\\\/#primaryimage\"},\"thumbnailUrl\":\"https:\\\/\\\/www.canna4bliss.com\\\/wp-content\\\/uploads\\\/2024\\\/11\\\/vitamin-c-serum-cbd-30ml.webp\",\"datePublished\":\"2024-11-10T12:39:33+00:00\",\"dateModified\":\"2024-11-22T13:20:52+00:00\",\"breadcrumb\":{\"@id\":\"https:\\\/\\\/www.canna4bliss.com\\\/termek\\\/el-serum-de-vitamina-c-y-cbd-de-plant-of-life\\\/#breadcrumb\"},\"inLanguage\":\"de\",\"potentialAction\":[{\"@type\":\"ReadAction\",\"target\":[\"https:\\\/\\\/www.canna4bliss.com\\\/termek\\\/el-serum-de-vitamina-c-y-cbd-de-plant-of-life\\\/\"]}]},{\"@type\":\"ImageObject\",\"inLanguage\":\"de\",\"@id\":\"https:\\\/\\\/www.canna4bliss.com\\\/termek\\\/el-serum-de-vitamina-c-y-cbd-de-plant-of-life\\\/#primaryimage\",\"url\":\"https:\\\/\\\/www.canna4bliss.com\\\/wp-content\\\/uploads\\\/2024\\\/11\\\/vitamin-c-serum-cbd-30ml.webp\",\"contentUrl\":\"https:\\\/\\\/www.canna4bliss.com\\\/wp-content\\\/uploads\\\/2024\\\/11\\\/vitamin-c-serum-cbd-30ml.webp\",\"width\":800,\"height\":800,\"caption\":\"El S\u00e9rum de Vitamina C y CBD de Plant of Life\"},{\"@type\":\"BreadcrumbList\",\"@id\":\"https:\\\/\\\/www.canna4bliss.com\\\/termek\\\/el-serum-de-vitamina-c-y-cbd-de-plant-of-life\\\/#breadcrumb\",\"itemListElement\":[{\"@type\":\"ListItem\",\"position\":1,\"name\":\"Kezd\u0151lap\",\"item\":\"https:\\\/\\\/www.canna4bliss.com\\\/\"},{\"@type\":\"ListItem\",\"position\":2,\"name\":\"Shop\",\"item\":\"https:\\\/\\\/www.canna4bliss.com\\\/shop\\\/\"},{\"@type\":\"ListItem\",\"position\":3,\"name\":\"El S\u00e9rum de Vitamina C y CBD de Plant of Life\"}]},{\"@type\":\"WebSite\",\"@id\":\"https:\\\/\\\/www.canna4bliss.com\\\/#website\",\"url\":\"https:\\\/\\\/www.canna4bliss.com\\\/\",\"name\":\"Canna4blisS\",\"description\":\"Discover the power of CBD\",\"publisher\":{\"@id\":\"https:\\\/\\\/www.canna4bliss.com\\\/#organization\"},\"potentialAction\":[{\"@type\":\"SearchAction\",\"target\":{\"@type\":\"EntryPoint\",\"urlTemplate\":\"https:\\\/\\\/www.canna4bliss.com\\\/?s={search_term_string}\"},\"query-input\":{\"@type\":\"PropertyValueSpecification\",\"valueRequired\":true,\"valueName\":\"search_term_string\"}}],\"inLanguage\":\"de\"},{\"@type\":\"Organization\",\"@id\":\"https:\\\/\\\/www.canna4bliss.com\\\/#organization\",\"name\":\"Canna4blisS\",\"url\":\"https:\\\/\\\/www.canna4bliss.com\\\/\",\"logo\":{\"@type\":\"ImageObject\",\"inLanguage\":\"de\",\"@id\":\"https:\\\/\\\/www.canna4bliss.com\\\/#\\\/schema\\\/logo\\\/image\\\/\",\"url\":\"https:\\\/\\\/www.canna4bliss.com\\\/wp-content\\\/uploads\\\/2024\\\/09\\\/logo2.avif\",\"contentUrl\":\"https:\\\/\\\/www.canna4bliss.com\\\/wp-content\\\/uploads\\\/2024\\\/09\\\/logo2.avif\",\"width\":700,\"height\":282,\"caption\":\"Canna4blisS\"},\"image\":{\"@id\":\"https:\\\/\\\/www.canna4bliss.com\\\/#\\\/schema\\\/logo\\\/image\\\/\"},\"sameAs\":[\"https:\\\/\\\/www.facebook.com\\\/profile.php?id=61552127379853\"],\"hasMerchantReturnPolicy\":{\"@type\":\"MerchantReturnPolicy\",\"merchantReturnLink\":\"https:\\\/\\\/www.canna4bliss.com\\\/de\\\/politica-de-privacidad-2\\\/\"}}]}<\/script>\n<meta property=\"product:price:amount\" content=\"8.50\" \/>\n<meta property=\"product:price:currency\" content=\"EUR\" \/>\n<meta property=\"og:availability\" content=\"instock\" \/>\n<meta property=\"product:availability\" content=\"instock\" \/>\n<meta property=\"product:condition\" content=\"new\" \/>\n<!-- \/ Yoast SEO Premium plugin. -->","yoast_head_json":{"title":"Plant of Life Vitamin C und CBD Serum - Canna4blisS","robots":{"index":"index","follow":"follow","max-snippet":"max-snippet:-1","max-image-preview":"max-image-preview:large","max-video-preview":"max-video-preview:-1"},"canonical":"https:\/\/www.canna4bliss.com\/de\/termek\/pflanze-des-lebens-vitamin-c-und-cbd-serum\/","og_locale":"de_DE","og_type":"article","og_title":"El S\u00e9rum de Vitamina C y CBD de Plant of Life","og_description":"El S\u00e9rum de Vitamina C y CBD de Plant of Life es un producto de cuidado de la piel de 30 ml, que contiene un 1% de vitamina C y 300 mg de CBD. Este s\u00e9rum es rico en antioxidantes y cannabinoides, y est\u00e1 dise\u00f1ado para mejorar la elasticidad de la piel, reducir las l\u00edneas finas y revitalizar el cutis.","og_url":"https:\/\/www.canna4bliss.com\/de\/termek\/pflanze-des-lebens-vitamin-c-und-cbd-serum\/","og_site_name":"Canna4blisS","article_publisher":"https:\/\/www.facebook.com\/profile.php?id=61552127379853","article_modified_time":"2024-11-22T13:20:52+00:00","og_image":[{"width":800,"height":800,"url":"https:\/\/www.canna4bliss.com\/wp-content\/uploads\/2024\/11\/vitamin-c-serum-cbd-30ml.webp","type":"image\/webp"}],"twitter_card":"summary_large_image","twitter_misc":{"Preis":"8,50&nbsp;&euro; ( 8,50&nbsp;&euro; + Tax )","Verf\u00fcgbarkeit":"Auf Lager"},"schema":{"@context":"https:\/\/schema.org","@graph":[{"@type":"WebPage","@id":"https:\/\/www.canna4bliss.com\/termek\/el-serum-de-vitamina-c-y-cbd-de-plant-of-life\/","url":"https:\/\/www.canna4bliss.com\/termek\/el-serum-de-vitamina-c-y-cbd-de-plant-of-life\/","name":"Plant of Life Vitamin C und CBD Serum - Canna4blisS","isPartOf":{"@id":"https:\/\/www.canna4bliss.com\/#website"},"primaryImageOfPage":{"@id":"https:\/\/www.canna4bliss.com\/termek\/el-serum-de-vitamina-c-y-cbd-de-plant-of-life\/#primaryimage"},"image":{"@id":"https:\/\/www.canna4bliss.com\/termek\/el-serum-de-vitamina-c-y-cbd-de-plant-of-life\/#primaryimage"},"thumbnailUrl":"https:\/\/www.canna4bliss.com\/wp-content\/uploads\/2024\/11\/vitamin-c-serum-cbd-30ml.webp","datePublished":"2024-11-10T12:39:33+00:00","dateModified":"2024-11-22T13:20:52+00:00","breadcrumb":{"@id":"https:\/\/www.canna4bliss.com\/termek\/el-serum-de-vitamina-c-y-cbd-de-plant-of-life\/#breadcrumb"},"inLanguage":"de","potentialAction":[{"@type":"ReadAction","target":["https:\/\/www.canna4bliss.com\/termek\/el-serum-de-vitamina-c-y-cbd-de-plant-of-life\/"]}]},{"@type":"ImageObject","inLanguage":"de","@id":"https:\/\/www.canna4bliss.com\/termek\/el-serum-de-vitamina-c-y-cbd-de-plant-of-life\/#primaryimage","url":"https:\/\/www.canna4bliss.com\/wp-content\/uploads\/2024\/11\/vitamin-c-serum-cbd-30ml.webp","contentUrl":"https:\/\/www.canna4bliss.com\/wp-content\/uploads\/2024\/11\/vitamin-c-serum-cbd-30ml.webp","width":800,"height":800,"caption":"El S\u00e9rum de Vitamina C y CBD de Plant of Life"},{"@type":"BreadcrumbList","@id":"https:\/\/www.canna4bliss.com\/termek\/el-serum-de-vitamina-c-y-cbd-de-plant-of-life\/#breadcrumb","itemListElement":[{"@type":"ListItem","position":1,"name":"Kezd\u0151lap","item":"https:\/\/www.canna4bliss.com\/"},{"@type":"ListItem","position":2,"name":"Shop","item":"https:\/\/www.canna4bliss.com\/shop\/"},{"@type":"ListItem","position":3,"name":"El S\u00e9rum de Vitamina C y CBD de Plant of Life"}]},{"@type":"WebSite","@id":"https:\/\/www.canna4bliss.com\/#website","url":"https:\/\/www.canna4bliss.com\/","name":"Canna4blisS","description":"Entdecken Sie die Kraft von CBD","publisher":{"@id":"https:\/\/www.canna4bliss.com\/#organization"},"potentialAction":[{"@type":"SearchAction","target":{"@type":"EntryPoint","urlTemplate":"https:\/\/www.canna4bliss.com\/?s={search_term_string}"},"query-input":{"@type":"PropertyValueSpecification","valueRequired":true,"valueName":"search_term_string"}}],"inLanguage":"de"},{"@type":"Organization","@id":"https:\/\/www.canna4bliss.com\/#organization","name":"Canna4blisS","url":"https:\/\/www.canna4bliss.com\/","logo":{"@type":"ImageObject","inLanguage":"de","@id":"https:\/\/www.canna4bliss.com\/#\/schema\/logo\/image\/","url":"https:\/\/www.canna4bliss.com\/wp-content\/uploads\/2024\/09\/logo2.avif","contentUrl":"https:\/\/www.canna4bliss.com\/wp-content\/uploads\/2024\/09\/logo2.avif","width":700,"height":282,"caption":"Canna4blisS"},"image":{"@id":"https:\/\/www.canna4bliss.com\/#\/schema\/logo\/image\/"},"sameAs":["https:\/\/www.facebook.com\/profile.php?id=61552127379853"],"hasMerchantReturnPolicy":{"@type":"MerchantReturnPolicy","merchantReturnLink":"https:\/\/www.canna4bliss.com\/de\/politica-de-privacidad-2\/"}}]},"product_price_amount":"8.50","product_price_currency":"EUR","og_availability":"instock","product_availability":"instock","product_condition":"new"},"_links":{"self":[{"href":"https:\/\/www.canna4bliss.com\/de\/wp-json\/wp\/v2\/product\/1535","targetHints":{"allow":["GET"]}}],"collection":[{"href":"https:\/\/www.canna4bliss.com\/de\/wp-json\/wp\/v2\/product"}],"about":[{"href":"https:\/\/www.canna4bliss.com\/de\/wp-json\/wp\/v2\/types\/product"}],"replies":[{"embeddable":true,"href":"https:\/\/www.canna4bliss.com\/de\/wp-json\/wp\/v2\/comments?post=1535"}],"wp:featuredmedia":[{"embeddable":true,"href":"https:\/\/www.canna4bliss.com\/de\/wp-json\/wp\/v2\/media\/1536"}],"wp:attachment":[{"href":"https:\/\/www.canna4bliss.com\/de\/wp-json\/wp\/v2\/media?parent=1535"}],"wp:term":[{"taxonomy":"product_brand","embeddable":true,"href":"https:\/\/www.canna4bliss.com\/de\/wp-json\/wp\/v2\/product_brand?post=1535"},{"taxonomy":"product_cat","embeddable":true,"href":"https:\/\/www.canna4bliss.com\/de\/wp-json\/wp\/v2\/product_cat?post=1535"},{"taxonomy":"product_tag","embeddable":true,"href":"https:\/\/www.canna4bliss.com\/de\/wp-json\/wp\/v2\/product_tag?post=1535"}],"curies":[{"name":"wp","href":"https:\/\/api.w.org\/{rel}","templated":true}]}}