{"id":1457,"date":"2024-10-01T03:28:21","date_gmt":"2024-10-01T03:28:21","guid":{"rendered":"https:\/\/canna4bliss.replastik.hu\/?post_type=product&#038;p=1457"},"modified":"2024-11-22T13:20:52","modified_gmt":"2024-11-22T13:20:52","slug":"cbd-20-cbd-ol-in-nativem-bio-olivenol-10-ml","status":"publish","type":"product","link":"https:\/\/www.canna4bliss.com\/de\/termek\/aceite-de-cbd-al-20-en-aceite-de-oliva-virgen-ecologico-10-ml\/","title":{"rendered":"20% CBD-\u00d6l in nativem Bio-Oliven\u00f6l 10 ml"},"content":{"rendered":"","protected":false},"excerpt":{"rendered":"<p>10 ML - 200 Tropfen 10 Mg CBD pro Tropfen<\/p>\n<p>1 Einheit<\/p>\n<p>Entdecken Sie unser 20% CBD-\u00d6l in nativem Bio-Oliven\u00f6l von PLANTOFREMEDY. Angereichert mit Oliven\u00f6l europ\u00e4ischer Herkunft wie Olea Europea \u00d6l und Cannabidiol, garantieren wir die Qualit\u00e4t und Reinheit unseres Produktes. Hergestellt mit Zutaten in Lebensmittelqualit\u00e4t, um ein sicheres Produkt zu bieten. THC-frei und nicht psychoaktiv.<\/p>","protected":false},"featured_media":1458,"comment_status":"open","ping_status":"closed","template":"","meta":{"site-sidebar-layout":"default","site-content-layout":"","ast-site-content-layout":"default","site-content-style":"default","site-sidebar-style":"default","ast-global-header-display":"","ast-banner-title-visibility":"","ast-main-header-display":"","ast-hfb-above-header-display":"","ast-hfb-below-header-display":"","ast-hfb-mobile-header-display":"","site-post-title":"","ast-breadcrumbs-content":"","ast-featured-img":"","footer-sml-layout":"","ast-disable-related-posts":"","theme-transparent-header-meta":"default","adv-header-id-meta":"","stick-header-meta":"","header-above-stick-meta":"","header-main-stick-meta":"","header-below-stick-meta":"","astra-migrate-meta-layouts":"set","ast-page-background-enabled":"default","ast-page-background-meta":{"desktop":{"background-color":"","background-image":"","background-repeat":"repeat","background-position":"center center","background-size":"auto","background-attachment":"scroll","background-type":"","background-media":"","overlay-type":"","overlay-color":"","overlay-opacity":"","overlay-gradient":""},"tablet":{"background-color":"","background-image":"","background-repeat":"repeat","background-position":"center center","background-size":"auto","background-attachment":"scroll","background-type":"","background-media":"","overlay-type":"","overlay-color":"","overlay-opacity":"","overlay-gradient":""},"mobile":{"background-color":"","background-image":"","background-repeat":"repeat","background-position":"center center","background-size":"auto","background-attachment":"scroll","background-type":"","background-media":"","overlay-type":"","overlay-color":"","overlay-opacity":"","overlay-gradient":""}},"ast-content-background-meta":{"desktop":{"background-color":"var(--ast-global-color-5)","background-image":"","background-repeat":"repeat","background-position":"center center","background-size":"auto","background-attachment":"scroll","background-type":"","background-media":"","overlay-type":"","overlay-color":"","overlay-opacity":"","overlay-gradient":""},"tablet":{"background-color":"var(--ast-global-color-5)","background-image":"","background-repeat":"repeat","background-position":"center center","background-size":"auto","background-attachment":"scroll","background-type":"","background-media":"","overlay-type":"","overlay-color":"","overlay-opacity":"","overlay-gradient":""},"mobile":{"background-color":"var(--ast-global-color-5)","background-image":"","background-repeat":"repeat","background-position":"center center","background-size":"auto","background-attachment":"scroll","background-type":"","background-media":"","overlay-type":"","overlay-color":"","overlay-opacity":"","overlay-gradient":""}}},"product_brand":[],"product_cat":[56],"product_tag":[134],"class_list":{"0":"post-1457","1":"product","2":"type-product","3":"status-publish","4":"has-post-thumbnail","6":"product_cat-cbd-cbg-oil-full-spectrum-cbd","7":"product_tag-aceite-de-cbd-al-20-en-aceite-de-oliva-virgen-ecologico-10-ml","8":"desktop-align-left","9":"tablet-align-left","10":"mobile-align-left","11":"ast-product-gallery-layout-horizontal-slider","12":"ast-product-tabs-layout-horizontal","13":"ast-qv-on-image","15":"first","16":"instock","17":"taxable","18":"shipping-taxable","19":"purchasable","20":"product-type-simple"},"yoast_head":"<!-- This site is optimized with the Yoast SEO Premium plugin v27.5 (Yoast SEO v27.5) - https:\/\/yoast.com\/product\/yoast-seo-premium-wordpress\/ -->\n<title>Aceite de CBD al 20% en Aceite de Oliva Virgen Ecol\u00f3gico 10 ml - Canna4blisS<\/title>\n<meta name=\"robots\" content=\"index, follow, max-snippet:-1, max-image-preview:large, max-video-preview:-1\" \/>\n<link rel=\"canonical\" href=\"https:\/\/www.canna4bliss.com\/de\/termek\/cbd-20-cbd-ol-in-nativem-bio-olivenol-10-ml\/\" \/>\n<meta property=\"og:locale\" content=\"de_DE\" \/>\n<meta property=\"og:type\" content=\"article\" \/>\n<meta property=\"og:title\" content=\"Aceite de CBD al 20% en Aceite de Oliva Virgen Ecol\u00f3gico 10 ml\" \/>\n<meta property=\"og:description\" content=\"10 ML - 200 Gotas 10 Mg de CBD por Gota  1 Unidad  Descubre nuestro Aceite de CBD al 20% en Aceite de Oliva Virgen Ecol\u00f3gico de PLANTOFREMEDY. Enriquecido con aceite de oliva de origen europeo como Olea Europea Oil y Cannabidiol, garantizamos la calidad y pureza de nuestro producto. Hecho con ingredientes de calidad alimentaria para proporcionar un producto m\u00e1s seguro. Libre de THC y no psicoactivo.\" \/>\n<meta property=\"og:url\" content=\"https:\/\/www.canna4bliss.com\/de\/termek\/cbd-20-cbd-ol-in-nativem-bio-olivenol-10-ml\/\" \/>\n<meta property=\"og:site_name\" content=\"Canna4blisS\" \/>\n<meta property=\"article:publisher\" content=\"https:\/\/www.facebook.com\/profile.php?id=61552127379853\" \/>\n<meta property=\"article:modified_time\" content=\"2024-11-22T13:20:52+00:00\" \/>\n<meta property=\"og:image\" content=\"https:\/\/www.canna4bliss.com\/wp-content\/uploads\/2024\/10\/Aceite-de-CBD-al-20-en-Aceite-de-Oliva-Virgen-Ecologico-10-ml-2.png\" \/>\n\t<meta property=\"og:image:width\" content=\"800\" \/>\n\t<meta property=\"og:image:height\" content=\"800\" \/>\n\t<meta property=\"og:image:type\" content=\"image\/png\" \/>\n<meta name=\"twitter:card\" content=\"summary_large_image\" \/>\n<meta name=\"twitter:label1\" content=\"Preis\" \/>\n\t<meta name=\"twitter:data1\" content=\"14,50&nbsp;&euro; ( 14,50&nbsp;&euro; + Tax )\" \/>\n\t<meta name=\"twitter:label2\" content=\"Verf\u00fcgbarkeit\" \/>\n\t<meta name=\"twitter:data2\" content=\"Auf Lager\" \/>\n<script type=\"application\/ld+json\" class=\"yoast-schema-graph\">{\"@context\":\"https:\\\/\\\/schema.org\",\"@graph\":[{\"@type\":\"WebPage\",\"@id\":\"https:\\\/\\\/www.canna4bliss.com\\\/termek\\\/aceite-de-cbd-al-20-en-aceite-de-oliva-virgen-ecologico-10-ml\\\/\",\"url\":\"https:\\\/\\\/www.canna4bliss.com\\\/termek\\\/aceite-de-cbd-al-20-en-aceite-de-oliva-virgen-ecologico-10-ml\\\/\",\"name\":\"Aceite de CBD al 20% en Aceite de Oliva Virgen Ecol\u00f3gico 10 ml - Canna4blisS\",\"isPartOf\":{\"@id\":\"https:\\\/\\\/www.canna4bliss.com\\\/#website\"},\"primaryImageOfPage\":{\"@id\":\"https:\\\/\\\/www.canna4bliss.com\\\/termek\\\/aceite-de-cbd-al-20-en-aceite-de-oliva-virgen-ecologico-10-ml\\\/#primaryimage\"},\"image\":{\"@id\":\"https:\\\/\\\/www.canna4bliss.com\\\/termek\\\/aceite-de-cbd-al-20-en-aceite-de-oliva-virgen-ecologico-10-ml\\\/#primaryimage\"},\"thumbnailUrl\":\"https:\\\/\\\/www.canna4bliss.com\\\/wp-content\\\/uploads\\\/2024\\\/10\\\/Aceite-de-CBD-al-20-en-Aceite-de-Oliva-Virgen-Ecologico-10-ml-2.png\",\"datePublished\":\"2024-10-01T03:28:21+00:00\",\"dateModified\":\"2024-11-22T13:20:52+00:00\",\"breadcrumb\":{\"@id\":\"https:\\\/\\\/www.canna4bliss.com\\\/termek\\\/aceite-de-cbd-al-20-en-aceite-de-oliva-virgen-ecologico-10-ml\\\/#breadcrumb\"},\"inLanguage\":\"de\",\"potentialAction\":[{\"@type\":\"ReadAction\",\"target\":[\"https:\\\/\\\/www.canna4bliss.com\\\/termek\\\/aceite-de-cbd-al-20-en-aceite-de-oliva-virgen-ecologico-10-ml\\\/\"]}]},{\"@type\":\"ImageObject\",\"inLanguage\":\"de\",\"@id\":\"https:\\\/\\\/www.canna4bliss.com\\\/termek\\\/aceite-de-cbd-al-20-en-aceite-de-oliva-virgen-ecologico-10-ml\\\/#primaryimage\",\"url\":\"https:\\\/\\\/www.canna4bliss.com\\\/wp-content\\\/uploads\\\/2024\\\/10\\\/Aceite-de-CBD-al-20-en-Aceite-de-Oliva-Virgen-Ecologico-10-ml-2.png\",\"contentUrl\":\"https:\\\/\\\/www.canna4bliss.com\\\/wp-content\\\/uploads\\\/2024\\\/10\\\/Aceite-de-CBD-al-20-en-Aceite-de-Oliva-Virgen-Ecologico-10-ml-2.png\",\"width\":800,\"height\":800,\"caption\":\"Aceite de CBD al 20% en Aceite de Oliva Virgen Ecol\u00f3gico 10 ml\"},{\"@type\":\"BreadcrumbList\",\"@id\":\"https:\\\/\\\/www.canna4bliss.com\\\/termek\\\/aceite-de-cbd-al-20-en-aceite-de-oliva-virgen-ecologico-10-ml\\\/#breadcrumb\",\"itemListElement\":[{\"@type\":\"ListItem\",\"position\":1,\"name\":\"Kezd\u0151lap\",\"item\":\"https:\\\/\\\/www.canna4bliss.com\\\/\"},{\"@type\":\"ListItem\",\"position\":2,\"name\":\"Shop\",\"item\":\"https:\\\/\\\/www.canna4bliss.com\\\/shop\\\/\"},{\"@type\":\"ListItem\",\"position\":3,\"name\":\"Aceite de CBD al 20% en Aceite de Oliva Virgen Ecol\u00f3gico 10 ml\"}]},{\"@type\":\"WebSite\",\"@id\":\"https:\\\/\\\/www.canna4bliss.com\\\/#website\",\"url\":\"https:\\\/\\\/www.canna4bliss.com\\\/\",\"name\":\"Canna4blisS\",\"description\":\"Discover the power of CBD\",\"publisher\":{\"@id\":\"https:\\\/\\\/www.canna4bliss.com\\\/#organization\"},\"potentialAction\":[{\"@type\":\"SearchAction\",\"target\":{\"@type\":\"EntryPoint\",\"urlTemplate\":\"https:\\\/\\\/www.canna4bliss.com\\\/?s={search_term_string}\"},\"query-input\":{\"@type\":\"PropertyValueSpecification\",\"valueRequired\":true,\"valueName\":\"search_term_string\"}}],\"inLanguage\":\"de\"},{\"@type\":\"Organization\",\"@id\":\"https:\\\/\\\/www.canna4bliss.com\\\/#organization\",\"name\":\"Canna4blisS\",\"url\":\"https:\\\/\\\/www.canna4bliss.com\\\/\",\"logo\":{\"@type\":\"ImageObject\",\"inLanguage\":\"de\",\"@id\":\"https:\\\/\\\/www.canna4bliss.com\\\/#\\\/schema\\\/logo\\\/image\\\/\",\"url\":\"https:\\\/\\\/www.canna4bliss.com\\\/wp-content\\\/uploads\\\/2024\\\/09\\\/logo2.avif\",\"contentUrl\":\"https:\\\/\\\/www.canna4bliss.com\\\/wp-content\\\/uploads\\\/2024\\\/09\\\/logo2.avif\",\"width\":700,\"height\":282,\"caption\":\"Canna4blisS\"},\"image\":{\"@id\":\"https:\\\/\\\/www.canna4bliss.com\\\/#\\\/schema\\\/logo\\\/image\\\/\"},\"sameAs\":[\"https:\\\/\\\/www.facebook.com\\\/profile.php?id=61552127379853\"],\"hasMerchantReturnPolicy\":{\"@type\":\"MerchantReturnPolicy\",\"merchantReturnLink\":\"https:\\\/\\\/www.canna4bliss.com\\\/de\\\/politica-de-privacidad-2\\\/\"}}]}<\/script>\n<meta property=\"product:price:amount\" content=\"14.50\" \/>\n<meta property=\"product:price:currency\" content=\"EUR\" \/>\n<meta property=\"og:availability\" content=\"instock\" \/>\n<meta property=\"product:availability\" content=\"instock\" \/>\n<meta property=\"product:condition\" content=\"new\" \/>\n<!-- \/ Yoast SEO Premium plugin. -->","yoast_head_json":{"title":"20% CBD-\u00d6l in nativem Bio-Oliven\u00f6l 10 ml - Canna4blisS","robots":{"index":"index","follow":"follow","max-snippet":"max-snippet:-1","max-image-preview":"max-image-preview:large","max-video-preview":"max-video-preview:-1"},"canonical":"https:\/\/www.canna4bliss.com\/de\/termek\/cbd-20-cbd-ol-in-nativem-bio-olivenol-10-ml\/","og_locale":"de_DE","og_type":"article","og_title":"Aceite de CBD al 20% en Aceite de Oliva Virgen Ecol\u00f3gico 10 ml","og_description":"10 ML - 200 Gotas 10 Mg de CBD por Gota  1 Unidad  Descubre nuestro Aceite de CBD al 20% en Aceite de Oliva Virgen Ecol\u00f3gico de PLANTOFREMEDY. Enriquecido con aceite de oliva de origen europeo como Olea Europea Oil y Cannabidiol, garantizamos la calidad y pureza de nuestro producto. Hecho con ingredientes de calidad alimentaria para proporcionar un producto m\u00e1s seguro. Libre de THC y no psicoactivo.","og_url":"https:\/\/www.canna4bliss.com\/de\/termek\/cbd-20-cbd-ol-in-nativem-bio-olivenol-10-ml\/","og_site_name":"Canna4blisS","article_publisher":"https:\/\/www.facebook.com\/profile.php?id=61552127379853","article_modified_time":"2024-11-22T13:20:52+00:00","og_image":[{"width":800,"height":800,"url":"https:\/\/www.canna4bliss.com\/wp-content\/uploads\/2024\/10\/Aceite-de-CBD-al-20-en-Aceite-de-Oliva-Virgen-Ecologico-10-ml-2.png","type":"image\/png"}],"twitter_card":"summary_large_image","twitter_misc":{"Preis":"14,50&nbsp;&euro; ( 14,50&nbsp;&euro; + Tax )","Verf\u00fcgbarkeit":"Auf Lager"},"schema":{"@context":"https:\/\/schema.org","@graph":[{"@type":"WebPage","@id":"https:\/\/www.canna4bliss.com\/termek\/aceite-de-cbd-al-20-en-aceite-de-oliva-virgen-ecologico-10-ml\/","url":"https:\/\/www.canna4bliss.com\/termek\/aceite-de-cbd-al-20-en-aceite-de-oliva-virgen-ecologico-10-ml\/","name":"20% CBD-\u00d6l in nativem Bio-Oliven\u00f6l 10 ml - Canna4blisS","isPartOf":{"@id":"https:\/\/www.canna4bliss.com\/#website"},"primaryImageOfPage":{"@id":"https:\/\/www.canna4bliss.com\/termek\/aceite-de-cbd-al-20-en-aceite-de-oliva-virgen-ecologico-10-ml\/#primaryimage"},"image":{"@id":"https:\/\/www.canna4bliss.com\/termek\/aceite-de-cbd-al-20-en-aceite-de-oliva-virgen-ecologico-10-ml\/#primaryimage"},"thumbnailUrl":"https:\/\/www.canna4bliss.com\/wp-content\/uploads\/2024\/10\/Aceite-de-CBD-al-20-en-Aceite-de-Oliva-Virgen-Ecologico-10-ml-2.png","datePublished":"2024-10-01T03:28:21+00:00","dateModified":"2024-11-22T13:20:52+00:00","breadcrumb":{"@id":"https:\/\/www.canna4bliss.com\/termek\/aceite-de-cbd-al-20-en-aceite-de-oliva-virgen-ecologico-10-ml\/#breadcrumb"},"inLanguage":"de","potentialAction":[{"@type":"ReadAction","target":["https:\/\/www.canna4bliss.com\/termek\/aceite-de-cbd-al-20-en-aceite-de-oliva-virgen-ecologico-10-ml\/"]}]},{"@type":"ImageObject","inLanguage":"de","@id":"https:\/\/www.canna4bliss.com\/termek\/aceite-de-cbd-al-20-en-aceite-de-oliva-virgen-ecologico-10-ml\/#primaryimage","url":"https:\/\/www.canna4bliss.com\/wp-content\/uploads\/2024\/10\/Aceite-de-CBD-al-20-en-Aceite-de-Oliva-Virgen-Ecologico-10-ml-2.png","contentUrl":"https:\/\/www.canna4bliss.com\/wp-content\/uploads\/2024\/10\/Aceite-de-CBD-al-20-en-Aceite-de-Oliva-Virgen-Ecologico-10-ml-2.png","width":800,"height":800,"caption":"Aceite de CBD al 20% en Aceite de Oliva Virgen Ecol\u00f3gico 10 ml"},{"@type":"BreadcrumbList","@id":"https:\/\/www.canna4bliss.com\/termek\/aceite-de-cbd-al-20-en-aceite-de-oliva-virgen-ecologico-10-ml\/#breadcrumb","itemListElement":[{"@type":"ListItem","position":1,"name":"Kezd\u0151lap","item":"https:\/\/www.canna4bliss.com\/"},{"@type":"ListItem","position":2,"name":"Shop","item":"https:\/\/www.canna4bliss.com\/shop\/"},{"@type":"ListItem","position":3,"name":"Aceite de CBD al 20% en Aceite de Oliva Virgen Ecol\u00f3gico 10 ml"}]},{"@type":"WebSite","@id":"https:\/\/www.canna4bliss.com\/#website","url":"https:\/\/www.canna4bliss.com\/","name":"Canna4blisS","description":"Entdecken Sie die Kraft von CBD","publisher":{"@id":"https:\/\/www.canna4bliss.com\/#organization"},"potentialAction":[{"@type":"SearchAction","target":{"@type":"EntryPoint","urlTemplate":"https:\/\/www.canna4bliss.com\/?s={search_term_string}"},"query-input":{"@type":"PropertyValueSpecification","valueRequired":true,"valueName":"search_term_string"}}],"inLanguage":"de"},{"@type":"Organization","@id":"https:\/\/www.canna4bliss.com\/#organization","name":"Canna4blisS","url":"https:\/\/www.canna4bliss.com\/","logo":{"@type":"ImageObject","inLanguage":"de","@id":"https:\/\/www.canna4bliss.com\/#\/schema\/logo\/image\/","url":"https:\/\/www.canna4bliss.com\/wp-content\/uploads\/2024\/09\/logo2.avif","contentUrl":"https:\/\/www.canna4bliss.com\/wp-content\/uploads\/2024\/09\/logo2.avif","width":700,"height":282,"caption":"Canna4blisS"},"image":{"@id":"https:\/\/www.canna4bliss.com\/#\/schema\/logo\/image\/"},"sameAs":["https:\/\/www.facebook.com\/profile.php?id=61552127379853"],"hasMerchantReturnPolicy":{"@type":"MerchantReturnPolicy","merchantReturnLink":"https:\/\/www.canna4bliss.com\/de\/politica-de-privacidad-2\/"}}]},"product_price_amount":"14.50","product_price_currency":"EUR","og_availability":"instock","product_availability":"instock","product_condition":"new"},"_links":{"self":[{"href":"https:\/\/www.canna4bliss.com\/de\/wp-json\/wp\/v2\/product\/1457","targetHints":{"allow":["GET"]}}],"collection":[{"href":"https:\/\/www.canna4bliss.com\/de\/wp-json\/wp\/v2\/product"}],"about":[{"href":"https:\/\/www.canna4bliss.com\/de\/wp-json\/wp\/v2\/types\/product"}],"replies":[{"embeddable":true,"href":"https:\/\/www.canna4bliss.com\/de\/wp-json\/wp\/v2\/comments?post=1457"}],"wp:featuredmedia":[{"embeddable":true,"href":"https:\/\/www.canna4bliss.com\/de\/wp-json\/wp\/v2\/media\/1458"}],"wp:attachment":[{"href":"https:\/\/www.canna4bliss.com\/de\/wp-json\/wp\/v2\/media?parent=1457"}],"wp:term":[{"taxonomy":"product_brand","embeddable":true,"href":"https:\/\/www.canna4bliss.com\/de\/wp-json\/wp\/v2\/product_brand?post=1457"},{"taxonomy":"product_cat","embeddable":true,"href":"https:\/\/www.canna4bliss.com\/de\/wp-json\/wp\/v2\/product_cat?post=1457"},{"taxonomy":"product_tag","embeddable":true,"href":"https:\/\/www.canna4bliss.com\/de\/wp-json\/wp\/v2\/product_tag?post=1457"}],"curies":[{"name":"wp","href":"https:\/\/api.w.org\/{rel}","templated":true}]}}