{"id":1454,"date":"2024-10-01T03:23:45","date_gmt":"2024-10-01T03:23:45","guid":{"rendered":"https:\/\/canna4bliss.replastik.hu\/?post_type=product&#038;p=1454"},"modified":"2024-11-22T13:20:52","modified_gmt":"2024-11-22T13:20:52","slug":"cbd-und-cbg-ol-auf-kokosnussbasis-mct-holistic-wellness","status":"publish","type":"product","link":"https:\/\/www.canna4bliss.com\/de\/termek\/aceite-de-cbd-y-cbg-con-base-de-coco-mct-bienestar-integral\/","title":{"rendered":"CBD- und CBG-\u00d6l mit MCT-Kokosnussbasis: Integrative Wellness"},"content":{"rendered":"<p>Die wichtigsten Vorteile unseres \u00d6ls<br \/>\nDurch die Kombination von CBD und CBG mit Pflanzenextrakten und \u00e4therischen \u00d6len wurde unser \u00d6l entwickelt, um:<\/p>\n<ul>\n<li>Umfassende Linderung von Stress und \u00c4ngsten.<\/li>\n<li>Verbesserung der geistigen Klarheit und Konzentration dank CBG.<\/li>\n<li>Sie bieten eine starke entz\u00fcndungshemmende und antioxidative Unterst\u00fctzung.<\/li>\n<li>Garantiert ein Wellness-Erlebnis ohne psychoaktive Wirkungen.<\/li>\n<\/ul>","protected":false},"excerpt":{"rendered":"<p>Details zum Produkt<br \/>\nErh\u00e4ltlich in 10-ml-Flaschen mit 1500 mg CBD und 1500 mg CBG, was ungef\u00e4hr 200 Tropfen pro Flasche ergibt, die jeweils 7,5 mg CBD und 7,5 mg CBG enthalten. Die Verpackung in undurchsichtigen Glasflaschen gew\u00e4hrleistet Schutz vor Oxidation und Licht und bewahrt die Qualit\u00e4t und Wirksamkeit des \u00d6ls.<\/p>","protected":false},"featured_media":1455,"comment_status":"open","ping_status":"closed","template":"","meta":{"site-sidebar-layout":"default","site-content-layout":"","ast-site-content-layout":"default","site-content-style":"default","site-sidebar-style":"default","ast-global-header-display":"","ast-banner-title-visibility":"","ast-main-header-display":"","ast-hfb-above-header-display":"","ast-hfb-below-header-display":"","ast-hfb-mobile-header-display":"","site-post-title":"","ast-breadcrumbs-content":"","ast-featured-img":"","footer-sml-layout":"","ast-disable-related-posts":"","theme-transparent-header-meta":"default","adv-header-id-meta":"","stick-header-meta":"","header-above-stick-meta":"","header-main-stick-meta":"","header-below-stick-meta":"","astra-migrate-meta-layouts":"set","ast-page-background-enabled":"default","ast-page-background-meta":{"desktop":{"background-color":"","background-image":"","background-repeat":"repeat","background-position":"center center","background-size":"auto","background-attachment":"scroll","background-type":"","background-media":"","overlay-type":"","overlay-color":"","overlay-opacity":"","overlay-gradient":""},"tablet":{"background-color":"","background-image":"","background-repeat":"repeat","background-position":"center center","background-size":"auto","background-attachment":"scroll","background-type":"","background-media":"","overlay-type":"","overlay-color":"","overlay-opacity":"","overlay-gradient":""},"mobile":{"background-color":"","background-image":"","background-repeat":"repeat","background-position":"center center","background-size":"auto","background-attachment":"scroll","background-type":"","background-media":"","overlay-type":"","overlay-color":"","overlay-opacity":"","overlay-gradient":""}},"ast-content-background-meta":{"desktop":{"background-color":"var(--ast-global-color-5)","background-image":"","background-repeat":"repeat","background-position":"center center","background-size":"auto","background-attachment":"scroll","background-type":"","background-media":"","overlay-type":"","overlay-color":"","overlay-opacity":"","overlay-gradient":""},"tablet":{"background-color":"var(--ast-global-color-5)","background-image":"","background-repeat":"repeat","background-position":"center center","background-size":"auto","background-attachment":"scroll","background-type":"","background-media":"","overlay-type":"","overlay-color":"","overlay-opacity":"","overlay-gradient":""},"mobile":{"background-color":"var(--ast-global-color-5)","background-image":"","background-repeat":"repeat","background-position":"center center","background-size":"auto","background-attachment":"scroll","background-type":"","background-media":"","overlay-type":"","overlay-color":"","overlay-opacity":"","overlay-gradient":""}}},"product_brand":[],"product_cat":[56],"product_tag":[131,59,132,133],"class_list":{"0":"post-1454","1":"product","2":"type-product","3":"status-publish","4":"has-post-thumbnail","6":"product_cat-cbd-cbg-oil-full-spectrum-cbd","7":"product_tag-aceite-de-cbd-y-cbg-con-base-de-coco-mct-bienestar-integral","8":"product_tag-cbd","9":"product_tag-cbd-1500-mg","10":"product_tag-cbg-7-5-mg","11":"desktop-align-left","12":"tablet-align-left","13":"mobile-align-left","14":"ast-product-gallery-layout-horizontal-slider","15":"ast-product-tabs-layout-horizontal","16":"ast-qv-on-image","18":"first","19":"instock","20":"taxable","21":"shipping-taxable","22":"purchasable","23":"product-type-simple"},"yoast_head":"<!-- This site is optimized with the Yoast SEO Premium plugin v27.5 (Yoast SEO v27.5) - https:\/\/yoast.com\/product\/yoast-seo-premium-wordpress\/ -->\n<title>Aceite de CBD y CBG con Base de Coco MCT: Bienestar Integral - Canna4blisS<\/title>\n<meta name=\"robots\" content=\"index, follow, max-snippet:-1, max-image-preview:large, max-video-preview:-1\" \/>\n<link rel=\"canonical\" href=\"https:\/\/www.canna4bliss.com\/de\/termek\/cbd-und-cbg-ol-auf-kokosnussbasis-mct-holistic-wellness\/\" \/>\n<meta property=\"og:locale\" content=\"de_DE\" \/>\n<meta property=\"og:type\" content=\"article\" \/>\n<meta property=\"og:title\" content=\"Aceite de CBD y CBG con Base de Coco MCT: Bienestar Integral\" \/>\n<meta property=\"og:description\" content=\"Detalles del Producto Disponible en frascos de 10 ml con 1500 mg de CBD y 1500 mg de CBG, proporcionando aproximadamente 200 gotas por frasco, cada una con 7.5 mg de CBD y 7.5 mg de CBG. El empaque en frascos de vidrio opaco garantiza protecci\u00f3n contra la oxidaci\u00f3n y la luz, preservando la calidad y efectividad del aceite.\" \/>\n<meta property=\"og:url\" content=\"https:\/\/www.canna4bliss.com\/de\/termek\/cbd-und-cbg-ol-auf-kokosnussbasis-mct-holistic-wellness\/\" \/>\n<meta property=\"og:site_name\" content=\"Canna4blisS\" \/>\n<meta property=\"article:publisher\" content=\"https:\/\/www.facebook.com\/profile.php?id=61552127379853\" \/>\n<meta property=\"article:modified_time\" content=\"2024-11-22T13:20:52+00:00\" \/>\n<meta property=\"og:image\" content=\"https:\/\/www.canna4bliss.com\/wp-content\/uploads\/2024\/10\/Aceite-de-CBD-y-CBG-con-Base-de-Coco-MCT-Bienestar-Integral-2.jpg\" \/>\n\t<meta property=\"og:image:width\" content=\"800\" \/>\n\t<meta property=\"og:image:height\" content=\"800\" \/>\n\t<meta property=\"og:image:type\" content=\"image\/jpeg\" \/>\n<meta name=\"twitter:card\" content=\"summary_large_image\" \/>\n<meta name=\"twitter:label1\" content=\"Preis\" \/>\n\t<meta name=\"twitter:data1\" content=\"21,50&nbsp;&euro; ( 21,50&nbsp;&euro; + Tax )\" \/>\n\t<meta name=\"twitter:label2\" content=\"Verf\u00fcgbarkeit\" \/>\n\t<meta name=\"twitter:data2\" content=\"Auf Lager\" \/>\n<script type=\"application\/ld+json\" class=\"yoast-schema-graph\">{\"@context\":\"https:\\\/\\\/schema.org\",\"@graph\":[{\"@type\":\"WebPage\",\"@id\":\"https:\\\/\\\/www.canna4bliss.com\\\/termek\\\/aceite-de-cbd-y-cbg-con-base-de-coco-mct-bienestar-integral\\\/\",\"url\":\"https:\\\/\\\/www.canna4bliss.com\\\/termek\\\/aceite-de-cbd-y-cbg-con-base-de-coco-mct-bienestar-integral\\\/\",\"name\":\"Aceite de CBD y CBG con Base de Coco MCT: Bienestar Integral - Canna4blisS\",\"isPartOf\":{\"@id\":\"https:\\\/\\\/www.canna4bliss.com\\\/#website\"},\"primaryImageOfPage\":{\"@id\":\"https:\\\/\\\/www.canna4bliss.com\\\/termek\\\/aceite-de-cbd-y-cbg-con-base-de-coco-mct-bienestar-integral\\\/#primaryimage\"},\"image\":{\"@id\":\"https:\\\/\\\/www.canna4bliss.com\\\/termek\\\/aceite-de-cbd-y-cbg-con-base-de-coco-mct-bienestar-integral\\\/#primaryimage\"},\"thumbnailUrl\":\"https:\\\/\\\/www.canna4bliss.com\\\/wp-content\\\/uploads\\\/2024\\\/10\\\/Aceite-de-CBD-y-CBG-con-Base-de-Coco-MCT-Bienestar-Integral-2.jpg\",\"datePublished\":\"2024-10-01T03:23:45+00:00\",\"dateModified\":\"2024-11-22T13:20:52+00:00\",\"breadcrumb\":{\"@id\":\"https:\\\/\\\/www.canna4bliss.com\\\/termek\\\/aceite-de-cbd-y-cbg-con-base-de-coco-mct-bienestar-integral\\\/#breadcrumb\"},\"inLanguage\":\"de\",\"potentialAction\":[{\"@type\":\"ReadAction\",\"target\":[\"https:\\\/\\\/www.canna4bliss.com\\\/termek\\\/aceite-de-cbd-y-cbg-con-base-de-coco-mct-bienestar-integral\\\/\"]}]},{\"@type\":\"ImageObject\",\"inLanguage\":\"de\",\"@id\":\"https:\\\/\\\/www.canna4bliss.com\\\/termek\\\/aceite-de-cbd-y-cbg-con-base-de-coco-mct-bienestar-integral\\\/#primaryimage\",\"url\":\"https:\\\/\\\/www.canna4bliss.com\\\/wp-content\\\/uploads\\\/2024\\\/10\\\/Aceite-de-CBD-y-CBG-con-Base-de-Coco-MCT-Bienestar-Integral-2.jpg\",\"contentUrl\":\"https:\\\/\\\/www.canna4bliss.com\\\/wp-content\\\/uploads\\\/2024\\\/10\\\/Aceite-de-CBD-y-CBG-con-Base-de-Coco-MCT-Bienestar-Integral-2.jpg\",\"width\":800,\"height\":800,\"caption\":\"Aceite de CBD y CBG con Base de Coco MCT Bienestar Integral 2\"},{\"@type\":\"BreadcrumbList\",\"@id\":\"https:\\\/\\\/www.canna4bliss.com\\\/termek\\\/aceite-de-cbd-y-cbg-con-base-de-coco-mct-bienestar-integral\\\/#breadcrumb\",\"itemListElement\":[{\"@type\":\"ListItem\",\"position\":1,\"name\":\"Kezd\u0151lap\",\"item\":\"https:\\\/\\\/www.canna4bliss.com\\\/\"},{\"@type\":\"ListItem\",\"position\":2,\"name\":\"Shop\",\"item\":\"https:\\\/\\\/www.canna4bliss.com\\\/shop\\\/\"},{\"@type\":\"ListItem\",\"position\":3,\"name\":\"Aceite de CBD y CBG con Base de Coco MCT: Bienestar Integral\"}]},{\"@type\":\"WebSite\",\"@id\":\"https:\\\/\\\/www.canna4bliss.com\\\/#website\",\"url\":\"https:\\\/\\\/www.canna4bliss.com\\\/\",\"name\":\"Canna4blisS\",\"description\":\"Discover the power of CBD\",\"publisher\":{\"@id\":\"https:\\\/\\\/www.canna4bliss.com\\\/#organization\"},\"potentialAction\":[{\"@type\":\"SearchAction\",\"target\":{\"@type\":\"EntryPoint\",\"urlTemplate\":\"https:\\\/\\\/www.canna4bliss.com\\\/?s={search_term_string}\"},\"query-input\":{\"@type\":\"PropertyValueSpecification\",\"valueRequired\":true,\"valueName\":\"search_term_string\"}}],\"inLanguage\":\"de\"},{\"@type\":\"Organization\",\"@id\":\"https:\\\/\\\/www.canna4bliss.com\\\/#organization\",\"name\":\"Canna4blisS\",\"url\":\"https:\\\/\\\/www.canna4bliss.com\\\/\",\"logo\":{\"@type\":\"ImageObject\",\"inLanguage\":\"de\",\"@id\":\"https:\\\/\\\/www.canna4bliss.com\\\/#\\\/schema\\\/logo\\\/image\\\/\",\"url\":\"https:\\\/\\\/www.canna4bliss.com\\\/wp-content\\\/uploads\\\/2024\\\/09\\\/logo2.avif\",\"contentUrl\":\"https:\\\/\\\/www.canna4bliss.com\\\/wp-content\\\/uploads\\\/2024\\\/09\\\/logo2.avif\",\"width\":700,\"height\":282,\"caption\":\"Canna4blisS\"},\"image\":{\"@id\":\"https:\\\/\\\/www.canna4bliss.com\\\/#\\\/schema\\\/logo\\\/image\\\/\"},\"sameAs\":[\"https:\\\/\\\/www.facebook.com\\\/profile.php?id=61552127379853\"],\"hasMerchantReturnPolicy\":{\"@type\":\"MerchantReturnPolicy\",\"merchantReturnLink\":\"https:\\\/\\\/www.canna4bliss.com\\\/de\\\/politica-de-privacidad-2\\\/\"}}]}<\/script>\n<meta property=\"product:price:amount\" content=\"21.50\" \/>\n<meta property=\"product:price:currency\" content=\"EUR\" \/>\n<meta property=\"og:availability\" content=\"instock\" \/>\n<meta property=\"product:availability\" content=\"instock\" \/>\n<meta property=\"product:condition\" content=\"new\" \/>\n<!-- \/ Yoast SEO Premium plugin. -->","yoast_head_json":{"title":"CBD- und CBG-\u00d6l auf Kokosnuss-MCT-Basis: Wholefood Wellness - Canna4blisS","robots":{"index":"index","follow":"follow","max-snippet":"max-snippet:-1","max-image-preview":"max-image-preview:large","max-video-preview":"max-video-preview:-1"},"canonical":"https:\/\/www.canna4bliss.com\/de\/termek\/cbd-und-cbg-ol-auf-kokosnussbasis-mct-holistic-wellness\/","og_locale":"de_DE","og_type":"article","og_title":"Aceite de CBD y CBG con Base de Coco MCT: Bienestar Integral","og_description":"Detalles del Producto Disponible en frascos de 10 ml con 1500 mg de CBD y 1500 mg de CBG, proporcionando aproximadamente 200 gotas por frasco, cada una con 7.5 mg de CBD y 7.5 mg de CBG. El empaque en frascos de vidrio opaco garantiza protecci\u00f3n contra la oxidaci\u00f3n y la luz, preservando la calidad y efectividad del aceite.","og_url":"https:\/\/www.canna4bliss.com\/de\/termek\/cbd-und-cbg-ol-auf-kokosnussbasis-mct-holistic-wellness\/","og_site_name":"Canna4blisS","article_publisher":"https:\/\/www.facebook.com\/profile.php?id=61552127379853","article_modified_time":"2024-11-22T13:20:52+00:00","og_image":[{"width":800,"height":800,"url":"https:\/\/www.canna4bliss.com\/wp-content\/uploads\/2024\/10\/Aceite-de-CBD-y-CBG-con-Base-de-Coco-MCT-Bienestar-Integral-2.jpg","type":"image\/jpeg"}],"twitter_card":"summary_large_image","twitter_misc":{"Preis":"21,50&nbsp;&euro; ( 21,50&nbsp;&euro; + Tax )","Verf\u00fcgbarkeit":"Auf Lager"},"schema":{"@context":"https:\/\/schema.org","@graph":[{"@type":"WebPage","@id":"https:\/\/www.canna4bliss.com\/termek\/aceite-de-cbd-y-cbg-con-base-de-coco-mct-bienestar-integral\/","url":"https:\/\/www.canna4bliss.com\/termek\/aceite-de-cbd-y-cbg-con-base-de-coco-mct-bienestar-integral\/","name":"CBD- und CBG-\u00d6l auf Kokosnuss-MCT-Basis: Wholefood Wellness - Canna4blisS","isPartOf":{"@id":"https:\/\/www.canna4bliss.com\/#website"},"primaryImageOfPage":{"@id":"https:\/\/www.canna4bliss.com\/termek\/aceite-de-cbd-y-cbg-con-base-de-coco-mct-bienestar-integral\/#primaryimage"},"image":{"@id":"https:\/\/www.canna4bliss.com\/termek\/aceite-de-cbd-y-cbg-con-base-de-coco-mct-bienestar-integral\/#primaryimage"},"thumbnailUrl":"https:\/\/www.canna4bliss.com\/wp-content\/uploads\/2024\/10\/Aceite-de-CBD-y-CBG-con-Base-de-Coco-MCT-Bienestar-Integral-2.jpg","datePublished":"2024-10-01T03:23:45+00:00","dateModified":"2024-11-22T13:20:52+00:00","breadcrumb":{"@id":"https:\/\/www.canna4bliss.com\/termek\/aceite-de-cbd-y-cbg-con-base-de-coco-mct-bienestar-integral\/#breadcrumb"},"inLanguage":"de","potentialAction":[{"@type":"ReadAction","target":["https:\/\/www.canna4bliss.com\/termek\/aceite-de-cbd-y-cbg-con-base-de-coco-mct-bienestar-integral\/"]}]},{"@type":"ImageObject","inLanguage":"de","@id":"https:\/\/www.canna4bliss.com\/termek\/aceite-de-cbd-y-cbg-con-base-de-coco-mct-bienestar-integral\/#primaryimage","url":"https:\/\/www.canna4bliss.com\/wp-content\/uploads\/2024\/10\/Aceite-de-CBD-y-CBG-con-Base-de-Coco-MCT-Bienestar-Integral-2.jpg","contentUrl":"https:\/\/www.canna4bliss.com\/wp-content\/uploads\/2024\/10\/Aceite-de-CBD-y-CBG-con-Base-de-Coco-MCT-Bienestar-Integral-2.jpg","width":800,"height":800,"caption":"Aceite de CBD y CBG con Base de Coco MCT Bienestar Integral 2"},{"@type":"BreadcrumbList","@id":"https:\/\/www.canna4bliss.com\/termek\/aceite-de-cbd-y-cbg-con-base-de-coco-mct-bienestar-integral\/#breadcrumb","itemListElement":[{"@type":"ListItem","position":1,"name":"Kezd\u0151lap","item":"https:\/\/www.canna4bliss.com\/"},{"@type":"ListItem","position":2,"name":"Shop","item":"https:\/\/www.canna4bliss.com\/shop\/"},{"@type":"ListItem","position":3,"name":"Aceite de CBD y CBG con Base de Coco MCT: Bienestar Integral"}]},{"@type":"WebSite","@id":"https:\/\/www.canna4bliss.com\/#website","url":"https:\/\/www.canna4bliss.com\/","name":"Canna4blisS","description":"Entdecken Sie die Kraft von CBD","publisher":{"@id":"https:\/\/www.canna4bliss.com\/#organization"},"potentialAction":[{"@type":"SearchAction","target":{"@type":"EntryPoint","urlTemplate":"https:\/\/www.canna4bliss.com\/?s={search_term_string}"},"query-input":{"@type":"PropertyValueSpecification","valueRequired":true,"valueName":"search_term_string"}}],"inLanguage":"de"},{"@type":"Organization","@id":"https:\/\/www.canna4bliss.com\/#organization","name":"Canna4blisS","url":"https:\/\/www.canna4bliss.com\/","logo":{"@type":"ImageObject","inLanguage":"de","@id":"https:\/\/www.canna4bliss.com\/#\/schema\/logo\/image\/","url":"https:\/\/www.canna4bliss.com\/wp-content\/uploads\/2024\/09\/logo2.avif","contentUrl":"https:\/\/www.canna4bliss.com\/wp-content\/uploads\/2024\/09\/logo2.avif","width":700,"height":282,"caption":"Canna4blisS"},"image":{"@id":"https:\/\/www.canna4bliss.com\/#\/schema\/logo\/image\/"},"sameAs":["https:\/\/www.facebook.com\/profile.php?id=61552127379853"],"hasMerchantReturnPolicy":{"@type":"MerchantReturnPolicy","merchantReturnLink":"https:\/\/www.canna4bliss.com\/de\/politica-de-privacidad-2\/"}}]},"product_price_amount":"21.50","product_price_currency":"EUR","og_availability":"instock","product_availability":"instock","product_condition":"new"},"_links":{"self":[{"href":"https:\/\/www.canna4bliss.com\/de\/wp-json\/wp\/v2\/product\/1454","targetHints":{"allow":["GET"]}}],"collection":[{"href":"https:\/\/www.canna4bliss.com\/de\/wp-json\/wp\/v2\/product"}],"about":[{"href":"https:\/\/www.canna4bliss.com\/de\/wp-json\/wp\/v2\/types\/product"}],"replies":[{"embeddable":true,"href":"https:\/\/www.canna4bliss.com\/de\/wp-json\/wp\/v2\/comments?post=1454"}],"wp:featuredmedia":[{"embeddable":true,"href":"https:\/\/www.canna4bliss.com\/de\/wp-json\/wp\/v2\/media\/1455"}],"wp:attachment":[{"href":"https:\/\/www.canna4bliss.com\/de\/wp-json\/wp\/v2\/media?parent=1454"}],"wp:term":[{"taxonomy":"product_brand","embeddable":true,"href":"https:\/\/www.canna4bliss.com\/de\/wp-json\/wp\/v2\/product_brand?post=1454"},{"taxonomy":"product_cat","embeddable":true,"href":"https:\/\/www.canna4bliss.com\/de\/wp-json\/wp\/v2\/product_cat?post=1454"},{"taxonomy":"product_tag","embeddable":true,"href":"https:\/\/www.canna4bliss.com\/de\/wp-json\/wp\/v2\/product_tag?post=1454"}],"curies":[{"name":"wp","href":"https:\/\/api.w.org\/{rel}","templated":true}]}}