{"id":1352,"date":"2024-09-28T09:10:43","date_gmt":"2024-09-28T09:10:43","guid":{"rendered":"https:\/\/canna4bliss.replastik.hu\/?post_type=product&#038;p=1352"},"modified":"2024-11-22T13:20:52","modified_gmt":"2024-11-22T13:20:52","slug":"10-cbd-fest-lila-dunst","status":"publish","type":"product","link":"https:\/\/www.canna4bliss.com\/de\/termek\/10-cbd-solid-purple-haze\/","title":{"rendered":"10% CBD Feststoff PURPLE HAZE"},"content":{"rendered":"<p>Inhalt:<\/p>\n<p>Der CBD-Spiegel erreicht 10%.<br \/>\nDer THC-Gehalt betr\u00e4gt weniger als 0,2%.<br \/>\nNat\u00fcrliche Terpene<\/p>\n<p>Der Unterschied zwischen CBD und Terpenen?<\/p>\n<p>Terpene sind Verbindungen, die in einer Vielzahl von Pflanzen vorkommen und zu deren Geschmack, Aroma und Farbe beitragen. Sie interagieren synergetisch mit Cannabinoiden, um das zu schaffen, was Wissenschaftler einen \"Gefolge-Effekt\" nennen, der die Wirkung der einzelnen Pflanzenbestandteile verst\u00e4rkt.<\/p>\n<p>Alle unsere CBD-Extrakte sind vollkommen nat\u00fcrlich.<br \/>\nExtrahiert mit CO2 ohne Spuren von chemischen Stoffen oder Verbindungen.<br \/>\nUnsere Pflanzen enthalten weniger als 0,20% THC.<br \/>\nCBD ist nicht giftig, macht nicht s\u00fcchtig und ist nicht gesundheitssch\u00e4dlich.<\/p>\n<p>Bekanntmachungen:<br \/>\nDieses Produkt ist nicht narkotisch.<br \/>\nEs hat keine psychoaktiven Wirkungen.<\/p>","protected":false},"excerpt":{"rendered":"<p>Unsere festen Produkte werden vollst\u00e4ndig auf nat\u00fcrliche Weise gewonnen und haben umfangreiche Labortests durchlaufen, um ihre Authentizit\u00e4t und Qualit\u00e4tskontrolle zu best\u00e4tigen.<\/p>\n<p>Zertifiziert durch CTAEX. Spanisches Labor mit gro\u00dfer Anerkennung<\/p>","protected":false},"featured_media":1353,"comment_status":"open","ping_status":"closed","template":"","meta":{"site-sidebar-layout":"default","site-content-layout":"","ast-site-content-layout":"default","site-content-style":"default","site-sidebar-style":"default","ast-global-header-display":"","ast-banner-title-visibility":"","ast-main-header-display":"","ast-hfb-above-header-display":"","ast-hfb-below-header-display":"","ast-hfb-mobile-header-display":"","site-post-title":"","ast-breadcrumbs-content":"","ast-featured-img":"","footer-sml-layout":"","ast-disable-related-posts":"","theme-transparent-header-meta":"default","adv-header-id-meta":"","stick-header-meta":"","header-above-stick-meta":"","header-main-stick-meta":"","header-below-stick-meta":"","astra-migrate-meta-layouts":"set","ast-page-background-enabled":"default","ast-page-background-meta":{"desktop":{"background-color":"","background-image":"","background-repeat":"repeat","background-position":"center center","background-size":"auto","background-attachment":"scroll","background-type":"","background-media":"","overlay-type":"","overlay-color":"","overlay-opacity":"","overlay-gradient":""},"tablet":{"background-color":"","background-image":"","background-repeat":"repeat","background-position":"center center","background-size":"auto","background-attachment":"scroll","background-type":"","background-media":"","overlay-type":"","overlay-color":"","overlay-opacity":"","overlay-gradient":""},"mobile":{"background-color":"","background-image":"","background-repeat":"repeat","background-position":"center center","background-size":"auto","background-attachment":"scroll","background-type":"","background-media":"","overlay-type":"","overlay-color":"","overlay-opacity":"","overlay-gradient":""}},"ast-content-background-meta":{"desktop":{"background-color":"var(--ast-global-color-5)","background-image":"","background-repeat":"repeat","background-position":"center center","background-size":"auto","background-attachment":"scroll","background-type":"","background-media":"","overlay-type":"","overlay-color":"","overlay-opacity":"","overlay-gradient":""},"tablet":{"background-color":"var(--ast-global-color-5)","background-image":"","background-repeat":"repeat","background-position":"center center","background-size":"auto","background-attachment":"scroll","background-type":"","background-media":"","overlay-type":"","overlay-color":"","overlay-opacity":"","overlay-gradient":""},"mobile":{"background-color":"var(--ast-global-color-5)","background-image":"","background-repeat":"repeat","background-position":"center center","background-size":"auto","background-attachment":"scroll","background-type":"","background-media":"","overlay-type":"","overlay-color":"","overlay-opacity":"","overlay-gradient":""}}},"product_brand":[],"product_cat":[58],"product_tag":[90],"class_list":{"0":"post-1352","1":"product","2":"type-product","3":"status-publish","4":"has-post-thumbnail","6":"product_cat-cbd-cbg-smoke","7":"product_tag-10-cbd-solid-purple-haze","8":"desktop-align-left","9":"tablet-align-left","10":"mobile-align-left","11":"ast-product-gallery-layout-horizontal-slider","12":"ast-product-gallery-with-no-image","13":"ast-product-tabs-layout-horizontal","14":"ast-qv-on-image","16":"first","17":"instock","18":"taxable","19":"shipping-taxable","20":"purchasable","21":"product-type-simple"},"yoast_head":"<!-- This site is optimized with the Yoast SEO Premium plugin v27.5 (Yoast SEO v27.5) - https:\/\/yoast.com\/product\/yoast-seo-premium-wordpress\/ -->\n<title>10% CBD Solid PURPLE HAZE - Canna4blisS<\/title>\n<meta name=\"robots\" content=\"index, follow, max-snippet:-1, max-image-preview:large, max-video-preview:-1\" \/>\n<link rel=\"canonical\" href=\"https:\/\/www.canna4bliss.com\/de\/termek\/10-cbd-fest-lila-dunst\/\" \/>\n<meta property=\"og:locale\" content=\"de_DE\" \/>\n<meta property=\"og:type\" content=\"article\" \/>\n<meta property=\"og:title\" content=\"10% CBD Solid PURPLE HAZE\" \/>\n<meta property=\"og:description\" content=\"Nuestros productos s\u00f3lidos se extraen de forma completamente natural y han sido sometidos a extensas pruebas de laboratorio, para confirmar su autenticidad y control de calidad.  Certificado por el CTAEX. Laboratorio Espa\u00f1ol de gran reconocimiento\" \/>\n<meta property=\"og:url\" content=\"https:\/\/www.canna4bliss.com\/de\/termek\/10-cbd-fest-lila-dunst\/\" \/>\n<meta property=\"og:site_name\" content=\"Canna4blisS\" \/>\n<meta property=\"article:publisher\" content=\"https:\/\/www.facebook.com\/profile.php?id=61552127379853\" \/>\n<meta property=\"article:modified_time\" content=\"2024-11-22T13:20:52+00:00\" \/>\n<meta property=\"og:image\" content=\"https:\/\/www.canna4bliss.com\/wp-content\/uploads\/2024\/09\/10-CBD-Solid-PURPLE-HAZE.webp\" \/>\n\t<meta property=\"og:image:width\" content=\"800\" \/>\n\t<meta property=\"og:image:height\" content=\"800\" \/>\n\t<meta property=\"og:image:type\" content=\"image\/webp\" \/>\n<meta name=\"twitter:card\" content=\"summary_large_image\" \/>\n<meta name=\"twitter:label1\" content=\"Preis\" \/>\n\t<meta name=\"twitter:data1\" content=\"8,50&nbsp;&euro; ( 8,50&nbsp;&euro; + Tax )\" \/>\n\t<meta name=\"twitter:label2\" content=\"Verf\u00fcgbarkeit\" \/>\n\t<meta name=\"twitter:data2\" content=\"Auf Lager\" \/>\n<script type=\"application\/ld+json\" class=\"yoast-schema-graph\">{\"@context\":\"https:\\\/\\\/schema.org\",\"@graph\":[{\"@type\":\"WebPage\",\"@id\":\"https:\\\/\\\/www.canna4bliss.com\\\/termek\\\/10-cbd-solid-purple-haze\\\/\",\"url\":\"https:\\\/\\\/www.canna4bliss.com\\\/termek\\\/10-cbd-solid-purple-haze\\\/\",\"name\":\"10% CBD Solid PURPLE HAZE - Canna4blisS\",\"isPartOf\":{\"@id\":\"https:\\\/\\\/www.canna4bliss.com\\\/#website\"},\"primaryImageOfPage\":{\"@id\":\"https:\\\/\\\/www.canna4bliss.com\\\/termek\\\/10-cbd-solid-purple-haze\\\/#primaryimage\"},\"image\":{\"@id\":\"https:\\\/\\\/www.canna4bliss.com\\\/termek\\\/10-cbd-solid-purple-haze\\\/#primaryimage\"},\"thumbnailUrl\":\"https:\\\/\\\/www.canna4bliss.com\\\/wp-content\\\/uploads\\\/2024\\\/09\\\/10-CBD-Solid-PURPLE-HAZE.webp\",\"datePublished\":\"2024-09-28T09:10:43+00:00\",\"dateModified\":\"2024-11-22T13:20:52+00:00\",\"breadcrumb\":{\"@id\":\"https:\\\/\\\/www.canna4bliss.com\\\/termek\\\/10-cbd-solid-purple-haze\\\/#breadcrumb\"},\"inLanguage\":\"de\",\"potentialAction\":[{\"@type\":\"ReadAction\",\"target\":[\"https:\\\/\\\/www.canna4bliss.com\\\/termek\\\/10-cbd-solid-purple-haze\\\/\"]}]},{\"@type\":\"ImageObject\",\"inLanguage\":\"de\",\"@id\":\"https:\\\/\\\/www.canna4bliss.com\\\/termek\\\/10-cbd-solid-purple-haze\\\/#primaryimage\",\"url\":\"https:\\\/\\\/www.canna4bliss.com\\\/wp-content\\\/uploads\\\/2024\\\/09\\\/10-CBD-Solid-PURPLE-HAZE.webp\",\"contentUrl\":\"https:\\\/\\\/www.canna4bliss.com\\\/wp-content\\\/uploads\\\/2024\\\/09\\\/10-CBD-Solid-PURPLE-HAZE.webp\",\"width\":800,\"height\":800},{\"@type\":\"BreadcrumbList\",\"@id\":\"https:\\\/\\\/www.canna4bliss.com\\\/termek\\\/10-cbd-solid-purple-haze\\\/#breadcrumb\",\"itemListElement\":[{\"@type\":\"ListItem\",\"position\":1,\"name\":\"Kezd\u0151lap\",\"item\":\"https:\\\/\\\/www.canna4bliss.com\\\/\"},{\"@type\":\"ListItem\",\"position\":2,\"name\":\"Shop\",\"item\":\"https:\\\/\\\/www.canna4bliss.com\\\/shop\\\/\"},{\"@type\":\"ListItem\",\"position\":3,\"name\":\"10% CBD Solid PURPLE HAZE\"}]},{\"@type\":\"WebSite\",\"@id\":\"https:\\\/\\\/www.canna4bliss.com\\\/#website\",\"url\":\"https:\\\/\\\/www.canna4bliss.com\\\/\",\"name\":\"Canna4blisS\",\"description\":\"Discover the power of CBD\",\"publisher\":{\"@id\":\"https:\\\/\\\/www.canna4bliss.com\\\/#organization\"},\"potentialAction\":[{\"@type\":\"SearchAction\",\"target\":{\"@type\":\"EntryPoint\",\"urlTemplate\":\"https:\\\/\\\/www.canna4bliss.com\\\/?s={search_term_string}\"},\"query-input\":{\"@type\":\"PropertyValueSpecification\",\"valueRequired\":true,\"valueName\":\"search_term_string\"}}],\"inLanguage\":\"de\"},{\"@type\":\"Organization\",\"@id\":\"https:\\\/\\\/www.canna4bliss.com\\\/#organization\",\"name\":\"Canna4blisS\",\"url\":\"https:\\\/\\\/www.canna4bliss.com\\\/\",\"logo\":{\"@type\":\"ImageObject\",\"inLanguage\":\"de\",\"@id\":\"https:\\\/\\\/www.canna4bliss.com\\\/#\\\/schema\\\/logo\\\/image\\\/\",\"url\":\"https:\\\/\\\/www.canna4bliss.com\\\/wp-content\\\/uploads\\\/2024\\\/09\\\/logo2.avif\",\"contentUrl\":\"https:\\\/\\\/www.canna4bliss.com\\\/wp-content\\\/uploads\\\/2024\\\/09\\\/logo2.avif\",\"width\":700,\"height\":282,\"caption\":\"Canna4blisS\"},\"image\":{\"@id\":\"https:\\\/\\\/www.canna4bliss.com\\\/#\\\/schema\\\/logo\\\/image\\\/\"},\"sameAs\":[\"https:\\\/\\\/www.facebook.com\\\/profile.php?id=61552127379853\"],\"hasMerchantReturnPolicy\":{\"@type\":\"MerchantReturnPolicy\",\"merchantReturnLink\":\"https:\\\/\\\/www.canna4bliss.com\\\/de\\\/politica-de-privacidad-2\\\/\"}}]}<\/script>\n<meta property=\"product:price:amount\" content=\"8.50\" \/>\n<meta property=\"product:price:currency\" content=\"EUR\" \/>\n<meta property=\"og:availability\" content=\"instock\" \/>\n<meta property=\"product:availability\" content=\"instock\" \/>\n<meta property=\"product:condition\" content=\"new\" \/>\n<!-- \/ Yoast SEO Premium plugin. -->","yoast_head_json":{"title":"10% CBD Feststoff PURPLE HAZE - Canna4blisS","robots":{"index":"index","follow":"follow","max-snippet":"max-snippet:-1","max-image-preview":"max-image-preview:large","max-video-preview":"max-video-preview:-1"},"canonical":"https:\/\/www.canna4bliss.com\/de\/termek\/10-cbd-fest-lila-dunst\/","og_locale":"de_DE","og_type":"article","og_title":"10% CBD Solid PURPLE HAZE","og_description":"Nuestros productos s\u00f3lidos se extraen de forma completamente natural y han sido sometidos a extensas pruebas de laboratorio, para confirmar su autenticidad y control de calidad.  Certificado por el CTAEX. Laboratorio Espa\u00f1ol de gran reconocimiento","og_url":"https:\/\/www.canna4bliss.com\/de\/termek\/10-cbd-fest-lila-dunst\/","og_site_name":"Canna4blisS","article_publisher":"https:\/\/www.facebook.com\/profile.php?id=61552127379853","article_modified_time":"2024-11-22T13:20:52+00:00","og_image":[{"width":800,"height":800,"url":"https:\/\/www.canna4bliss.com\/wp-content\/uploads\/2024\/09\/10-CBD-Solid-PURPLE-HAZE.webp","type":"image\/webp"}],"twitter_card":"summary_large_image","twitter_misc":{"Preis":"8,50&nbsp;&euro; ( 8,50&nbsp;&euro; + Tax )","Verf\u00fcgbarkeit":"Auf Lager"},"schema":{"@context":"https:\/\/schema.org","@graph":[{"@type":"WebPage","@id":"https:\/\/www.canna4bliss.com\/termek\/10-cbd-solid-purple-haze\/","url":"https:\/\/www.canna4bliss.com\/termek\/10-cbd-solid-purple-haze\/","name":"10% CBD Feststoff PURPLE HAZE - Canna4blisS","isPartOf":{"@id":"https:\/\/www.canna4bliss.com\/#website"},"primaryImageOfPage":{"@id":"https:\/\/www.canna4bliss.com\/termek\/10-cbd-solid-purple-haze\/#primaryimage"},"image":{"@id":"https:\/\/www.canna4bliss.com\/termek\/10-cbd-solid-purple-haze\/#primaryimage"},"thumbnailUrl":"https:\/\/www.canna4bliss.com\/wp-content\/uploads\/2024\/09\/10-CBD-Solid-PURPLE-HAZE.webp","datePublished":"2024-09-28T09:10:43+00:00","dateModified":"2024-11-22T13:20:52+00:00","breadcrumb":{"@id":"https:\/\/www.canna4bliss.com\/termek\/10-cbd-solid-purple-haze\/#breadcrumb"},"inLanguage":"de","potentialAction":[{"@type":"ReadAction","target":["https:\/\/www.canna4bliss.com\/termek\/10-cbd-solid-purple-haze\/"]}]},{"@type":"ImageObject","inLanguage":"de","@id":"https:\/\/www.canna4bliss.com\/termek\/10-cbd-solid-purple-haze\/#primaryimage","url":"https:\/\/www.canna4bliss.com\/wp-content\/uploads\/2024\/09\/10-CBD-Solid-PURPLE-HAZE.webp","contentUrl":"https:\/\/www.canna4bliss.com\/wp-content\/uploads\/2024\/09\/10-CBD-Solid-PURPLE-HAZE.webp","width":800,"height":800},{"@type":"BreadcrumbList","@id":"https:\/\/www.canna4bliss.com\/termek\/10-cbd-solid-purple-haze\/#breadcrumb","itemListElement":[{"@type":"ListItem","position":1,"name":"Kezd\u0151lap","item":"https:\/\/www.canna4bliss.com\/"},{"@type":"ListItem","position":2,"name":"Shop","item":"https:\/\/www.canna4bliss.com\/shop\/"},{"@type":"ListItem","position":3,"name":"10% CBD Solid PURPLE HAZE"}]},{"@type":"WebSite","@id":"https:\/\/www.canna4bliss.com\/#website","url":"https:\/\/www.canna4bliss.com\/","name":"Canna4blisS","description":"Entdecken Sie die Kraft von CBD","publisher":{"@id":"https:\/\/www.canna4bliss.com\/#organization"},"potentialAction":[{"@type":"SearchAction","target":{"@type":"EntryPoint","urlTemplate":"https:\/\/www.canna4bliss.com\/?s={search_term_string}"},"query-input":{"@type":"PropertyValueSpecification","valueRequired":true,"valueName":"search_term_string"}}],"inLanguage":"de"},{"@type":"Organization","@id":"https:\/\/www.canna4bliss.com\/#organization","name":"Canna4blisS","url":"https:\/\/www.canna4bliss.com\/","logo":{"@type":"ImageObject","inLanguage":"de","@id":"https:\/\/www.canna4bliss.com\/#\/schema\/logo\/image\/","url":"https:\/\/www.canna4bliss.com\/wp-content\/uploads\/2024\/09\/logo2.avif","contentUrl":"https:\/\/www.canna4bliss.com\/wp-content\/uploads\/2024\/09\/logo2.avif","width":700,"height":282,"caption":"Canna4blisS"},"image":{"@id":"https:\/\/www.canna4bliss.com\/#\/schema\/logo\/image\/"},"sameAs":["https:\/\/www.facebook.com\/profile.php?id=61552127379853"],"hasMerchantReturnPolicy":{"@type":"MerchantReturnPolicy","merchantReturnLink":"https:\/\/www.canna4bliss.com\/de\/politica-de-privacidad-2\/"}}]},"product_price_amount":"8.50","product_price_currency":"EUR","og_availability":"instock","product_availability":"instock","product_condition":"new"},"_links":{"self":[{"href":"https:\/\/www.canna4bliss.com\/de\/wp-json\/wp\/v2\/product\/1352","targetHints":{"allow":["GET"]}}],"collection":[{"href":"https:\/\/www.canna4bliss.com\/de\/wp-json\/wp\/v2\/product"}],"about":[{"href":"https:\/\/www.canna4bliss.com\/de\/wp-json\/wp\/v2\/types\/product"}],"replies":[{"embeddable":true,"href":"https:\/\/www.canna4bliss.com\/de\/wp-json\/wp\/v2\/comments?post=1352"}],"wp:featuredmedia":[{"embeddable":true,"href":"https:\/\/www.canna4bliss.com\/de\/wp-json\/wp\/v2\/media\/1353"}],"wp:attachment":[{"href":"https:\/\/www.canna4bliss.com\/de\/wp-json\/wp\/v2\/media?parent=1352"}],"wp:term":[{"taxonomy":"product_brand","embeddable":true,"href":"https:\/\/www.canna4bliss.com\/de\/wp-json\/wp\/v2\/product_brand?post=1352"},{"taxonomy":"product_cat","embeddable":true,"href":"https:\/\/www.canna4bliss.com\/de\/wp-json\/wp\/v2\/product_cat?post=1352"},{"taxonomy":"product_tag","embeddable":true,"href":"https:\/\/www.canna4bliss.com\/de\/wp-json\/wp\/v2\/product_tag?post=1352"}],"curies":[{"name":"wp","href":"https:\/\/api.w.org\/{rel}","templated":true}]}}