{"id":1330,"date":"2024-09-28T08:32:28","date_gmt":"2024-09-28T08:32:28","guid":{"rendered":"https:\/\/canna4bliss.replastik.hu\/?post_type=product&#038;p=1330"},"modified":"2025-01-06T17:51:18","modified_gmt":"2025-01-06T17:51:18","slug":"onirya-cbd-melatonin-ol","status":"publish","type":"product","link":"https:\/\/www.canna4bliss.com\/de\/termek\/onirya-cbd-melatonin-oil\/","title":{"rendered":"Onirya - CBD- und Melatonin-\u00d6l"},"content":{"rendered":"<p>Da der K\u00f6rper im Laufe der Jahre immer weniger Melatonin produziert, haben wir oft Probleme beim Einschlafen oder eine unzureichende Schlafqualit\u00e4t.<\/p>\n<p>Onirya ist ein 100% Naturprodukt, hergestellt mit CBD, das nur aus hochwertigen Hanfpflanzen gewonnen wird.<\/p>\n<p>Durch die Beimischung von Melatonin erhalten wir ein Destillat, dessen kombinierte Eigenschaften eine wirksame Verbindung zum Abbau von Angst und Stress, zur F\u00f6rderung der Entspannung, zum Ausgleich des Hormonsystems und zur Regulierung des Schlaf-Wach-Rhythmus darstellen.<\/p>\n<p>Dieses \u00d6l erfreut sich zunehmender Beliebtheit bei Menschen, die nicht gut schlafen k\u00f6nnen oder Schwierigkeiten haben, in den Schlaf zu finden, und ist das ideale Produkt zur Verbesserung der Qualit\u00e4t der Nachtruhe.<\/p>\n<p>Mit zunehmendem Alter produziert der K\u00f6rper immer weniger Melatonin, so dass wir h\u00e4ufig Schlafprobleme haben. Onirya ist ein 100% Naturprodukt, hergestellt mit CBD, das nur aus hochwertigen Hanfpflanzen gewonnen wird.<\/p>\n<p>Durch die Beimischung von Melatonin erhalten wir ein Destillat, dessen kombinierte Eigenschaften eine Verbindung ergeben, die wirksam ist, um Angst und Stress zu reduzieren, die Entspannung zu f\u00f6rdern, das Hormonsystem auszugleichen und den Schlaf-Wach-Rhythmus zu regulieren.<\/p>","protected":false},"excerpt":{"rendered":"<p>Dieses \u00d6l wird immer beliebter bei Menschen, die nicht gut schlafen oder Probleme beim Einschlafen haben, und ist das ideale Produkt, um die Qualit\u00e4t der Erholung zu verbessern.<\/p>","protected":false},"featured_media":1331,"comment_status":"open","ping_status":"closed","template":"","meta":{"site-sidebar-layout":"default","site-content-layout":"","ast-site-content-layout":"default","site-content-style":"default","site-sidebar-style":"default","ast-global-header-display":"","ast-banner-title-visibility":"","ast-main-header-display":"","ast-hfb-above-header-display":"","ast-hfb-below-header-display":"","ast-hfb-mobile-header-display":"","site-post-title":"","ast-breadcrumbs-content":"","ast-featured-img":"","footer-sml-layout":"","ast-disable-related-posts":"","theme-transparent-header-meta":"default","adv-header-id-meta":"","stick-header-meta":"","header-above-stick-meta":"","header-main-stick-meta":"","header-below-stick-meta":"","astra-migrate-meta-layouts":"set","ast-page-background-enabled":"default","ast-page-background-meta":{"desktop":{"background-color":"","background-image":"","background-repeat":"repeat","background-position":"center center","background-size":"auto","background-attachment":"scroll","background-type":"","background-media":"","overlay-type":"","overlay-color":"","overlay-opacity":"","overlay-gradient":""},"tablet":{"background-color":"","background-image":"","background-repeat":"repeat","background-position":"center center","background-size":"auto","background-attachment":"scroll","background-type":"","background-media":"","overlay-type":"","overlay-color":"","overlay-opacity":"","overlay-gradient":""},"mobile":{"background-color":"","background-image":"","background-repeat":"repeat","background-position":"center center","background-size":"auto","background-attachment":"scroll","background-type":"","background-media":"","overlay-type":"","overlay-color":"","overlay-opacity":"","overlay-gradient":""}},"ast-content-background-meta":{"desktop":{"background-color":"var(--ast-global-color-5)","background-image":"","background-repeat":"repeat","background-position":"center center","background-size":"auto","background-attachment":"scroll","background-type":"","background-media":"","overlay-type":"","overlay-color":"","overlay-opacity":"","overlay-gradient":""},"tablet":{"background-color":"var(--ast-global-color-5)","background-image":"","background-repeat":"repeat","background-position":"center center","background-size":"auto","background-attachment":"scroll","background-type":"","background-media":"","overlay-type":"","overlay-color":"","overlay-opacity":"","overlay-gradient":""},"mobile":{"background-color":"var(--ast-global-color-5)","background-image":"","background-repeat":"repeat","background-position":"center center","background-size":"auto","background-attachment":"scroll","background-type":"","background-media":"","overlay-type":"","overlay-color":"","overlay-opacity":"","overlay-gradient":""}}},"product_brand":[],"product_cat":[56],"product_tag":[59,63,62,61],"class_list":{"0":"post-1330","1":"product","2":"type-product","3":"status-publish","4":"has-post-thumbnail","6":"product_cat-cbd-cbg-oil-full-spectrum-cbd","7":"product_tag-cbd","8":"product_tag-melatonin","9":"product_tag-onirya","10":"product_tag-onirya-cbd-melatonin-oil","11":"desktop-align-left","12":"tablet-align-left","13":"mobile-align-left","14":"ast-product-gallery-layout-horizontal-slider","15":"ast-product-gallery-with-no-image","16":"ast-product-tabs-layout-horizontal","17":"ast-qv-on-image","19":"first","20":"instock","21":"taxable","22":"shipping-taxable","23":"purchasable","24":"product-type-simple"},"yoast_head":"<!-- This site is optimized with the Yoast SEO Premium plugin v27.5 (Yoast SEO v27.5) - https:\/\/yoast.com\/product\/yoast-seo-premium-wordpress\/ -->\n<title>Onirya \u2013 CBD &amp; Melatonin Oil - Canna4blisS<\/title>\n<meta name=\"robots\" content=\"index, follow, max-snippet:-1, max-image-preview:large, max-video-preview:-1\" \/>\n<link rel=\"canonical\" href=\"https:\/\/www.canna4bliss.com\/de\/termek\/onirya-cbd-melatonin-ol\/\" \/>\n<meta property=\"og:locale\" content=\"de_DE\" \/>\n<meta property=\"og:type\" content=\"article\" \/>\n<meta property=\"og:title\" content=\"Onirya \u2013 CBD &amp; Melatonin Oil\" \/>\n<meta property=\"og:description\" content=\"De creciente popularidad entre quienes no disfrutan de un buen sue\u00f1o nocturno o tienen problemas para conciliarlo, este aceite es el producto ideal para mejorar la calidad del descanso.\" \/>\n<meta property=\"og:url\" content=\"https:\/\/www.canna4bliss.com\/de\/termek\/onirya-cbd-melatonin-ol\/\" \/>\n<meta property=\"og:site_name\" content=\"Canna4blisS\" \/>\n<meta property=\"article:publisher\" content=\"https:\/\/www.facebook.com\/profile.php?id=61552127379853\" \/>\n<meta property=\"article:modified_time\" content=\"2025-01-06T17:51:18+00:00\" \/>\n<meta name=\"twitter:card\" content=\"summary_large_image\" \/>\n<meta name=\"twitter:label1\" content=\"Preis\" \/>\n\t<meta name=\"twitter:data1\" content=\"26,00&nbsp;&euro; ( 26,00&nbsp;&euro; + Tax )\" \/>\n\t<meta name=\"twitter:label2\" content=\"Verf\u00fcgbarkeit\" \/>\n\t<meta name=\"twitter:data2\" content=\"Auf Lager\" \/>\n<script type=\"application\/ld+json\" class=\"yoast-schema-graph\">{\"@context\":\"https:\\\/\\\/schema.org\",\"@graph\":[{\"@type\":\"WebPage\",\"@id\":\"https:\\\/\\\/www.canna4bliss.com\\\/termek\\\/onirya-cbd-melatonin-oil\\\/\",\"url\":\"https:\\\/\\\/www.canna4bliss.com\\\/termek\\\/onirya-cbd-melatonin-oil\\\/\",\"name\":\"Onirya \u2013 CBD &amp; Melatonin Oil - Canna4blisS\",\"isPartOf\":{\"@id\":\"https:\\\/\\\/www.canna4bliss.com\\\/#website\"},\"primaryImageOfPage\":{\"@id\":\"https:\\\/\\\/www.canna4bliss.com\\\/termek\\\/onirya-cbd-melatonin-oil\\\/#primaryimage\"},\"image\":{\"@id\":\"https:\\\/\\\/www.canna4bliss.com\\\/termek\\\/onirya-cbd-melatonin-oil\\\/#primaryimage\"},\"thumbnailUrl\":\"https:\\\/\\\/www.canna4bliss.com\\\/wp-content\\\/uploads\\\/2024\\\/09\\\/Onirya-\u2013-CBD-Melatonin-Oil.avif\",\"datePublished\":\"2024-09-28T08:32:28+00:00\",\"dateModified\":\"2025-01-06T17:51:18+00:00\",\"breadcrumb\":{\"@id\":\"https:\\\/\\\/www.canna4bliss.com\\\/termek\\\/onirya-cbd-melatonin-oil\\\/#breadcrumb\"},\"inLanguage\":\"de\",\"potentialAction\":[{\"@type\":\"ReadAction\",\"target\":[\"https:\\\/\\\/www.canna4bliss.com\\\/termek\\\/onirya-cbd-melatonin-oil\\\/\"]}]},{\"@type\":\"ImageObject\",\"inLanguage\":\"de\",\"@id\":\"https:\\\/\\\/www.canna4bliss.com\\\/termek\\\/onirya-cbd-melatonin-oil\\\/#primaryimage\",\"url\":\"https:\\\/\\\/www.canna4bliss.com\\\/wp-content\\\/uploads\\\/2024\\\/09\\\/Onirya-\u2013-CBD-Melatonin-Oil.avif\",\"contentUrl\":\"https:\\\/\\\/www.canna4bliss.com\\\/wp-content\\\/uploads\\\/2024\\\/09\\\/Onirya-\u2013-CBD-Melatonin-Oil.avif\",\"width\":1200,\"height\":1200,\"caption\":\"Onirya \u2013 CBD & Melatonin Oil\"},{\"@type\":\"BreadcrumbList\",\"@id\":\"https:\\\/\\\/www.canna4bliss.com\\\/termek\\\/onirya-cbd-melatonin-oil\\\/#breadcrumb\",\"itemListElement\":[{\"@type\":\"ListItem\",\"position\":1,\"name\":\"Kezd\u0151lap\",\"item\":\"https:\\\/\\\/www.canna4bliss.com\\\/\"},{\"@type\":\"ListItem\",\"position\":2,\"name\":\"Shop\",\"item\":\"https:\\\/\\\/www.canna4bliss.com\\\/shop\\\/\"},{\"@type\":\"ListItem\",\"position\":3,\"name\":\"Onirya \u2013 CBD &amp; Melatonin Oil\"}]},{\"@type\":\"WebSite\",\"@id\":\"https:\\\/\\\/www.canna4bliss.com\\\/#website\",\"url\":\"https:\\\/\\\/www.canna4bliss.com\\\/\",\"name\":\"Canna4blisS\",\"description\":\"Discover the power of CBD\",\"publisher\":{\"@id\":\"https:\\\/\\\/www.canna4bliss.com\\\/#organization\"},\"potentialAction\":[{\"@type\":\"SearchAction\",\"target\":{\"@type\":\"EntryPoint\",\"urlTemplate\":\"https:\\\/\\\/www.canna4bliss.com\\\/?s={search_term_string}\"},\"query-input\":{\"@type\":\"PropertyValueSpecification\",\"valueRequired\":true,\"valueName\":\"search_term_string\"}}],\"inLanguage\":\"de\"},{\"@type\":\"Organization\",\"@id\":\"https:\\\/\\\/www.canna4bliss.com\\\/#organization\",\"name\":\"Canna4blisS\",\"url\":\"https:\\\/\\\/www.canna4bliss.com\\\/\",\"logo\":{\"@type\":\"ImageObject\",\"inLanguage\":\"de\",\"@id\":\"https:\\\/\\\/www.canna4bliss.com\\\/#\\\/schema\\\/logo\\\/image\\\/\",\"url\":\"https:\\\/\\\/www.canna4bliss.com\\\/wp-content\\\/uploads\\\/2024\\\/09\\\/logo2.avif\",\"contentUrl\":\"https:\\\/\\\/www.canna4bliss.com\\\/wp-content\\\/uploads\\\/2024\\\/09\\\/logo2.avif\",\"width\":700,\"height\":282,\"caption\":\"Canna4blisS\"},\"image\":{\"@id\":\"https:\\\/\\\/www.canna4bliss.com\\\/#\\\/schema\\\/logo\\\/image\\\/\"},\"sameAs\":[\"https:\\\/\\\/www.facebook.com\\\/profile.php?id=61552127379853\"],\"hasMerchantReturnPolicy\":{\"@type\":\"MerchantReturnPolicy\",\"merchantReturnLink\":\"https:\\\/\\\/www.canna4bliss.com\\\/de\\\/politica-de-privacidad-2\\\/\"}}]}<\/script>\n<meta property=\"product:price:amount\" content=\"26.00\" \/>\n<meta property=\"product:price:currency\" content=\"EUR\" \/>\n<meta property=\"og:availability\" content=\"instock\" \/>\n<meta property=\"product:availability\" content=\"instock\" \/>\n<meta property=\"product:condition\" content=\"new\" \/>\n<!-- \/ Yoast SEO Premium plugin. -->","yoast_head_json":{"title":"Onirya - CBD &amp; Melatonin \u00d6l - Canna4blisS","robots":{"index":"index","follow":"follow","max-snippet":"max-snippet:-1","max-image-preview":"max-image-preview:large","max-video-preview":"max-video-preview:-1"},"canonical":"https:\/\/www.canna4bliss.com\/de\/termek\/onirya-cbd-melatonin-ol\/","og_locale":"de_DE","og_type":"article","og_title":"Onirya \u2013 CBD &amp; Melatonin Oil","og_description":"De creciente popularidad entre quienes no disfrutan de un buen sue\u00f1o nocturno o tienen problemas para conciliarlo, este aceite es el producto ideal para mejorar la calidad del descanso.","og_url":"https:\/\/www.canna4bliss.com\/de\/termek\/onirya-cbd-melatonin-ol\/","og_site_name":"Canna4blisS","article_publisher":"https:\/\/www.facebook.com\/profile.php?id=61552127379853","article_modified_time":"2025-01-06T17:51:18+00:00","twitter_card":"summary_large_image","twitter_misc":{"Preis":"26,00&nbsp;&euro; ( 26,00&nbsp;&euro; + Tax )","Verf\u00fcgbarkeit":"Auf Lager"},"schema":{"@context":"https:\/\/schema.org","@graph":[{"@type":"WebPage","@id":"https:\/\/www.canna4bliss.com\/termek\/onirya-cbd-melatonin-oil\/","url":"https:\/\/www.canna4bliss.com\/termek\/onirya-cbd-melatonin-oil\/","name":"Onirya - CBD &amp; Melatonin \u00d6l - Canna4blisS","isPartOf":{"@id":"https:\/\/www.canna4bliss.com\/#website"},"primaryImageOfPage":{"@id":"https:\/\/www.canna4bliss.com\/termek\/onirya-cbd-melatonin-oil\/#primaryimage"},"image":{"@id":"https:\/\/www.canna4bliss.com\/termek\/onirya-cbd-melatonin-oil\/#primaryimage"},"thumbnailUrl":"https:\/\/www.canna4bliss.com\/wp-content\/uploads\/2024\/09\/Onirya-\u2013-CBD-Melatonin-Oil.avif","datePublished":"2024-09-28T08:32:28+00:00","dateModified":"2025-01-06T17:51:18+00:00","breadcrumb":{"@id":"https:\/\/www.canna4bliss.com\/termek\/onirya-cbd-melatonin-oil\/#breadcrumb"},"inLanguage":"de","potentialAction":[{"@type":"ReadAction","target":["https:\/\/www.canna4bliss.com\/termek\/onirya-cbd-melatonin-oil\/"]}]},{"@type":"ImageObject","inLanguage":"de","@id":"https:\/\/www.canna4bliss.com\/termek\/onirya-cbd-melatonin-oil\/#primaryimage","url":"https:\/\/www.canna4bliss.com\/wp-content\/uploads\/2024\/09\/Onirya-\u2013-CBD-Melatonin-Oil.avif","contentUrl":"https:\/\/www.canna4bliss.com\/wp-content\/uploads\/2024\/09\/Onirya-\u2013-CBD-Melatonin-Oil.avif","width":1200,"height":1200,"caption":"Onirya \u2013 CBD & Melatonin Oil"},{"@type":"BreadcrumbList","@id":"https:\/\/www.canna4bliss.com\/termek\/onirya-cbd-melatonin-oil\/#breadcrumb","itemListElement":[{"@type":"ListItem","position":1,"name":"Kezd\u0151lap","item":"https:\/\/www.canna4bliss.com\/"},{"@type":"ListItem","position":2,"name":"Shop","item":"https:\/\/www.canna4bliss.com\/shop\/"},{"@type":"ListItem","position":3,"name":"Onirya \u2013 CBD &amp; Melatonin Oil"}]},{"@type":"WebSite","@id":"https:\/\/www.canna4bliss.com\/#website","url":"https:\/\/www.canna4bliss.com\/","name":"Canna4blisS","description":"Entdecken Sie die Kraft von CBD","publisher":{"@id":"https:\/\/www.canna4bliss.com\/#organization"},"potentialAction":[{"@type":"SearchAction","target":{"@type":"EntryPoint","urlTemplate":"https:\/\/www.canna4bliss.com\/?s={search_term_string}"},"query-input":{"@type":"PropertyValueSpecification","valueRequired":true,"valueName":"search_term_string"}}],"inLanguage":"de"},{"@type":"Organization","@id":"https:\/\/www.canna4bliss.com\/#organization","name":"Canna4blisS","url":"https:\/\/www.canna4bliss.com\/","logo":{"@type":"ImageObject","inLanguage":"de","@id":"https:\/\/www.canna4bliss.com\/#\/schema\/logo\/image\/","url":"https:\/\/www.canna4bliss.com\/wp-content\/uploads\/2024\/09\/logo2.avif","contentUrl":"https:\/\/www.canna4bliss.com\/wp-content\/uploads\/2024\/09\/logo2.avif","width":700,"height":282,"caption":"Canna4blisS"},"image":{"@id":"https:\/\/www.canna4bliss.com\/#\/schema\/logo\/image\/"},"sameAs":["https:\/\/www.facebook.com\/profile.php?id=61552127379853"],"hasMerchantReturnPolicy":{"@type":"MerchantReturnPolicy","merchantReturnLink":"https:\/\/www.canna4bliss.com\/de\/politica-de-privacidad-2\/"}}]},"product_price_amount":"26.00","product_price_currency":"EUR","og_availability":"instock","product_availability":"instock","product_condition":"new"},"_links":{"self":[{"href":"https:\/\/www.canna4bliss.com\/de\/wp-json\/wp\/v2\/product\/1330","targetHints":{"allow":["GET"]}}],"collection":[{"href":"https:\/\/www.canna4bliss.com\/de\/wp-json\/wp\/v2\/product"}],"about":[{"href":"https:\/\/www.canna4bliss.com\/de\/wp-json\/wp\/v2\/types\/product"}],"replies":[{"embeddable":true,"href":"https:\/\/www.canna4bliss.com\/de\/wp-json\/wp\/v2\/comments?post=1330"}],"wp:featuredmedia":[{"embeddable":true,"href":"https:\/\/www.canna4bliss.com\/de\/wp-json\/wp\/v2\/media\/1331"}],"wp:attachment":[{"href":"https:\/\/www.canna4bliss.com\/de\/wp-json\/wp\/v2\/media?parent=1330"}],"wp:term":[{"taxonomy":"product_brand","embeddable":true,"href":"https:\/\/www.canna4bliss.com\/de\/wp-json\/wp\/v2\/product_brand?post=1330"},{"taxonomy":"product_cat","embeddable":true,"href":"https:\/\/www.canna4bliss.com\/de\/wp-json\/wp\/v2\/product_cat?post=1330"},{"taxonomy":"product_tag","embeddable":true,"href":"https:\/\/www.canna4bliss.com\/de\/wp-json\/wp\/v2\/product_tag?post=1330"}],"curies":[{"name":"wp","href":"https:\/\/api.w.org\/{rel}","templated":true}]}}