{"id":1324,"date":"2024-09-28T08:21:55","date_gmt":"2024-09-28T08:21:55","guid":{"rendered":"https:\/\/canna4bliss.replastik.hu\/?post_type=product&#038;p=1324"},"modified":"2024-12-11T05:18:44","modified_gmt":"2024-12-11T05:18:44","slug":"haustiere-reparatur-stick-360-mg-cbd","status":"publish","type":"product","link":"https:\/\/www.canna4bliss.com\/de\/termek\/pets-stick-reparador-360-mg-cbd\/","title":{"rendered":"PETS STICK REPAIRER 360 mg CBD"},"content":{"rendered":"<p>Unser Balsam eignet sich perfekt f\u00fcr Hunde, Katzen und andere Haustiere. Dank seines Stick-Formats l\u00e4sst er sich leicht auftragen und bietet lang anhaltende Linderung. Tragen Sie einfach eine kleine Menge des Balsams auf die betroffene Stelle auf und massieren Sie ihn sanft in die Haut Ihres Haustiers ein. Der Balsam zieht schnell ein und hinterl\u00e4sst das Fell Ihres Haustieres gesund, mit Feuchtigkeit versorgt und erfrischt.<\/p>\n<p>Halten Sie Ihren pelzigen Freund mit unserem Pet Repair Balm Cream Stick komfortabel und gl\u00fccklich. Er ist ein Muss f\u00fcr jeden Haustierbesitzer, der die trockene, gereizte Haut seines Tieres reparieren und mit Feuchtigkeit versorgen m\u00f6chte. Der Stick ist einfach zu verwenden und eignet sich perfekt f\u00fcr Haustiere, die unterwegs sind, sowie f\u00fcr schwer zug\u00e4ngliche K\u00f6rperstellen Ihres Tieres.<\/p>\n<p>100% nat\u00fcrlicher Balsam mit reparierender und heilender Wirkung. Geeignet f\u00fcr besch\u00e4digte Bereiche.<\/p>\n<p>Wie zu verwenden:<br \/>\n-Geltet f\u00fcr die St\u00f6rungszone.<br \/>\n-Bis zur vollst\u00e4ndigen Absorption massieren.<\/p>\n<p>Warnung:<br \/>\n-Vermeiden Sie die Augenpartie.<br \/>\n-Schlucken Sie es nicht.<br \/>\n-Au\u00dferhalb der Reichweite von Kindern aufbewahren.<br \/>\n-Nicht im Intimbereich oder auf den Schleimh\u00e4uten anwenden.<br \/>\n-Nur auf den K\u00f6rperbereich auftragen.<\/p>","protected":false},"excerpt":{"rendered":"<p>Cbd Repairing Balm Pet Cream im praktischen Stick-Format! Dieser speziell formulierte Balsam spendet intensive Feuchtigkeit und repariert trockene, rissige oder gereizte Haustierhaut. Hergestellt aus nat\u00fcrlichen Inhaltsstoffen wie Ricinus Communis Samen\u00f6l, Oryza Sativa Kleiewachs, Helianthus Annuus Samen\u00f6l, Cannabidiol und mehr. Sie ist frei von aggressiven Chemikalien und Duftstoffen, die die empfindliche Haut von Haustieren reizen k\u00f6nnen.<\/p>","protected":false},"featured_media":1325,"comment_status":"open","ping_status":"closed","template":"","meta":{"site-sidebar-layout":"default","site-content-layout":"","ast-site-content-layout":"default","site-content-style":"default","site-sidebar-style":"default","ast-global-header-display":"","ast-banner-title-visibility":"","ast-main-header-display":"","ast-hfb-above-header-display":"","ast-hfb-below-header-display":"","ast-hfb-mobile-header-display":"","site-post-title":"","ast-breadcrumbs-content":"","ast-featured-img":"","footer-sml-layout":"","ast-disable-related-posts":"","theme-transparent-header-meta":"default","adv-header-id-meta":"","stick-header-meta":"","header-above-stick-meta":"","header-main-stick-meta":"","header-below-stick-meta":"","astra-migrate-meta-layouts":"set","ast-page-background-enabled":"default","ast-page-background-meta":{"desktop":{"background-color":"","background-image":"","background-repeat":"repeat","background-position":"center center","background-size":"auto","background-attachment":"scroll","background-type":"","background-media":"","overlay-type":"","overlay-color":"","overlay-opacity":"","overlay-gradient":""},"tablet":{"background-color":"","background-image":"","background-repeat":"repeat","background-position":"center center","background-size":"auto","background-attachment":"scroll","background-type":"","background-media":"","overlay-type":"","overlay-color":"","overlay-opacity":"","overlay-gradient":""},"mobile":{"background-color":"","background-image":"","background-repeat":"repeat","background-position":"center center","background-size":"auto","background-attachment":"scroll","background-type":"","background-media":"","overlay-type":"","overlay-color":"","overlay-opacity":"","overlay-gradient":""}},"ast-content-background-meta":{"desktop":{"background-color":"var(--ast-global-color-5)","background-image":"","background-repeat":"repeat","background-position":"center center","background-size":"auto","background-attachment":"scroll","background-type":"","background-media":"","overlay-type":"","overlay-color":"","overlay-opacity":"","overlay-gradient":""},"tablet":{"background-color":"var(--ast-global-color-5)","background-image":"","background-repeat":"repeat","background-position":"center center","background-size":"auto","background-attachment":"scroll","background-type":"","background-media":"","overlay-type":"","overlay-color":"","overlay-opacity":"","overlay-gradient":""},"mobile":{"background-color":"var(--ast-global-color-5)","background-image":"","background-repeat":"repeat","background-position":"center center","background-size":"auto","background-attachment":"scroll","background-type":"","background-media":"","overlay-type":"","overlay-color":"","overlay-opacity":"","overlay-gradient":""}}},"product_brand":[],"product_cat":[180],"product_tag":[183],"class_list":{"0":"post-1324","1":"product","2":"type-product","3":"status-publish","4":"has-post-thumbnail","6":"product_cat-pet-cbd","7":"product_tag-pets-stick-reparador-360-mg-cbd","8":"desktop-align-left","9":"tablet-align-left","10":"mobile-align-left","11":"ast-product-gallery-layout-horizontal-slider","12":"ast-product-gallery-with-no-image","13":"ast-product-tabs-layout-horizontal","14":"ast-qv-on-image","16":"first","17":"instock","18":"taxable","19":"shipping-taxable","20":"purchasable","21":"product-type-simple"},"yoast_head":"<!-- This site is optimized with the Yoast SEO Premium plugin v27.5 (Yoast SEO v27.5) - https:\/\/yoast.com\/product\/yoast-seo-premium-wordpress\/ -->\n<title>PETS STICK REPARADOR 360 mg CBD - Canna4blisS<\/title>\n<meta name=\"robots\" content=\"index, follow, max-snippet:-1, max-image-preview:large, max-video-preview:-1\" \/>\n<link rel=\"canonical\" href=\"https:\/\/www.canna4bliss.com\/de\/termek\/haustiere-reparatur-stick-360-mg-cbd\/\" \/>\n<meta property=\"og:locale\" content=\"de_DE\" \/>\n<meta property=\"og:type\" content=\"article\" \/>\n<meta property=\"og:title\" content=\"PETS STICK REPARADOR 360 mg CBD\" \/>\n<meta property=\"og:description\" content=\"Cbd Reparador b\u00e1lsamo Crema para mascotas en un pr\u00e1ctico formato de palo! Este b\u00e1lsamo especialmente formulado est\u00e1 dise\u00f1ado para proporcionar una hidrataci\u00f3n intensa y reparar la piel seca, agrietada o irritada de las mascotas. Fabricado con ingredientes totalmente naturales como el aceite de semilla de Ricinus Communis, la cera de salvado Oryza Sativa, el aceite de semilla de Helianthus Annuus, el cannabidiol y m\u00e1s. Est\u00e1 libre de productos qu\u00edmicos agresivos y fragancias que pueden irritar la piel sensible de las mascotas.\" \/>\n<meta property=\"og:url\" content=\"https:\/\/www.canna4bliss.com\/de\/termek\/haustiere-reparatur-stick-360-mg-cbd\/\" \/>\n<meta property=\"og:site_name\" content=\"Canna4blisS\" \/>\n<meta property=\"article:publisher\" content=\"https:\/\/www.facebook.com\/profile.php?id=61552127379853\" \/>\n<meta property=\"article:modified_time\" content=\"2024-12-11T05:18:44+00:00\" \/>\n<meta property=\"og:image\" content=\"https:\/\/www.canna4bliss.com\/wp-content\/uploads\/2024\/09\/PETS-STICK-REPARADOR-360-mg-CBD.webp\" \/>\n\t<meta property=\"og:image:width\" content=\"800\" \/>\n\t<meta property=\"og:image:height\" content=\"800\" \/>\n\t<meta property=\"og:image:type\" content=\"image\/webp\" \/>\n<meta name=\"twitter:card\" content=\"summary_large_image\" \/>\n<meta name=\"twitter:label1\" content=\"Preis\" \/>\n\t<meta name=\"twitter:data1\" content=\"8,00&nbsp;&euro; ( 8,00&nbsp;&euro; + Tax )\" \/>\n\t<meta name=\"twitter:label2\" content=\"Verf\u00fcgbarkeit\" \/>\n\t<meta name=\"twitter:data2\" content=\"Auf Lager\" \/>\n<script type=\"application\/ld+json\" class=\"yoast-schema-graph\">{\"@context\":\"https:\\\/\\\/schema.org\",\"@graph\":[{\"@type\":\"WebPage\",\"@id\":\"https:\\\/\\\/www.canna4bliss.com\\\/termek\\\/pets-stick-reparador-360-mg-cbd\\\/\",\"url\":\"https:\\\/\\\/www.canna4bliss.com\\\/termek\\\/pets-stick-reparador-360-mg-cbd\\\/\",\"name\":\"PETS STICK REPARADOR 360 mg CBD - Canna4blisS\",\"isPartOf\":{\"@id\":\"https:\\\/\\\/www.canna4bliss.com\\\/#website\"},\"primaryImageOfPage\":{\"@id\":\"https:\\\/\\\/www.canna4bliss.com\\\/termek\\\/pets-stick-reparador-360-mg-cbd\\\/#primaryimage\"},\"image\":{\"@id\":\"https:\\\/\\\/www.canna4bliss.com\\\/termek\\\/pets-stick-reparador-360-mg-cbd\\\/#primaryimage\"},\"thumbnailUrl\":\"https:\\\/\\\/www.canna4bliss.com\\\/wp-content\\\/uploads\\\/2024\\\/09\\\/PETS-STICK-REPARADOR-360-mg-CBD.webp\",\"datePublished\":\"2024-09-28T08:21:55+00:00\",\"dateModified\":\"2024-12-11T05:18:44+00:00\",\"breadcrumb\":{\"@id\":\"https:\\\/\\\/www.canna4bliss.com\\\/termek\\\/pets-stick-reparador-360-mg-cbd\\\/#breadcrumb\"},\"inLanguage\":\"de\",\"potentialAction\":[{\"@type\":\"ReadAction\",\"target\":[\"https:\\\/\\\/www.canna4bliss.com\\\/termek\\\/pets-stick-reparador-360-mg-cbd\\\/\"]}]},{\"@type\":\"ImageObject\",\"inLanguage\":\"de\",\"@id\":\"https:\\\/\\\/www.canna4bliss.com\\\/termek\\\/pets-stick-reparador-360-mg-cbd\\\/#primaryimage\",\"url\":\"https:\\\/\\\/www.canna4bliss.com\\\/wp-content\\\/uploads\\\/2024\\\/09\\\/PETS-STICK-REPARADOR-360-mg-CBD.webp\",\"contentUrl\":\"https:\\\/\\\/www.canna4bliss.com\\\/wp-content\\\/uploads\\\/2024\\\/09\\\/PETS-STICK-REPARADOR-360-mg-CBD.webp\",\"width\":800,\"height\":800,\"caption\":\"PETS STICK REPARADOR 360 mg CBD\"},{\"@type\":\"BreadcrumbList\",\"@id\":\"https:\\\/\\\/www.canna4bliss.com\\\/termek\\\/pets-stick-reparador-360-mg-cbd\\\/#breadcrumb\",\"itemListElement\":[{\"@type\":\"ListItem\",\"position\":1,\"name\":\"Kezd\u0151lap\",\"item\":\"https:\\\/\\\/www.canna4bliss.com\\\/\"},{\"@type\":\"ListItem\",\"position\":2,\"name\":\"Shop\",\"item\":\"https:\\\/\\\/www.canna4bliss.com\\\/shop\\\/\"},{\"@type\":\"ListItem\",\"position\":3,\"name\":\"PETS STICK REPARADOR 360 mg CBD\"}]},{\"@type\":\"WebSite\",\"@id\":\"https:\\\/\\\/www.canna4bliss.com\\\/#website\",\"url\":\"https:\\\/\\\/www.canna4bliss.com\\\/\",\"name\":\"Canna4blisS\",\"description\":\"Discover the power of CBD\",\"publisher\":{\"@id\":\"https:\\\/\\\/www.canna4bliss.com\\\/#organization\"},\"potentialAction\":[{\"@type\":\"SearchAction\",\"target\":{\"@type\":\"EntryPoint\",\"urlTemplate\":\"https:\\\/\\\/www.canna4bliss.com\\\/?s={search_term_string}\"},\"query-input\":{\"@type\":\"PropertyValueSpecification\",\"valueRequired\":true,\"valueName\":\"search_term_string\"}}],\"inLanguage\":\"de\"},{\"@type\":\"Organization\",\"@id\":\"https:\\\/\\\/www.canna4bliss.com\\\/#organization\",\"name\":\"Canna4blisS\",\"url\":\"https:\\\/\\\/www.canna4bliss.com\\\/\",\"logo\":{\"@type\":\"ImageObject\",\"inLanguage\":\"de\",\"@id\":\"https:\\\/\\\/www.canna4bliss.com\\\/#\\\/schema\\\/logo\\\/image\\\/\",\"url\":\"https:\\\/\\\/www.canna4bliss.com\\\/wp-content\\\/uploads\\\/2024\\\/09\\\/logo2.avif\",\"contentUrl\":\"https:\\\/\\\/www.canna4bliss.com\\\/wp-content\\\/uploads\\\/2024\\\/09\\\/logo2.avif\",\"width\":700,\"height\":282,\"caption\":\"Canna4blisS\"},\"image\":{\"@id\":\"https:\\\/\\\/www.canna4bliss.com\\\/#\\\/schema\\\/logo\\\/image\\\/\"},\"sameAs\":[\"https:\\\/\\\/www.facebook.com\\\/profile.php?id=61552127379853\"],\"hasMerchantReturnPolicy\":{\"@type\":\"MerchantReturnPolicy\",\"merchantReturnLink\":\"https:\\\/\\\/www.canna4bliss.com\\\/de\\\/politica-de-privacidad-2\\\/\"}}]}<\/script>\n<meta property=\"product:price:amount\" content=\"8.00\" \/>\n<meta property=\"product:price:currency\" content=\"EUR\" \/>\n<meta property=\"og:availability\" content=\"instock\" \/>\n<meta property=\"product:availability\" content=\"instock\" \/>\n<meta property=\"product:condition\" content=\"new\" \/>\n<!-- \/ Yoast SEO Premium plugin. -->","yoast_head_json":{"title":"PETS STICK REPAIRER 360 mg CBD - Canna4blisS","robots":{"index":"index","follow":"follow","max-snippet":"max-snippet:-1","max-image-preview":"max-image-preview:large","max-video-preview":"max-video-preview:-1"},"canonical":"https:\/\/www.canna4bliss.com\/de\/termek\/haustiere-reparatur-stick-360-mg-cbd\/","og_locale":"de_DE","og_type":"article","og_title":"PETS STICK REPARADOR 360 mg CBD","og_description":"Cbd Reparador b\u00e1lsamo Crema para mascotas en un pr\u00e1ctico formato de palo! Este b\u00e1lsamo especialmente formulado est\u00e1 dise\u00f1ado para proporcionar una hidrataci\u00f3n intensa y reparar la piel seca, agrietada o irritada de las mascotas. Fabricado con ingredientes totalmente naturales como el aceite de semilla de Ricinus Communis, la cera de salvado Oryza Sativa, el aceite de semilla de Helianthus Annuus, el cannabidiol y m\u00e1s. Est\u00e1 libre de productos qu\u00edmicos agresivos y fragancias que pueden irritar la piel sensible de las mascotas.","og_url":"https:\/\/www.canna4bliss.com\/de\/termek\/haustiere-reparatur-stick-360-mg-cbd\/","og_site_name":"Canna4blisS","article_publisher":"https:\/\/www.facebook.com\/profile.php?id=61552127379853","article_modified_time":"2024-12-11T05:18:44+00:00","og_image":[{"width":800,"height":800,"url":"https:\/\/www.canna4bliss.com\/wp-content\/uploads\/2024\/09\/PETS-STICK-REPARADOR-360-mg-CBD.webp","type":"image\/webp"}],"twitter_card":"summary_large_image","twitter_misc":{"Preis":"8,00&nbsp;&euro; ( 8,00&nbsp;&euro; + Tax )","Verf\u00fcgbarkeit":"Auf Lager"},"schema":{"@context":"https:\/\/schema.org","@graph":[{"@type":"WebPage","@id":"https:\/\/www.canna4bliss.com\/termek\/pets-stick-reparador-360-mg-cbd\/","url":"https:\/\/www.canna4bliss.com\/termek\/pets-stick-reparador-360-mg-cbd\/","name":"PETS STICK REPAIRER 360 mg CBD - Canna4blisS","isPartOf":{"@id":"https:\/\/www.canna4bliss.com\/#website"},"primaryImageOfPage":{"@id":"https:\/\/www.canna4bliss.com\/termek\/pets-stick-reparador-360-mg-cbd\/#primaryimage"},"image":{"@id":"https:\/\/www.canna4bliss.com\/termek\/pets-stick-reparador-360-mg-cbd\/#primaryimage"},"thumbnailUrl":"https:\/\/www.canna4bliss.com\/wp-content\/uploads\/2024\/09\/PETS-STICK-REPARADOR-360-mg-CBD.webp","datePublished":"2024-09-28T08:21:55+00:00","dateModified":"2024-12-11T05:18:44+00:00","breadcrumb":{"@id":"https:\/\/www.canna4bliss.com\/termek\/pets-stick-reparador-360-mg-cbd\/#breadcrumb"},"inLanguage":"de","potentialAction":[{"@type":"ReadAction","target":["https:\/\/www.canna4bliss.com\/termek\/pets-stick-reparador-360-mg-cbd\/"]}]},{"@type":"ImageObject","inLanguage":"de","@id":"https:\/\/www.canna4bliss.com\/termek\/pets-stick-reparador-360-mg-cbd\/#primaryimage","url":"https:\/\/www.canna4bliss.com\/wp-content\/uploads\/2024\/09\/PETS-STICK-REPARADOR-360-mg-CBD.webp","contentUrl":"https:\/\/www.canna4bliss.com\/wp-content\/uploads\/2024\/09\/PETS-STICK-REPARADOR-360-mg-CBD.webp","width":800,"height":800,"caption":"PETS STICK REPARADOR 360 mg CBD"},{"@type":"BreadcrumbList","@id":"https:\/\/www.canna4bliss.com\/termek\/pets-stick-reparador-360-mg-cbd\/#breadcrumb","itemListElement":[{"@type":"ListItem","position":1,"name":"Kezd\u0151lap","item":"https:\/\/www.canna4bliss.com\/"},{"@type":"ListItem","position":2,"name":"Shop","item":"https:\/\/www.canna4bliss.com\/shop\/"},{"@type":"ListItem","position":3,"name":"PETS STICK REPARADOR 360 mg CBD"}]},{"@type":"WebSite","@id":"https:\/\/www.canna4bliss.com\/#website","url":"https:\/\/www.canna4bliss.com\/","name":"Canna4blisS","description":"Entdecken Sie die Kraft von CBD","publisher":{"@id":"https:\/\/www.canna4bliss.com\/#organization"},"potentialAction":[{"@type":"SearchAction","target":{"@type":"EntryPoint","urlTemplate":"https:\/\/www.canna4bliss.com\/?s={search_term_string}"},"query-input":{"@type":"PropertyValueSpecification","valueRequired":true,"valueName":"search_term_string"}}],"inLanguage":"de"},{"@type":"Organization","@id":"https:\/\/www.canna4bliss.com\/#organization","name":"Canna4blisS","url":"https:\/\/www.canna4bliss.com\/","logo":{"@type":"ImageObject","inLanguage":"de","@id":"https:\/\/www.canna4bliss.com\/#\/schema\/logo\/image\/","url":"https:\/\/www.canna4bliss.com\/wp-content\/uploads\/2024\/09\/logo2.avif","contentUrl":"https:\/\/www.canna4bliss.com\/wp-content\/uploads\/2024\/09\/logo2.avif","width":700,"height":282,"caption":"Canna4blisS"},"image":{"@id":"https:\/\/www.canna4bliss.com\/#\/schema\/logo\/image\/"},"sameAs":["https:\/\/www.facebook.com\/profile.php?id=61552127379853"],"hasMerchantReturnPolicy":{"@type":"MerchantReturnPolicy","merchantReturnLink":"https:\/\/www.canna4bliss.com\/de\/politica-de-privacidad-2\/"}}]},"product_price_amount":"8.00","product_price_currency":"EUR","og_availability":"instock","product_availability":"instock","product_condition":"new"},"_links":{"self":[{"href":"https:\/\/www.canna4bliss.com\/de\/wp-json\/wp\/v2\/product\/1324","targetHints":{"allow":["GET"]}}],"collection":[{"href":"https:\/\/www.canna4bliss.com\/de\/wp-json\/wp\/v2\/product"}],"about":[{"href":"https:\/\/www.canna4bliss.com\/de\/wp-json\/wp\/v2\/types\/product"}],"replies":[{"embeddable":true,"href":"https:\/\/www.canna4bliss.com\/de\/wp-json\/wp\/v2\/comments?post=1324"}],"wp:featuredmedia":[{"embeddable":true,"href":"https:\/\/www.canna4bliss.com\/de\/wp-json\/wp\/v2\/media\/1325"}],"wp:attachment":[{"href":"https:\/\/www.canna4bliss.com\/de\/wp-json\/wp\/v2\/media?parent=1324"}],"wp:term":[{"taxonomy":"product_brand","embeddable":true,"href":"https:\/\/www.canna4bliss.com\/de\/wp-json\/wp\/v2\/product_brand?post=1324"},{"taxonomy":"product_cat","embeddable":true,"href":"https:\/\/www.canna4bliss.com\/de\/wp-json\/wp\/v2\/product_cat?post=1324"},{"taxonomy":"product_tag","embeddable":true,"href":"https:\/\/www.canna4bliss.com\/de\/wp-json\/wp\/v2\/product_tag?post=1324"}],"curies":[{"name":"wp","href":"https:\/\/api.w.org\/{rel}","templated":true}]}}