{"id":1939,"date":"2025-04-24T17:08:04","date_gmt":"2025-04-24T17:08:04","guid":{"rendered":"https:\/\/www.canna4bliss.com\/?page_id=1939"},"modified":"2025-07-08T16:26:05","modified_gmt":"2025-07-08T16:26:05","slug":"rechtshinweis-und-haftungsausschluss","status":"publish","type":"page","link":"https:\/\/www.canna4bliss.com\/de\/aviso-legal-y-declaracion-de-responsabilidad\/","title":{"rendered":"Rechtliche Hinweise und Haftungsausschluss"},"content":{"rendered":"<div data-elementor-type=\"wp-page\" data-elementor-id=\"1939\" class=\"elementor elementor-1939\" data-elementor-post-type=\"page\">\n\t\t\t\t<div class=\"elementor-element elementor-element-3867baf e-flex e-con-boxed e-con e-parent\" data-id=\"3867baf\" data-element_type=\"container\" data-e-type=\"container\">\n\t\t\t\t\t<div class=\"e-con-inner\">\n\t\t\t\t<div class=\"elementor-element elementor-element-f7b6363 elementor-widget elementor-widget-heading\" data-id=\"f7b6363\" data-element_type=\"widget\" data-e-type=\"widget\" data-widget_type=\"heading.default\">\n\t\t\t\t<div class=\"elementor-widget-container\">\n\t\t\t\t\t<h1 class=\"elementor-heading-title elementor-size-default\">Rechtliche Hinweise und Haftungsausschluss<\/h1>\t\t\t\t<\/div>\n\t\t\t\t<\/div>\n\t\t\t\t<div class=\"elementor-element elementor-element-eab3221 elementor-widget elementor-widget-text-editor\" data-id=\"eab3221\" data-element_type=\"widget\" data-e-type=\"widget\" data-widget_type=\"text-editor.default\">\n\t\t\t\t<div class=\"elementor-widget-container\">\n\t\t\t\t\t\t\t\t\t<p>Wir bei Canna4Bliss sind bestrebt, unseren Kunden Produkte von h\u00f6chster Qualit\u00e4t, mit maximaler Transparenz und vollst\u00e4ndiger Information anzubieten. Bitte lesen Sie die folgenden Informationen sorgf\u00e4ltig durch, bevor Sie unsere Produkte kaufen oder verwenden. Indem Sie diese Website nutzen und einen Kauf t\u00e4tigen, erkl\u00e4ren Sie sich mit den hier beschriebenen Bedingungen einverstanden.<\/p>\t\t\t\t\t\t\t\t<\/div>\n\t\t\t\t<\/div>\n\t\t\t\t<div class=\"elementor-element elementor-element-1e7ee5e elementor-widget elementor-widget-heading\" data-id=\"1e7ee5e\" data-element_type=\"widget\" data-e-type=\"widget\" data-widget_type=\"heading.default\">\n\t\t\t\t<div class=\"elementor-widget-container\">\n\t\t\t\t\t<h2 class=\"elementor-heading-title elementor-size-default\">Produktinformation und Qualit\u00e4tssicherung<\/h2>\t\t\t\t<\/div>\n\t\t\t\t<\/div>\n\t\t\t\t<div class=\"elementor-element elementor-element-c9aa5e0 elementor-widget elementor-widget-text-editor\" data-id=\"c9aa5e0\" data-element_type=\"widget\" data-e-type=\"widget\" data-widget_type=\"text-editor.default\">\n\t\t\t\t<div class=\"elementor-widget-container\">\n\t\t\t\t\t\t\t\t\t<p>Wir sind stolz darauf, qualitativ hochwertige Produkte aus gepr\u00fcften Quellen anzubieten.<\/p><ul><li><p><b>Einhaltung der Rechtsvorschriften:<\/b> Alle unsere Produkte entsprechen den in der Europ\u00e4ischen Union und in Spanien geltenden Rechtsvorschriften. Der THC-Gehalt der von uns verkauften Hanfprodukte liegt garantiert unter dem gesetzlichen Grenzwert von 0,2%.<\/p><\/li><li><p><b>Transparenz und Kontrolle:<\/b> Wir sind der Transparenz verpflichtet. Unsere Produkte werden von unabh\u00e4ngigen Drittlabors getestet, um ihre Reinheit und ihren Wirkstoffgehalt zu gew\u00e4hrleisten. Entsprechende Laborergebnisse sind auf Anfrage erh\u00e4ltlich.<\/p><\/li><li><p><b>Zutaten:<\/b> Die Inhaltsstoffe unserer Produkte stammen aus sorgf\u00e4ltig ausgew\u00e4hlten, hochwertigen Quellen.<\/p><\/li><\/ul>\t\t\t\t\t\t\t\t<\/div>\n\t\t\t\t<\/div>\n\t\t\t\t<div class=\"elementor-element elementor-element-4953c23 elementor-widget elementor-widget-heading\" data-id=\"4953c23\" data-element_type=\"widget\" data-e-type=\"widget\" data-widget_type=\"heading.default\">\n\t\t\t\t<div class=\"elementor-widget-container\">\n\t\t\t\t\t<h2 class=\"elementor-heading-title elementor-size-default\">Gesundheit und medizinischer Haftungsausschluss<\/h2>\t\t\t\t<\/div>\n\t\t\t\t<\/div>\n\t\t\t\t<div class=\"elementor-element elementor-element-1c70950 elementor-widget elementor-widget-text-editor\" data-id=\"1c70950\" data-element_type=\"widget\" data-e-type=\"widget\" data-widget_type=\"text-editor.default\">\n\t\t\t\t<div class=\"elementor-widget-container\">\n\t\t\t\t\t\t\t\t\t<p><b>Wichtige Warnung:<\/b> Die Informationen und Produkte, die auf dieser Website angeboten werden, sollten nicht als Arzneimittel betrachtet werden und sind kein Ersatz f\u00fcr professionelle medizinische Betreuung.<\/p><ul><li><p><b>Nichtmedizinische Produkte:<\/b> Unsere Produkte sind nicht dazu bestimmt, Krankheiten zu diagnostizieren, zu behandeln, zu heilen oder zu verhindern. Bei gesundheitlichen Problemen sollten Sie unverz\u00fcglich einen qualifizierten Arzt aufsuchen.<\/p><\/li><li><p><b>Informativer Charakter:<\/b> Die auf dieser Website ver\u00f6ffentlichten Artikel, Beschreibungen und sonstigen Inhalte dienen ausschlie\u00dflich Informations- und Bildungszwecken. Die hierin enthaltenen Informationen stellen keine medizinische Beratung dar.<\/p><\/li><li><p><b>Notwendigkeit einer medizinischen Beratung:<\/b> Bevor Sie ein neues Nahrungserg\u00e4nzungsmittel, einschlie\u00dflich CBD-Produkte, einnehmen, sollten Sie immer Ihren Arzt oder Apotheker konsultieren. Dies ist besonders wichtig, wenn Sie:<\/p><ul><li><p>schwanger sind oder stillen,<\/p><\/li><li><p>sich in regelm\u00e4\u00dfiger \u00e4rztlicher Behandlung befindet (insbesondere mit Antikoagulanzien, Blutdrucksenkern, Antidepressiva usw.),<\/p><\/li><li><p>oder eine bekannte chronische Krankheit hat.<\/p><\/li><\/ul><\/li><li><p><b>Sie sind kein Ersatz f\u00fcr eine gesunde Lebensweise:<\/b> Unsere Produkte sind kein Ersatz f\u00fcr eine abwechslungsreiche und ausgewogene Ern\u00e4hrung und eine gesunde Lebensweise.<\/p><\/li><\/ul>\t\t\t\t\t\t\t\t<\/div>\n\t\t\t\t<\/div>\n\t\t\t\t<div class=\"elementor-element elementor-element-1f0e58f elementor-widget elementor-widget-heading\" data-id=\"1f0e58f\" data-element_type=\"widget\" data-e-type=\"widget\" data-widget_type=\"heading.default\">\n\t\t\t\t<div class=\"elementor-widget-container\">\n\t\t\t\t\t<h2 class=\"elementor-heading-title elementor-size-default\">Verantwortung und ordnungsgem\u00e4\u00dfe Verwendung<\/h2>\t\t\t\t<\/div>\n\t\t\t\t<\/div>\n\t\t\t\t<div class=\"elementor-element elementor-element-e790d86 elementor-widget elementor-widget-text-editor\" data-id=\"e790d86\" data-element_type=\"widget\" data-e-type=\"widget\" data-widget_type=\"text-editor.default\">\n\t\t\t\t<div class=\"elementor-widget-container\">\n\t\t\t\t\t\t\t\t\t<p>Canna4Bliss \u00fcbernimmt keine Haftung f\u00fcr die Folgen eines unsachgem\u00e4\u00dfen Gebrauchs der Produkte oder einer fehlenden medizinischen Beratung, wie oben beschrieben.<\/p><p>Die Verwendung der Produkte erfolgt auf eigene Gefahr. Bitte beachten Sie stets die Gebrauchsanweisung und die empfohlene Dosierung auf dem Produktetikett.<\/p><p>Au\u00dferhalb der Reichweite von Kindern und Haustieren aufbewahren.<\/p><p><b>Altersgrenze:<\/b> Unsere Produkte d\u00fcrfen nur von Personen \u00fcber 18 Jahren erworben und verwendet werden.<\/p>\t\t\t\t\t\t\t\t<\/div>\n\t\t\t\t<\/div>\n\t\t\t\t\t<\/div>\n\t\t\t\t<\/div>\n\t\t<div class=\"elementor-element elementor-element-2ad2008 e-flex e-con-boxed e-con e-parent\" data-id=\"2ad2008\" data-element_type=\"container\" data-e-type=\"container\">\n\t\t\t\t\t<div class=\"e-con-inner\">\n\t\t\t\t<div class=\"elementor-element elementor-element-cca549b elementor-cta--layout-image-left elementor-cta--skin-classic elementor-animated-content elementor-bg-transform elementor-bg-transform-zoom-in elementor-widget elementor-widget-call-to-action\" data-id=\"cca549b\" data-element_type=\"widget\" data-e-type=\"widget\" data-widget_type=\"call-to-action.default\">\n\t\t\t\t<div class=\"elementor-widget-container\">\n\t\t\t\t\t\t\t<a class=\"elementor-cta\" href=\"https:\/\/www.canna4bliss.com\/de\/shop\/\">\n\t\t\t\t\t<div class=\"elementor-cta__bg-wrapper\">\n\t\t\t\t<div class=\"elementor-cta__bg elementor-bg\" style=\"background-image: url(https:\/\/www.canna4bliss.com\/wp-content\/uploads\/2024\/10\/Aceite-de-CBD-al-20-en-Aceite-de-Oliva-Virgen-Ecologico-10-ml-2.png);\" role=\"img\" aria-label=\"20% CBD-\u00d6l in nativem Bio-Oliven\u00f6l 10 ml\"><\/div>\n\t\t\t\t<div class=\"elementor-cta__bg-overlay\"><\/div>\n\t\t\t<\/div>\n\t\t\t\t\t\t\t<div class=\"elementor-cta__content\">\n\t\t\t\t\t\t\t\t\t<div class=\"elementor-content-item elementor-cta__content-item elementor-cta__image\">\n\t\t\t\t\t\t<img decoding=\"async\" width=\"300\" height=\"150\" src=\"https:\/\/www.canna4bliss.com\/wp-content\/uploads\/2024\/12\/logo_jo.png\" class=\"attachment-medium size-medium wp-image-1648\" alt=\"Logo\" \/>\t\t\t\t\t<\/div>\n\t\t\t\t\n\t\t\t\t\t\t\t\t\t<h1 class=\"elementor-cta__title elementor-cta__content-item elementor-content-item\">\n\t\t\t\t\t\tEntdecken Sie Ihr Wohlbefinden mit der Kraft der Natur neu\t\t\t\t\t<\/h1>\n\t\t\t\t\n\t\t\t\t\t\t\t\t\t<div class=\"elementor-cta__description elementor-cta__content-item elementor-content-item\">\n\t\t\t\t\t\tZertifizierte Qualit\u00e4t zur Unterst\u00fctzung Ihres t\u00e4glichen Gleichgewichts. Machen Sie den ersten Schritt zu einem erf\u00fcllteren und harmonischeren Leben.\t\t\t\t\t<\/div>\n\t\t\t\t\n\t\t\t\t\t\t\t\t\t<div class=\"elementor-cta__button-wrapper elementor-cta__content-item elementor-content-item\">\n\t\t\t\t\t<span class=\"elementor-cta__button elementor-button elementor-size-\">\n\t\t\t\t\t\tProdukte erforschen\t\t\t\t\t<\/span>\n\t\t\t\t\t<\/div>\n\t\t\t\t\t\t\t<\/div>\n\t\t\t\t\t\t<\/a>\n\t\t\t\t\t\t<\/div>\n\t\t\t\t<\/div>\n\t\t\t\t\t<\/div>\n\t\t\t\t<\/div>\n\t\t\t\t<\/div>","protected":false},"excerpt":{"rendered":"<p>Aviso Legal y Declaraci\u00f3n de Responsabilidad En Canna4Bliss, estamos comprometidos con ofrecer productos de la m\u00e1s alta calidad, con la m\u00e1xima transparencia y con la informaci\u00f3n completa para nuestros clientes. Por favor, lea atentamente la siguiente informaci\u00f3n antes de comprar o utilizar nuestros productos. Al utilizar este sitio web y realizar una compra, usted acepta [&hellip;]<\/p>\n","protected":false},"author":1,"featured_media":0,"parent":0,"menu_order":0,"comment_status":"closed","ping_status":"closed","template":"","meta":{"site-sidebar-layout":"no-sidebar","site-content-layout":"page-builder","ast-site-content-layout":"full-width-container","site-content-style":"unboxed","site-sidebar-style":"unboxed","ast-global-header-display":"","ast-banner-title-visibility":"","ast-main-header-display":"","ast-hfb-above-header-display":"","ast-hfb-below-header-display":"","ast-hfb-mobile-header-display":"","site-post-title":"disabled","ast-breadcrumbs-content":"","ast-featured-img":"disabled","footer-sml-layout":"","ast-disable-related-posts":"","theme-transparent-header-meta":"","adv-header-id-meta":"","stick-header-meta":"","header-above-stick-meta":"","header-main-stick-meta":"","header-below-stick-meta":"","astra-migrate-meta-layouts":"set","ast-page-background-enabled":"default","ast-page-background-meta":{"desktop":{"background-color":"","background-image":"","background-repeat":"repeat","background-position":"center center","background-size":"auto","background-attachment":"scroll","background-type":"","background-media":"","overlay-type":"","overlay-color":"","overlay-opacity":"","overlay-gradient":""},"tablet":{"background-color":"","background-image":"","background-repeat":"repeat","background-position":"center center","background-size":"auto","background-attachment":"scroll","background-type":"","background-media":"","overlay-type":"","overlay-color":"","overlay-opacity":"","overlay-gradient":""},"mobile":{"background-color":"","background-image":"","background-repeat":"repeat","background-position":"center center","background-size":"auto","background-attachment":"scroll","background-type":"","background-media":"","overlay-type":"","overlay-color":"","overlay-opacity":"","overlay-gradient":""}},"ast-content-background-meta":{"desktop":{"background-color":"var(--ast-global-color-5)","background-image":"","background-repeat":"repeat","background-position":"center center","background-size":"auto","background-attachment":"scroll","background-type":"","background-media":"","overlay-type":"","overlay-color":"","overlay-opacity":"","overlay-gradient":""},"tablet":{"background-color":"var(--ast-global-color-5)","background-image":"","background-repeat":"repeat","background-position":"center center","background-size":"auto","background-attachment":"scroll","background-type":"","background-media":"","overlay-type":"","overlay-color":"","overlay-opacity":"","overlay-gradient":""},"mobile":{"background-color":"var(--ast-global-color-5)","background-image":"","background-repeat":"repeat","background-position":"center center","background-size":"auto","background-attachment":"scroll","background-type":"","background-media":"","overlay-type":"","overlay-color":"","overlay-opacity":"","overlay-gradient":""}},"footnotes":""},"class_list":["post-1939","page","type-page","status-publish","hentry"],"yoast_head":"<!-- This site is optimized with the Yoast SEO Premium plugin v27.5 (Yoast SEO v27.5) - https:\/\/yoast.com\/product\/yoast-seo-premium-wordpress\/ -->\n<title>Aviso Legal y Declaraci\u00f3n de Responsabilidad Canna4blisS<\/title>\n<meta name=\"description\" content=\"Lea el aviso legal y la declaraci\u00f3n de responsabilidad de Canna4Bliss sobre la informaci\u00f3n del producto, garant\u00eda de calidad y temas de salud. Informaci\u00f3n importante para clientes.\" \/>\n<meta name=\"robots\" content=\"index, follow, max-snippet:-1, max-image-preview:large, max-video-preview:-1\" \/>\n<link rel=\"canonical\" href=\"https:\/\/www.canna4bliss.com\/de\/rechtshinweis-und-haftungsausschluss\/\" \/>\n<meta property=\"og:locale\" content=\"de_DE\" \/>\n<meta property=\"og:type\" content=\"article\" \/>\n<meta property=\"og:title\" content=\"Aviso Legal y Declaraci\u00f3n de Responsabilidad\" \/>\n<meta property=\"og:description\" content=\"Lea el aviso legal y la declaraci\u00f3n de responsabilidad de Canna4Bliss sobre la informaci\u00f3n del producto, garant\u00eda de calidad y temas de salud. Informaci\u00f3n importante para clientes.\" \/>\n<meta property=\"og:url\" content=\"https:\/\/www.canna4bliss.com\/de\/rechtshinweis-und-haftungsausschluss\/\" \/>\n<meta property=\"og:site_name\" content=\"Canna4blisS\" \/>\n<meta property=\"article:publisher\" content=\"https:\/\/www.facebook.com\/profile.php?id=61552127379853\" \/>\n<meta property=\"article:modified_time\" content=\"2025-07-08T16:26:05+00:00\" \/>\n<meta property=\"og:image\" content=\"https:\/\/www.canna4bliss.com\/wp-content\/uploads\/2024\/12\/logo_jo.png\" \/>\n\t<meta property=\"og:image:width\" content=\"300\" \/>\n\t<meta property=\"og:image:height\" content=\"150\" \/>\n\t<meta property=\"og:image:type\" content=\"image\/png\" \/>\n<meta name=\"twitter:card\" content=\"summary_large_image\" \/>\n<meta name=\"twitter:label1\" content=\"Gesch\u00e4tzte Lesezeit\" \/>\n\t<meta name=\"twitter:data1\" content=\"3\u00a0Minuten\" \/>\n<script type=\"application\/ld+json\" class=\"yoast-schema-graph\">{\"@context\":\"https:\\\/\\\/schema.org\",\"@graph\":[{\"@type\":\"WebPage\",\"@id\":\"https:\\\/\\\/www.canna4bliss.com\\\/aviso-legal-y-declaracion-de-responsabilidad\\\/\",\"url\":\"https:\\\/\\\/www.canna4bliss.com\\\/aviso-legal-y-declaracion-de-responsabilidad\\\/\",\"name\":\"Aviso Legal y Declaraci\u00f3n de Responsabilidad Canna4blisS\",\"isPartOf\":{\"@id\":\"https:\\\/\\\/www.canna4bliss.com\\\/#website\"},\"primaryImageOfPage\":{\"@id\":\"https:\\\/\\\/www.canna4bliss.com\\\/aviso-legal-y-declaracion-de-responsabilidad\\\/#primaryimage\"},\"image\":{\"@id\":\"https:\\\/\\\/www.canna4bliss.com\\\/aviso-legal-y-declaracion-de-responsabilidad\\\/#primaryimage\"},\"thumbnailUrl\":\"https:\\\/\\\/www.canna4bliss.com\\\/wp-content\\\/uploads\\\/2024\\\/12\\\/logo_jo.png\",\"datePublished\":\"2025-04-24T17:08:04+00:00\",\"dateModified\":\"2025-07-08T16:26:05+00:00\",\"description\":\"Lea el aviso legal y la declaraci\u00f3n de responsabilidad de Canna4Bliss sobre la informaci\u00f3n del producto, garant\u00eda de calidad y temas de salud. Informaci\u00f3n importante para clientes.\",\"breadcrumb\":{\"@id\":\"https:\\\/\\\/www.canna4bliss.com\\\/aviso-legal-y-declaracion-de-responsabilidad\\\/#breadcrumb\"},\"inLanguage\":\"de\",\"potentialAction\":[{\"@type\":\"ReadAction\",\"target\":[\"https:\\\/\\\/www.canna4bliss.com\\\/aviso-legal-y-declaracion-de-responsabilidad\\\/\"]}]},{\"@type\":\"ImageObject\",\"inLanguage\":\"de\",\"@id\":\"https:\\\/\\\/www.canna4bliss.com\\\/aviso-legal-y-declaracion-de-responsabilidad\\\/#primaryimage\",\"url\":\"https:\\\/\\\/www.canna4bliss.com\\\/wp-content\\\/uploads\\\/2024\\\/12\\\/logo_jo.png\",\"contentUrl\":\"https:\\\/\\\/www.canna4bliss.com\\\/wp-content\\\/uploads\\\/2024\\\/12\\\/logo_jo.png\"},{\"@type\":\"BreadcrumbList\",\"@id\":\"https:\\\/\\\/www.canna4bliss.com\\\/aviso-legal-y-declaracion-de-responsabilidad\\\/#breadcrumb\",\"itemListElement\":[{\"@type\":\"ListItem\",\"position\":1,\"name\":\"Kezd\u0151lap\",\"item\":\"https:\\\/\\\/www.canna4bliss.com\\\/\"},{\"@type\":\"ListItem\",\"position\":2,\"name\":\"Aviso Legal y Declaraci\u00f3n de Responsabilidad\"}]},{\"@type\":\"WebSite\",\"@id\":\"https:\\\/\\\/www.canna4bliss.com\\\/#website\",\"url\":\"https:\\\/\\\/www.canna4bliss.com\\\/\",\"name\":\"Canna4blisS\",\"description\":\"Discover the power of CBD\",\"publisher\":{\"@id\":\"https:\\\/\\\/www.canna4bliss.com\\\/#organization\"},\"potentialAction\":[{\"@type\":\"SearchAction\",\"target\":{\"@type\":\"EntryPoint\",\"urlTemplate\":\"https:\\\/\\\/www.canna4bliss.com\\\/?s={search_term_string}\"},\"query-input\":{\"@type\":\"PropertyValueSpecification\",\"valueRequired\":true,\"valueName\":\"search_term_string\"}}],\"inLanguage\":\"de\"},{\"@type\":\"Organization\",\"@id\":\"https:\\\/\\\/www.canna4bliss.com\\\/#organization\",\"name\":\"Canna4blisS\",\"url\":\"https:\\\/\\\/www.canna4bliss.com\\\/\",\"logo\":{\"@type\":\"ImageObject\",\"inLanguage\":\"de\",\"@id\":\"https:\\\/\\\/www.canna4bliss.com\\\/#\\\/schema\\\/logo\\\/image\\\/\",\"url\":\"https:\\\/\\\/www.canna4bliss.com\\\/wp-content\\\/uploads\\\/2024\\\/09\\\/logo2.avif\",\"contentUrl\":\"https:\\\/\\\/www.canna4bliss.com\\\/wp-content\\\/uploads\\\/2024\\\/09\\\/logo2.avif\",\"width\":700,\"height\":282,\"caption\":\"Canna4blisS\"},\"image\":{\"@id\":\"https:\\\/\\\/www.canna4bliss.com\\\/#\\\/schema\\\/logo\\\/image\\\/\"},\"sameAs\":[\"https:\\\/\\\/www.facebook.com\\\/profile.php?id=61552127379853\"],\"hasMerchantReturnPolicy\":{\"@type\":\"MerchantReturnPolicy\",\"merchantReturnLink\":\"https:\\\/\\\/www.canna4bliss.com\\\/de\\\/politica-de-privacidad-2\\\/\"}}]}<\/script>\n<!-- \/ Yoast SEO Premium plugin. -->","yoast_head_json":{"title":"Rechtliche Hinweise und Haftungsausschluss Canna4blisS","description":"Lesen Sie die rechtlichen Hinweise und den Haftungsausschluss von Canna4Bliss zu Produktinformationen, Qualit\u00e4tssicherung und Gesundheitsfragen. Wichtige Informationen f\u00fcr Kunden.","robots":{"index":"index","follow":"follow","max-snippet":"max-snippet:-1","max-image-preview":"max-image-preview:large","max-video-preview":"max-video-preview:-1"},"canonical":"https:\/\/www.canna4bliss.com\/de\/rechtshinweis-und-haftungsausschluss\/","og_locale":"de_DE","og_type":"article","og_title":"Aviso Legal y Declaraci\u00f3n de Responsabilidad","og_description":"Lea el aviso legal y la declaraci\u00f3n de responsabilidad de Canna4Bliss sobre la informaci\u00f3n del producto, garant\u00eda de calidad y temas de salud. Informaci\u00f3n importante para clientes.","og_url":"https:\/\/www.canna4bliss.com\/de\/rechtshinweis-und-haftungsausschluss\/","og_site_name":"Canna4blisS","article_publisher":"https:\/\/www.facebook.com\/profile.php?id=61552127379853","article_modified_time":"2025-07-08T16:26:05+00:00","og_image":[{"width":300,"height":150,"url":"https:\/\/www.canna4bliss.com\/wp-content\/uploads\/2024\/12\/logo_jo.png","type":"image\/png"}],"twitter_card":"summary_large_image","twitter_misc":{"Gesch\u00e4tzte Lesezeit":"3\u00a0Minuten"},"schema":{"@context":"https:\/\/schema.org","@graph":[{"@type":"WebPage","@id":"https:\/\/www.canna4bliss.com\/aviso-legal-y-declaracion-de-responsabilidad\/","url":"https:\/\/www.canna4bliss.com\/aviso-legal-y-declaracion-de-responsabilidad\/","name":"Rechtliche Hinweise und Haftungsausschluss Canna4blisS","isPartOf":{"@id":"https:\/\/www.canna4bliss.com\/#website"},"primaryImageOfPage":{"@id":"https:\/\/www.canna4bliss.com\/aviso-legal-y-declaracion-de-responsabilidad\/#primaryimage"},"image":{"@id":"https:\/\/www.canna4bliss.com\/aviso-legal-y-declaracion-de-responsabilidad\/#primaryimage"},"thumbnailUrl":"https:\/\/www.canna4bliss.com\/wp-content\/uploads\/2024\/12\/logo_jo.png","datePublished":"2025-04-24T17:08:04+00:00","dateModified":"2025-07-08T16:26:05+00:00","description":"Lesen Sie die rechtlichen Hinweise und den Haftungsausschluss von Canna4Bliss zu Produktinformationen, Qualit\u00e4tssicherung und Gesundheitsfragen. Wichtige Informationen f\u00fcr Kunden.","breadcrumb":{"@id":"https:\/\/www.canna4bliss.com\/aviso-legal-y-declaracion-de-responsabilidad\/#breadcrumb"},"inLanguage":"de","potentialAction":[{"@type":"ReadAction","target":["https:\/\/www.canna4bliss.com\/aviso-legal-y-declaracion-de-responsabilidad\/"]}]},{"@type":"ImageObject","inLanguage":"de","@id":"https:\/\/www.canna4bliss.com\/aviso-legal-y-declaracion-de-responsabilidad\/#primaryimage","url":"https:\/\/www.canna4bliss.com\/wp-content\/uploads\/2024\/12\/logo_jo.png","contentUrl":"https:\/\/www.canna4bliss.com\/wp-content\/uploads\/2024\/12\/logo_jo.png"},{"@type":"BreadcrumbList","@id":"https:\/\/www.canna4bliss.com\/aviso-legal-y-declaracion-de-responsabilidad\/#breadcrumb","itemListElement":[{"@type":"ListItem","position":1,"name":"Kezd\u0151lap","item":"https:\/\/www.canna4bliss.com\/"},{"@type":"ListItem","position":2,"name":"Aviso Legal y Declaraci\u00f3n de Responsabilidad"}]},{"@type":"WebSite","@id":"https:\/\/www.canna4bliss.com\/#website","url":"https:\/\/www.canna4bliss.com\/","name":"Canna4blisS","description":"Entdecken Sie die Kraft von CBD","publisher":{"@id":"https:\/\/www.canna4bliss.com\/#organization"},"potentialAction":[{"@type":"SearchAction","target":{"@type":"EntryPoint","urlTemplate":"https:\/\/www.canna4bliss.com\/?s={search_term_string}"},"query-input":{"@type":"PropertyValueSpecification","valueRequired":true,"valueName":"search_term_string"}}],"inLanguage":"de"},{"@type":"Organization","@id":"https:\/\/www.canna4bliss.com\/#organization","name":"Canna4blisS","url":"https:\/\/www.canna4bliss.com\/","logo":{"@type":"ImageObject","inLanguage":"de","@id":"https:\/\/www.canna4bliss.com\/#\/schema\/logo\/image\/","url":"https:\/\/www.canna4bliss.com\/wp-content\/uploads\/2024\/09\/logo2.avif","contentUrl":"https:\/\/www.canna4bliss.com\/wp-content\/uploads\/2024\/09\/logo2.avif","width":700,"height":282,"caption":"Canna4blisS"},"image":{"@id":"https:\/\/www.canna4bliss.com\/#\/schema\/logo\/image\/"},"sameAs":["https:\/\/www.facebook.com\/profile.php?id=61552127379853"],"hasMerchantReturnPolicy":{"@type":"MerchantReturnPolicy","merchantReturnLink":"https:\/\/www.canna4bliss.com\/de\/politica-de-privacidad-2\/"}}]}},"_links":{"self":[{"href":"https:\/\/www.canna4bliss.com\/de\/wp-json\/wp\/v2\/pages\/1939","targetHints":{"allow":["GET"]}}],"collection":[{"href":"https:\/\/www.canna4bliss.com\/de\/wp-json\/wp\/v2\/pages"}],"about":[{"href":"https:\/\/www.canna4bliss.com\/de\/wp-json\/wp\/v2\/types\/page"}],"author":[{"embeddable":true,"href":"https:\/\/www.canna4bliss.com\/de\/wp-json\/wp\/v2\/users\/1"}],"replies":[{"embeddable":true,"href":"https:\/\/www.canna4bliss.com\/de\/wp-json\/wp\/v2\/comments?post=1939"}],"version-history":[{"count":13,"href":"https:\/\/www.canna4bliss.com\/de\/wp-json\/wp\/v2\/pages\/1939\/revisions"}],"predecessor-version":[{"id":2057,"href":"https:\/\/www.canna4bliss.com\/de\/wp-json\/wp\/v2\/pages\/1939\/revisions\/2057"}],"wp:attachment":[{"href":"https:\/\/www.canna4bliss.com\/de\/wp-json\/wp\/v2\/media?parent=1939"}],"curies":[{"name":"wp","href":"https:\/\/api.w.org\/{rel}","templated":true}]}}